{"id":5,"date":"2017-06-22T10:58:06","date_gmt":"2017-06-22T07:58:06","guid":{"rendered":"https:\/\/coursepages.uta.fi\/tieh0\/?page_id=5"},"modified":"2018-10-22T10:47:50","modified_gmt":"2018-10-22T07:47:50","slug":"paasivu","status":"publish","type":"page","link":"https:\/\/coursepages2.tuni.fi\/tieh0\/","title":{"rendered":"P\u00e4\u00e4sivu"},"content":{"rendered":"<h3>Harjoittelu \/ Internship<\/h3>\n<h3>Yleist\u00e4<\/h3>\n<p>Opiskelija voi sis\u00e4llytt\u00e4\u00e4 <strong>maisterin tutkintoonsa<\/strong> aineopintotasoista harjoittelua, jossa opiskelija soveltaa tietojenk\u00e4sittelyn alan osaamistaan k\u00e4yt\u00e4nn\u00f6ss\u00e4. Harjoittelu-opintojakso on tarkoitettu ainoastaan tietojenk\u00e4sittelytieteiden tutkinto-ohjelman opiskelijoille ja sen suositeltu suoritusajankohta on 3. &#8211; 4. opiskeluvuosi (osana maisteriopintoja kandidaatin tutkinnon loppuvaiheessa).<\/p>\n<p>Opintojakson <strong>laajuus<\/strong> on <strong>2-10 opintopistett\u00e4<\/strong>. Kolmesta harjoitteluviikosta saa 2 opintopistett\u00e4. Kandidaatin ja maisterin tutkintoihin sis\u00e4ltyv\u00e4n harjoittelun laajuus voi olla yhteenlaskettuna enint\u00e4\u00e4n 10 opintopistett\u00e4.<\/p>\n<h3><strong>Suoritustapa<\/strong><\/h3>\n<h5><strong>Ennen harjoittelujaksoa<\/strong><\/h5>\n<p>Ennen harjoittelun aloittamista opiskelija ottaa yhteytt\u00e4 harjoittelusta vastaavaan opettajaan, joka ohjeistaa opiskelijaa <strong>harjoittelusuunnitelman<\/strong> tekemisest\u00e4 sek\u00e4 <strong>harjoittelun sis\u00e4llytt\u00e4misest\u00e4 maisterin tutkintoon<\/strong> (sis\u00e4llytt\u00e4misest\u00e4 on sovittava maisteriopintojen vastuuhenkil\u00f6n kanssa). Sek\u00e4 ty\u00f6paikkaohjaajan ett\u00e4 maisteriopintojen vastuuhenkil\u00f6n on hyv\u00e4ksytt\u00e4v\u00e4 harjoittelusuunnitelma ennen harjoittelun aloittamista. Harjoittelusuunnitelma toimitetaan harjoittelusta vastaavalle opettajalle.<\/p>\n<p>Harjoittelusuoritusta <strong>ei voi saada takautuvasti<\/strong>: suorituksen saamiseksi tarvitaan aina etuk\u00e4teen laadittu ja hyv\u00e4ksytty harjoittelusuunnitelma!<\/p>\n<h5><strong>Harjoittelujakson j\u00e4lkeen<\/strong><\/h5>\n<p class=\"begend\">Harjoittelujakson j\u00e4lkeen harjoittelija tekee<strong> harjoittelukertomuksen<\/strong>, jonka ty\u00f6paikkaohjaaja ja harjoittelusta vastaava opettaja hyv\u00e4ksyv\u00e4t. (Ohjeet kertomuksen tekemiseen saa harjoittelusta vastaavalta opettajalta.) Kertomus toimitetaan harjoittelusta vastaavalle opettajalle. Harjoittelusta vastaava opettaja ilmoittaa opiskelijalle suorituksen hyv\u00e4ksymisest\u00e4.<\/p>\n<h5 class=\"begend\"><strong>Opintosuorituksen t\u00e4ydent\u00e4minen<\/strong><\/h5>\n<p class=\"begend\">Opiskelija voi t\u00e4ydent\u00e4\u00e4 harjoittelusuoritustaan my\u00f6hemmin. Ohjeet suorituksen t\u00e4ydent\u00e4mist\u00e4 varten saa harjoittelusta vastaavalta opettajalta<\/p>\n<h1>Vastuuhenkil\u00f6<\/h1>\n<p>Lukuvuonna 2018-2019 harjoittelusta vastaa yliopistonlehtori Zheying Zhang.<\/p>\n<h1>\u00a0Internship in English<\/h1>\n<div class=\"teksti\">\n<p>Students of the Degree Programme in Computer Sciencescan include internship in their Master&#8217;s studies (Master&#8217;s Programme in Computer Science, Master&#8217;s Degree Programme in Software Developm ent, Master&#8217;s Degree Programme in Human-Technology Interaction, Master&#8217;s Programme in Computational Big Data Analytics).<\/p>\n<p>Organising the internship is a duty of the student: The student acquires a job and a person who supervises the internship (workplace supervisor). Before the actual practical training starts, the student contacts the person in charge of the internship course in order to get instructions for writing the internship plan and including the internship course in the Master\u2019s degree. (Including internship in the Master\u2019s degree must be agreed on with the person in charge of the Master\u2019s Programme specialization.) The workplace supervisor and the person in charge of the Master\u2019s Programme specialization approve the internship plan. After the internship the student writes a report which is approved by the workplace supervisor and the person in charge of the internship course. Three weeks of practical training equal two ECTS credits. The scope of the internship included in the Bachelor&#8217;s and the Master&#8217;s degrees can be totted up no more than 10 ECTS credits.<\/p>\n<p>If you want to take the internship course, please contact university lecturer Zheying Zhang.<\/p>\n<\/div>\n<p>&nbsp;<\/p>\n","protected":false},"excerpt":{"rendered":"<p>Harjoittelu \/ Internship Yleist\u00e4 Opiskelija voi sis\u00e4llytt\u00e4\u00e4 maisterin tutkintoonsa aineopintotasoista harjoittelua, jossa opiskelija soveltaa tietojenk\u00e4sittelyn alan osaamistaan k\u00e4yt\u00e4nn\u00f6ss\u00e4. Harjoittelu-opintojakso on tarkoitettu ainoastaan tietojenk\u00e4sittelytieteiden tutkinto-ohjelman opiskelijoille ja sen suositeltu suoritusajankohta on 3. &#8211; 4. opiskeluvuosi (osana maisteriopintoja kandidaatin tutkinnon loppuvaiheessa). Opintojakson laajuus on 2-10 opintopistett\u00e4. Kolmesta harjoitteluviikosta saa 2 opintopistett\u00e4. Kandidaatin ja maisterin tutkintoihin sis\u00e4ltyv\u00e4n harjoittelun &hellip; <a href=\"https:\/\/coursepages2.tuni.fi\/tieh0\/\" class=\"more-link\">Jatka artikkeliin <span class=\"screen-reader-text\">P\u00e4\u00e4sivu<\/span><\/a><\/p>\n","protected":false},"author":1,"featured_media":0,"parent":0,"menu_order":0,"comment_status":"closed","ping_status":"closed","template":"","meta":{"footnotes":""},"class_list":["post-5","page","type-page","status-publish","hentry"],"_links":{"self":[{"href":"https:\/\/coursepages2.tuni.fi\/tieh0\/wp-json\/wp\/v2\/pages\/5","targetHints":{"allow":["GET"]}}],"collection":[{"href":"https:\/\/coursepages2.tuni.fi\/tieh0\/wp-json\/wp\/v2\/pages"}],"about":[{"href":"https:\/\/coursepages2.tuni.fi\/tieh0\/wp-json\/wp\/v2\/types\/page"}],"author":[{"embeddable":true,"href":"https:\/\/coursepages2.tuni.fi\/tieh0\/wp-json\/wp\/v2\/users\/1"}],"replies":[{"embeddable":true,"href":"https:\/\/coursepages2.tuni.fi\/tieh0\/wp-json\/wp\/v2\/comments?post=5"}],"version-history":[{"count":12,"href":"https:\/\/coursepages2.tuni.fi\/tieh0\/wp-json\/wp\/v2\/pages\/5\/revisions"}],"predecessor-version":[{"id":34,"href":"https:\/\/coursepages2.tuni.fi\/tieh0\/wp-json\/wp\/v2\/pages\/5\/revisions\/34"}],"wp:attachment":[{"href":"https:\/\/coursepages2.tuni.fi\/tieh0\/wp-json\/wp\/v2\/media?parent=5"}],"curies":[{"name":"wp","href":"https:\/\/api.w.org\/{rel}","templated":true}]}}