{"id":68,"date":"2018-01-10T20:54:52","date_gmt":"2018-01-10T18:54:52","guid":{"rendered":"https:\/\/coursepages.uta.fi\/tiea4\/?page_id=68"},"modified":"2021-02-05T16:48:42","modified_gmt":"2021-02-05T14:48:42","slug":"previous-projects","status":"publish","type":"page","link":"https:\/\/coursepages2.tuni.fi\/tiea4\/paasivu\/previous-projects\/","title":{"rendered":"Previous projects"},"content":{"rendered":"<h3>List of finished projects<\/h3>\n<p>The following list contains end products that are currently in use (www-applications, public downloadable applications) or published in a public repository.<\/p>\n<ul>\n<li>Kivako Tandem App, <a href=\"https:\/\/www.unitandem.fi\/\">website<\/a> and <a href=\"https:\/\/github.com\/Tandem-App-Tuni\/\">codes<\/a> (courses 19F, 20S, 20F).<\/li>\n<li><a href=\"https:\/\/github.com\/Zachax\/TUNI-Lumitietous-sovellusprojekti\">Pallaksen lumitietous<\/a> (course 20F).<\/li>\n<li><a href=\"https:\/\/github.com\/ASIM-VR\/ASIM-VR\">ASIM-VR<\/a> (course 20F).<\/li>\n<li><a href=\"https:\/\/github.com\/tasera-ry\/tss\">Tasera Scheduling Software<\/a> (courses 20S, 20F).<\/li>\n<li><a href=\"https:\/\/github.com\/Jomii\/WETO\">Weto UI<\/a> (course 20F).<\/li>\n<li><a href=\"https:\/\/github.com\/Defrosted\/WETO\">Weto notifications<\/a>\u00a0(course 20S).<\/li>\n<li><a href=\"https:\/\/gitlab.com\/TIM-Project-Group\">Vertaisarviointi TIM-j\u00e4rjestelm\u00e4\u00e4n<\/a> (course 20S).<\/li>\n<li><a href=\"https:\/\/gitlab.com\/tim-oikoluku\">Suomenkielinen oikoluku TIM-j\u00e4rjestelm\u00e4\u00e4n<\/a> (course 20F).<\/li>\n<li><a href=\"https:\/\/github.com\/pjarvinen\/rsted\">Opettajan k\u00e4ytt\u00f6liittym\u00e4 Plussaan<\/a> (course 19S).<\/li>\n<li><a href=\"https:\/\/github.com\/woroko\/TUNIBot\">TUNIbot<\/a> (course 18F).<\/li>\n<li><a href=\"https:\/\/github.com\/A-plus-grouping-tool-project\">Ryhm\u00e4ytysty\u00f6kalu Plussaan<\/a> (course 18F).<\/li>\n<li><a href=\"https:\/\/www.tampereenvesijettivuokraus.fi\/\">Tampereen vesijettivuokraus<\/a> -sivuston vuokrausj\u00e4rjestelm\u00e4 (course 18S).<\/li>\n<li><a href=\"https:\/\/github.com\/YizhouCodes\/Tomorrow\">Tomorrow<\/a> (course 17F).<\/li>\n<li><a href=\"http:\/\/www.fsd.uta.fi\/pohtiva\/\">Pohtiva2<\/a> (course 16S).<\/li>\n<li><a href=\"http:\/\/metricsmonitoring.sis.uta.fi\/\">Metrics Monitoring Tool<\/a> (courses 2014F, 2015F, 2016S).<\/li>\n<li><a class=\"external text\" title=\"http:\/\/avainsiirto.fi\" href=\"http:\/\/avainsiirto.fi\" rel=\"nofollow\">Avainsiirto &#8211; Website for Chess Problems<\/a> (courses 2015S and 12-13).<\/li>\n<li><a class=\"external text\" title=\"https:\/\/github.com\/Dawoud\/PuzzleGameAndroid\" href=\"https:\/\/github.com\/Dawoud\/PuzzleGameAndroid\" rel=\"nofollow\">Puzzle game for Android devices<\/a> (course 13-14).<\/li>\n<li><a class=\"external text\" title=\"https:\/\/code.google.com\/p\/disc-golf-game\/\" href=\"https:\/\/code.google.com\/p\/disc-golf-game\/\" rel=\"nofollow\">Disc Golf Game for Android devices<\/a> (course 13-14).<\/li>\n<li><a class=\"external text\" title=\"https:\/\/github.com\/sacra62\/flowing-hours\/\" href=\"https:\/\/github.com\/sacra62\/flowing-hours\/\" rel=\"nofollow\">Flowing Hours &#8211; WWW-application demo for personal time planning<\/a> (course 13-14).<\/li>\n<li><a class=\"external text\" title=\"https:\/\/github.com\/Meta-arviointi\" href=\"https:\/\/github.com\/Meta-arviointi\" rel=\"nofollow\">Meta-arviointi<\/a> (course 12-13).<\/li>\n<li><a class=\"external text\" title=\"http:\/\/www.tampereenylioppilasteatteri.net\/\" href=\"http:\/\/www.tampereenylioppilasteatteri.net\/\" rel=\"nofollow\">Tampereen ylioppilasteatteri<\/a> (course 11-12).<\/li>\n<li><a class=\"external text\" title=\"http:\/\/demo.avanto.in\/visualmoney\/war\/VisualMoney.html\" href=\"http:\/\/demo.avanto.in\/visualmoney\/war\/VisualMoney.html\" rel=\"nofollow\">Visual Money<\/a> (course 11-12).<\/li>\n<li><a class=\"external text\" title=\"http:\/\/www.vaalilupausarkisto.fi\" href=\"http:\/\/www.vaalilupausarkisto.fi\" rel=\"nofollow\">Vaalilupausarkisto<\/a> (course 10-11).<\/li>\n<li><a class=\"external text\" title=\"http:\/\/www.majava-kilpailu.fi\" href=\"http:\/\/www.majava-kilpailu.fi\" rel=\"nofollow\">Beaver<\/a> Practice and contest system for the national bebras (beaver)-contest (courses 08-09, 09-10, 09-11, 12-13). The system has also been running in Slovene (<a class=\"external text\" title=\"http:\/\/bober.acm.si\/\" href=\"http:\/\/bober.acm.si\/\" rel=\"nofollow\">http:\/\/bober.acm.si\/<\/a> ) and in Sweden (<a class=\"external text\" title=\"http:\/\/bober.acm.si\/\" href=\"http:\/\/www.bebras.se\" rel=\"nofollow\">http:\/\/www.bebras.se<\/a>).<\/li>\n<\/ul>\n<h3>List of project videos<\/h3>\n<p>End-product demo videos and project videos made by the project teams.<\/p>\n<ul>\n<li><a href=\"https:\/\/www.youtube.com\/watch?v=CcRRFuA1LPI\">WETO notifications<\/a> (2020S)<\/li>\n<li><a href=\"https:\/\/www.youtube.com\/watch?v=wi3uozuUHEU\">Virtual university<\/a> (2015F)<\/li>\n<li><a class=\"external text\" title=\"https:\/\/drive.google.com\/file\/d\/0B8ViQ9Z_EBJjeVU5LXdrVDBMS0U\/view?usp=sharing\" href=\"https:\/\/drive.google.com\/file\/d\/0B8ViQ9Z_EBJjeVU5LXdrVDBMS0U\/view?usp=sharing\" rel=\"nofollow\">SimSpace browser control software<\/a> (course 2014-2015)<\/li>\n<li><a class=\"external text\" title=\"http:\/\/youtu.be\/pZ2FAvk9YWE\" href=\"http:\/\/youtu.be\/pZ2FAvk9YWE\" rel=\"nofollow\">Firestatus<\/a> Android application for a volunteer fire department (course 2014-2015). Check also <a href=\"http:\/\/www.perhonpalomiehet.fi\/firestatus.html\">some screenshots<\/a>.<\/li>\n<li><a class=\"external text\" title=\"https:\/\/www.youtube.com\/watch?v=J4qGHwHDt5E\" href=\"https:\/\/www.youtube.com\/watch?v=J4qGHwHDt5E\" rel=\"nofollow\">2PW &#8211; Pairwise Priority Project<\/a> (course 2014-2015)<\/li>\n<li><a class=\"external text\" title=\"http:\/\/www.youtube.com\/watch?v=pIgBybM797Q&amp;feature=youtu.be\" href=\"http:\/\/www.youtube.com\/watch?v=pIgBybM797Q&amp;feature=youtu.be\" rel=\"nofollow\">Disc Golf Game Project<\/a> (course 2013-2014)<\/li>\n<li><a class=\"external text\" title=\"https:\/\/www.youtube.com\/watch?v=pB7uS_K57uE\" href=\"https:\/\/www.youtube.com\/watch?v=pB7uS_K57uE\" rel=\"nofollow\">SIS Adventure game for Android<\/a> (course 2013-2014)<\/li>\n<li>Elementary mathematics learning environment (course 2013-2014):\n<ul>\n<li>Cubes game: <a class=\"external free\" title=\"https:\/\/www.youtube.com\/watch?v=Mmf5re1TvcA\" href=\"https:\/\/www.youtube.com\/watch?v=Mmf5re1TvcA\" rel=\"nofollow\">https:\/\/www.youtube.com\/watch?v=Mmf5re1TvcA<\/a><\/li>\n<li>Menu navigation: <a class=\"external free\" title=\"https:\/\/www.youtube.com\/watch?v=KIJgKZxe9p0\" href=\"https:\/\/www.youtube.com\/watch?v=KIJgKZxe9p0\" rel=\"nofollow\">https:\/\/www.youtube.com\/watch?v=KIJgKZxe9p0<\/a><\/li>\n<li>balloons game: <a class=\"external free\" title=\"https:\/\/www.youtube.com\/watch?v=R85z6PXThaA\" href=\"https:\/\/www.youtube.com\/watch?v=R85z6PXThaA\" rel=\"nofollow\">https:\/\/www.youtube.com\/watch?v=R85z6PXThaA<\/a><\/li>\n<\/ul>\n<\/li>\n<li><a class=\"external text\" title=\"http:\/\/www.youtube.com\/watch?v=Tv0DRZ9Q4lk\" href=\"http:\/\/www.youtube.com\/watch?v=Tv0DRZ9Q4lk\" rel=\"nofollow\">Environment for Elementary Mathematics<\/a> (course 2012-2013)<\/li>\n<li><a class=\"external text\" title=\"http:\/\/youtu.be\/mOnOlIv59IU\" href=\"http:\/\/youtu.be\/mOnOlIv59IU\" rel=\"nofollow\">Single player mode<\/a> \/ <a class=\"external text\" title=\"http:\/\/youtu.be\/k6OG4X4vapM\" href=\"http:\/\/youtu.be\/k6OG4X4vapM\" rel=\"nofollow\">Multi player<\/a> of Computer vision Game (Course 2011-2012)<\/li>\n<li><a class=\"external text\" title=\"http:\/\/www.youtube.com\/watch?v=G9yRjKjgZZ0\" href=\"http:\/\/www.youtube.com\/watch?v=G9yRjKjgZZ0\" rel=\"nofollow\">Unreal Input Testing<\/a> (Course 2010-2011)<\/li>\n<li><a class=\"external text\" title=\"http:\/\/www.youtube.com\/watch?v=jFoB93bz4P0\" href=\"http:\/\/www.youtube.com\/watch?v=jFoB93bz4P0\" rel=\"nofollow\">Haptic Paintball+ Commander<\/a> (course 2010-2011)<\/li>\n<li><a class=\"external text\" title=\"http:\/\/www.youtube.com\/watch?v=0GT2-kpbXlc\" href=\"http:\/\/www.youtube.com\/watch?v=0GT2-kpbXlc\" rel=\"nofollow\">Tietotekniikan Majava-kilpailun esittelyvideo<\/a> (course 2010-2011) and <a class=\"external text\" title=\"http:\/\/www.youtube.com\/watch?v=EMfYITMQ0JI&amp;feature=channel_video_title\" href=\"http:\/\/www.youtube.com\/watch?v=EMfYITMQ0JI&amp;feature=channel_video_title\" rel=\"nofollow\">Majava3 project video<\/a> (unofficial).<\/li>\n<li><a class=\"external text\" title=\"http:\/\/www.youtube.com\/watch?v=ORJ5fcC8LW4\" href=\"http:\/\/www.youtube.com\/watch?v=ORJ5fcC8LW4\" rel=\"nofollow\">Usability team at work &#8211; Uteam 2009-10<\/a> (course 2009-2010)<\/li>\n<li><a class=\"external text\" title=\"http:\/\/www.youtube.com\/watch?v=pEMPn0QnjWM\" href=\"http:\/\/www.youtube.com\/watch?v=pEMPn0QnjWM\" rel=\"nofollow\">Rich Context Information Sharing in Facebook<\/a> (course 2009-2010)<\/li>\n<li><a class=\"external text\" title=\"http:\/\/www.youtube.com\/watch?v=Ri31eb-C4RA\" href=\"http:\/\/www.youtube.com\/watch?v=Ri31eb-C4RA\" rel=\"nofollow\">Playful Calendar UI<\/a> (course 2008-9)<\/li>\n<\/ul>\n<h3>Old course reports<\/h3>\n<ul>\n<li>Pekka M\u00e4kiaho and Timo Poranen (eds.), <a class=\"external text\" title=\"http:\/\/www.uta.fi\/sis\/reports\/index\/R27_2014.pdf\" href=\"http:\/\/www.uta.fi\/sis\/reports\/index\/R27_2014.pdf\" rel=\"nofollow\">Software Projects 2013-2014<\/a><\/li>\n<li>Pekka M\u00e4kiaho and Timo Poranen (eds.), <a class=\"external text\" title=\"http:\/\/www.uta.fi\/sis\/reports\/index\/R23_2013.pdf\" href=\"http:\/\/www.uta.fi\/sis\/reports\/index\/R23_2013.pdf\" rel=\"nofollow\">Software Projects 2012-2013<\/a><\/li>\n<li>Pekka M\u00e4kiaho and Timo Poranen (eds.), <a class=\"external text\" title=\"http:\/\/www.uta.fi\/sis\/reports\/index\/R9_2012.pdf\" href=\"http:\/\/www.uta.fi\/sis\/reports\/index\/R9_2012.pdf\" rel=\"nofollow\">Software Projects 2011-2012<\/a><\/li>\n<li>Timo Poranen (ed.), <a class=\"external text\" title=\"http:\/\/www.uta.fi\/sis\/reports\/index\/R2_2011.pdf\" href=\"http:\/\/www.uta.fi\/sis\/reports\/index\/R2_2011.pdf\" rel=\"nofollow\">Software Projects 2010-2011<\/a><\/li>\n<li>Timo Poranen (ed.), <a class=\"external text\" title=\"http:\/\/www.cs.uta.fi\/reports\/dsarja\/D-2010-14.pdf\" href=\"http:\/\/www.cs.uta.fi\/reports\/dsarja\/D-2010-14.pdf\" rel=\"nofollow\">Software Projects 2009-2010<\/a><\/li>\n<li>Timo Poranen (ed.), <a class=\"external text\" title=\"http:\/\/www.cs.uta.fi\/reports\/dsarja\/D-2009-6.pdf\" href=\"http:\/\/www.cs.uta.fi\/reports\/dsarja\/D-2009-6.pdf\" rel=\"nofollow\">Software Projects 2008-2009<\/a><\/li>\n<li>Ilari Kajaste and Timo Poranen (eds.), <a class=\"external text\" title=\"http:\/\/www.cs.uta.fi\/reports\/dsarja\/D-2008-8.pdf\" href=\"http:\/\/www.cs.uta.fi\/reports\/dsarja\/D-2008-8.pdf\" rel=\"nofollow\">Software Projects 2007-2008<\/a><\/li>\n<li>Timo Poranen (ed.), <a class=\"external text\" title=\"http:\/\/www.cs.uta.fi\/reports\/dsarja\/D-2007-7.pdf\" href=\"http:\/\/www.cs.uta.fi\/reports\/dsarja\/D-2007-7.pdf\" rel=\"nofollow\">Software Projects 2006-2007<\/a><\/li>\n<li>Timo Poranen (toim.), <a class=\"external text\" title=\"http:\/\/www.cs.uta.fi\/reports\/dsarja\/D-2006-6.pdf\" href=\"http:\/\/www.cs.uta.fi\/reports\/dsarja\/D-2006-6.pdf\" rel=\"nofollow\">Projektity\u00f6t 2006<\/a><\/li>\n<\/ul>\n","protected":false},"excerpt":{"rendered":"<p>List of finished projects The following list contains end products that are currently in use (www-applications, public downloadable applications) or published in a public repository. Kivako Tandem App, website and codes (courses 19F, 20S, 20F). Pallaksen lumitietous (course 20F). ASIM-VR (course 20F). Tasera Scheduling Software (courses 20S, 20F). Weto UI (course 20F). Weto notifications\u00a0(course 20S). &hellip; <a href=\"https:\/\/coursepages2.tuni.fi\/tiea4\/paasivu\/previous-projects\/\" class=\"more-link\">Continue reading <span class=\"screen-reader-text\">Previous projects<\/span><\/a><\/p>\n","protected":false},"author":35,"featured_media":0,"parent":5,"menu_order":10,"comment_status":"closed","ping_status":"closed","template":"","meta":{"footnotes":""},"class_list":["post-68","page","type-page","status-publish","hentry"],"_links":{"self":[{"href":"https:\/\/coursepages2.tuni.fi\/tiea4\/wp-json\/wp\/v2\/pages\/68","targetHints":{"allow":["GET"]}}],"collection":[{"href":"https:\/\/coursepages2.tuni.fi\/tiea4\/wp-json\/wp\/v2\/pages"}],"about":[{"href":"https:\/\/coursepages2.tuni.fi\/tiea4\/wp-json\/wp\/v2\/types\/page"}],"author":[{"embeddable":true,"href":"https:\/\/coursepages2.tuni.fi\/tiea4\/wp-json\/wp\/v2\/users\/35"}],"replies":[{"embeddable":true,"href":"https:\/\/coursepages2.tuni.fi\/tiea4\/wp-json\/wp\/v2\/comments?post=68"}],"version-history":[{"count":21,"href":"https:\/\/coursepages2.tuni.fi\/tiea4\/wp-json\/wp\/v2\/pages\/68\/revisions"}],"predecessor-version":[{"id":1098,"href":"https:\/\/coursepages2.tuni.fi\/tiea4\/wp-json\/wp\/v2\/pages\/68\/revisions\/1098"}],"up":[{"embeddable":true,"href":"https:\/\/coursepages2.tuni.fi\/tiea4\/wp-json\/wp\/v2\/pages\/5"}],"wp:attachment":[{"href":"https:\/\/coursepages2.tuni.fi\/tiea4\/wp-json\/wp\/v2\/media?parent=68"}],"curies":[{"name":"wp","href":"https:\/\/api.w.org\/{rel}","templated":true}]}}