{"id":56,"date":"2018-01-10T20:39:03","date_gmt":"2018-01-10T18:39:03","guid":{"rendered":"https:\/\/coursepages.uta.fi\/tiea4\/?page_id=56"},"modified":"2021-01-28T17:58:17","modified_gmt":"2021-01-28T15:58:17","slug":"projects","status":"publish","type":"page","link":"https:\/\/coursepages2.tuni.fi\/tiea4\/paasivu\/projects\/","title":{"rendered":"Projects"},"content":{"rendered":"<h5>2021S Projects<\/h5>\r\n<ul>\r\n<li>KIVAKO Project &#8211; Tandem app V (supervisor: Timo Poranen)<\/li>\r\n<li>Upgrading a solution for a browser-based Rainbow Dictionary (supervisor: Timo Poranen)<\/li>\r\n<li>SW component management (supervisor: Pekka M\u00e4kiaho)<\/li>\r\n<li>TASERA Scheduling Software III (supervisor: Pekka M\u00e4kiaho)<\/li>\r\n<li><span lang=\"en-US\">Therapy applications for children and adolescents (supervisor: Timo Poranen)<\/span><span lang=\"en-US\"><br \/><\/span><\/li>\r\n<li>Metrics Monitoring Tool VII (supervisors: Pekka M\u00e4kiaho and Timo Poranen)<\/li>\r\n<li>RadioDNS (supervisor: Pekka M\u00e4kiaho)<\/li>\r\n<li>Share &amp; Save &#8211; Selainpohjaisen tavaroiden lainausohjelmiston jatkokehitys (supervisor: Pekka M\u00e4kiaho)<\/li>\r\n<\/ul>\r\n<h5>2020F Project<\/h5>\r\n<p>English language projects<\/p>\r\n<ul>\r\n<li>KIVAKO Project &#8211; Tandem app IV (supervisor: Timo)<\/li>\r\n<li>Cargotec project (supervisor: Pekka)<\/li>\r\n<li>Project management game (supervisor: Pekka)<\/li>\r\n<\/ul>\r\n<p>Finnish language projects<\/p>\r\n<ul>\r\n<li>TASERA Scheduling Software II (supervisor: Pekka)<\/li>\r\n<li>Augmented Reality platform for cultural settings (supervisor: Timo)<\/li>\r\n<li>VR simulation platform for disabilities (supervisor: Timo)<\/li>\r\n<li>Opa2 &#8211; HTML-pohjaisten aineisto-oppaiden jatkokehitys (supervisor: Pekka)<\/li>\r\n<li>Pallaksen alueen lumitietous digitaaliseen muotoon (supervisor: Pekka)<\/li>\r\n<li>Ad Astra &#8211; Moodle Plugin Plussa-teht\u00e4ville (supervisor: Timo)<\/li>\r\n<li>WETOn k\u00e4ytt\u00f6liittym\u00e4n uudistaminen (supervisor: Timo)<\/li>\r\n<\/ul>\r\n\r\n<p>&nbsp;<\/p>\r\n","protected":false},"excerpt":{"rendered":"<p>2021S Projects KIVAKO Project &#8211; Tandem app V (supervisor: Timo Poranen) Upgrading a solution for a browser-based Rainbow Dictionary (supervisor: Timo Poranen) SW component management (supervisor: Pekka M\u00e4kiaho) TASERA Scheduling Software III (supervisor: Pekka M\u00e4kiaho) Therapy applications for children and adolescents (supervisor: Timo Poranen) Metrics Monitoring Tool VII (supervisors: Pekka M\u00e4kiaho and Timo Poranen) RadioDNS &hellip; <a href=\"https:\/\/coursepages2.tuni.fi\/tiea4\/paasivu\/projects\/\" class=\"more-link\">Continue reading <span class=\"screen-reader-text\">Projects<\/span><\/a><\/p>\n","protected":false},"author":35,"featured_media":0,"parent":5,"menu_order":2,"comment_status":"closed","ping_status":"closed","template":"","meta":{"footnotes":""},"class_list":["post-56","page","type-page","status-publish","hentry"],"_links":{"self":[{"href":"https:\/\/coursepages2.tuni.fi\/tiea4\/wp-json\/wp\/v2\/pages\/56","targetHints":{"allow":["GET"]}}],"collection":[{"href":"https:\/\/coursepages2.tuni.fi\/tiea4\/wp-json\/wp\/v2\/pages"}],"about":[{"href":"https:\/\/coursepages2.tuni.fi\/tiea4\/wp-json\/wp\/v2\/types\/page"}],"author":[{"embeddable":true,"href":"https:\/\/coursepages2.tuni.fi\/tiea4\/wp-json\/wp\/v2\/users\/35"}],"replies":[{"embeddable":true,"href":"https:\/\/coursepages2.tuni.fi\/tiea4\/wp-json\/wp\/v2\/comments?post=56"}],"version-history":[{"count":69,"href":"https:\/\/coursepages2.tuni.fi\/tiea4\/wp-json\/wp\/v2\/pages\/56\/revisions"}],"predecessor-version":[{"id":1093,"href":"https:\/\/coursepages2.tuni.fi\/tiea4\/wp-json\/wp\/v2\/pages\/56\/revisions\/1093"}],"up":[{"embeddable":true,"href":"https:\/\/coursepages2.tuni.fi\/tiea4\/wp-json\/wp\/v2\/pages\/5"}],"wp:attachment":[{"href":"https:\/\/coursepages2.tuni.fi\/tiea4\/wp-json\/wp\/v2\/media?parent=56"}],"curies":[{"name":"wp","href":"https:\/\/api.w.org\/{rel}","templated":true}]}}