{"id":411,"date":"2020-04-24T22:33:11","date_gmt":"2020-04-24T19:33:11","guid":{"rendered":"https:\/\/coursepages.uta.fi\/tiea2-1b\/?page_id=411"},"modified":"2020-04-24T23:42:47","modified_gmt":"2020-04-24T20:42:47","slug":"ohjaus","status":"publish","type":"page","link":"https:\/\/coursepages2.tuni.fi\/tiea2-1b\/kevat-2020\/harjoitustyo\/ohjaus\/","title":{"rendered":"Ohjaus"},"content":{"rendered":"<p>Harjoitusty\u00f6n ohjaus v\u00e4lipalauksesta lopulliseen palautukseen on p\u00e4\u00e4osin tuntiopettajien vastuulla. Vastuuopettaja oli p\u00e4\u00e4roolissa v\u00e4lipalautukseen liittyen.<\/p>\n<p>Harjoitusty\u00f6t\u00e4 ohjataan poikkeuksellisten olojen vuoksi vain et\u00e4n\u00e4.<strong> Ohjaus on normaalitilannetta s\u00e4\u00e4dellymp\u00e4\u00e4 rajallisten resurssien vuoksi<\/strong>. Alla olevat ohjeet eiv\u00e4t ole ep\u00e4luottamuksen osoitus, vaan tavoitteena on ohjauksen sujuminen mahdollisimman tehokkaasti ja kitkattomasti, jolloin mahdollisimman moni kurssilainen saa apua.<\/p>\n<p>Selvit\u00e4 aluksi kuka ohjaa ty\u00f6t\u00e4si: n\u00e4et ty\u00f6t\u00e4si ohjaavan tuntiopettajan nimen WETOn <em>Harjoitusty\u00f6<\/em>-kohdasta l\u00f6ytyv\u00e4st\u00e4 listasta. (Kurssin vastuuopettaja tiedottaa, jos ohjaaja vaihtuu.) Opiskelijat on jaettu ohjausryhmiin satunnaisesti. Nimesi on listalla, jos olet palauttanut v\u00e4lipisteess\u00e4 koodia tai olet viel\u00e4 vastuuopettajan antamalla v\u00e4lipalautuksen lis\u00e4ajalla.<\/p>\n<p><strong>Tuntiopettajat eiv\u00e4t ohjaa listalta puuttuvien kurssilaisten harjoitusty\u00f6t\u00e4<\/strong>.<strong> Listalta puuttuvien kurssilaisten palauttamia valmiita harjoitust\u00f6it\u00e4 ei oteta vastaan<\/strong>. Ota yhteytt\u00e4 vastuuopettajaan s\u00e4hk\u00f6postilla, jos olet j\u00e4\u00e4nyt vahingossa pois listalta, haluat listalle tai olet keskeytt\u00e4nyt kurssin.<\/p>\n<p>Ohjaus tapahtuu p\u00e4\u00e4osin s\u00e4hk\u00f6postilla. Tuntiopettaja tiedottaa ryhm\u00e4lleen, jos muita et\u00e4ohjauksen v\u00e4lineit\u00e4 on k\u00e4ytett\u00e4viss\u00e4.<\/p>\n<p>Liit\u00e4 kysymykseen koodisi tai palauta koodi ennen kysymyst\u00e4 WETOon, ellei kyse ole yleisemm\u00e4st\u00e4 ongelmasta. Kerro kysymyksess\u00e4, ett\u00e4 koodisi on WETOssa, jos se ei ole kysymyksen liitteen\u00e4. WETOssa olevaa koodia ei saa muuttaa ennen kuin kysymykseen on tullut vastaus. Tarkista ennen yhteydenottoa, ett\u00e4 koodisi k\u00e4\u00e4ntyy paitsi, jos ongelma on nimenomaan kielioppivirhe.<\/p>\n<p><strong>Kysymykseen liittyv\u00e4n koodin tulee noudattaa hyv\u00e4\u00e4 ohjelmointitapaa<\/strong>. Erityisesti sisennysten pit\u00e4\u00e4 ovat kunnossa. <strong>Ohjaaja ei vastaa ulkoasultaan sekavaa koodia sis\u00e4lt\u00e4v\u00e4n kysymykseen<\/strong>, vaan viestii lyhyesti, ett\u00e4 koodia pit\u00e4\u00e4 siisti\u00e4 ja siirtyy ohjaamaan seuraavaa kurssilaista.<\/p>\n<p><strong>Ohjausajan tuhlaaminen ei ole kenenk\u00e4\u00e4n etujen mukaista<\/strong>. Kysy siksi vain ty\u00f6t\u00e4si ohjaavalta tuntiopettajalta. Vastuuopettajalta voi kysy\u00e4 aina, jos kysymys on osoitettu vain vastuuopettajalle. Saman kysymyksen l\u00e4hett\u00e4mist\u00e4 kahdelle tai useammalle ohjaajalle ei katsota hyv\u00e4ll\u00e4. Vastuuopettaja ohjaa kyll\u00e4 kysymyksesi tuntiopettajlle, jos aikaa tai energiaa ei ole. Muista perua kysymyksesi, jos sait ongelman ratkaistua itse ennen vastauksen saamista.<\/p>\n<p>Kysymyksi\u00e4 ja niiden vastauksia ker\u00e4t\u00e4\u00e4n kurssisivuille. Seuraa <a href=\"https:\/\/coursepages2.tuni.fi\/tiea2-1b\/kevat-2020\/harjoitustyo\/kysymyksia-ja-vastauksia\/\">kysymys\u2013vastaus-palstaa<\/a> ja kysy vain, jos palstalla ei ole jo vastausta.<\/p>\n","protected":false},"excerpt":{"rendered":"<p>Harjoitusty\u00f6n ohjaus v\u00e4lipalauksesta lopulliseen palautukseen on p\u00e4\u00e4osin tuntiopettajien vastuulla. Vastuuopettaja oli p\u00e4\u00e4roolissa v\u00e4lipalautukseen liittyen. Harjoitusty\u00f6t\u00e4 ohjataan poikkeuksellisten olojen vuoksi vain et\u00e4n\u00e4. Ohjaus on normaalitilannetta s\u00e4\u00e4dellymp\u00e4\u00e4 rajallisten resurssien vuoksi. Alla olevat ohjeet eiv\u00e4t ole ep\u00e4luottamuksen osoitus, vaan tavoitteena on ohjauksen sujuminen mahdollisimman tehokkaasti ja kitkattomasti, jolloin mahdollisimman moni kurssilainen saa apua. Selvit\u00e4 aluksi kuka ohjaa ty\u00f6t\u00e4si: &hellip; <a href=\"https:\/\/coursepages2.tuni.fi\/tiea2-1b\/kevat-2020\/harjoitustyo\/ohjaus\/\" class=\"more-link\">Jatka artikkeliin <span class=\"screen-reader-text\">Ohjaus<\/span><\/a><\/p>\n","protected":false},"author":6,"featured_media":0,"parent":278,"menu_order":4,"comment_status":"closed","ping_status":"closed","template":"","meta":{"footnotes":""},"class_list":["post-411","page","type-page","status-publish","hentry"],"_links":{"self":[{"href":"https:\/\/coursepages2.tuni.fi\/tiea2-1b\/wp-json\/wp\/v2\/pages\/411","targetHints":{"allow":["GET"]}}],"collection":[{"href":"https:\/\/coursepages2.tuni.fi\/tiea2-1b\/wp-json\/wp\/v2\/pages"}],"about":[{"href":"https:\/\/coursepages2.tuni.fi\/tiea2-1b\/wp-json\/wp\/v2\/types\/page"}],"author":[{"embeddable":true,"href":"https:\/\/coursepages2.tuni.fi\/tiea2-1b\/wp-json\/wp\/v2\/users\/6"}],"replies":[{"embeddable":true,"href":"https:\/\/coursepages2.tuni.fi\/tiea2-1b\/wp-json\/wp\/v2\/comments?post=411"}],"version-history":[{"count":12,"href":"https:\/\/coursepages2.tuni.fi\/tiea2-1b\/wp-json\/wp\/v2\/pages\/411\/revisions"}],"predecessor-version":[{"id":428,"href":"https:\/\/coursepages2.tuni.fi\/tiea2-1b\/wp-json\/wp\/v2\/pages\/411\/revisions\/428"}],"up":[{"embeddable":true,"href":"https:\/\/coursepages2.tuni.fi\/tiea2-1b\/wp-json\/wp\/v2\/pages\/278"}],"wp:attachment":[{"href":"https:\/\/coursepages2.tuni.fi\/tiea2-1b\/wp-json\/wp\/v2\/media?parent=411"}],"curies":[{"name":"wp","href":"https:\/\/api.w.org\/{rel}","templated":true}]}}