{"id":274,"date":"2020-03-03T14:00:54","date_gmt":"2020-03-03T12:00:54","guid":{"rendered":"https:\/\/coursepages.uta.fi\/tiea2-1b\/?page_id=274"},"modified":"2021-09-21T16:05:52","modified_gmt":"2021-09-21T13:05:52","slug":"luennot","status":"publish","type":"page","link":"https:\/\/coursepages2.tuni.fi\/tiea2-1b\/kevat-2020\/luennot\/","title":{"rendered":"Luennot"},"content":{"rendered":"<p>Luennoilla ei jaeta paperitulosteita. Materiaali pit\u00e4\u00e4 tarvittaessa tulostaa omatoimisesti paperille ennen luentoja. Materiaali on tiivistetty tilan s\u00e4\u00e4st\u00e4miseksi yhdeksi <a href=\"https:\/\/homepages.tuni.fi\/jorma.laurikkala\/oope2\/kevat-2020\/luentorunko\/\">zip-paketiksi<\/a>.<\/p>\n<table style=\"border: 0pt solid #000000;width: 650px\" border=\"0\" rules=\"rows\" cellpadding=\"4\">\n<tbody>\n<tr align=\"left\" valign=\"middle\">\n<td style=\"border: 1px solid #000000\">Luento<\/td>\n<td style=\"border: 1px solid #000000\">Suunniteltu sis\u00e4lt\u00f6<\/td>\n<td style=\"border: 1px solid #000000\">Muuta huomioitavaa<\/td>\n<\/tr>\n<tr align=\"left\" valign=\"middle\">\n<td style=\"border: 1px solid #000000\">Luento\u00a01<\/td>\n<td style=\"border: 1px solid #000000\">Kurssin ja harjoitusty\u00f6n esittely.<\/td>\n<td style=\"border: 1px solid #000000\">Harjoitusty\u00f6n infokalvoille on lis\u00e4tty esimerkkiajo luentojen j\u00e4lkeen. Samalla tehty pari pient\u00e4 lis\u00e4yst\u00e4 ja korjausta.<\/td>\n<\/tr>\n<tr align=\"left\" valign=\"middle\">\n<td style=\"border: 1px solid #000000\">Luento 2<\/td>\n<td style=\"border: 1px solid #000000\">Harjoitusty\u00f6n esittely. Javadoc ja UML-luokkakaavion luonti.<\/td>\n<td style=\"border: 1px solid #000000\">Luennolle ei julkaista uutta lukua luentorungosta. Uusi materiaali on <a href=\"https:\/\/coursepages2.tuni.fi\/tiea2-1b\/kevat-2020\/harjoitustyo\/javadoc-ohjeet\/\">t\u00e4\u00e4ll\u00e4<\/a> ja <a href=\"https:\/\/coursepages2.tuni.fi\/tiea2-1b\/kevat-2020\/harjoitustyo\/uml\/\">t\u00e4\u00e4ll\u00e4<\/a> html-muodossa.<\/td>\n<\/tr>\n<tr align=\"left\" valign=\"middle\">\n<td style=\"border: 1px solid #000000\">Luento 3<\/td>\n<td style=\"border: 1px solid #000000\">Versionhallinta ja Git (osa 1).<\/td>\n<td style=\"border: 1px solid #000000\">Aloitetaan harjoitusty\u00f6n versionhallinta.<\/td>\n<\/tr>\n<tr align=\"left\" valign=\"middle\">\n<td style=\"border: 1px solid #000000\">Luento 4<\/td>\n<td style=\"border: 1px solid #000000\">NetBeans.<\/td>\n<td style=\"border: 1px solid #000000\">T\u00e4m\u00e4kin luento sivuaa versionhallintaa.<\/td>\n<\/tr>\n<tr align=\"left\" valign=\"middle\">\n<td style=\"border: 1px solid #000000\">Luento 5<\/td>\n<td style=\"border: 1px solid #000000\">Versionhallinta ja Git (osa 2).<\/td>\n<td style=\"border: 1px solid #000000\">Luento on peruttu, koska korona.<\/td>\n<\/tr>\n<\/tbody>\n<\/table>\n","protected":false},"excerpt":{"rendered":"<p>Luennoilla ei jaeta paperitulosteita. Materiaali pit\u00e4\u00e4 tarvittaessa tulostaa omatoimisesti paperille ennen luentoja. Materiaali on tiivistetty tilan s\u00e4\u00e4st\u00e4miseksi yhdeksi zip-paketiksi. Luento Suunniteltu sis\u00e4lt\u00f6 Muuta huomioitavaa Luento\u00a01 Kurssin ja harjoitusty\u00f6n esittely. Harjoitusty\u00f6n infokalvoille on lis\u00e4tty esimerkkiajo luentojen j\u00e4lkeen. Samalla tehty pari pient\u00e4 lis\u00e4yst\u00e4 ja korjausta. Luento 2 Harjoitusty\u00f6n esittely. Javadoc ja UML-luokkakaavion luonti. Luennolle ei julkaista uutta &hellip; <a href=\"https:\/\/coursepages2.tuni.fi\/tiea2-1b\/kevat-2020\/luennot\/\" class=\"more-link\">Jatka artikkeliin <span class=\"screen-reader-text\">Luennot<\/span><\/a><\/p>\n","protected":false},"author":6,"featured_media":0,"parent":257,"menu_order":0,"comment_status":"closed","ping_status":"closed","template":"","meta":{"footnotes":""},"class_list":["post-274","page","type-page","status-publish","hentry"],"_links":{"self":[{"href":"https:\/\/coursepages2.tuni.fi\/tiea2-1b\/wp-json\/wp\/v2\/pages\/274","targetHints":{"allow":["GET"]}}],"collection":[{"href":"https:\/\/coursepages2.tuni.fi\/tiea2-1b\/wp-json\/wp\/v2\/pages"}],"about":[{"href":"https:\/\/coursepages2.tuni.fi\/tiea2-1b\/wp-json\/wp\/v2\/types\/page"}],"author":[{"embeddable":true,"href":"https:\/\/coursepages2.tuni.fi\/tiea2-1b\/wp-json\/wp\/v2\/users\/6"}],"replies":[{"embeddable":true,"href":"https:\/\/coursepages2.tuni.fi\/tiea2-1b\/wp-json\/wp\/v2\/comments?post=274"}],"version-history":[{"count":12,"href":"https:\/\/coursepages2.tuni.fi\/tiea2-1b\/wp-json\/wp\/v2\/pages\/274\/revisions"}],"predecessor-version":[{"id":458,"href":"https:\/\/coursepages2.tuni.fi\/tiea2-1b\/wp-json\/wp\/v2\/pages\/274\/revisions\/458"}],"up":[{"embeddable":true,"href":"https:\/\/coursepages2.tuni.fi\/tiea2-1b\/wp-json\/wp\/v2\/pages\/257"}],"wp:attachment":[{"href":"https:\/\/coursepages2.tuni.fi\/tiea2-1b\/wp-json\/wp\/v2\/media?parent=274"}],"curies":[{"name":"wp","href":"https:\/\/api.w.org\/{rel}","templated":true}]}}