{"id":5,"date":"2017-06-22T10:58:06","date_gmt":"2017-06-22T07:58:06","guid":{"rendered":"https:\/\/coursepages.uta.fi\/tiea2-1a\/?page_id=5"},"modified":"2020-01-06T18:27:44","modified_gmt":"2020-01-06T16:27:44","slug":"paasivu","status":"publish","type":"page","link":"https:\/\/coursepages2.tuni.fi\/tiea2-1a\/","title":{"rendered":"P\u00e4\u00e4sivu"},"content":{"rendered":"<p>TIEA2.1A Olio-ohjelmoinnin perusteet I 5 op -kurssin (lyhesti Oope 1) virallinen <a href=\"https:\/\/www.tuni.fi\/opiskelijanopas\/opintotiedot\/opintojaksot\/uta-ykoodi-54266?year=2019\" target=\"_blank\" rel=\"noopener\">kurssikuvaus<\/a> ja <a href=\"https:\/\/www.tuni.fi\/opiskelijanopas\/opintotiedot\/opintojaksot\/uta-ykoodi-54266?year=2019&amp;activeTab=1\" target=\"_blank\" rel=\"noopener\">opetusajat<\/a> on annettu opiskelijan oppaassa.<\/p>\n<p>Kurssin tiedotteet l\u00f6ytyv\u00e4t <a href=\"https:\/\/coursepages2.tuni.fi\/tiea2-1a\/kevat-2020\/\">Kev\u00e4t 2020 -sivulta<\/a>.<\/p>\n<p><strong>Kurssi j\u00e4rjestet\u00e4\u00e4n viimeisen kerran kev\u00e4\u00e4ll\u00e4 2020<\/strong><\/p>\n<p>TIEA2.1A Olio-ohjelmoinnin perusteet I ja TIEA2.1B Olio-ohjelmoinnin perusteet II -kurssit toteutetaan viimeisen kerran kev\u00e4tlukukaudella 2020.<\/p>\n<p>Olio-ohjelmoinnin kurssit tutkintoonsa tarvitsevien olisi t\u00e4rke\u00e4\u00e4 suorittaa kurssit niiden viimeisell\u00e4 toteutuskerralla, koska molemmat kurssit korvaava Ohjelmointi 3: Rajapinnat ja tekniikat (kielen\u00e4 Java) tarjotaan vasta lukuvuonna 2021\u20132022 eik\u00e4 toisaalta lukuvuonna 2020\u20132021 luennoitavaa Tietotekniikan tutkinto-ohjelman vanhaa Ohjelmointi 3: Tekniikat -kurssia suositella olio-ohjelmointikurssien korvaajaksi eri ohjelmointikielen (C++) ja laajempien esitietovaatimusten vuoksi.<\/p>\n<p><strong>Vanhoille opiskelijoille<br \/>\n<\/strong><\/p>\n<p>Vanha TIEA2.1 Olio-ohjelmoinnin perusteet 5\u201310 op kurssi jaettiin lukuvuonna 2018\u20132019 kursseiksi<\/p>\n<ul>\n<li>TIEA2.1A Olio-ohjelmoinnin perusteet I 5 op ja<\/li>\n<li>TIEA2.1B Olio-ohjelmoinnin perusteet II 5 op.<\/li>\n<\/ul>\n<p>TIEA2.1B sis\u00e4lt\u00e4\u00e4 TIEA2.1-kurssin harjoitusty\u00f6n.<\/p>\n<p>TIEA2.1A ja TIEA2.1B ovat pakollisia aineopintoja tietojenk\u00e4sittelytieteiden tutkinto-ohjelman opiskelijoille.<\/p>\n<p>TIEA2.1-kurssilta viiden opintopisteen laajuisen suppean suorituksen (kurssikoodi joko TIEA2.1 tai TIEA2.1A) saaneen tietojenk\u00e4sittelytieteiden tutkinto-ohjelman opiskelijan tulee suorittaa my\u00f6s TIEA2.1B 5 op tai vastaavat opinnot, jotta tutkinto-ohjelmasta voi valmistua.<\/p>\n<p>Opiskelija ei voi saada TIEA2.1A kurssilta opintopisteit\u00e4, jos h\u00e4n on<\/p>\n<ul>\n<li>saanut viiden opintopisteen laajuisen suorituksen aiemmalta TIEA2.1-kurssitoteutukselta tentin ja harjoitukset tekem\u00e4ll\u00e4 tai korvaamalla tentin ja harjoitukset toisen oppilaitoksen opinnoilla tai<\/li>\n<li>saanut suoritusmerkinn\u00e4n milt\u00e4 tahansa Olio-ohjelmoinnin perusteet -kurssin toteutukselta kaikki osasuoritukset tekem\u00e4ll\u00e4.<\/li>\n<\/ul>\n<p>Kev\u00e4tlukukaudella 2019 kesken j\u00e4\u00e4neen TIEA2.1-kurssin hyv\u00e4ksytyill\u00e4 harjoituksilla tai tentill\u00e4 voi korvata TIEA2.1A-kurssin vastaavan osasuorituksen. TIEA2.1A-kurssin voi my\u00f6s halutessaan suorittaa ilman vanhaa osasuoritusta, koska osasuoritus korvaa uuden vasta, kun korvausehdotus on toimitettu kurssin vastuuopettajalle s\u00e4hk\u00f6postilla.<\/p>\n<p>Ota yhteys kurssin vastuuopettajaan, jos sinulla on mik\u00e4 tahansa ep\u00e4selvyys kurssin suorittamiseen liittyen.<\/p>\n<hr \/>\n<p style=\"font-size: 11px\">Yll\u00e4pito: Jorma Laurikkala, <em>jorma.laurikkala@tuni.fi<\/em>, B1025.<\/p>\n","protected":false},"excerpt":{"rendered":"<p>TIEA2.1A Olio-ohjelmoinnin perusteet I 5 op -kurssin (lyhesti Oope 1) virallinen kurssikuvaus ja opetusajat on annettu opiskelijan oppaassa. Kurssin tiedotteet l\u00f6ytyv\u00e4t Kev\u00e4t 2020 -sivulta. Kurssi j\u00e4rjestet\u00e4\u00e4n viimeisen kerran kev\u00e4\u00e4ll\u00e4 2020 TIEA2.1A Olio-ohjelmoinnin perusteet I ja TIEA2.1B Olio-ohjelmoinnin perusteet II -kurssit toteutetaan viimeisen kerran kev\u00e4tlukukaudella 2020. Olio-ohjelmoinnin kurssit tutkintoonsa tarvitsevien olisi t\u00e4rke\u00e4\u00e4 suorittaa kurssit niiden viimeisell\u00e4 &hellip; <a href=\"https:\/\/coursepages2.tuni.fi\/tiea2-1a\/\" class=\"more-link\">Jatka artikkeliin <span class=\"screen-reader-text\">P\u00e4\u00e4sivu<\/span><\/a><\/p>\n","protected":false},"author":6,"featured_media":0,"parent":0,"menu_order":0,"comment_status":"closed","ping_status":"closed","template":"","meta":{"footnotes":""},"class_list":["post-5","page","type-page","status-publish","hentry"],"_links":{"self":[{"href":"https:\/\/coursepages2.tuni.fi\/tiea2-1a\/wp-json\/wp\/v2\/pages\/5","targetHints":{"allow":["GET"]}}],"collection":[{"href":"https:\/\/coursepages2.tuni.fi\/tiea2-1a\/wp-json\/wp\/v2\/pages"}],"about":[{"href":"https:\/\/coursepages2.tuni.fi\/tiea2-1a\/wp-json\/wp\/v2\/types\/page"}],"author":[{"embeddable":true,"href":"https:\/\/coursepages2.tuni.fi\/tiea2-1a\/wp-json\/wp\/v2\/users\/6"}],"replies":[{"embeddable":true,"href":"https:\/\/coursepages2.tuni.fi\/tiea2-1a\/wp-json\/wp\/v2\/comments?post=5"}],"version-history":[{"count":44,"href":"https:\/\/coursepages2.tuni.fi\/tiea2-1a\/wp-json\/wp\/v2\/pages\/5\/revisions"}],"predecessor-version":[{"id":409,"href":"https:\/\/coursepages2.tuni.fi\/tiea2-1a\/wp-json\/wp\/v2\/pages\/5\/revisions\/409"}],"wp:attachment":[{"href":"https:\/\/coursepages2.tuni.fi\/tiea2-1a\/wp-json\/wp\/v2\/media?parent=5"}],"curies":[{"name":"wp","href":"https:\/\/api.w.org\/{rel}","templated":true}]}}