{"id":422,"date":"2020-01-08T19:16:28","date_gmt":"2020-01-08T17:16:28","guid":{"rendered":"https:\/\/coursepages.uta.fi\/tiea2-1a\/?page_id=422"},"modified":"2020-01-14T22:52:44","modified_gmt":"2020-01-14T20:52:44","slug":"tarkistus","status":"publish","type":"page","link":"https:\/\/coursepages2.tuni.fi\/tiea2-1a\/kevat-2020\/harjoitukset\/tarkistus\/","title":{"rendered":"Tarkistus"},"content":{"rendered":"<p>Kurssin opettajat tarkistavat kullakin viikkoharjoituskerralla v\u00e4hint\u00e4\u00e4n kolme teht\u00e4v\u00e4\u00e4. <strong>Opettajien tarkistamat teht\u00e4v\u00e4t arvioidaan usein hyv\u00e4n ohjelmointitavan osalta<\/strong>. N\u00e4in esimerkiksi huono sisennys tai puutteellinen kommentointi voi tuottaa nollan, vaikka ohjelma l\u00e4p\u00e4isee WETOn testit. Muista erityisesti metodin otsikkoon liittyv\u00e4 yleisluonteinen kommentti metodin\u00a0 tarkoituksesta sek\u00e4 metodin mahdollisesti saamista ja palauttamista tiedoista. Aksessoreita ei tarvitse kommentoida mill\u00e4\u00e4n tavoin ellei niiss\u00e4 tehd\u00e4 jotain erityisemp\u00e4\u00e4.<\/p>\n<p>Tarkistus kohdistuu satunnaisesti valittuun otokseen palautuksia, jolloin osa ratkaisuista j\u00e4\u00e4 tarkistamatta ja on mahdollista, ett\u00e4 tuurillakin voi saada pisteen. Opettajien huomiot julkaistaan <a href=\"https:\/\/coursepages2.tuni.fi\/tiea2-1a\/kevat-2020\/harjoitukset\/tarkistus\/palaute\/\">koostettuna palautteena<\/a>. <strong>Tutustu palautteeseen ja mallivastauksiin<\/strong>, jotta mahdolliset virheet omassa ratkaisussa eiv\u00e4t j\u00e4isi huomaamatta. Huonolaatuinen ty\u00f6 n\u00e4kyy kuitenkin ennemmin tai my\u00f6hemmin nollina, koska otos on suuri. Huomaa, ett\u00e4 <strong>ratkaisuja ei voi korjata<\/strong>. Nolla vaihtuu ykk\u00f6seksi vain, jos tarkistaja on tehnyt virheen.<\/p>\n<p>Varmin tapa hankkia ykk\u00f6nen on tehd\u00e4 kaikki teht\u00e4v\u00e4ss\u00e4 pyydetty ja testata ohjelmaa. Opettajat kirjoittavat WETOon kommentteja vain, kun nollan syy ei ole ilmiselv\u00e4. L\u00f6yd\u00e4t mahdolliset kommentit nollaan johtaneista syist\u00e4 teht\u00e4v\u00e4n <em>Grading<\/em>-v\u00e4lilehdelt\u00e4, jossa on viel\u00e4 napsautettava pisteen rivi\u00e4, jotta kommentti avautuu. Kaikki muu palaute ratkaisuista annetaan koostettuna.<\/p>\n<p>WETO arvioi ohjelmointiteht\u00e4vien ratkaisuja automaattisesti. Tutustu automaattisen tarkistuksen <a href=\"https:\/\/coursepages2.tuni.fi\/tiea2-1a\/kevat-2020\/harjoitukset\/tarkistus\/automaattinen\/\">ohjeisiin<\/a> tarkasti, koska WETO on tiukka arvioitsija, jonka antama hyv\u00e4ksynt\u00e4 on edellytys harjoituspisteen saamiseen opettajalta.<\/p>\n<p>Muista testata luokkaasi omatoimisesti teht\u00e4v\u00e4ss\u00e4 kuvatulla tavalla. Oman testauksen tekem\u00e4tt\u00e4 j\u00e4tt\u00e4minen katsotaan virheeksi, vaikka my\u00f6s WETO tarkistaa palautuksen. \u00c4l\u00e4 tarkista sy\u00f6tteit\u00e4 niiden lukemisen yhteydess\u00e4 ellei tarkistusta erikseen pyydet\u00e4, koska metodien tulee tarkistaa parametriarvonsa, mik\u00e4li mahdollista.<\/p>\n<p>Opiskelijoiden tulisi tarkistaa pisteens\u00e4 arvosteluvirheiden varalta aina, kun kurssin postilistalla ja <em>Ajankohtaista<\/em>-palstalla viestit\u00e4\u00e4n harjoituksen pisteiden olevan valmiit. N\u00e4et harjoituksen <em>X<\/em> pisteet WETOssa <em>Olio-ohjelmoinnin perusteet I 2020<\/em> | <em>Viikkoharjoitukset<\/em> | <em>Harjoitus<\/em> <em>X<\/em> -kohdan <em>Grading<\/em>-v\u00e4lilehdelt\u00e4. Ota yhteytt\u00e4 teht\u00e4v\u00e4n tarkistajaan, mik\u00e4li ep\u00e4ilet tarkistuksessa tapahtuneen virheen. Ota yhteytt\u00e4 ryhm\u00e4n vet\u00e4neeseen opettajaan, jos l\u00e4sn\u00e4olopiste puuttuu.<\/p>\n","protected":false},"excerpt":{"rendered":"<p>Kurssin opettajat tarkistavat kullakin viikkoharjoituskerralla v\u00e4hint\u00e4\u00e4n kolme teht\u00e4v\u00e4\u00e4. Opettajien tarkistamat teht\u00e4v\u00e4t arvioidaan usein hyv\u00e4n ohjelmointitavan osalta. N\u00e4in esimerkiksi huono sisennys tai puutteellinen kommentointi voi tuottaa nollan, vaikka ohjelma l\u00e4p\u00e4isee WETOn testit. Muista erityisesti metodin otsikkoon liittyv\u00e4 yleisluonteinen kommentti metodin\u00a0 tarkoituksesta sek\u00e4 metodin mahdollisesti saamista ja palauttamista tiedoista. Aksessoreita ei tarvitse kommentoida mill\u00e4\u00e4n tavoin ellei niiss\u00e4 &hellip; <a href=\"https:\/\/coursepages2.tuni.fi\/tiea2-1a\/kevat-2020\/harjoitukset\/tarkistus\/\" class=\"more-link\">Jatka artikkeliin <span class=\"screen-reader-text\">Tarkistus<\/span><\/a><\/p>\n","protected":false},"author":6,"featured_media":0,"parent":398,"menu_order":2,"comment_status":"closed","ping_status":"closed","template":"","meta":{"footnotes":""},"class_list":["post-422","page","type-page","status-publish","hentry"],"_links":{"self":[{"href":"https:\/\/coursepages2.tuni.fi\/tiea2-1a\/wp-json\/wp\/v2\/pages\/422","targetHints":{"allow":["GET"]}}],"collection":[{"href":"https:\/\/coursepages2.tuni.fi\/tiea2-1a\/wp-json\/wp\/v2\/pages"}],"about":[{"href":"https:\/\/coursepages2.tuni.fi\/tiea2-1a\/wp-json\/wp\/v2\/types\/page"}],"author":[{"embeddable":true,"href":"https:\/\/coursepages2.tuni.fi\/tiea2-1a\/wp-json\/wp\/v2\/users\/6"}],"replies":[{"embeddable":true,"href":"https:\/\/coursepages2.tuni.fi\/tiea2-1a\/wp-json\/wp\/v2\/comments?post=422"}],"version-history":[{"count":6,"href":"https:\/\/coursepages2.tuni.fi\/tiea2-1a\/wp-json\/wp\/v2\/pages\/422\/revisions"}],"predecessor-version":[{"id":445,"href":"https:\/\/coursepages2.tuni.fi\/tiea2-1a\/wp-json\/wp\/v2\/pages\/422\/revisions\/445"}],"up":[{"embeddable":true,"href":"https:\/\/coursepages2.tuni.fi\/tiea2-1a\/wp-json\/wp\/v2\/pages\/398"}],"wp:attachment":[{"href":"https:\/\/coursepages2.tuni.fi\/tiea2-1a\/wp-json\/wp\/v2\/media?parent=422"}],"curies":[{"name":"wp","href":"https:\/\/api.w.org\/{rel}","templated":true}]}}