{"id":420,"date":"2020-01-08T18:46:01","date_gmt":"2020-01-08T16:46:01","guid":{"rendered":"https:\/\/coursepages.uta.fi\/tiea2-1a\/?page_id=420"},"modified":"2021-05-10T00:22:11","modified_gmt":"2021-05-09T21:22:11","slug":"tehtavat","status":"publish","type":"page","link":"https:\/\/coursepages2.tuni.fi\/tiea2-1a\/kevat-2020\/harjoitukset\/tehtavat\/","title":{"rendered":"Teht\u00e4v\u00e4t"},"content":{"rendered":"<p>Mahdolliset oheistiedostot ovat utf-8-koodatussa Unicode-merkist\u00f6iss\u00e4. Ainoa ero tiedostojen versioiden v\u00e4lill\u00e4 on erilaiset rivinvaihdot. Windows-versioiden rivit p\u00e4\u00e4ttyv\u00e4t CR- ja LF-merkkeihin, kun taas Mac- ja Linux-versioiden rivinvaihtona k\u00e4ytet\u00e4\u00e4n LF-merkki\u00e4.<\/p>\n<p><a href=\"https:\/\/homepages.tuni.fi\/jorma.laurikkala\/oope1\/kevat-2020\/harjoitukset\/harjoitus01\/\">Harjoitus 1<\/a><\/p>\n<ul>\n<li>Harjoituksen oheistiedostot <a href=\"https:\/\/homepages.tuni.fi\/jorma.laurikkala\/oope1\/kevat-2020\/harjoitukset\/harjoitus01\/windows\/\">Windows-k\u00e4ytt\u00e4jille<\/a> sek\u00e4 <a href=\"https:\/\/homepages.tuni.fi\/jorma.laurikkala\/oope1\/kevat-2020\/harjoitukset\/harjoitus01\/mac-linux\">Mac- ja Linux-k\u00e4ytt\u00e4jille<\/a>.<\/li>\n<\/ul>\n<p><a href=\"https:\/\/homepages.tuni.fi\/jorma.laurikkala\/oope1\/kevat-2020\/harjoitukset\/harjoitus02\/\">Harjoitus 2<\/a><\/p>\n<ul>\n<li>Harjoituksen oheistiedostot <a href=\"https:\/\/homepages.tuni.fi\/jorma.laurikkala\/oope1\/kevat-2020\/harjoitukset\/harjoitus02\/windows\/\">Windows-k\u00e4ytt\u00e4jille<\/a> sek\u00e4 <a href=\"https:\/\/homepages.tuni.fi\/jorma.laurikkala\/oope1\/kevat-2020\/harjoitukset\/harjoitus02\/mac-linux\">Mac- ja Linux-k\u00e4ytt\u00e4jille<\/a>.<\/li>\n<\/ul>\n<p><a href=\"https:\/\/homepages.tuni.fi\/jorma.laurikkala\/oope1\/kevat-2020\/harjoitukset\/harjoitus03\/\">Harjoitus 3<\/a><\/p>\n<ul>\n<li>Harjoituksen oheistiedostot <a href=\"https:\/\/homepages.tuni.fi\/jorma.laurikkala\/oope1\/kevat-2020\/harjoitukset\/harjoitus03\/windows\/\">Windows-k\u00e4ytt\u00e4jille<\/a> sek\u00e4 <a href=\"https:\/\/homepages.tuni.fi\/jorma.laurikkala\/oope1\/kevat-2020\/harjoitukset\/harjoitus03\/mac-linux\">Mac- ja Linux-k\u00e4ytt\u00e4jille<\/a>.<\/li>\n<\/ul>\n<p><a href=\"https:\/\/homepages.tuni.fi\/jorma.laurikkala\/oope1\/kevat-2020\/harjoitukset\/harjoitus04\/\">Harjoitus 4<\/a><\/p>\n<ul>\n<li>Harjoituksen oheistiedostot <a href=\"https:\/\/homepages.tuni.fi\/jorma.laurikkala\/oope1\/kevat-2020\/harjoitukset\/harjoitus04\/windows\/\">Windows-k\u00e4ytt\u00e4jille<\/a> sek\u00e4 <a href=\"https:\/\/homepages.tuni.fi\/jorma.laurikkala\/oope1\/kevat-2020\/harjoitukset\/harjoitus04\/mac-linux\">Mac- ja Linux-k\u00e4ytt\u00e4jille<\/a>.<\/li>\n<\/ul>\n<p><a href=\"https:\/\/homepages.tuni.fi\/jorma.laurikkala\/oope1\/kevat-2020\/harjoitukset\/harjoitus05\/\">Harjoitus 5<\/a><\/p>\n<ul>\n<li>Harjoituksen oheistiedostot <a href=\"https:\/\/homepages.tuni.fi\/jorma.laurikkala\/oope1\/kevat-2020\/harjoitukset\/harjoitus05\/windows\/\">Windows-k\u00e4ytt\u00e4jille<\/a> sek\u00e4 <a href=\"https:\/\/homepages.tuni.fi\/jorma.laurikkala\/oope1\/kevat-2020\/harjoitukset\/harjoitus05\/mac-linux\">Mac- ja Linux-k\u00e4ytt\u00e4jille<\/a>.<\/li>\n<\/ul>\n<p><a href=\"https:\/\/homepages.tuni.fi\/jorma.laurikkala\/oope1\/kevat-2020\/harjoitukset\/harjoitus06\/\">Harjoitus 6<\/a><\/p>\n<p><a href=\"https:\/\/homepages.tuni.fi\/jorma.laurikkala\/oope1\/kevat-2020\/harjoitukset\/harjoitus07\/\">Harjoitus 7<\/a><\/p>\n<p><a href=\"https:\/\/homepages.tuni.fi\/jorma.laurikkala\/oope1\/kevat-2020\/harjoitukset\/lisaharjoitukset\/\">Lis\u00e4harjoitukset<\/a><\/p>\n<ul>\n<li>Harjoituksen oheistiedostot <a href=\"https:\/\/homepages.tuni.fi\/jorma.laurikkala\/oope1\/kevat-2020\/harjoitukset\/lisaharjoitukset\/windows\/\">Windows-k\u00e4ytt\u00e4jille<\/a> sek\u00e4 <a href=\"https:\/\/homepages.tuni.fi\/jorma.laurikkala\/oope1\/kevat-2020\/harjoitukset\/lisaharjoitukset\/mac-linux\">Mac- ja Linux-k\u00e4ytt\u00e4jille<\/a>.<\/li>\n<\/ul>\n","protected":false},"excerpt":{"rendered":"<p>Mahdolliset oheistiedostot ovat utf-8-koodatussa Unicode-merkist\u00f6iss\u00e4. Ainoa ero tiedostojen versioiden v\u00e4lill\u00e4 on erilaiset rivinvaihdot. Windows-versioiden rivit p\u00e4\u00e4ttyv\u00e4t CR- ja LF-merkkeihin, kun taas Mac- ja Linux-versioiden rivinvaihtona k\u00e4ytet\u00e4\u00e4n LF-merkki\u00e4. Harjoitus 1 Harjoituksen oheistiedostot Windows-k\u00e4ytt\u00e4jille sek\u00e4 Mac- ja Linux-k\u00e4ytt\u00e4jille. Harjoitus 2 Harjoituksen oheistiedostot Windows-k\u00e4ytt\u00e4jille sek\u00e4 Mac- ja Linux-k\u00e4ytt\u00e4jille. Harjoitus 3 Harjoituksen oheistiedostot Windows-k\u00e4ytt\u00e4jille sek\u00e4 Mac- ja Linux-k\u00e4ytt\u00e4jille. Harjoitus &hellip; <a href=\"https:\/\/coursepages2.tuni.fi\/tiea2-1a\/kevat-2020\/harjoitukset\/tehtavat\/\" class=\"more-link\">Jatka artikkeliin <span class=\"screen-reader-text\">Teht\u00e4v\u00e4t<\/span><\/a><\/p>\n","protected":false},"author":6,"featured_media":0,"parent":398,"menu_order":0,"comment_status":"closed","ping_status":"closed","template":"","meta":{"footnotes":""},"class_list":["post-420","page","type-page","status-publish","hentry"],"_links":{"self":[{"href":"https:\/\/coursepages2.tuni.fi\/tiea2-1a\/wp-json\/wp\/v2\/pages\/420","targetHints":{"allow":["GET"]}}],"collection":[{"href":"https:\/\/coursepages2.tuni.fi\/tiea2-1a\/wp-json\/wp\/v2\/pages"}],"about":[{"href":"https:\/\/coursepages2.tuni.fi\/tiea2-1a\/wp-json\/wp\/v2\/types\/page"}],"author":[{"embeddable":true,"href":"https:\/\/coursepages2.tuni.fi\/tiea2-1a\/wp-json\/wp\/v2\/users\/6"}],"replies":[{"embeddable":true,"href":"https:\/\/coursepages2.tuni.fi\/tiea2-1a\/wp-json\/wp\/v2\/comments?post=420"}],"version-history":[{"count":22,"href":"https:\/\/coursepages2.tuni.fi\/tiea2-1a\/wp-json\/wp\/v2\/pages\/420\/revisions"}],"predecessor-version":[{"id":725,"href":"https:\/\/coursepages2.tuni.fi\/tiea2-1a\/wp-json\/wp\/v2\/pages\/420\/revisions\/725"}],"up":[{"embeddable":true,"href":"https:\/\/coursepages2.tuni.fi\/tiea2-1a\/wp-json\/wp\/v2\/pages\/398"}],"wp:attachment":[{"href":"https:\/\/coursepages2.tuni.fi\/tiea2-1a\/wp-json\/wp\/v2\/media?parent=420"}],"curies":[{"name":"wp","href":"https:\/\/api.w.org\/{rel}","templated":true}]}}