{"id":58,"date":"2018-01-12T17:32:03","date_gmt":"2018-01-12T15:32:03","guid":{"rendered":"https:\/\/coursepages.uta.fi\/tiea2-1\/?page_id=58"},"modified":"2018-01-12T17:39:06","modified_gmt":"2018-01-12T15:39:06","slug":"ratkaisujen-palautus","status":"publish","type":"page","link":"https:\/\/coursepages2.tuni.fi\/tiea2-1\/kevat-2018\/harjoitukset\/ratkaisujen-palautus\/","title":{"rendered":"Ratkaisujen palautus"},"content":{"rendered":"<p>Viikkoharjoitusten vastaukset palautetaan <a href=\"\/\/wetodev.sis.uta.fi\/weto5\/)\">WETO<\/a>-j\u00e4rjestelm\u00e4\u00e4n, jota k\u00e4ytet\u00e4\u00e4n pitk\u00e4lti samalla tavoin kuin Lausekielinen ohjelmointi I ja II -kursseilla. L\u00f6yd\u00e4t lyhyet WETOn k\u00e4ytt\u00f6ohjeet <a href=\"https:\/\/coursepages2.tuni.fi\/tiep1\/syksy-2017\/harjoitukset\/ratkaisujen-palautus\/\" target=\"_top\">t\u00e4\u00e4lt\u00e4<\/a>.<\/p>\n<p>Huomaa, ett\u00e4 Olio-ohjelmoinnin perusteet -kurssilla:<\/p>\n<ul>\n<li>palautus tapahtuu WETOn<em> Olio-ohjelmoinnin perusteet 2018<\/em> -linkin kautta ja<\/li>\n<li><span style=\"background-color: #ffff99\">yhteen palautukseen pit\u00e4\u00e4 usein liitt\u00e4\u00e4 v\u00e4hint\u00e4\u00e4n kaksi tiedostoa<\/span>. Jos teht\u00e4v\u00e4ss\u00e4 pyydet\u00e4\u00e4n esimerkiksi kapseloimaan luokka ja testaamaan sit\u00e4 erillisess\u00e4 luokassa, niin palautukseen liitet\u00e4\u00e4n testattavan luokan ja testiluokan sis\u00e4lt\u00e4v\u00e4t l\u00e4hdekooditiedostot. Saat liitetty\u00e4 teht\u00e4v\u00e4n muut tiedostot palautukseen ensimm\u00e4isen tiedoston seuraksi toimalla samoin kuin teht\u00e4v\u00e4n ensimm\u00e4isen tiedoston kanssa: raahaa tiedosto palautuslaatikkoon tai klikkaa laatikkoa, jolloin voi k\u00e4ytt\u00e4\u00e4 ladattavan tiedoston valitsemiseen tiedostodialogia. Paina <em>Complete submission<\/em> -nappia vasta, kun olet liitt\u00e4nyt palautuksen kaikki kyseisen teht\u00e4v\u00e4n tiedostot. WETOn viestist\u00e4 &#8221;The system will store at most 1 submissions to this task.&#8221; ei tarvitse huolestua, koska palautus (submission) ja tiedosto ovat eri asia. Yhteen palautukseen voi liitty\u00e4 nolla, yksi tai useampi tiedosto.<\/li>\n<\/ul>\n<p><span style=\"background-color: #ffff99\">Erityisesti NetBeansin ja Eclipsen tapaisia kehitysymp\u00e4rist\u00f6j\u00e4 k\u00e4ytt\u00e4vien kurssilaisten tulee kommentoida pois omatoimisesti tehtyjen pakkausm\u00e4\u00e4reiden rivit (<strong>package<\/strong> alkuiset rivit), koska Oope-kurssilla k\u00e4ytett\u00e4v\u00e4 WETOn automaattitarkistaja ymm\u00e4rt\u00e4\u00e4 toistaiseksi l\u00e4hinn\u00e4 vain harjoituksissa ja harjoitusty\u00f6ss\u00e4 teht\u00e4v\u00e4ksi annettavat pakkaukset<\/span>.<\/p>\n<p>Kunkin harjoituskerran pisteet n\u00e4kyv\u00e4t teht\u00e4vitt\u00e4in kunkin harjoitussivun <em>Grading<\/em>-v\u00e4lilehdell\u00e4. Kurssisivujen <em>Ajankohtaista<\/em>-kohdassa ja luennoilla ilmoitetaan aina, kun pisteet ovat valmiit tarkistettaviksi. Ota yhteytt\u00e4 teht\u00e4v\u00e4n tarkistajaan, mik\u00e4li ep\u00e4ilet tarkistuksessa tapahtuneen virheen. Ota yhteytt\u00e4 ryhm\u00e4n vet\u00e4neeseen opettajaan, jos l\u00e4sn\u00e4olopiste puuttuu.<\/p>\n","protected":false},"excerpt":{"rendered":"<p>Viikkoharjoitusten vastaukset palautetaan WETO-j\u00e4rjestelm\u00e4\u00e4n, jota k\u00e4ytet\u00e4\u00e4n pitk\u00e4lti samalla tavoin kuin Lausekielinen ohjelmointi I ja II -kursseilla. L\u00f6yd\u00e4t lyhyet WETOn k\u00e4ytt\u00f6ohjeet t\u00e4\u00e4lt\u00e4. Huomaa, ett\u00e4 Olio-ohjelmoinnin perusteet -kurssilla: palautus tapahtuu WETOn Olio-ohjelmoinnin perusteet 2018 -linkin kautta ja yhteen palautukseen pit\u00e4\u00e4 usein liitt\u00e4\u00e4 v\u00e4hint\u00e4\u00e4n kaksi tiedostoa. Jos teht\u00e4v\u00e4ss\u00e4 pyydet\u00e4\u00e4n esimerkiksi kapseloimaan luokka ja testaamaan sit\u00e4 erillisess\u00e4 luokassa, niin &hellip; <a href=\"https:\/\/coursepages2.tuni.fi\/tiea2-1\/kevat-2018\/harjoitukset\/ratkaisujen-palautus\/\" class=\"more-link\">Jatka artikkeliin <span class=\"screen-reader-text\">Ratkaisujen palautus<\/span><\/a><\/p>\n","protected":false},"author":6,"featured_media":0,"parent":38,"menu_order":1,"comment_status":"closed","ping_status":"closed","template":"","meta":{"footnotes":""},"class_list":["post-58","page","type-page","status-publish","hentry"],"_links":{"self":[{"href":"https:\/\/coursepages2.tuni.fi\/tiea2-1\/wp-json\/wp\/v2\/pages\/58","targetHints":{"allow":["GET"]}}],"collection":[{"href":"https:\/\/coursepages2.tuni.fi\/tiea2-1\/wp-json\/wp\/v2\/pages"}],"about":[{"href":"https:\/\/coursepages2.tuni.fi\/tiea2-1\/wp-json\/wp\/v2\/types\/page"}],"author":[{"embeddable":true,"href":"https:\/\/coursepages2.tuni.fi\/tiea2-1\/wp-json\/wp\/v2\/users\/6"}],"replies":[{"embeddable":true,"href":"https:\/\/coursepages2.tuni.fi\/tiea2-1\/wp-json\/wp\/v2\/comments?post=58"}],"version-history":[{"count":5,"href":"https:\/\/coursepages2.tuni.fi\/tiea2-1\/wp-json\/wp\/v2\/pages\/58\/revisions"}],"predecessor-version":[{"id":63,"href":"https:\/\/coursepages2.tuni.fi\/tiea2-1\/wp-json\/wp\/v2\/pages\/58\/revisions\/63"}],"up":[{"embeddable":true,"href":"https:\/\/coursepages2.tuni.fi\/tiea2-1\/wp-json\/wp\/v2\/pages\/38"}],"wp:attachment":[{"href":"https:\/\/coursepages2.tuni.fi\/tiea2-1\/wp-json\/wp\/v2\/media?parent=58"}],"curies":[{"name":"wp","href":"https:\/\/api.w.org\/{rel}","templated":true}]}}