{"id":50,"date":"2018-01-10T21:25:45","date_gmt":"2018-01-10T19:25:45","guid":{"rendered":"https:\/\/coursepages.uta.fi\/tiea2-1\/?page_id=50"},"modified":"2018-10-01T22:14:22","modified_gmt":"2018-10-01T19:14:22","slug":"tehtavat","status":"publish","type":"page","link":"https:\/\/coursepages2.tuni.fi\/tiea2-1\/kevat-2018\/harjoitukset\/tehtavat\/","title":{"rendered":"Teht\u00e4v\u00e4t"},"content":{"rendered":"<p>Harjoitusteht\u00e4v\u00e4t pyrit\u00e4\u00e4n julkaisemaan keskiviikkoisin Adobe Acrobat (PDF) ja muun muassa Wordin ymm\u00e4rt\u00e4m\u00e4ss\u00e4 Rich Text Format (RTF) -muodossa. Kaikkien teht\u00e4vien mallivastaukset tulevat WETOon aina loppuviikosta.<\/p>\n<p><a href=\"http:\/\/www.sis.uta.fi\/~oope\/harjoitukset\/harjoitus01\/\">Harjoitus 1<\/a><br \/>\n<a href=\"http:\/\/www.sis.uta.fi\/~oope\/harjoitukset\/harjoitus02\/\">Harjoitus 2<\/a><br \/>\n<a href=\"http:\/\/www.sis.uta.fi\/~oope\/harjoitukset\/harjoitus03\/\">Harjoitus 3<\/a><br \/>\n<a href=\"http:\/\/www.sis.uta.fi\/~oope\/harjoitukset\/harjoitus04\/\">Harjoitus 4<\/a><br \/>\n<a href=\"http:\/\/www.sis.uta.fi\/~oope\/harjoitukset\/harjoitus05\/\">Harjoitus 5<\/a><br \/>\n<a href=\"http:\/\/www.sis.uta.fi\/~oope\/harjoitukset\/harjoitus06\/\">Harjoitus 6<\/a><br \/>\n<a href=\"http:\/\/www.sis.uta.fi\/~oope\/harjoitukset\/harjoitus07\/\">Harjoitus 7<\/a><br \/>\n<a href=\"http:\/\/www.sis.uta.fi\/~oope\/harjoitukset\/lisaharjoitukset\/\">Lis\u00e4harjoitukset<\/a><\/p>\n","protected":false},"excerpt":{"rendered":"<p>Harjoitusteht\u00e4v\u00e4t pyrit\u00e4\u00e4n julkaisemaan keskiviikkoisin Adobe Acrobat (PDF) ja muun muassa Wordin ymm\u00e4rt\u00e4m\u00e4ss\u00e4 Rich Text Format (RTF) -muodossa. Kaikkien teht\u00e4vien mallivastaukset tulevat WETOon aina loppuviikosta. Harjoitus 1 Harjoitus 2 Harjoitus 3 Harjoitus 4 Harjoitus 5 Harjoitus 6 Harjoitus 7 Lis\u00e4harjoitukset<\/p>\n","protected":false},"author":6,"featured_media":0,"parent":38,"menu_order":0,"comment_status":"closed","ping_status":"closed","template":"","meta":{"footnotes":""},"class_list":["post-50","page","type-page","status-publish","hentry"],"_links":{"self":[{"href":"https:\/\/coursepages2.tuni.fi\/tiea2-1\/wp-json\/wp\/v2\/pages\/50","targetHints":{"allow":["GET"]}}],"collection":[{"href":"https:\/\/coursepages2.tuni.fi\/tiea2-1\/wp-json\/wp\/v2\/pages"}],"about":[{"href":"https:\/\/coursepages2.tuni.fi\/tiea2-1\/wp-json\/wp\/v2\/types\/page"}],"author":[{"embeddable":true,"href":"https:\/\/coursepages2.tuni.fi\/tiea2-1\/wp-json\/wp\/v2\/users\/6"}],"replies":[{"embeddable":true,"href":"https:\/\/coursepages2.tuni.fi\/tiea2-1\/wp-json\/wp\/v2\/comments?post=50"}],"version-history":[{"count":12,"href":"https:\/\/coursepages2.tuni.fi\/tiea2-1\/wp-json\/wp\/v2\/pages\/50\/revisions"}],"predecessor-version":[{"id":482,"href":"https:\/\/coursepages2.tuni.fi\/tiea2-1\/wp-json\/wp\/v2\/pages\/50\/revisions\/482"}],"up":[{"embeddable":true,"href":"https:\/\/coursepages2.tuni.fi\/tiea2-1\/wp-json\/wp\/v2\/pages\/38"}],"wp:attachment":[{"href":"https:\/\/coursepages2.tuni.fi\/tiea2-1\/wp-json\/wp\/v2\/media?parent=50"}],"curies":[{"name":"wp","href":"https:\/\/api.w.org\/{rel}","templated":true}]}}