{"id":5,"date":"2017-06-22T10:58:06","date_gmt":"2017-06-22T07:58:06","guid":{"rendered":"https:\/\/coursepages.uta.fi\/tiea2-1\/?page_id=5"},"modified":"2019-01-12T01:03:35","modified_gmt":"2019-01-11T23:03:35","slug":"paasivu","status":"publish","type":"page","link":"https:\/\/coursepages2.tuni.fi\/tiea2-1\/","title":{"rendered":"TIE2.1 Olio-ohjelmoinnin perusteet (Oope, 5\u201310 op)"},"content":{"rendered":"<p>Kurssin virallinen <a href=\"https:\/\/www10.uta.fi\/opas\/opintojakso.htm?rid=14816&amp;idx=1&amp;uiLang=fi&amp;lang=fi&amp;lvv=2017\" target=\"_blank\" rel=\"noopener\">kurssikuvaus<\/a> on annettu opetussuunnitelmassa ja <a href=\"https:\/\/www10.uta.fi\/opas\/opetusohjelma\/marjapuuro.htm?id=35532\" target=\"_blank\" rel=\"noopener\">opetusajat<\/a> opetusohjelmassa.<\/p>\n<p>Kurssin tiedotteet l\u00f6ytyv\u00e4t <a href=\"https:\/\/coursepages2.tuni.fi\/tiea2-1\/kevat-2018\/\">Kev\u00e4t 2018 -sivulta<\/a>.<\/p>\n<p><span style=\"background-color: #ffff99\">Uuden TIE2.1A Olio-ohjelmoinnin perusteet 5 op (Oope 1) sivut ovat <a href=\"https:\/\/coursepages2.tuni.fi\/tiea2-1a\/\">t\u00e4\u00e4ll\u00e4<\/a><\/span>.<\/p>\n<hr \/>\n<p style=\"font-size: 11px\">Yll\u00e4pito: Jorma Laurikkala, <em>jorma.laurikkala@uta.fi<\/em>, B1025.<\/p>\n<p>&nbsp;<\/p>\n","protected":false},"excerpt":{"rendered":"<p>Kurssin virallinen kurssikuvaus on annettu opetussuunnitelmassa ja opetusajat opetusohjelmassa. Kurssin tiedotteet l\u00f6ytyv\u00e4t Kev\u00e4t 2018 -sivulta. Uuden TIE2.1A Olio-ohjelmoinnin perusteet 5 op (Oope 1) sivut ovat t\u00e4\u00e4ll\u00e4. Yll\u00e4pito: Jorma Laurikkala, jorma.laurikkala@uta.fi, B1025. &nbsp;<\/p>\n","protected":false},"author":6,"featured_media":0,"parent":0,"menu_order":0,"comment_status":"closed","ping_status":"closed","template":"","meta":{"footnotes":""},"class_list":["post-5","page","type-page","status-publish","hentry"],"_links":{"self":[{"href":"https:\/\/coursepages2.tuni.fi\/tiea2-1\/wp-json\/wp\/v2\/pages\/5","targetHints":{"allow":["GET"]}}],"collection":[{"href":"https:\/\/coursepages2.tuni.fi\/tiea2-1\/wp-json\/wp\/v2\/pages"}],"about":[{"href":"https:\/\/coursepages2.tuni.fi\/tiea2-1\/wp-json\/wp\/v2\/types\/page"}],"author":[{"embeddable":true,"href":"https:\/\/coursepages2.tuni.fi\/tiea2-1\/wp-json\/wp\/v2\/users\/6"}],"replies":[{"embeddable":true,"href":"https:\/\/coursepages2.tuni.fi\/tiea2-1\/wp-json\/wp\/v2\/comments?post=5"}],"version-history":[{"count":14,"href":"https:\/\/coursepages2.tuni.fi\/tiea2-1\/wp-json\/wp\/v2\/pages\/5\/revisions"}],"predecessor-version":[{"id":498,"href":"https:\/\/coursepages2.tuni.fi\/tiea2-1\/wp-json\/wp\/v2\/pages\/5\/revisions\/498"}],"wp:attachment":[{"href":"https:\/\/coursepages2.tuni.fi\/tiea2-1\/wp-json\/wp\/v2\/media?parent=5"}],"curies":[{"name":"wp","href":"https:\/\/api.w.org\/{rel}","templated":true}]}}