{"id":38,"date":"2018-01-08T21:11:13","date_gmt":"2018-01-08T19:11:13","guid":{"rendered":"https:\/\/coursepages.uta.fi\/tiea2-1\/?page_id=38"},"modified":"2018-12-17T17:55:31","modified_gmt":"2018-12-17T15:55:31","slug":"harjoitukset","status":"publish","type":"page","link":"https:\/\/coursepages2.tuni.fi\/tiea2-1\/kevat-2018\/harjoitukset\/","title":{"rendered":"Harjoitukset"},"content":{"rendered":"<p>Harjoitukset j\u00e4rjestet\u00e4\u00e4n pitk\u00e4lti Lausekielinen ohjelmointi I ja II -kurssien harjoitusten tapaan. Kurssilla on runsaasti liittyvi\u00e4 harjoitusteht\u00e4vi\u00e4, koska olio-ohjelmointikin avautuu vasta teoriaa soveltamalla. Teht\u00e4v\u00e4t ratkaistaan p\u00e4\u00e4osin itse. Opiskelijat voivat pohtia teht\u00e4vi\u00e4 kesken\u00e4\u00e4n, kunhan jokainen toteuttaa ohjelmansa itse. Ratkaisujen suora kopiointi (eli <a href=\"http:\/\/www2.uta.fi\/opiskelunopas\/perustietoa\/opiskelu-yliopistossa\/opiskelun-etiikka-ja-hyva-tieteellinen-kaytanto\">plagiointi<\/a>) on kielletty ja siit\u00e4 seuraa rangaistus.<\/p>\n<p>Teht\u00e4vi\u00e4 on ratkaistava hyv\u00e4ksytysti m\u00e4\u00e4r\u00e4, joka riippuu siit\u00e4 kuinka monena viikkona opiskelija k\u00e4y harjoituksia tukevissa harjoitusryhmiss\u00e4. Harjoitusten tekoa tai ryhmiin osallistumista ei kannata lopettaa, kun harjoitusten hyv\u00e4ksymisraja on saavutettu. Teht\u00e4vi\u00e4 tulisi ratkoa tasaisesti koko kurssin ajan, jotta kurssin tentti ja harjoitusty\u00f6n tekeminen sujuisivat juohevammin. Esimerkiksi kurssin loppupuolella esitelt\u00e4v\u00e4st\u00e4 listasta kysy\u00e4\u00e4n tentiss\u00e4 ja listaa tarvitaan harjoitusty\u00f6ss\u00e4.<\/p>\n<p>Ratkaisut palautetaan WETO-j\u00e4rjestelm\u00e4\u00e4n. Kurssin opettajat tarkkailevat ty\u00f6n laatua tarkistamalla palautuksia WETOsta k\u00e4sin.<\/p>\n<h2>Ryhm\u00e4t<\/h2>\n<p>Harjoitusryhmiin <strong>osallistuminen on vapaaehtoista eik\u00e4 ryhmiss\u00e4 tarvitse esiinty\u00e4<\/strong>.<\/p>\n<p>Harjoitusryhmi\u00e4 on kahta tyyppi\u00e4. <strong>Mikroharjoituksissa<\/strong> ratkaistaan harjoitusteht\u00e4vi\u00e4 omatoimisesti. Harjoituksissa on paikalla opettaja, jolta voi kysy\u00e4 neuvoa ongelmatilanteissa. <strong>Ohjatussa mikroharjoitusryhm\u00e4ss\u00e4<\/strong> on tarjolla tukea hieman enemm\u00e4n kuin muissa mikroharjoitusryhmiss\u00e4. T\u00e4t\u00e4 ryhm\u00e4\u00e4 vet\u00e4\u00e4 kurssin vastuuopettaja.<\/p>\n<p>Ensimm\u00e4iset mikroharjoitukset ovat viikoilla 2 (ohjattu ryhm\u00e4) ja 3 (muut ryhm\u00e4t). Molemmat harjoitukset kest\u00e4v\u00e4t kaksi tuntia ja harjoituksia on seitsem\u00e4ll\u00e4 viikolla.<\/p>\n<p>Harjoitusryhmien ajat ja paikat l\u00f6ytyv\u00e4t <a href=\"https:\/\/www10.uta.fi\/opas\/opetusohjelma\/marjapuuro.htm?id=35532\">opetusohjelmasta<\/a>.<\/p>\n<p>N\u00e4et lopullisen harjoitusryhm\u00e4si kurssin WETO-sivujen <em>Groups<\/em>-v\u00e4lilehdelt\u00e4.<\/p>\n<h2>Pisteet<\/h2>\n<p>Kultakin harjoituskerralta voi saada korkeintaan 10 pistett\u00e4. N\u00e4ist\u00e4 yhdeks\u00e4n tulee teht\u00e4vi\u00e4 ratkomalla. Harjoituskerran harjoitusryhm\u00e4\u00e4n osallistumalla saa yhden l\u00e4sn\u00e4olopisteen. Tietyll\u00e4 harjoituskerralla voi k\u00e4yd\u00e4 my\u00f6s useammassa ryhm\u00e4ss\u00e4. N\u00e4in ei kuitenkaan saa lis\u00e4\u00e4 l\u00e4sn\u00e4olopisteit\u00e4: kustakin harjoituskerrasta saa korkeintaan yhden l\u00e4sn\u00e4olopisteen.<\/p>\n<p>Hyv\u00e4ksytysti ratkaistuista teht\u00e4vist\u00e4 ja l\u00e4sn\u00e4oloista saatujen pisteiden summan tulee olla <strong>v\u00e4hint\u00e4\u00e4n 40 %<\/strong> saatavilla olevien pisteiden kokonaism\u00e4\u00e4r\u00e4st\u00e4. Jos teht\u00e4vi\u00e4 annetaan esimerkiksi 57 kappaletta, niin saatavilla on yhteens\u00e4 57 + 7 = 64 pistett\u00e4. Harjoitusten suorittamiseen tarvittaisiin n\u00e4in v\u00e4hint\u00e4\u00e4n 26 pistett\u00e4 (prosenttilukua ei py\u00f6ristet\u00e4 yl\u00f6sp\u00e4in), jotka voi ker\u00e4t\u00e4 esimerkiksi ratkomalla hyv\u00e4ksytysti 26 teht\u00e4v\u00e4\u00e4 harjoituksiin tulematta (26 + 0 = 26 pistett\u00e4), ratkomalla hyv\u00e4ksytysti 23 teht\u00e4v\u00e4\u00e4 ja k\u00e4ym\u00e4ll\u00e4 kolmella harjoituskerralla harjoituksissa (23 + 3 = 26 pistett\u00e4) tai vaikkapa ker\u00e4\u00e4m\u00e4ll\u00e4 19 ratkaisupistett\u00e4 ja k\u00e4ym\u00e4ll\u00e4 kaikilla harjoituskerroilla harjoituksissa (19 + 7 = 26 pistett\u00e4).<\/p>\n<p>Harjoitusten tekoa tai ryhmiin osallistumista ei kannata lopettaa, kun minimivaatimus on saavutettu. Teht\u00e4vi\u00e4 tulisi ratkoa tasaisesti koko kurssin ajan.<\/p>\n<p>Harjoitustusteht\u00e4vien ratkaisemisesta ja harjoitusryhmiin osallistumisesta palkitaan tenttipisteisiin lis\u00e4tt\u00e4vill\u00e4 hyvityspisteill\u00e4. Hyvityspisteet lasketaan 40 % -v\u00e4himm\u00e4israjan tapaan hyv\u00e4ksytysti ratkaistujen teht\u00e4vien ja l\u00e4sn\u00e4olojen summan perusteella seuraavasti:<\/p>\n<ul>\n<li>summa 60 % pisteiden kokonaism\u00e4\u00e4r\u00e4st\u00e4 \u2192 1 p,<\/li>\n<li>summa 70 % pisteiden kokonaism\u00e4\u00e4r\u00e4st\u00e4 \u2192 2 p,<\/li>\n<li>summa 80 % pisteiden kokonaism\u00e4\u00e4r\u00e4st\u00e4 \u2192 3 p ja<\/li>\n<li>summa 85 % pisteiden kokonaism\u00e4\u00e4r\u00e4st\u00e4 \u2192 4 p.<\/li>\n<\/ul>\n<p>Huomaa, ett\u00e4 hyvityspisteet huomioidaan vain, jos tentiss\u00e4 on saanut v\u00e4hint\u00e4\u00e4n puolet pisteist\u00e4.<\/p>\n","protected":false},"excerpt":{"rendered":"<p>Harjoitukset j\u00e4rjestet\u00e4\u00e4n pitk\u00e4lti Lausekielinen ohjelmointi I ja II -kurssien harjoitusten tapaan. Kurssilla on runsaasti liittyvi\u00e4 harjoitusteht\u00e4vi\u00e4, koska olio-ohjelmointikin avautuu vasta teoriaa soveltamalla. Teht\u00e4v\u00e4t ratkaistaan p\u00e4\u00e4osin itse. Opiskelijat voivat pohtia teht\u00e4vi\u00e4 kesken\u00e4\u00e4n, kunhan jokainen toteuttaa ohjelmansa itse. Ratkaisujen suora kopiointi (eli plagiointi) on kielletty ja siit\u00e4 seuraa rangaistus. Teht\u00e4vi\u00e4 on ratkaistava hyv\u00e4ksytysti m\u00e4\u00e4r\u00e4, joka riippuu siit\u00e4 &hellip; <a href=\"https:\/\/coursepages2.tuni.fi\/tiea2-1\/kevat-2018\/harjoitukset\/\" class=\"more-link\">Jatka artikkeliin <span class=\"screen-reader-text\">Harjoitukset<\/span><\/a><\/p>\n","protected":false},"author":6,"featured_media":0,"parent":29,"menu_order":2,"comment_status":"closed","ping_status":"closed","template":"","meta":{"footnotes":""},"class_list":["post-38","page","type-page","status-publish","hentry"],"_links":{"self":[{"href":"https:\/\/coursepages2.tuni.fi\/tiea2-1\/wp-json\/wp\/v2\/pages\/38","targetHints":{"allow":["GET"]}}],"collection":[{"href":"https:\/\/coursepages2.tuni.fi\/tiea2-1\/wp-json\/wp\/v2\/pages"}],"about":[{"href":"https:\/\/coursepages2.tuni.fi\/tiea2-1\/wp-json\/wp\/v2\/types\/page"}],"author":[{"embeddable":true,"href":"https:\/\/coursepages2.tuni.fi\/tiea2-1\/wp-json\/wp\/v2\/users\/6"}],"replies":[{"embeddable":true,"href":"https:\/\/coursepages2.tuni.fi\/tiea2-1\/wp-json\/wp\/v2\/comments?post=38"}],"version-history":[{"count":3,"href":"https:\/\/coursepages2.tuni.fi\/tiea2-1\/wp-json\/wp\/v2\/pages\/38\/revisions"}],"predecessor-version":[{"id":494,"href":"https:\/\/coursepages2.tuni.fi\/tiea2-1\/wp-json\/wp\/v2\/pages\/38\/revisions\/494"}],"up":[{"embeddable":true,"href":"https:\/\/coursepages2.tuni.fi\/tiea2-1\/wp-json\/wp\/v2\/pages\/29"}],"wp:attachment":[{"href":"https:\/\/coursepages2.tuni.fi\/tiea2-1\/wp-json\/wp\/v2\/media?parent=38"}],"curies":[{"name":"wp","href":"https:\/\/api.w.org\/{rel}","templated":true}]}}