{"id":259,"date":"2018-03-07T01:48:21","date_gmt":"2018-03-06T23:48:21","guid":{"rendered":"https:\/\/coursepages.uta.fi\/tiea2-1\/?page_id=259"},"modified":"2018-10-12T01:08:51","modified_gmt":"2018-10-11T22:08:51","slug":"tentit","status":"publish","type":"page","link":"https:\/\/coursepages2.tuni.fi\/tiea2-1\/kevat-2018\/tentit\/","title":{"rendered":"Tentit"},"content":{"rendered":"<p>Tentit ovat s\u00e4hk\u00f6isi\u00e4. Tentist\u00e4 on kerrottu lis\u00e4\u00e4 <a href=\"http:\/\/www.sis.uta.fi\/%7Eoope\/tentit\/info\/\">infokalvoilta<\/a>.<\/p>\n<p>Voit valmistautua tenttiin tekem\u00e4ll\u00e4 <a href=\"http:\/\/www.sis.uta.fi\/~oope\/tentit\/mallitentti\/\">mallitentin<\/a> WETOssa.<\/p>\n<p>Tarkemmissa <a href=\"http:\/\/www.sis.uta.fi\/~oope\/tentit\/tenttiohje\/\">tenttiohjeissa<\/a> on kerrottu infokalvoja enemm\u00e4n tenttik\u00e4yt\u00e4nteist\u00e4. Tenttiohje jaetaan paperilla tenttij\u00f6ille.<\/p>\n<p>Tentteihin ilmoittaudutaan eLomakkella. Ilmoittautuminen ei ole mahdollista NettiOpsussa, WENTTIss\u00e4 tai NettiRekassa.<\/p>\n<p>Uusintatenttien ajankohdat julkaistaan my\u00f6hemmin ja uusintoihin ilmoittaudutaan erillisell\u00e4 lomakkeella.<\/p>\n<p><span style=\"background-color: #ffff99\">Ylim\u00e4\u00e4r\u00e4inen uusintatentti j\u00e4rjestet\u00e4\u00e4n elo- tai syyskuussa<\/span>.<\/p>\n<h3>Lopputentti<\/h3>\n<p><s>Ilmoittaudu tenttiin <a href=\"https:\/\/elomake3.uta.fi\/lomakkeet\/21089\/lomake.html\">t\u00e4\u00e4ll\u00e4<\/a>.<\/s><\/p>\n<p>Saat ilmoittautumisen j\u00e4lkeen yliopiston s\u00e4hk\u00f6postiisi viestin, jossa on valitsemasi tentin tiedot ja linkki, jonka kautta voit perua ilmoittautumisesi. ELomake ei osaa p\u00e4ivitt\u00e4\u00e4 ilmoittautumistasi. Tenttitilan vaihtaminen tai muiden tietojen p\u00e4ivitt\u00e4minen on teht\u00e4v\u00e4 siksi perumalla alkuper\u00e4inen ilmoittautuminen ja t\u00e4ytt\u00e4m\u00e4ll\u00e4 lomake uudelleen, jotta j\u00e4rjestelm\u00e4\u00e4n ei tallentuisi kahta ilmoittautumista. Tenttitila kannattaa valita harkiten jo alunperin, koska t\u00e4yttyneeseen tilaan vaihtaminen ei onnistu.<\/p>\n<p>N\u00e4et valitsemasi tenttitilan WETOn l\u00e4hett\u00e4m\u00e4st\u00e4 viestist\u00e4, jos tila p\u00e4\u00e4see unohtumaan.Tilan voi palauttaa mieleen my\u00f6s ilmoittautumisen p\u00e4\u00e4tytty\u00e4 WETOn <em>Tentit<\/em>-kohdassa julkaistavassa listasta.<\/p>\n<p>Lopputenttiin ilmoittautuminen on auki torstaihin 8.3. klo 21.00 saakka. Tentti-ilmoittautumisen voi my\u00f6s perua linkin kautta aina t\u00e4h\u00e4n saakka. Ota lomakkeen sulkeutumisen j\u00e4lkeen yhteytt\u00e4 kurssin vastuuopettajaan s\u00e4hk\u00f6postitse, jos haluat ilmoittautua tai perua ilmoittautumisesi.<\/p>\n<p>On t\u00e4rke\u00e4\u00e4, ett\u00e4 muistat perua ilmoittautumisesi esteen sattuessa, koska k\u00e4ytt\u00e4m\u00e4tt\u00e4 j\u00e4\u00e4nyt konepaikka voi hyvinkin olla pois toiselta kurssilaiselta.<\/p>\n<p><a name=\"uusinnat\"><\/a><\/p>\n<h3>Uusintatentit<\/h3>\n<p>Kurssilla on kaksi virallista uusintatentti\u00e4. Lis\u00e4uusintatentti (kolmas uusinta) j\u00e4rjestet\u00e4\u00e4n syksyll\u00e4.<\/p>\n<p>Ensimm\u00e4inen uusinta on perjantaina 18.5. klo 9\u201312 mikroluokassa ML10. Ilmoittaudu tenttiin <a href=\"https:\/\/elomake3.uta.fi\/lomakkeet\/21545\/lomake.html\">t\u00e4\u00e4ll\u00e4<\/a> viimeist\u00e4\u00e4n 17.5. klo 18.00. Ilmoittautumisen peruminen (viimeist\u00e4\u00e4n 17.5. klo 18.00) ja tietojen muuttaminen tapahtuu l\u00e4hes kuin lopputentiss\u00e4. Ainoa ero on tilan valinta: uusinnassa on valittavissa vain yksi mikroluokka.<\/p>\n<p><a name=\"tulokset\"><\/a><\/p>\n<h3>Tulokset<\/h3>\n<p>Yksitt\u00e4isten tenttien tulokset l\u00f6ytyv\u00e4t WETOssa <em>Tentit<\/em>-kohdan alta. Huomaa, ett\u00e4 pisteisiin ei ole laskettu mukaan viikkoharjoituksista tai harjoitusty\u00f6st\u00e4 annettavia hyvityspisteit\u00e4. Ota yhteys kurssin vastuuopettajaan (<em>jorma.laurikkala@uta.fi<\/em>), mik\u00e4li ep\u00e4ilet arvostelussa tapahtuneen virheen. Tenttivastaukset ovat paperille tehtyjen vastausten tapaan n\u00e4ht\u00e4viss\u00e4 vastuuopettajan ty\u00f6huoneella B1025.<\/p>\n<p><strong>Lopputentti 9.3.2018<\/strong><\/p>\n<ul>\n<li>Keskiarvo 21 pistett\u00e4 ja mediaani 24 pistett\u00e4.<\/li>\n<li>Ilmoittautuneita 140, saapuneita 128, hyv\u00e4ksyttyj\u00e4 121, hyl\u00e4ttyj\u00e4 7, luopuneita 0, saapumatta 12.<\/li>\n<\/ul>\n<p><strong>Uusintatentti 18.5.2018<\/strong><\/p>\n<ul>\n<li>Keskiarvo 18 pistett\u00e4 ja mediaani 18 pistett\u00e4.<\/li>\n<li>Ilmoittautuneita 20, saapuneita 16, hyv\u00e4ksyttyj\u00e4 16, hyl\u00e4ttyj\u00e4 0, luopuneita 0, saapumatta 4.<\/li>\n<\/ul>\n<p><strong>Uusintatentti 4.6.2018<\/strong><\/p>\n<ul>\n<li>Keskiarvo 18 pistett\u00e4 ja mediaani 21 pistett\u00e4.<\/li>\n<li>Ilmoittautuneita 8, saapuneita 7, hyv\u00e4ksyttyj\u00e4 6, hyl\u00e4ttyj\u00e4 1, luopuneita 0, saapumatta 1.<\/li>\n<\/ul>\n<p><strong>Uusintatentti 10.10.2018<\/strong><\/p>\n<ul>\n<li>Keskiarvo 17 pistett\u00e4 ja mediaani 15 pistett\u00e4.<\/li>\n<li>Ilmoittautuneita 4, saapuneita 4, hyv\u00e4ksyttyj\u00e4 4, hyl\u00e4ttyj\u00e4 0, luopuneita 0, saapumatta 0.<\/li>\n<\/ul>\n","protected":false},"excerpt":{"rendered":"<p>Tentit ovat s\u00e4hk\u00f6isi\u00e4. Tentist\u00e4 on kerrottu lis\u00e4\u00e4 infokalvoilta. Voit valmistautua tenttiin tekem\u00e4ll\u00e4 mallitentin WETOssa. Tarkemmissa tenttiohjeissa on kerrottu infokalvoja enemm\u00e4n tenttik\u00e4yt\u00e4nteist\u00e4. Tenttiohje jaetaan paperilla tenttij\u00f6ille. Tentteihin ilmoittaudutaan eLomakkella. Ilmoittautuminen ei ole mahdollista NettiOpsussa, WENTTIss\u00e4 tai NettiRekassa. Uusintatenttien ajankohdat julkaistaan my\u00f6hemmin ja uusintoihin ilmoittaudutaan erillisell\u00e4 lomakkeella. Ylim\u00e4\u00e4r\u00e4inen uusintatentti j\u00e4rjestet\u00e4\u00e4n elo- tai syyskuussa. Lopputentti Ilmoittaudu tenttiin t\u00e4\u00e4ll\u00e4. &hellip; <a href=\"https:\/\/coursepages2.tuni.fi\/tiea2-1\/kevat-2018\/tentit\/\" class=\"more-link\">Jatka artikkeliin <span class=\"screen-reader-text\">Tentit<\/span><\/a><\/p>\n","protected":false},"author":6,"featured_media":0,"parent":29,"menu_order":5,"comment_status":"closed","ping_status":"closed","template":"","meta":{"footnotes":""},"class_list":["post-259","page","type-page","status-publish","hentry"],"_links":{"self":[{"href":"https:\/\/coursepages2.tuni.fi\/tiea2-1\/wp-json\/wp\/v2\/pages\/259","targetHints":{"allow":["GET"]}}],"collection":[{"href":"https:\/\/coursepages2.tuni.fi\/tiea2-1\/wp-json\/wp\/v2\/pages"}],"about":[{"href":"https:\/\/coursepages2.tuni.fi\/tiea2-1\/wp-json\/wp\/v2\/types\/page"}],"author":[{"embeddable":true,"href":"https:\/\/coursepages2.tuni.fi\/tiea2-1\/wp-json\/wp\/v2\/users\/6"}],"replies":[{"embeddable":true,"href":"https:\/\/coursepages2.tuni.fi\/tiea2-1\/wp-json\/wp\/v2\/comments?post=259"}],"version-history":[{"count":31,"href":"https:\/\/coursepages2.tuni.fi\/tiea2-1\/wp-json\/wp\/v2\/pages\/259\/revisions"}],"predecessor-version":[{"id":486,"href":"https:\/\/coursepages2.tuni.fi\/tiea2-1\/wp-json\/wp\/v2\/pages\/259\/revisions\/486"}],"up":[{"embeddable":true,"href":"https:\/\/coursepages2.tuni.fi\/tiea2-1\/wp-json\/wp\/v2\/pages\/29"}],"wp:attachment":[{"href":"https:\/\/coursepages2.tuni.fi\/tiea2-1\/wp-json\/wp\/v2\/media?parent=259"}],"curies":[{"name":"wp","href":"https:\/\/api.w.org\/{rel}","templated":true}]}}