{"id":37,"date":"2017-09-28T15:10:39","date_gmt":"2017-09-28T12:10:39","guid":{"rendered":"https:\/\/coursepages.uta.fi\/nordwit1\/?page_id=37"},"modified":"2018-02-05T09:49:03","modified_gmt":"2018-02-05T07:49:03","slug":"contact-information","status":"publish","type":"page","link":"https:\/\/coursepages2.tuni.fi\/nordwit1\/contact-information\/","title":{"rendered":"Contact information"},"content":{"rendered":"<p><b>Tiina Suopaj\u00e4rvi:<\/b> tiina.suopajarvi@uta.fi <strong>&#8211;<\/strong> <b>course arrangements<\/b><\/p>\n<p><b>Demet Demir\u00e9z:<\/b> demet.demirez@uta.fi<b> &#8211; course practicalities<\/b><\/p>\n<p><b>Marja Vehvil\u00e4inen:<\/b> marja.vehvilainen@uta.fi<b> &#8211; Master&#8217;s students course work, credits etc.<\/b><\/p>\n","protected":false},"excerpt":{"rendered":"<p>Tiina Suopaj\u00e4rvi: tiina.suopajarvi@uta.fi &#8211; course arrangements Demet Demir\u00e9z: demet.demirez@uta.fi &#8211; course practicalities Marja Vehvil\u00e4inen: marja.vehvilainen@uta.fi &#8211; Master&#8217;s students course work, credits etc.<\/p>\n","protected":false},"author":51,"featured_media":0,"parent":0,"menu_order":4,"comment_status":"closed","ping_status":"closed","template":"","meta":{"footnotes":""},"class_list":["post-37","page","type-page","status-publish","hentry"],"_links":{"self":[{"href":"https:\/\/coursepages2.tuni.fi\/nordwit1\/wp-json\/wp\/v2\/pages\/37","targetHints":{"allow":["GET"]}}],"collection":[{"href":"https:\/\/coursepages2.tuni.fi\/nordwit1\/wp-json\/wp\/v2\/pages"}],"about":[{"href":"https:\/\/coursepages2.tuni.fi\/nordwit1\/wp-json\/wp\/v2\/types\/page"}],"author":[{"embeddable":true,"href":"https:\/\/coursepages2.tuni.fi\/nordwit1\/wp-json\/wp\/v2\/users\/51"}],"replies":[{"embeddable":true,"href":"https:\/\/coursepages2.tuni.fi\/nordwit1\/wp-json\/wp\/v2\/comments?post=37"}],"version-history":[{"count":3,"href":"https:\/\/coursepages2.tuni.fi\/nordwit1\/wp-json\/wp\/v2\/pages\/37\/revisions"}],"predecessor-version":[{"id":113,"href":"https:\/\/coursepages2.tuni.fi\/nordwit1\/wp-json\/wp\/v2\/pages\/37\/revisions\/113"}],"wp:attachment":[{"href":"https:\/\/coursepages2.tuni.fi\/nordwit1\/wp-json\/wp\/v2\/media?parent=37"}],"curies":[{"name":"wp","href":"https:\/\/api.w.org\/{rel}","templated":true}]}}