{"id":57,"date":"2017-09-14T19:53:24","date_gmt":"2017-09-14T16:53:24","guid":{"rendered":"https:\/\/coursepages.uta.fi\/mtttp5\/?page_id=57"},"modified":"2018-09-27T09:33:38","modified_gmt":"2018-09-27T06:33:38","slug":"faq","status":"publish","type":"page","link":"https:\/\/coursepages2.tuni.fi\/mtttp5\/syksy-2018\/faq\/","title":{"rendered":"Usein kysytty\u00e4"},"content":{"rendered":"<hr \/>\n<h6 style=\"padding-left: 30px\"><span class=\"title11\"><span class=\"title11\">Voiko opintojaksolle osallistua, vaikka Tilastollisen johdantokurssi MTTTP1 ei viel\u00e4 olisikaan suoritettu?<\/span><\/span><\/h6>\n<p style=\"padding-left: 60px\"><span class=\"title11\">Kyll\u00e4 voi. Ei haittaa, vaikka MTTTP1 olisi viel\u00e4 tenttim\u00e4tt\u00e4. Kurssilla kuitenkin oletetaan, ett\u00e4 opiskelija hallitsee MTTTP1:n asiat, vaikka suoritusvaatimusta ei aseteta.<\/span><\/p>\n<h6 style=\"padding-left: 30px\"><span class=\"title11\">Voiko kurssin suorittaa osallistumatta opetukseen?<\/span><\/h6>\n<p style=\"padding-left: 60px\">Kyll\u00e4 voi. Kurssin asiat voi opiskella itsen\u00e4isesti sivuston materiaalin avulla ja sitten osallistua tenttiin, ks. tenttimahdollisuudet <a href=\"https:\/\/www10.uta.fi\/nettiopsu\/tentti\/tentti.htm?action=jakso&amp;jaksoId=47933\" target=\"_blank\" rel=\"noopener\">NettiOpsusta<\/a> tai <a href=\"https:\/\/coursepages2.tuni.fi\/mtttp5\/syksy-2018\/kurssi-info\/\">Kurssi-info<\/a> -sivulta.<\/p>\n<h6 style=\"padding-left: 30px\"><span class=\"title11\">Mit\u00e4 tenteiss\u00e4 saa olla mukana?<\/span><\/h6>\n<p class=\"blue1TXT\" style=\"padding-left: 60px\">Saa olla oma, ei-ohjelmoitava laskin (ei saa lainaksi). Muuta omaa materiaalia (kuten esim. MAOLin taulukoita) ei saa k\u00e4ytt\u00e4\u00e4. Tentin ajaksi saa k\u00e4ytt\u00f6\u00f6n samanlaisen kaavakokoelman ja jakaumataulukot, jotka ovat luentorungon liittein\u00e4, l\u00f6ytyv\u00e4t my\u00f6s Oikopoluista <a class=\"blue1TXT\" href=\"http:\/\/www.sis.uta.fi\/tilasto\/mtttp5\/syksy2018\/kaavat.pdf\"><span class=\"blue1TXT\">Kaavakokoelma<\/span><\/a><span class=\"blue1TXT\"><span class=\"blue1TXT\">, <\/span><\/span><a href=\"http:\/\/www.sis.uta.fi\/tilasto\/mtttp5\/syksy2018\/N(0_1).pdf\">Normaalijakauman taulukko<\/a>, <a href=\"http:\/\/www.sis.uta.fi\/tilasto\/mtttp5\/syksy2018\/studentin_t.pdf\">Studentin t-jakauman taulukko<\/a>.<\/p>\n<h6 style=\"padding-left: 30px\"><span class=\"title11\">Paljonko tentist\u00e4 tulee saada pisteit\u00e4, jotta suoritus hyv\u00e4ksyt\u00e4\u00e4n?<\/span><\/h6>\n<p style=\"padding-left: 60px\">15 pistett\u00e4, maksimipistem\u00e4\u00e4r\u00e4 30.<\/p>\n<h6 style=\"padding-left: 30px\"><span class=\"title11\">Onko vanhoja tenttikysymyksi\u00e4 saatavana?<\/span><\/h6>\n<p style=\"padding-left: 60px\">Ei ole, mutta kaikki opintojakson harjoitusteht\u00e4v\u00e4t ja esimerkit ovat sopivia harjoitteita tentti\u00e4 varten.<\/p>\n","protected":false},"excerpt":{"rendered":"<p>Voiko opintojaksolle osallistua, vaikka Tilastollisen johdantokurssi MTTTP1 ei viel\u00e4 olisikaan suoritettu? Kyll\u00e4 voi. Ei haittaa, vaikka MTTTP1 olisi viel\u00e4 tenttim\u00e4tt\u00e4. Kurssilla kuitenkin oletetaan, ett\u00e4 opiskelija hallitsee MTTTP1:n asiat, vaikka suoritusvaatimusta ei aseteta. Voiko kurssin suorittaa osallistumatta opetukseen? Kyll\u00e4 voi. Kurssin asiat voi opiskella itsen\u00e4isesti sivuston materiaalin avulla ja sitten osallistua tenttiin, ks. tenttimahdollisuudet NettiOpsusta tai &hellip; <a href=\"https:\/\/coursepages2.tuni.fi\/mtttp5\/syksy-2018\/faq\/\" class=\"more-link\">Jatka artikkeliin <span class=\"screen-reader-text\">Usein kysytty\u00e4<\/span><\/a><\/p>\n","protected":false},"author":31,"featured_media":0,"parent":34,"menu_order":4,"comment_status":"closed","ping_status":"closed","template":"","meta":{"footnotes":""},"class_list":["post-57","page","type-page","status-publish","hentry"],"_links":{"self":[{"href":"https:\/\/coursepages2.tuni.fi\/mtttp5\/wp-json\/wp\/v2\/pages\/57","targetHints":{"allow":["GET"]}}],"collection":[{"href":"https:\/\/coursepages2.tuni.fi\/mtttp5\/wp-json\/wp\/v2\/pages"}],"about":[{"href":"https:\/\/coursepages2.tuni.fi\/mtttp5\/wp-json\/wp\/v2\/types\/page"}],"author":[{"embeddable":true,"href":"https:\/\/coursepages2.tuni.fi\/mtttp5\/wp-json\/wp\/v2\/users\/31"}],"replies":[{"embeddable":true,"href":"https:\/\/coursepages2.tuni.fi\/mtttp5\/wp-json\/wp\/v2\/comments?post=57"}],"version-history":[{"count":22,"href":"https:\/\/coursepages2.tuni.fi\/mtttp5\/wp-json\/wp\/v2\/pages\/57\/revisions"}],"predecessor-version":[{"id":790,"href":"https:\/\/coursepages2.tuni.fi\/mtttp5\/wp-json\/wp\/v2\/pages\/57\/revisions\/790"}],"up":[{"embeddable":true,"href":"https:\/\/coursepages2.tuni.fi\/mtttp5\/wp-json\/wp\/v2\/pages\/34"}],"wp:attachment":[{"href":"https:\/\/coursepages2.tuni.fi\/mtttp5\/wp-json\/wp\/v2\/media?parent=57"}],"curies":[{"name":"wp","href":"https:\/\/api.w.org\/{rel}","templated":true}]}}