{"id":5,"date":"2017-06-22T10:58:06","date_gmt":"2017-06-22T07:58:06","guid":{"rendered":"https:\/\/coursepages.uta.fi\/mtttp5\/?page_id=5"},"modified":"2018-10-23T14:58:19","modified_gmt":"2018-10-23T11:58:19","slug":"paasivu","status":"publish","type":"page","link":"https:\/\/coursepages2.tuni.fi\/mtttp5\/","title":{"rendered":"P\u00e4\u00e4sivu"},"content":{"rendered":"<hr \/>\n<h1>Ajankohtaista<\/h1>\n<p><strong>24.09.2018<\/strong><\/p>\n<p>Lukuvuoden 2018-2019 tenttimahdollisuudet n\u00e4ht\u00e4vill\u00e4 NettiOpsussa. Syksyn 2018 opetukseen liittyv\u00e4 tentti to 13.12.2018 klo 9.15-12, ls. A1.<\/p>\n<p><strong>24.09.2018<\/strong><\/p>\n<p>Syksyll\u00e4 2018 periodilla II opetettavan kurssin tiedot ja materiaalin l\u00f6yd\u00e4t my\u00f6hemmin t\u00e4lt\u00e4 sivustolta. Kurssi pidet\u00e4\u00e4n my\u00f6s avoimessa yliopistossa periodilla III, tutkinto-opiskelijoiden kiinti\u00f6 10.<\/p>\n<p><strong>24.09.2018<\/strong><\/p>\n<p>Kurssi on yhdistetty opinto-oppaan 2012-2015 kursseista MTTTP2 Tilastollisen p\u00e4\u00e4ttelyn perusteet 1 ja MTTTP3 Tilastollisen p\u00e4\u00e4ttelyn perusteet 2. Mik\u00e4li olet suorittanut molemmat vanhat kurssit tai pelk\u00e4n MTTTP3:n, et voi saada MTTTP5:sta opintopisteit\u00e4. Mik\u00e4li olet suorittanut vain MTTTP2:n, voit suorittaa MTTTP5:n.<\/p>\n<p><strong>24.09.2018<\/strong><\/p>\n<p>Lukuvuoden 2017-2018 syksyn kurssin materiaali <a href=\"https:\/\/learning2.uta.fi\/course\/view.php?id=11846\">Moodlessa<\/a>.<\/p>\n","protected":false},"excerpt":{"rendered":"<p>Ajankohtaista 24.09.2018 Lukuvuoden 2018-2019 tenttimahdollisuudet n\u00e4ht\u00e4vill\u00e4 NettiOpsussa. Syksyn 2018 opetukseen liittyv\u00e4 tentti to 13.12.2018 klo 9.15-12, ls. A1. 24.09.2018 Syksyll\u00e4 2018 periodilla II opetettavan kurssin tiedot ja materiaalin l\u00f6yd\u00e4t my\u00f6hemmin t\u00e4lt\u00e4 sivustolta. Kurssi pidet\u00e4\u00e4n my\u00f6s avoimessa yliopistossa periodilla III, tutkinto-opiskelijoiden kiinti\u00f6 10. 24.09.2018 Kurssi on yhdistetty opinto-oppaan 2012-2015 kursseista MTTTP2 Tilastollisen p\u00e4\u00e4ttelyn perusteet 1 ja &hellip; <a href=\"https:\/\/coursepages2.tuni.fi\/mtttp5\/\" class=\"more-link\">Jatka artikkeliin <span class=\"screen-reader-text\">P\u00e4\u00e4sivu<\/span><\/a><\/p>\n","protected":false},"author":31,"featured_media":0,"parent":0,"menu_order":0,"comment_status":"closed","ping_status":"closed","template":"","meta":{"footnotes":""},"class_list":["post-5","page","type-page","status-publish","hentry"],"_links":{"self":[{"href":"https:\/\/coursepages2.tuni.fi\/mtttp5\/wp-json\/wp\/v2\/pages\/5","targetHints":{"allow":["GET"]}}],"collection":[{"href":"https:\/\/coursepages2.tuni.fi\/mtttp5\/wp-json\/wp\/v2\/pages"}],"about":[{"href":"https:\/\/coursepages2.tuni.fi\/mtttp5\/wp-json\/wp\/v2\/types\/page"}],"author":[{"embeddable":true,"href":"https:\/\/coursepages2.tuni.fi\/mtttp5\/wp-json\/wp\/v2\/users\/31"}],"replies":[{"embeddable":true,"href":"https:\/\/coursepages2.tuni.fi\/mtttp5\/wp-json\/wp\/v2\/comments?post=5"}],"version-history":[{"count":33,"href":"https:\/\/coursepages2.tuni.fi\/mtttp5\/wp-json\/wp\/v2\/pages\/5\/revisions"}],"predecessor-version":[{"id":799,"href":"https:\/\/coursepages2.tuni.fi\/mtttp5\/wp-json\/wp\/v2\/pages\/5\/revisions\/799"}],"wp:attachment":[{"href":"https:\/\/coursepages2.tuni.fi\/mtttp5\/wp-json\/wp\/v2\/media?parent=5"}],"curies":[{"name":"wp","href":"https:\/\/api.w.org\/{rel}","templated":true}]}}