{"id":34,"date":"2017-09-13T14:55:44","date_gmt":"2017-09-13T11:55:44","guid":{"rendered":"https:\/\/coursepages.uta.fi\/mtttp5\/?page_id=34"},"modified":"2018-11-28T09:13:59","modified_gmt":"2018-11-28T07:13:59","slug":"syksy-2018","status":"publish","type":"page","link":"https:\/\/coursepages2.tuni.fi\/mtttp5\/syksy-2018\/","title":{"rendered":"Syksy 2018"},"content":{"rendered":"<hr \/>\n<h1>Ajankohtaista<\/h1>\n<p><strong>28.11.2018<\/strong><\/p>\n<p id=\"yui_3_17_2_1_1543389077457_118\">Moodle-alueella on saatavana yhteenvetotaulukko p\u00e4\u00e4ttelytilanteista esimerkkeineen sek\u00e4 lis\u00e4teht\u00e4vi\u00e4 lukuihin 2-4, 5 ja 6.<\/p>\n<p>Itsen\u00e4isyysp\u00e4iv\u00e4st\u00e4 johtuen viikon 49 harjoitusryhm\u00e4ajoissa muutoksia.<\/p>\n<p>Tenttiin 13.12. ilmoittautuminen 19.11. \u2013 11.12.<\/p>\n<p><strong>23.10.2018<\/strong><\/p>\n<p><span style=\"color: #000000\">Kurssille hyv\u00e4ksyttyjen laskuharjoitusryhm\u00e4\u00e4n ilmoittautuminen t<a style=\"color: #000000\" href=\"https:\/\/learning2.uta.fi\/mod\/forum\/view.php?id=640208\">\u00e4ss\u00e4<\/a>.<\/span><\/p>\n<p><strong>24.09.2018<\/strong><\/p>\n<p>Opetuksen tukena tullaan k\u00e4ytt\u00e4m\u00e4\u00e4n Moodle -oppimisymp\u00e4rist\u00f6\u00e4, jossa mm. annetaan ohjeita laskuharjoitusten tekemiseen liittyen. My\u00f6s keskustelu on mahdollista. Keskusteluun osallistuminen ja sen seuraaminen on vapaaehtoista. Kurssille hyv\u00e4ksyt kirjataan automaattisesti Moodle-alueelle.<\/p>\n<p><strong>24.09.2018<\/strong><\/p>\n<p>Sivusto sis\u00e4lt\u00e4\u00e4 syksyn 2018 MTTTP5:n infoa ja materiaalia. Muutokset mahdollisia. Sivusto on viel\u00e4 puutteellinen. Puuttuvia tietoja t\u00e4ydennet\u00e4\u00e4n ennen opetuksen alkua. Ilmoittautuminen opintojaksolle, ks. <a href=\"https:\/\/www10.uta.fi\/opas\/opetusohjelma\/marjapuuro.htm?id=38651\" target=\"_blank\" rel=\"noopener\">Opetusohjelma<\/a>. Kurssille hyv\u00e4ksyttyjen laskuharjoitusryhm\u00e4\u00e4n ilmoittatuminen t\u00e4m\u00e4n sivuston kautta my\u00f6hemmin.<\/p>\n<p><strong>24.09.2018<\/strong><\/p>\n<p>Lukuvuoden 2018-2019 tenttimahdollisuudet n\u00e4ht\u00e4vill\u00e4 NettiOpsussa. Syksyn 2018 opetukseen liittyv\u00e4 tentti to 13.12.2018 klo 9.15-12, P\u00e4\u00e4talo A1<\/p>\n<p><strong>24.09.2018<\/strong><\/p>\n<p>Lukuvuoden 2017-2018 materiaalit on siirretty <a href=\"https:\/\/learning2.uta.fi\/course\/view.php?id=11846\">Moodle<\/a>-alueelle.<\/p>\n<p><strong>\u00a0<\/strong><\/p>\n","protected":false},"excerpt":{"rendered":"<p>Ajankohtaista 28.11.2018 Moodle-alueella on saatavana yhteenvetotaulukko p\u00e4\u00e4ttelytilanteista esimerkkeineen sek\u00e4 lis\u00e4teht\u00e4vi\u00e4 lukuihin 2-4, 5 ja 6. Itsen\u00e4isyysp\u00e4iv\u00e4st\u00e4 johtuen viikon 49 harjoitusryhm\u00e4ajoissa muutoksia. Tenttiin 13.12. ilmoittautuminen 19.11. \u2013 11.12. 23.10.2018 Kurssille hyv\u00e4ksyttyjen laskuharjoitusryhm\u00e4\u00e4n ilmoittautuminen t\u00e4ss\u00e4. 24.09.2018 Opetuksen tukena tullaan k\u00e4ytt\u00e4m\u00e4\u00e4n Moodle -oppimisymp\u00e4rist\u00f6\u00e4, jossa mm. annetaan ohjeita laskuharjoitusten tekemiseen liittyen. My\u00f6s keskustelu on mahdollista. Keskusteluun osallistuminen ja sen &hellip; <a href=\"https:\/\/coursepages2.tuni.fi\/mtttp5\/syksy-2018\/\" class=\"more-link\">Jatka artikkeliin <span class=\"screen-reader-text\">Syksy 2018<\/span><\/a><\/p>\n","protected":false},"author":31,"featured_media":0,"parent":0,"menu_order":0,"comment_status":"closed","ping_status":"closed","template":"","meta":{"footnotes":""},"class_list":["post-34","page","type-page","status-publish","hentry"],"_links":{"self":[{"href":"https:\/\/coursepages2.tuni.fi\/mtttp5\/wp-json\/wp\/v2\/pages\/34","targetHints":{"allow":["GET"]}}],"collection":[{"href":"https:\/\/coursepages2.tuni.fi\/mtttp5\/wp-json\/wp\/v2\/pages"}],"about":[{"href":"https:\/\/coursepages2.tuni.fi\/mtttp5\/wp-json\/wp\/v2\/types\/page"}],"author":[{"embeddable":true,"href":"https:\/\/coursepages2.tuni.fi\/mtttp5\/wp-json\/wp\/v2\/users\/31"}],"replies":[{"embeddable":true,"href":"https:\/\/coursepages2.tuni.fi\/mtttp5\/wp-json\/wp\/v2\/comments?post=34"}],"version-history":[{"count":30,"href":"https:\/\/coursepages2.tuni.fi\/mtttp5\/wp-json\/wp\/v2\/pages\/34\/revisions"}],"predecessor-version":[{"id":831,"href":"https:\/\/coursepages2.tuni.fi\/mtttp5\/wp-json\/wp\/v2\/pages\/34\/revisions\/831"}],"wp:attachment":[{"href":"https:\/\/coursepages2.tuni.fi\/mtttp5\/wp-json\/wp\/v2\/media?parent=34"}],"curies":[{"name":"wp","href":"https:\/\/api.w.org\/{rel}","templated":true}]}}