{"id":221,"date":"2017-09-18T14:32:15","date_gmt":"2017-09-18T11:32:15","guid":{"rendered":"https:\/\/coursepages.uta.fi\/mtttp5\/?page_id=221"},"modified":"2018-09-24T16:00:05","modified_gmt":"2018-09-24T13:00:05","slug":"moodle","status":"publish","type":"page","link":"https:\/\/coursepages2.tuni.fi\/mtttp5\/syksy-2018\/moodle\/","title":{"rendered":"<a href=\"https:\/\/learning2.uta.fi\/course\/view.php?id=14163\">Moodle<\/a>"},"content":{"rendered":"<p>Kirjaudu t\u00e4st\u00e4 <a href=\"https:\/\/learning2.uta.fi\/course\/view.php?id=11846\" target=\"_blank\" rel=\"noopener\">Moodle<\/a>en<\/p>\n<p>&nbsp;<\/p>\n<div align=\"right\">\n<p>Sivuston yll\u00e4pito <a href=\"mailto:Raija.Leppala@uta.fi\">Raija.Leppala@uta.fi<\/a><\/p>\n<\/div>\n","protected":false},"excerpt":{"rendered":"<p>Kirjaudu t\u00e4st\u00e4 Moodleen &nbsp; Sivuston yll\u00e4pito Raija.Leppala@uta.fi<\/p>\n","protected":false},"author":31,"featured_media":0,"parent":34,"menu_order":7,"comment_status":"closed","ping_status":"closed","template":"","meta":{"footnotes":""},"class_list":["post-221","page","type-page","status-publish","hentry"],"_links":{"self":[{"href":"https:\/\/coursepages2.tuni.fi\/mtttp5\/wp-json\/wp\/v2\/pages\/221","targetHints":{"allow":["GET"]}}],"collection":[{"href":"https:\/\/coursepages2.tuni.fi\/mtttp5\/wp-json\/wp\/v2\/pages"}],"about":[{"href":"https:\/\/coursepages2.tuni.fi\/mtttp5\/wp-json\/wp\/v2\/types\/page"}],"author":[{"embeddable":true,"href":"https:\/\/coursepages2.tuni.fi\/mtttp5\/wp-json\/wp\/v2\/users\/31"}],"replies":[{"embeddable":true,"href":"https:\/\/coursepages2.tuni.fi\/mtttp5\/wp-json\/wp\/v2\/comments?post=221"}],"version-history":[{"count":5,"href":"https:\/\/coursepages2.tuni.fi\/mtttp5\/wp-json\/wp\/v2\/pages\/221\/revisions"}],"predecessor-version":[{"id":768,"href":"https:\/\/coursepages2.tuni.fi\/mtttp5\/wp-json\/wp\/v2\/pages\/221\/revisions\/768"}],"up":[{"embeddable":true,"href":"https:\/\/coursepages2.tuni.fi\/mtttp5\/wp-json\/wp\/v2\/pages\/34"}],"wp:attachment":[{"href":"https:\/\/coursepages2.tuni.fi\/mtttp5\/wp-json\/wp\/v2\/media?parent=221"}],"curies":[{"name":"wp","href":"https:\/\/api.w.org\/{rel}","templated":true}]}}