{"id":218,"date":"2017-09-18T14:26:54","date_gmt":"2017-09-18T11:26:54","guid":{"rendered":"https:\/\/coursepages.uta.fi\/mtttp5\/?page_id=218"},"modified":"2018-09-28T11:54:24","modified_gmt":"2018-09-28T08:54:24","slug":"oheiskirjallisuutta","status":"publish","type":"page","link":"https:\/\/coursepages2.tuni.fi\/mtttp5\/oheiskirjallisuutta\/","title":{"rendered":"Oheiskirjallisuutta"},"content":{"rendered":"<hr \/>\n<h2>Poimintoja opiskelun tueksi sopivista kirjoista<strong><strong><br \/>\n<\/strong><\/strong><\/h2>\n<p style=\"padding-left: 30px\">Agresti, A. &amp; Finlay, B., <a href=\"http:\/\/www.pearsonhighered.com\/pearsonhigheredus\/educator\/product\/products_detail.page?isbn=0130272957\" target=\"_blank\" rel=\"noopener\">Statistical Methods for the Social Sciences<\/a>, 4<sup>th<\/sup> ed., Pearson, 2009.<\/p>\n<p style=\"padding-left: 60px\">Sek\u00e4 perus- ett\u00e4 aineopintotasoisten menetelmien esittely\u00e4 (ilman matemaattista johtamista) soveltajan n\u00e4k\u00f6kylmasta katsottuna.<\/p>\n<p style=\"padding-left: 30px\">Clarke, G.M. &amp; Cooke, D., A Basic course in Statistics, 5<sup>th<\/sup> ed., Hodder Arnold, 2009.<\/p>\n<p style=\"padding-left: 60px\">Tilastotieteen perusk\u00e4sitteist\u00f6n ja analyysien esittely\u00e4, joka on tasoltaan osittain aineopintotasoista. Paljon kuvia, soveltavia esimerkkej\u00e4 ja teht\u00e4vi\u00e4.<\/p>\n<p style=\"padding-left: 30px\">Heikkil\u00e4, T. ,Tilastollinen tutkimus, 7. uud. painos, Edita, 2008.<\/p>\n<p style=\"padding-left: 60px\">Tiivis yleisteos, jossa tilastotieteen perusasiat ja tilastollisen tutkimuksen tekeminen on selitetty yksinkertaisesti ja melko lyhyesti. My\u00f6s joitakin perusopintojen j\u00e4lkeen tulevia asioita on k\u00e4sitelty lyhyesti. Kirja sis\u00e4lt\u00e4\u00e4 hyv\u00e4t ohjeet SPSS:n k\u00e4yt\u00f6st\u00e4 ja SPSS -esimerkkej\u00e4 tulkintoineen. Kirja niille, jotka kaipaavat asioiden &#8221;v\u00e4\u00e4nt\u00e4mist\u00e4 rautalangasta&#8221;.<\/p>\n<p style=\"padding-left: 30px\">Helenius, H. ,Tilastollisten menetelmien perustiedot. Statcon Oy, 1995.<\/p>\n<p style=\"padding-left: 60px\">Melko laaja teos, jossa tilastotieteen perusasiat k\u00e4sitell\u00e4\u00e4n perusteellisesti. Sis\u00e4lt\u00e4\u00e4 paljon esimerkkej\u00e4. Kirjasta on varmasti hy\u00f6ty\u00e4 my\u00f6hemminkin opiskelussa. Kirja niille, jotka kaipaavat tieteellist\u00e4, selke\u00e4\u00e4 asioiden k\u00e4sittely\u00e4.<\/p>\n<p style=\"padding-left: 30px\">Moore, D., The Basic Practice of Statistics, 5<sup>th<\/sup> ed. Freeman, 2010.<\/p>\n<p style=\"padding-left: 60px\">Perusopintojen asioita k\u00e4yt\u00e4nn\u00f6nl\u00e4heisesti, ilman johtamista.<\/p>\n<p style=\"padding-left: 30px\">Newbold, P., <span class=\"bookauthor\">Carlson, W. &amp; Thorne, B., <\/span>Statistics for Business and Economics. <a href=\"http:\/\/www.pearsonhighered.com\/newbold\/\" target=\"_blank\" rel=\"noopener\">Pearson.<\/a><\/p>\n<p style=\"padding-left: 30px\">Nummenmaa, L., Holopainen, M. &amp; Pulkkinen, P., Tilastollisten menetelmien perusteet, Sanoma Pro, 2017.<\/p>\n<p style=\"padding-left: 30px\">Ks. my\u00f6s luentorunko s. 50<strong><strong><strong><br \/>\n<\/strong><\/strong><\/strong><\/p>\n","protected":false},"excerpt":{"rendered":"<p>Poimintoja opiskelun tueksi sopivista kirjoista Agresti, A. &amp; Finlay, B., Statistical Methods for the Social Sciences, 4th ed., Pearson, 2009. Sek\u00e4 perus- ett\u00e4 aineopintotasoisten menetelmien esittely\u00e4 (ilman matemaattista johtamista) soveltajan n\u00e4k\u00f6kylmasta katsottuna. Clarke, G.M. &amp; Cooke, D., A Basic course in Statistics, 5th ed., Hodder Arnold, 2009. Tilastotieteen perusk\u00e4sitteist\u00f6n ja analyysien esittely\u00e4, joka on tasoltaan &hellip; <a href=\"https:\/\/coursepages2.tuni.fi\/mtttp5\/oheiskirjallisuutta\/\" class=\"more-link\">Jatka artikkeliin <span class=\"screen-reader-text\">Oheiskirjallisuutta<\/span><\/a><\/p>\n","protected":false},"author":31,"featured_media":0,"parent":0,"menu_order":5,"comment_status":"closed","ping_status":"closed","template":"","meta":{"footnotes":""},"class_list":["post-218","page","type-page","status-publish","hentry"],"_links":{"self":[{"href":"https:\/\/coursepages2.tuni.fi\/mtttp5\/wp-json\/wp\/v2\/pages\/218","targetHints":{"allow":["GET"]}}],"collection":[{"href":"https:\/\/coursepages2.tuni.fi\/mtttp5\/wp-json\/wp\/v2\/pages"}],"about":[{"href":"https:\/\/coursepages2.tuni.fi\/mtttp5\/wp-json\/wp\/v2\/types\/page"}],"author":[{"embeddable":true,"href":"https:\/\/coursepages2.tuni.fi\/mtttp5\/wp-json\/wp\/v2\/users\/31"}],"replies":[{"embeddable":true,"href":"https:\/\/coursepages2.tuni.fi\/mtttp5\/wp-json\/wp\/v2\/comments?post=218"}],"version-history":[{"count":10,"href":"https:\/\/coursepages2.tuni.fi\/mtttp5\/wp-json\/wp\/v2\/pages\/218\/revisions"}],"predecessor-version":[{"id":792,"href":"https:\/\/coursepages2.tuni.fi\/mtttp5\/wp-json\/wp\/v2\/pages\/218\/revisions\/792"}],"wp:attachment":[{"href":"https:\/\/coursepages2.tuni.fi\/mtttp5\/wp-json\/wp\/v2\/media?parent=218"}],"curies":[{"name":"wp","href":"https:\/\/api.w.org\/{rel}","templated":true}]}}