{"id":215,"date":"2017-09-18T14:25:12","date_gmt":"2017-09-18T11:25:12","guid":{"rendered":"https:\/\/coursepages.uta.fi\/mtttp5\/?page_id=215"},"modified":"2018-09-28T11:57:30","modified_gmt":"2018-09-28T08:57:30","slug":"linkkeja","status":"publish","type":"page","link":"https:\/\/coursepages2.tuni.fi\/mtttp5\/linkkeja\/","title":{"rendered":"Linkkej\u00e4"},"content":{"rendered":"<h2><\/h2>\n<hr \/>\n<h2><span class=\"title13 blue1TXT\">T\u00e4ydent\u00e4v\u00e4\u00e4 oppimateriaalia opiskelun tueksi<\/span><\/h2>\n<p style=\"padding-left: 30px\"><span class=\"title11\"><span class=\"title11\"><span class=\"title11\"><span class=\"title11\">Yhteiskuntatieteellisen tietoarkiston menetelm\u00e4opetuksen valtakunnallinen tietovaranto<\/span><br \/>\n<a class=\"blue1TXT\" href=\"http:\/\/www.fsd.uta.fi\/menetelmaopetus\/intro.html\" target=\"_blank\" rel=\"noopener\">http:\/\/www.fsd.uta.fi\/menetelmaopetus\/intro.html<\/a><\/span><\/span><\/span><\/p>\n<p style=\"padding-left: 30px\"><span class=\"title11\"><span class=\"title11\"><span class=\"title11\">SURFSTAT australia<\/span><br \/>\n<a class=\"blue1TXT\" href=\"http:\/\/surfstat.anu.edu.au\/surfstat-home\/surfstat-main.html\" target=\"_blank\" rel=\"noopener\">http:\/\/surfstat.anu.edu.au\/surfstat-home\/surfstat-main.html<\/a><\/span><\/span><\/p>\n<p style=\"padding-left: 30px\"><span class=\"title11\"><span class=\"title11\">Online Statistics Education: An Interactive Multimedia Course of Study <\/span><br \/>\n<a href=\"http:\/\/onlinestatbook.com\/2\/index.html\" target=\"_blank\" rel=\"noopener\">http:\/\/onlinestatbook.com\/2\/index.html<\/a><\/span><\/p>\n<p style=\"padding-left: 30px\"><span class=\"title11\">HyperStat Online Statistics Textbook<\/span><br \/>\n<a class=\"blue1TXT\" href=\"http:\/\/davidmlane.com\/hyperstat\/\" target=\"_blank\" rel=\"noopener\">http:\/\/davidmlane.com\/hyperstat\/<\/a><\/p>\n<h2><span class=\"title13 blue1TXT\">Sanastoja ja sanakirjoja<\/span><\/h2>\n<p style=\"padding-left: 30px\"><span class=\"title11\">Tilastotieteen ja todenn\u00e4k\u00f6isyyslaskennan sanastoa englanti-suomi<\/span><br \/>\n<a class=\"blue1TXT\" href=\"http:\/\/www.rni.helsinki.fi\/%7Epek\/sanasto\/tilastosanasto.html\" target=\"_blank\" rel=\"noopener\">http:\/\/www.rni.helsinki.fi\/~pek\/sanasto\/tilastosanasto.html<\/a><\/p>\n<p style=\"padding-left: 30px\"><span class=\"title11\">Statistics Glossary<\/span><br \/>\n<a class=\"blue1TXT\" href=\"http:\/\/www.stats.gla.ac.uk\/steps\/glossary\/index.html\" target=\"_blank\" rel=\"noopener\">http:\/\/www.stats.gla.ac.uk\/steps\/glossary\/index.html<\/a><\/p>\n<p style=\"padding-left: 30px\"><span class=\"title11\">Internet Clossary of Statistical Terms<\/span><br \/>\n<a class=\"blue1TXT\" href=\"http:\/\/www.animatedsoftware.com\/statglos\/statglos.htm\" target=\"_blank\" rel=\"noopener\">http:\/\/www.animatedsoftware.com\/statglos\/statglos.htm<\/a><\/p>\n<p style=\"padding-left: 30px\"><span class=\"title11\">Wikipedia<\/span><br \/>\n<a class=\"blue1TXT\" href=\"http:\/\/en.wikipedia.org\/wiki\/Statistics\" target=\"_blank\" rel=\"noopener\">http:\/\/en.wikipedia.org\/wiki\/Statistics<\/a><\/p>\n<h2><span class=\"title13 blue1TXT\">Laskenta-ohjelmia verkossa<\/span><\/h2>\n<p style=\"padding-left: 30px\">VassarStats: Web Site for Statistical Computation<br \/>\n<a class=\"blue1TXT\" href=\"http:\/\/vassarstats.net\/\" target=\"_blank\" rel=\"noopener\">http:\/\/faculty.vassar.edu\/lowry\/VassarStats.html<\/a><\/p>\n<p style=\"padding-left: 30px\">Stat Trek<br \/>\n<a href=\"http:\/\/stattrek.com\/\" target=\"_blank\" rel=\"noopener\">http:\/\/stattrek.com\/<\/a><\/p>\n<p style=\"padding-left: 30px\"><span class=\"title11\">SISA Simple Interactive Statistical Analysis <\/span><br \/>\n<a class=\"blue1TXT\" href=\"http:\/\/www.quantitativeskills.com\/sisa\/\" target=\"_blank\" rel=\"noopener\">http:\/\/www.quantitativeskills.com\/sisa\/<\/a><\/p>\n<h2>SPSS-linkkej\u00e4<\/h2>\n<p style=\"padding-left: 30px\">Ks. MTTTP1:n <a href=\"https:\/\/coursepages2.tuni.fi\/mtttp1\/linkkeja\/\" target=\"_blank\" rel=\"noopener\">SPSS-linkit<\/a><\/p>\n<h2>Aineistoja<\/h2>\n<p style=\"padding-left: 30px\">Ks. MTTTP1:n <a href=\"https:\/\/coursepages2.tuni.fi\/mtttp1\/esimerkkiaineistoja\/\" target=\"_blank\" rel=\"noopener\">Esimerkkiaineistot<\/a><\/p>\n<h2>Ehdotus lis\u00e4tt\u00e4v\u00e4ksi linkiksi<\/h2>\n<p style=\"padding-left: 30px\"><a href=\"mailto:raija.leppala@uta.fi\">L\u00e4het\u00e4<\/a> ehdotus sivun t\u00e4ydent\u00e4miseksi.<\/p>\n","protected":false},"excerpt":{"rendered":"<p>T\u00e4ydent\u00e4v\u00e4\u00e4 oppimateriaalia opiskelun tueksi Yhteiskuntatieteellisen tietoarkiston menetelm\u00e4opetuksen valtakunnallinen tietovaranto http:\/\/www.fsd.uta.fi\/menetelmaopetus\/intro.html SURFSTAT australia http:\/\/surfstat.anu.edu.au\/surfstat-home\/surfstat-main.html Online Statistics Education: An Interactive Multimedia Course of Study http:\/\/onlinestatbook.com\/2\/index.html HyperStat Online Statistics Textbook http:\/\/davidmlane.com\/hyperstat\/ Sanastoja ja sanakirjoja Tilastotieteen ja todenn\u00e4k\u00f6isyyslaskennan sanastoa englanti-suomi http:\/\/www.rni.helsinki.fi\/~pek\/sanasto\/tilastosanasto.html Statistics Glossary http:\/\/www.stats.gla.ac.uk\/steps\/glossary\/index.html Internet Clossary of Statistical Terms http:\/\/www.animatedsoftware.com\/statglos\/statglos.htm Wikipedia http:\/\/en.wikipedia.org\/wiki\/Statistics Laskenta-ohjelmia verkossa VassarStats: Web Site for Statistical &hellip; <a href=\"https:\/\/coursepages2.tuni.fi\/mtttp5\/linkkeja\/\" class=\"more-link\">Jatka artikkeliin <span class=\"screen-reader-text\">Linkkej\u00e4<\/span><\/a><\/p>\n","protected":false},"author":31,"featured_media":0,"parent":0,"menu_order":4,"comment_status":"closed","ping_status":"closed","template":"","meta":{"footnotes":""},"class_list":["post-215","page","type-page","status-publish","hentry"],"_links":{"self":[{"href":"https:\/\/coursepages2.tuni.fi\/mtttp5\/wp-json\/wp\/v2\/pages\/215","targetHints":{"allow":["GET"]}}],"collection":[{"href":"https:\/\/coursepages2.tuni.fi\/mtttp5\/wp-json\/wp\/v2\/pages"}],"about":[{"href":"https:\/\/coursepages2.tuni.fi\/mtttp5\/wp-json\/wp\/v2\/types\/page"}],"author":[{"embeddable":true,"href":"https:\/\/coursepages2.tuni.fi\/mtttp5\/wp-json\/wp\/v2\/users\/31"}],"replies":[{"embeddable":true,"href":"https:\/\/coursepages2.tuni.fi\/mtttp5\/wp-json\/wp\/v2\/comments?post=215"}],"version-history":[{"count":9,"href":"https:\/\/coursepages2.tuni.fi\/mtttp5\/wp-json\/wp\/v2\/pages\/215\/revisions"}],"predecessor-version":[{"id":789,"href":"https:\/\/coursepages2.tuni.fi\/mtttp5\/wp-json\/wp\/v2\/pages\/215\/revisions\/789"}],"wp:attachment":[{"href":"https:\/\/coursepages2.tuni.fi\/mtttp5\/wp-json\/wp\/v2\/media?parent=215"}],"curies":[{"name":"wp","href":"https:\/\/api.w.org\/{rel}","templated":true}]}}