{"id":133,"date":"2017-09-18T11:29:42","date_gmt":"2017-09-18T08:29:42","guid":{"rendered":"https:\/\/coursepages.uta.fi\/mtttp5\/?page_id=133"},"modified":"2018-09-24T15:54:11","modified_gmt":"2018-09-24T12:54:11","slug":"palaute","status":"publish","type":"page","link":"https:\/\/coursepages2.tuni.fi\/mtttp5\/syksy-2018\/palaute\/","title":{"rendered":"Palaute"},"content":{"rendered":"<hr \/>\n<p>Opetuksen aikana palautetta voi antaa Moodlessa tai s\u00e4hk\u00f6postilla opettajille.<\/p>\n<p>Opetuksen p\u00e4\u00e4tytty\u00e4 jokaiselle kurssilaiselle l\u00e4hetet\u00e4\u00e4n palautekysely.<\/p>\n","protected":false},"excerpt":{"rendered":"<p>Opetuksen aikana palautetta voi antaa Moodlessa tai s\u00e4hk\u00f6postilla opettajille. Opetuksen p\u00e4\u00e4tytty\u00e4 jokaiselle kurssilaiselle l\u00e4hetet\u00e4\u00e4n palautekysely.<\/p>\n","protected":false},"author":31,"featured_media":0,"parent":34,"menu_order":5,"comment_status":"closed","ping_status":"closed","template":"","meta":{"footnotes":""},"class_list":["post-133","page","type-page","status-publish","hentry"],"_links":{"self":[{"href":"https:\/\/coursepages2.tuni.fi\/mtttp5\/wp-json\/wp\/v2\/pages\/133","targetHints":{"allow":["GET"]}}],"collection":[{"href":"https:\/\/coursepages2.tuni.fi\/mtttp5\/wp-json\/wp\/v2\/pages"}],"about":[{"href":"https:\/\/coursepages2.tuni.fi\/mtttp5\/wp-json\/wp\/v2\/types\/page"}],"author":[{"embeddable":true,"href":"https:\/\/coursepages2.tuni.fi\/mtttp5\/wp-json\/wp\/v2\/users\/31"}],"replies":[{"embeddable":true,"href":"https:\/\/coursepages2.tuni.fi\/mtttp5\/wp-json\/wp\/v2\/comments?post=133"}],"version-history":[{"count":13,"href":"https:\/\/coursepages2.tuni.fi\/mtttp5\/wp-json\/wp\/v2\/pages\/133\/revisions"}],"predecessor-version":[{"id":765,"href":"https:\/\/coursepages2.tuni.fi\/mtttp5\/wp-json\/wp\/v2\/pages\/133\/revisions\/765"}],"up":[{"embeddable":true,"href":"https:\/\/coursepages2.tuni.fi\/mtttp5\/wp-json\/wp\/v2\/pages\/34"}],"wp:attachment":[{"href":"https:\/\/coursepages2.tuni.fi\/mtttp5\/wp-json\/wp\/v2\/media?parent=133"}],"curies":[{"name":"wp","href":"https:\/\/api.w.org\/{rel}","templated":true}]}}