{"id":116,"date":"2017-09-18T11:16:45","date_gmt":"2017-09-18T08:16:45","guid":{"rendered":"https:\/\/coursepages.uta.fi\/mtttp5\/?page_id=116"},"modified":"2019-01-08T10:52:17","modified_gmt":"2019-01-08T08:52:17","slug":"kurssi-info","status":"publish","type":"page","link":"https:\/\/coursepages2.tuni.fi\/mtttp5\/syksy-2018\/kurssi-info\/","title":{"rendered":"Kurssi-info"},"content":{"rendered":"<hr \/>\n<h2>Opintojakson sis\u00e4lt\u00f6<\/h2>\n<p>Todenn\u00e4k\u00f6isyyslaskentaa<br \/>\nTodenn\u00e4k\u00f6isyysjakaumia<br \/>\nSatunnaisotos<br \/>\nOtossuure<br \/>\nOtosjakauma<br \/>\nParametrien estimointi<br \/>\nHypoteesien testaus<br \/>\nSPSS-ohjelmiston k\u00e4ytt\u00f6\u00e4<\/p>\n<p>Katso my\u00f6s <a href=\"https:\/\/www10.uta.fi\/opas\/opintojakso.htm?rid=14974&amp;idx=2&amp;uiLang=fi&amp;lang=fi&amp;lvv=2018\" target=\"_blank\" rel=\"noopener\">opinto-opas <\/a><\/p>\n<h2>Vaadittavat opintosuoritukset<\/h2>\n<p>Opetukseen liittyv\u00e4 tentti to 13.12.2018 klo 9.15-12.00 ls. A1, johon voi osallistua, jos on tehnyt kurssin aikana v\u00e4hint\u00e4\u00e4n 30 % laskuharjoituksista. Tenttiin ilmoittautuminen <a href=\"https:\/\/www10.uta.fi\/nettiopsu\/tentti\/tentti.htm?action=jakso&amp;jaksoId=47933\">NettiOpsussa<\/a> 19.11. &#8211; 11.12.<\/p>\n<p>Muut vaihtoehtoiset tentit (sek\u00e4 uusintatentit, my\u00f6s omatoimisesti opiskeleville) LUO:n tenttip\u00e4ivin\u00e4 14.12.2018, 18.1.2019, 8.3.2019, 5.4.2019, kes\u00e4tentti 6.6.2019 (ilmoitautuminen <a href=\"https:\/\/www10.uta.fi\/nettiopsu\/tentti\/tentti.htm?action=jakso&amp;jaksoId=47933\">NettiOpsussa<\/a>, kellonajat ja paikat my\u00f6s <a href=\"https:\/\/www10.uta.fi\/opas\/opetusohjelma\/tenttipaivat.htm?lts=LUOTK&amp;lvv=2018&amp;uiLang=fi&amp;kieli=fi\">opetusohjelmassa<\/a>). Laskuharjoitusten tekopakkoa n\u00e4ihin tentteihin liittyen ei ole, ei my\u00f6sk\u00e4\u00e4n laskuharjoitusten perusteella hyvityspistemahdollisuutta.<\/p>\n<p>Tentin ajaksi saa k\u00e4ytt\u00f6\u00f6n samanlaisen kaavakokoelman ja jakaumataulukot, jotka ovat luentorungon liittein\u00e4, l\u00f6ytyv\u00e4t my\u00f6s Oikopoluista kohdista <a href=\"http:\/\/www.sis.uta.fi\/tilasto\/mtttp5\/syksy2018\/kaavat.pdf\" target=\"_blank\" rel=\"noopener\">Kaavakokoelma<\/a>, <a href=\"http:\/\/www.sis.uta.fi\/tilasto\/mtttp5\/syksy2018\/N(0_1).pdf\" target=\"_blank\" rel=\"noopener\">Normaalijakauman taulukko<\/a>, <a href=\"http:\/\/www.sis.uta.fi\/tilasto\/mtttp5\/syksy2018\/studentin_t.pdf\" target=\"_blank\" rel=\"noopener\">Studentin t-jakauman taulukko<\/a>. Tentiss\u00e4 pit\u00e4\u00e4 olla mukana oma, ei-ohjelmoitava laskin (ei saa lainaksi). Muuta omaa materiaalia (kuten esim. MAOLin taulukoita) ei saa k\u00e4ytt\u00e4\u00e4.<\/p>\n<p>Kaikki tentit perustuvat luentoihin ja opintojakson harjoituksiin, jotka l\u00f6yd\u00e4t opintojakson sivustolta. Tukena voit k\u00e4ytt\u00e4\u00e4 <a href=\"https:\/\/coursepages2.tuni.fi\/mtttp5\/oheiskirjallisuutta\/\"> oheiskirjallisuutta<\/a> sek\u00e4 <a href=\"https:\/\/coursepages2.tuni.fi\/mtttp5\/linkkeja\/\">linkkej\u00e4<\/a>-sivun materiaalia. Kurssin voi opiskella itsen\u00e4isesti t\u00e4m\u00e4n materiaalin perusteella.<\/p>\n<p>Tenttien arviointi saatujen pisteiden perusteella: 15\u201318 \u2192 1, 19\u201321 \u2192 2, 22\u201324 \u2192 3, 25\u201327 \u2192 4, 28\u201330 \u2192 5.<\/p>\n<h2>Laskuharjoituksista<\/h2>\n<p>Laskuharjoituksissa k\u00e4sitell\u00e4\u00e4n annetut teht\u00e4v\u00e4t siten, ett\u00e4 opiskelijat esitt\u00e4v\u00e4t (kotiteht\u00e4vin\u00e4 etuk\u00e4teen tekem\u00e4ns\u00e4) ratkaisut teht\u00e4viin.<\/p>\n<p>Harjoitukset voi halutessaan j\u00e4tt\u00e4\u00e4 kirjallisenakin kolme kertaa, muiden kertojen osalta hyvityksen saanti edellytt\u00e4\u00e4 paikalla oloa harjoituksissa. Lepp\u00e4l\u00e4 tarkastaa kirjallisesti j\u00e4tetyt teht\u00e4v\u00e4t. Ne j\u00e4tet\u00e4\u00e4n h\u00e4nelle tai h\u00e4nen huoneensa (Pinni <a href=\"http:\/\/www.uta.fi\/sis\/yhteystiedot\/huonekartat\/2.html\" target=\"_blank\" rel=\"noopener\">B0027<\/a>) ulkopuolella, vastap\u00e4isell\u00e4 sein\u00e4ll\u00e4 olevaan postilaatikkoon ennen oman harjoitusryhm\u00e4n alkua. Ratkaisunsa voi hakea takaisin tarkastajalta.<\/p>\n<p>Jos on poikkeuksellisesti jollain viikolla estynyt osallistumaan omaan laskuharjoitusryhm\u00e4\u00e4n, niin voi tilap\u00e4isesti osallistua johonkun muuhun ryhm\u00e4\u00e4n.<\/p>\n<p style=\"text-align: left\">Tehdyist\u00e4 laskuharjoitusteht\u00e4vist\u00e4 annetaan hyvityspisteit\u00e4 tentiss\u00e4 13.12.2018 (ei muissa tenteiss\u00e4, eiv\u00e4t siirry seuraaville vuosille). Hyvityspisteet lis\u00e4t\u00e4\u00e4n tenttipistem\u00e4\u00e4r\u00e4\u00e4n, jos hyv\u00e4ksymisraja 15 pistett\u00e4 on saavutettu. Hyvityspisteet tehtyjen teht\u00e4vien perusteella<\/p>\n<table>\n<tbody>\n<tr>\n<td>Tehtyj\u00e4<br \/>\nteht\u00e4vi\u00e4 %<\/td>\n<td>Tehdyt teht\u00e4v\u00e4t<\/td>\n<td>Hyvityspisteet<br \/>\ntentiss\u00e4 13.12.2018<\/td>\n<\/tr>\n<tr>\n<td>30,0 \u2013 49,9<\/td>\n<td>18 \u2013\u00a0 28<\/td>\n<td>0<\/td>\n<\/tr>\n<tr>\n<td>50,0 \u2013 69,9<\/td>\n<td>29 \u2013\u00a0 40<\/td>\n<td>1<\/td>\n<\/tr>\n<tr>\n<td>70,0 \u2013 89,9<\/td>\n<td>41 \u2013\u00a0 52<\/td>\n<td>2<\/td>\n<\/tr>\n<tr>\n<td>90,0 \u2013 100,0<\/td>\n<td>53 \u2013\u00a0 58<\/td>\n<td>3<\/td>\n<\/tr>\n<\/tbody>\n<\/table>\n<p>&nbsp;<\/p>\n","protected":false},"excerpt":{"rendered":"<p>Opintojakson sis\u00e4lt\u00f6 Todenn\u00e4k\u00f6isyyslaskentaa Todenn\u00e4k\u00f6isyysjakaumia Satunnaisotos Otossuure Otosjakauma Parametrien estimointi Hypoteesien testaus SPSS-ohjelmiston k\u00e4ytt\u00f6\u00e4 Katso my\u00f6s opinto-opas Vaadittavat opintosuoritukset Opetukseen liittyv\u00e4 tentti to 13.12.2018 klo 9.15-12.00 ls. A1, johon voi osallistua, jos on tehnyt kurssin aikana v\u00e4hint\u00e4\u00e4n 30 % laskuharjoituksista. Tenttiin ilmoittautuminen NettiOpsussa 19.11. &#8211; 11.12. Muut vaihtoehtoiset tentit (sek\u00e4 uusintatentit, my\u00f6s omatoimisesti opiskeleville) LUO:n tenttip\u00e4ivin\u00e4 &hellip; <a href=\"https:\/\/coursepages2.tuni.fi\/mtttp5\/syksy-2018\/kurssi-info\/\" class=\"more-link\">Jatka artikkeliin <span class=\"screen-reader-text\">Kurssi-info<\/span><\/a><\/p>\n","protected":false},"author":31,"featured_media":0,"parent":34,"menu_order":1,"comment_status":"closed","ping_status":"closed","template":"","meta":{"footnotes":""},"class_list":["post-116","page","type-page","status-publish","hentry"],"_links":{"self":[{"href":"https:\/\/coursepages2.tuni.fi\/mtttp5\/wp-json\/wp\/v2\/pages\/116","targetHints":{"allow":["GET"]}}],"collection":[{"href":"https:\/\/coursepages2.tuni.fi\/mtttp5\/wp-json\/wp\/v2\/pages"}],"about":[{"href":"https:\/\/coursepages2.tuni.fi\/mtttp5\/wp-json\/wp\/v2\/types\/page"}],"author":[{"embeddable":true,"href":"https:\/\/coursepages2.tuni.fi\/mtttp5\/wp-json\/wp\/v2\/users\/31"}],"replies":[{"embeddable":true,"href":"https:\/\/coursepages2.tuni.fi\/mtttp5\/wp-json\/wp\/v2\/comments?post=116"}],"version-history":[{"count":54,"href":"https:\/\/coursepages2.tuni.fi\/mtttp5\/wp-json\/wp\/v2\/pages\/116\/revisions"}],"predecessor-version":[{"id":843,"href":"https:\/\/coursepages2.tuni.fi\/mtttp5\/wp-json\/wp\/v2\/pages\/116\/revisions\/843"}],"up":[{"embeddable":true,"href":"https:\/\/coursepages2.tuni.fi\/mtttp5\/wp-json\/wp\/v2\/pages\/34"}],"wp:attachment":[{"href":"https:\/\/coursepages2.tuni.fi\/mtttp5\/wp-json\/wp\/v2\/media?parent=116"}],"curies":[{"name":"wp","href":"https:\/\/api.w.org\/{rel}","templated":true}]}}