{"id":5,"date":"2017-06-22T10:58:06","date_gmt":"2017-06-22T07:58:06","guid":{"rendered":"https:\/\/coursepages.uta.fi\/mtttp4\/?page_id=5"},"modified":"2019-08-13T15:25:28","modified_gmt":"2019-08-13T12:25:28","slug":"paasivu","status":"publish","type":"page","link":"https:\/\/coursepages2.tuni.fi\/mtttp4\/","title":{"rendered":"P\u00e4\u00e4sivu"},"content":{"rendered":"<h2>Opetus<\/h2>\n<p>Kurssi pidet\u00e4\u00e4n j\u00e4lleen<br \/>\n<a href=\"https:\/\/www.tuni.fi\/opiskelijanopas\/opintotiedot\/opintojaksot\/uta-ykoodi-33645?year=2019&amp;activeTab=1\">syksyll\u00e4 2019<\/a>.<br \/>\nT\u00e4m\u00e4 on Todenn\u00e4k\u00f6isyyslaskennan julkinen sivu, joka tarjoaa linkkej\u00e4<br \/>\nosaan kurssin materiaaleista itseopiskelua varten, varsinainen kurssisivu on<br \/>\n<a href=\"https:\/\/moodle.tuni.fi\/course\/view.php?id=1166\">Moodle-sivu.<\/a><\/p>\n<h2>Luentokalvot<\/h2>\n<p><a href=\"http:\/\/www.sis.uta.fi\/~klkelu\/kurssit\/tnlaskenta\/toden.pdf\">Luentokalvot <\/a>kertyv\u00e4t kurssin kuluessa.<\/p>\n<h2>Luentomoniste<\/h2>\n<p>Luennot perustuvat p\u00e4\u00e4asiassa Erkki Liskin luentomateriaaliin, joka on saatavilla luvuittain t\u00e4ss\u00e4:<\/p>\n<ul>\n<li><a href=\"http:\/\/www.uta.fi\/sis\/mtt\/mtttp4\/Luku1.pdf\">Luku 1<\/a><\/li>\n<li><a href=\"http:\/\/www.uta.fi\/sis\/mtt\/mtttp4\/Luku2.pdf\">Luku 2<\/a><\/li>\n<li><a href=\"http:\/\/www.uta.fi\/sis\/mtt\/mtttp4\/Luku3.pdf\">Luku 3<\/a><\/li>\n<li><a href=\"http:\/\/www.uta.fi\/sis\/mtt\/mtttp4\/Luku4.pdf\">Luku 4<\/a><\/li>\n<\/ul>\n<h2>Harjoitukset<\/h2>\n<p>Laskuharjoituksien teht\u00e4v\u00e4t ovat <a href=\"http:\/\/www.sis.uta.fi\/~klkelu\/kurssit\/tnlaskenta\/harj\/\">omalla sivullaan.<\/a><\/p>\n","protected":false},"excerpt":{"rendered":"<p>Opetus Kurssi pidet\u00e4\u00e4n j\u00e4lleen syksyll\u00e4 2019. T\u00e4m\u00e4 on Todenn\u00e4k\u00f6isyyslaskennan julkinen sivu, joka tarjoaa linkkej\u00e4 osaan kurssin materiaaleista itseopiskelua varten, varsinainen kurssisivu on Moodle-sivu. Luentokalvot Luentokalvot kertyv\u00e4t kurssin kuluessa. Luentomoniste Luennot perustuvat p\u00e4\u00e4asiassa Erkki Liskin luentomateriaaliin, joka on saatavilla luvuittain t\u00e4ss\u00e4: Luku 1 Luku 2 Luku 3 Luku 4 Harjoitukset Laskuharjoituksien teht\u00e4v\u00e4t ovat omalla sivullaan.<\/p>\n","protected":false},"author":1,"featured_media":0,"parent":0,"menu_order":0,"comment_status":"closed","ping_status":"closed","template":"","meta":{"footnotes":""},"class_list":["post-5","page","type-page","status-publish","hentry"],"_links":{"self":[{"href":"https:\/\/coursepages2.tuni.fi\/mtttp4\/wp-json\/wp\/v2\/pages\/5","targetHints":{"allow":["GET"]}}],"collection":[{"href":"https:\/\/coursepages2.tuni.fi\/mtttp4\/wp-json\/wp\/v2\/pages"}],"about":[{"href":"https:\/\/coursepages2.tuni.fi\/mtttp4\/wp-json\/wp\/v2\/types\/page"}],"author":[{"embeddable":true,"href":"https:\/\/coursepages2.tuni.fi\/mtttp4\/wp-json\/wp\/v2\/users\/1"}],"replies":[{"embeddable":true,"href":"https:\/\/coursepages2.tuni.fi\/mtttp4\/wp-json\/wp\/v2\/comments?post=5"}],"version-history":[{"count":11,"href":"https:\/\/coursepages2.tuni.fi\/mtttp4\/wp-json\/wp\/v2\/pages\/5\/revisions"}],"predecessor-version":[{"id":30,"href":"https:\/\/coursepages2.tuni.fi\/mtttp4\/wp-json\/wp\/v2\/pages\/5\/revisions\/30"}],"wp:attachment":[{"href":"https:\/\/coursepages2.tuni.fi\/mtttp4\/wp-json\/wp\/v2\/media?parent=5"}],"curies":[{"name":"wp","href":"https:\/\/api.w.org\/{rel}","templated":true}]}}