{"id":85,"date":"2017-10-06T13:51:31","date_gmt":"2017-10-06T10:51:31","guid":{"rendered":"https:\/\/coursepages.uta.fi\/mtttp1\/?page_id=85"},"modified":"2019-06-13T11:22:34","modified_gmt":"2019-06-13T08:22:34","slug":"linkkeja","status":"publish","type":"page","link":"https:\/\/coursepages2.tuni.fi\/mtttp1\/linkkeja\/","title":{"rendered":"Linkkej\u00e4"},"content":{"rendered":"<hr \/>\n<h2>T\u00e4ydent\u00e4v\u00e4\u00e4 oppimateriaalia opiskelun tueksi<\/h2>\n<p>Yhteiskuntatieteellisen tietoarkiston menetelm\u00e4opetuksen valtakunnallinen tietovaranto<br \/>\n<a href=\"http:\/\/www.fsd.uta.fi\/menetelmaopetus\/intro.html\" target=\"_blank\" rel=\"noopener\">http:\/\/www.fsd.uta.fi\/menetelmaopetus\/intro.html<\/a><\/p>\n<p>Tilastokeskuksen verkkokoulu<br \/>\n<a href=\"http:\/\/tilastokeskus.fi\/tk\/tp\/verkkokoulu\/vk\/tt\/index.html\" target=\"_blank\" rel=\"noopener\">http:\/\/tilastokeskus.fi\/tk\/tp\/verkkokoulu\/vk\/tt\/index.html<\/a><\/p>\n<p>Hyperstat online<br \/>\n<a href=\"http:\/\/davidmlane.com\/hyperstat\/\" target=\"_blank\" rel=\"noopener\">http:\/\/davidmlane.com\/hyperstat\/<\/a><\/p>\n<p>SURFSTAT australia<br \/>\n<a href=\"http:\/\/surfstat.anu.edu.au\/surfstat-home\/surfstat-main.html\" target=\"_blank\" rel=\"noopener\">http:\/\/surfstat.anu.edu.au\/surfstat-home\/surfstat-main.html<\/a><\/p>\n<p>Mordelius Academy<br \/>\n<a href=\"https:\/\/www.youtube.com\/results?search_query=mordelius+academy\">https:\/\/www.youtube.com\/results?search_query=mordelius+academy<\/a><\/p>\n<h2>Sanastoja ja sanakirjoja<\/h2>\n<p>Statistics Glossary<br \/>\n<a href=\"http:\/\/www.stats.gla.ac.uk\/steps\/glossary\/index.html\" target=\"_blank\" rel=\"noopener\">http:\/\/www.stats.gla.ac.uk\/steps\/glossary\/index.html<\/a><\/p>\n<p>Wikipedia<br \/>\n<a href=\"http:\/\/en.wikipedia.org\/wiki\/Statistics\" target=\"_blank\" rel=\"noopener\">http:\/\/en.wikipedia.org\/wiki\/Statistics<\/a><\/p>\n<h2>Laskentaohjelmia<\/h2>\n<p><a href=\"http:\/\/www.r-project.org\/\" target=\"_blank\" rel=\"noopener\">R<\/a> &#8211; tilastollinen ohjelmointiymp\u00e4rist\u00f6<br \/>\nOpintojakson <a href=\"http:\/\/www.sis.uta.fi\/tilasto\/tiltp_aineistoja\/r-opas.pdf\" target=\"_blank\" rel=\"noopener\">harjoitusty\u00f6<\/a>, jossa R:n k\u00e4ytt\u00f6ohjeita liittyen tilastotieteen johdantokurssilla esitettyihin analysointeihin, ohjeissa k\u00e4ytetty <a href=\"http:\/\/www.sis.uta.fi\/tilasto\/tiltp_aineistoja\/firmat.tsv\" target=\"_blank\" rel=\"noopener\">aineisto<\/a>.<\/p>\n<p><a href=\"http:\/\/www.gnu.org\/software\/pspp\/\" target=\"_blank\" rel=\"noopener\">GNU PSPP<\/a> &#8211; ohjelmisto<br \/>\nTilastolliseen analyysiin suunniteltu ilmainen GNU GPL -lisenssin alainen avoimen l\u00e4hdekoodin ohjelmisto. PSPP on vaihtoehto kaupalliselle SPSS:lle. <a href=\"http:\/\/www.sis.uta.fi\/tilasto\/tiltp_aineistoja\/GNU_PSPP.pdf\" target=\"_blank\" rel=\"noopener\">Ohjeita<\/a> sovelluksen k\u00e4ytt\u00f6\u00f6n sek\u00e4 tilastotieteen johdantokurssilla esitettyjen analyysien tekemiseen.<\/p>\n<p>VassarStats: Web Site for Statistical Computation<br \/>\n<a href=\"http:\/\/vassarstats.net\" target=\"_blank\" rel=\"noopener\">http:\/\/vassarstats.net<\/a><\/p>\n<p>Social Science Statistics: Web Site for Statistical Computation<br \/>\n<a href=\"http:\/\/www.socscistatistics.com\" target=\"_blank\" rel=\"noopener\">http:\/\/www.socscistatistics.com<\/a><\/p>\n<h2><span class=\"title11\">SPSS-ohjelmiston k\u00e4ytt\u00f6\u00f6n liittyvi\u00e4<\/span><\/h2>\n<p><a href=\"http:\/\/cs.uef.fi\/statistics\/newspss\/index.php\/fi\" target=\"_blank\" rel=\"noopener\">http:\/\/cs.uef.fi\/statistics\/newspss\/index.php\/fi<\/a><br \/>\nTekij\u00e4 Eero Korpelainen, It\u00e4-Suomen yliopisto.<br \/>\nOhjeita, teht\u00e4vi\u00e4 sek\u00e4 oman osaamisen testausta (voit suorittaa testin, mutta sit\u00e4 ei tarvitse l\u00e4hett\u00e4\u00e4) liittyen aineiston tallettamiseen, muokkamiseen, jakaumien tekemiseen, tunnuslukujen laskuun sek\u00e4 analyysien (ristiintaulukko, t-testi ja variansssianalyysi, regressioanalyysi) tekemiseen.<\/p>\n<p><a href=\"http:\/\/www.fsd.uta.fi\/menetelmaopetus\/SPSS\/spss.html\" target=\"_blank\" rel=\"noopener\"> http:\/\/www.fsd.uta.fi\/menetelmaopetus\/SPSS\/spss.html<\/a><br \/>\nTekij\u00e4 <a href=\"http:\/\/www.fsd.uta.fi\/\" target=\"_blank\" rel=\"noopener\"> Yhteiskuntatieteellinen tietoarkisto<\/a>.<br \/>\nTietoa kvantitatiivisista menetelmist\u00e4 ja niiden tekemisest\u00e4 SPSS:ll\u00e4, my\u00f6s <a href=\"http:\/\/www.fsd.uta.fi\/menetelmaopetus\/SPSS\/opiskeluohjeita.html\" target=\"_blank\" rel=\"noopener\">SPSS-oppaita<\/a>.<\/p>\n<p><a href=\"http:\/\/urn.fi\/URN:ISBN:978-952-03-0501-7\" target=\"_blank\" rel=\"noopener\">http:\/\/urn.fi\/URN:ISBN:978-952-03-0501-7<\/a><br \/>\nLepp\u00e4l\u00e4, R., Ohjeita tilastollisen tutkimuksen toteuttamiseksi IBM SPSS Statistics -ohjelmiston avulla. Tampereen yliopisto, Informaatiotieteiden yksik\u00f6n raportteja 55\/2017.<\/p>\n<p>Tampereen yliopiston henkil\u00f6kunta, l\u00e4sn\u00e4olevat opiskelijat ja avoimen yliopiston opiskelijat voivat asentaa SPSS-ohjelman\u00a0omistamiinsa\u00a0koneisiin maksutta, ks.<br \/>\n<a href=\"https:\/\/intra.uta.fi\/portal\/fi_FI\/group\/tietopankki\/lisenssivalitys#SPSS\">https:\/\/intra.uta.fi\/portal\/fi_FI\/group\/tietopankki\/lisenssivalitys#SPSS<\/a><\/p>\n<p>&nbsp;<\/p>\n","protected":false},"excerpt":{"rendered":"<p>T\u00e4ydent\u00e4v\u00e4\u00e4 oppimateriaalia opiskelun tueksi Yhteiskuntatieteellisen tietoarkiston menetelm\u00e4opetuksen valtakunnallinen tietovaranto http:\/\/www.fsd.uta.fi\/menetelmaopetus\/intro.html Tilastokeskuksen verkkokoulu http:\/\/tilastokeskus.fi\/tk\/tp\/verkkokoulu\/vk\/tt\/index.html Hyperstat online http:\/\/davidmlane.com\/hyperstat\/ SURFSTAT australia http:\/\/surfstat.anu.edu.au\/surfstat-home\/surfstat-main.html Mordelius Academy https:\/\/www.youtube.com\/results?search_query=mordelius+academy Sanastoja ja sanakirjoja Statistics Glossary http:\/\/www.stats.gla.ac.uk\/steps\/glossary\/index.html Wikipedia http:\/\/en.wikipedia.org\/wiki\/Statistics Laskentaohjelmia R &#8211; tilastollinen ohjelmointiymp\u00e4rist\u00f6 Opintojakson harjoitusty\u00f6, jossa R:n k\u00e4ytt\u00f6ohjeita liittyen tilastotieteen johdantokurssilla esitettyihin analysointeihin, ohjeissa k\u00e4ytetty aineisto. GNU PSPP &#8211; ohjelmisto Tilastolliseen analyysiin suunniteltu &hellip; <a href=\"https:\/\/coursepages2.tuni.fi\/mtttp1\/linkkeja\/\" class=\"more-link\">Jatka artikkeliin <span class=\"screen-reader-text\">Linkkej\u00e4<\/span><\/a><\/p>\n","protected":false},"author":31,"featured_media":0,"parent":0,"menu_order":21,"comment_status":"closed","ping_status":"closed","template":"","meta":{"footnotes":""},"class_list":["post-85","page","type-page","status-publish","hentry"],"_links":{"self":[{"href":"https:\/\/coursepages2.tuni.fi\/mtttp1\/wp-json\/wp\/v2\/pages\/85","targetHints":{"allow":["GET"]}}],"collection":[{"href":"https:\/\/coursepages2.tuni.fi\/mtttp1\/wp-json\/wp\/v2\/pages"}],"about":[{"href":"https:\/\/coursepages2.tuni.fi\/mtttp1\/wp-json\/wp\/v2\/types\/page"}],"author":[{"embeddable":true,"href":"https:\/\/coursepages2.tuni.fi\/mtttp1\/wp-json\/wp\/v2\/users\/31"}],"replies":[{"embeddable":true,"href":"https:\/\/coursepages2.tuni.fi\/mtttp1\/wp-json\/wp\/v2\/comments?post=85"}],"version-history":[{"count":26,"href":"https:\/\/coursepages2.tuni.fi\/mtttp1\/wp-json\/wp\/v2\/pages\/85\/revisions"}],"predecessor-version":[{"id":852,"href":"https:\/\/coursepages2.tuni.fi\/mtttp1\/wp-json\/wp\/v2\/pages\/85\/revisions\/852"}],"wp:attachment":[{"href":"https:\/\/coursepages2.tuni.fi\/mtttp1\/wp-json\/wp\/v2\/media?parent=85"}],"curies":[{"name":"wp","href":"https:\/\/api.w.org\/{rel}","templated":true}]}}