{"id":775,"date":"2019-02-08T14:11:40","date_gmt":"2019-02-08T12:11:40","guid":{"rendered":"https:\/\/coursepages.uta.fi\/mtttp1\/?page_id=775"},"modified":"2019-06-13T11:17:07","modified_gmt":"2019-06-13T08:17:07","slug":"oikopolkuja-materiaaleihin","status":"publish","type":"page","link":"https:\/\/coursepages2.tuni.fi\/mtttp1\/kevat-2019\/oikopolkuja-materiaaleihin\/","title":{"rendered":"Oikopolkuja materiaaleihin"},"content":{"rendered":"<hr \/>\n<p><a href=\"http:\/\/www.sis.uta.fi\/tilasto\/mtttp1\/syksy2018\/luentorunko.pdf\">Luentomoniste<\/a><\/p>\n<p><a href=\"http:\/\/www.sis.uta.fi\/tilasto\/mtttp1\/kevat2019\/kaikki_luentokalvot.pdf\">Kaikki luentokalvot<\/a><\/p>\n<p><a href=\"http:\/\/www.sis.uta.fi\/tilasto\/mtttp1\/syksy2018\/kaavat.pdf\">Kaava- ja taulukkokokoelma<\/a><\/p>\n<p><a href=\"http:\/\/www.sis.uta.fi\/tilasto\/mtttp1\/syksy2018\/esimerkit_kaavoihin.pdf\">Selityksi\u00e4 ja esimerkkej\u00e4 kaavoihin<\/a><\/p>\n<p><a href=\"http:\/\/www.sis.uta.fi\/tilasto\/mtttp1\/syksy2018\/htyop118.pdf\">Harjoitusty\u00f6n teko-ohjeet<\/a><\/p>\n<p><a href=\"http:\/\/www.sis.uta.fi\/tilasto\/mtttp1\/syksy2018\/itseopiskelu.pdf\">Itsen\u00e4inen opiskelu<\/a> (ohjeistus)<\/p>\n<p>&nbsp;<\/p>\n","protected":false},"excerpt":{"rendered":"<p>Luentomoniste Kaikki luentokalvot Kaava- ja taulukkokokoelma Selityksi\u00e4 ja esimerkkej\u00e4 kaavoihin Harjoitusty\u00f6n teko-ohjeet Itsen\u00e4inen opiskelu (ohjeistus) &nbsp;<\/p>\n","protected":false},"author":31,"featured_media":0,"parent":724,"menu_order":7,"comment_status":"closed","ping_status":"closed","template":"","meta":{"footnotes":""},"class_list":["post-775","page","type-page","status-publish","hentry"],"_links":{"self":[{"href":"https:\/\/coursepages2.tuni.fi\/mtttp1\/wp-json\/wp\/v2\/pages\/775","targetHints":{"allow":["GET"]}}],"collection":[{"href":"https:\/\/coursepages2.tuni.fi\/mtttp1\/wp-json\/wp\/v2\/pages"}],"about":[{"href":"https:\/\/coursepages2.tuni.fi\/mtttp1\/wp-json\/wp\/v2\/types\/page"}],"author":[{"embeddable":true,"href":"https:\/\/coursepages2.tuni.fi\/mtttp1\/wp-json\/wp\/v2\/users\/31"}],"replies":[{"embeddable":true,"href":"https:\/\/coursepages2.tuni.fi\/mtttp1\/wp-json\/wp\/v2\/comments?post=775"}],"version-history":[{"count":2,"href":"https:\/\/coursepages2.tuni.fi\/mtttp1\/wp-json\/wp\/v2\/pages\/775\/revisions"}],"predecessor-version":[{"id":841,"href":"https:\/\/coursepages2.tuni.fi\/mtttp1\/wp-json\/wp\/v2\/pages\/775\/revisions\/841"}],"up":[{"embeddable":true,"href":"https:\/\/coursepages2.tuni.fi\/mtttp1\/wp-json\/wp\/v2\/pages\/724"}],"wp:attachment":[{"href":"https:\/\/coursepages2.tuni.fi\/mtttp1\/wp-json\/wp\/v2\/media?parent=775"}],"curies":[{"name":"wp","href":"https:\/\/api.w.org\/{rel}","templated":true}]}}