{"id":757,"date":"2019-02-08T13:41:06","date_gmt":"2019-02-08T11:41:06","guid":{"rendered":"https:\/\/coursepages.uta.fi\/mtttp1\/?page_id=757"},"modified":"2019-06-13T11:14:10","modified_gmt":"2019-06-13T08:14:10","slug":"kurssi-info","status":"publish","type":"page","link":"https:\/\/coursepages2.tuni.fi\/mtttp1\/kevat-2019\/kurssi-info\/","title":{"rendered":"Kurssi-info"},"content":{"rendered":"<hr \/>\n<h2>Opintojakson sis\u00e4lt\u00f6<\/h2>\n<p>Johdanto<br \/>\nTilastollisen tutkimus ja sen ty\u00f6vaiheet<br \/>\nHavaintoaineisto<br \/>\nMittaaminen<br \/>\nEmpiiriset jakaumat<br \/>\nAikasarjoista<br \/>\nTilastollisen p\u00e4\u00e4ttelyn perusteita<br \/>\nSPSS-ohjelmiston k\u00e4ytt\u00f6\u00e4<br \/>\nEmpiirinen harjoitusty\u00f6, ks. <a href=\"http:\/\/www.sis.uta.fi\/tilasto\/mtttp1\/syksy2018\/htyop118.pdf\">ohjeet<\/a><\/p>\n<p>Katso my\u00f6s <a href=\"https:\/\/www10.uta.fi\/opas\/opintojakso.htm?rid=14974&amp;idx=1&amp;uiLang=fi&amp;lang=fi&amp;lvv=2018\" target=\"_blank\" rel=\"noopener\">opinto-opas<\/a><\/p>\n<h2>Vaadittavat opintosuoritukset<\/h2>\n<p>Opintojaksoon liittyy harjoitusty\u00f6 (ks. <a href=\"https:\/\/coursepages2.tuni.fi\/mtttp1\/kevat-2019\/harjoitustyo\/\">ohjeet ja tarkastajat<\/a>) sek\u00e4 tentti. Suoritusmerkinn\u00e4n saa vasta harjoitusty\u00f6n hyv\u00e4ksynn\u00e4n j\u00e4lkeen. Harjoitusty\u00f6 on j\u00e4tett\u00e4v\u00e4 tarkastettavaksi ennen tenttiin osallistumista.<\/p>\n<p>Harjoitusty\u00f6 tehd\u00e4\u00e4n 1\u20133 hengen ryhm\u00e4ty\u00f6n\u00e4. Sen voi palauttaa harjoitusty\u00f6n tarkastajalle, luennoitsijalle tai j\u00e4tt\u00e4\u00e4 luennoitsijan huoneen Pinni B0027 ulkopuolella, vastakkaisella sein\u00e4ll\u00e4 olevaan postilaatikkoon.<\/p>\n<p>Hyv\u00e4ksytty harjoitusty\u00f6 on voimassa ainakin lukuvuoden 2018\u20132019 ajan. Aiemmin hyv\u00e4ksytty harjoitusty\u00f6 hyv\u00e4ksyt\u00e4\u00e4n ty\u00f6ksi, mutta hyv\u00e4ksynn\u00e4st\u00e4 ei saa olla yli kahta vuotta.<\/p>\n<p>Tentin ajaksi saa k\u00e4ytt\u00f6\u00f6n samanlaisen kaava- ja taulukkokokoelman, joka on luentomonisteen liitteen\u00e4, l\u00f6ytyy my\u00f6s kohdasta <a href=\"https:\/\/coursepages2.tuni.fi\/mtttp1\/kevat-2019\/oikopolkuja-materiaaleihin\/\">Oikopolkuja materiaaleihin.<\/a>\u00a0Tentiss\u00e4 saa olla mukana oma, ei-ohjelmoitava laskin (ei saa lainaksi). Muuta omaa materiaalia (kuten esim. MAOLin taulukoita) ei saa k\u00e4ytt\u00e4\u00e4.<\/p>\n<p>Tenttivaihtoehdot:<\/p>\n<p>Opetukseen liittyv\u00e4 tentti ma 29.4.2019 klo 12.15-15, LS A1. T\u00e4h\u00e4n voi osallistua, jos on tehnyt kev\u00e4\u00e4n 2019 periodin IV aikana v\u00e4hint\u00e4\u00e4n 30% harjoituksista ja j\u00e4tt\u00e4nyt harjoitusty\u00f6n ennen tentti\u00e4 tarkastettavaksi (tai se on hyv\u00e4ksytty aiemmin). Tenttiin ilmoittautuminen 1. \u2013 25.4. <a href=\"https:\/\/www10.uta.fi\/nettiopsu\/tentti\/tentti.htm?action=jakso&amp;jaksoId=38905\">NettiOpsussa<\/a>.<\/p>\n<p>Muut vaihtoehtoiset tentit, jotka ovat my\u00f6s uusintatenttej\u00e4 sek\u00e4 omatoimisesti opiskeleville, LUO:n tenttip\u00e4ivin\u00e4 3.5.2019, 23.5.2019, 6.6.2019, ks. <a href=\"https:\/\/www10.uta.fi\/nettiopsu\/tentti\/tentti.htm?action=jakso&amp;jaksoId=38905\" target=\"_blank\" rel=\"noopener\">NettiOpsu<\/a>, kellonajat ja paikat my\u00f6s <a href=\"https:\/\/www10.uta.fi\/opas\/opetusohjelma\/tenttipaivat.htm?lts=LUOTK&amp;lvv=2018&amp;uiLang=fi&amp;kieli=fi\">opetusohjelmassa<\/a>. N\u00e4ihin tentteihin osallistujan on j\u00e4tett\u00e4v\u00e4 harjoitusty\u00f6 tarkastettavaksi viimeist\u00e4\u00e4n 7 vuorokautta ennen tentti\u00e4. Laskuharjoitusten tekopakkoa n\u00e4ihin tentteihin liittyen ei ole, ei my\u00f6sk\u00e4\u00e4n laskuharjoitusten perusteella hyvityspistemahdollisuutta. Itsen\u00e4isen opiskelun tukena voi k\u00e4ytt\u00e4\u00e4 <a href=\"http:\/\/www.sis.uta.fi\/tilasto\/mtttp1\/syksy2018\/itseopiskelu.pdf\">ohjeistusta<\/a>, itsen\u00e4iseen opiskeluun liittyv\u00e4st\u00e4 vapaaehtoisesta oppimisp\u00e4iv\u00e4kirjasta voi saada hyvityspisteit\u00e4 (ks. tarkemmin ohjeistus).<\/p>\n<p>Kaikki tentit perustuvat luentoihin ja harjoituksiin, jotka l\u00f6yd\u00e4t kurssin sivustolta. Tukena voit k\u00e4ytt\u00e4\u00e4 <a href=\"https:\/\/coursepages2.tuni.fi\/mtttp1\/oheiskirjallisuutta\/\"> oheiskirjallisuutta<\/a> sek\u00e4 <a href=\"https:\/\/coursepages2.tuni.fi\/mtttp1\/linkkeja\/\">linkkej\u00e4<\/a>-sivun materiaalia.<\/p>\n<p>Tenttien arviointi saatujen pisteiden perusteella: 15\u201318 -&gt; 1, 19\u201321 -&gt; 2, 22\u201324 -&gt; 3, 25\u201327 -&gt; 4, 28\u201330 -&gt; 5.<\/p>\n<h2>Laskuharjoituksista<\/h2>\n<p>Laskuharjoituksissa k\u00e4sitell\u00e4\u00e4n annetut teht\u00e4v\u00e4t siten, ett\u00e4 opiskelijat esitt\u00e4v\u00e4t (kotiteht\u00e4vin\u00e4 etuk\u00e4teen tekem\u00e4ns\u00e4) ratkaisut teht\u00e4viin. Teht\u00e4vi\u00e4 ei palauteta opettajalle.<\/p>\n<p>Ratkaisuja harjoitusteht\u00e4viin EI voi j\u00e4tt\u00e4\u00e4 kirjallisina (eik\u00e4 s\u00e4hk\u00f6isesti) eik\u00e4 niit\u00e4 voi vain n\u00e4ytt\u00e4\u00e4 harjoitusten pit\u00e4j\u00e4lle; hyvityksen saanti edellytt\u00e4\u00e4 paikalla oloa harjoituksissa. Jos on estynyt sairaudesta johtuen tulemaan mihink\u00e4\u00e4n laskuharjoitusryhm\u00e4\u00e4n, niin voi (tervehdytty\u00e4\u00e4n) seuraavissa harjoituksissa (tai s\u00e4hk\u00f6postitse, mik\u00e4li asiasta on erikseen sovittu ryhm\u00e4n opettajan kanssa) toimittaa tehdyt harjoitukset ryhm\u00e4ns\u00e4 opettajalle.<\/p>\n<p>Jos on poikkeuksellisesti jollain viikolla estynyt osallistumaan omaan laskuharjoitusryhm\u00e4\u00e4n, niin voi tilap\u00e4isesti osallistua johonkin muuhun ryhm\u00e4\u00e4n.<\/p>\n<p>Kev\u00e4\u00e4n 2019 periodin IV aikana tehdyist\u00e4 laskuharjoitusteht\u00e4vist\u00e4 annetaan hyvityspisteit\u00e4 tentiss\u00e4 29.4.2019 (ei muissa tenteiss\u00e4). Hyvityspisteet lis\u00e4t\u00e4\u00e4n tenttipistem\u00e4\u00e4r\u00e4\u00e4n, jos hyv\u00e4ksymisraja 15 pistett\u00e4 on saavutettu, seuraavasti:<\/p>\n<table>\n<tbody>\n<tr>\n<td>Tehtyj\u00e4<br \/>\nteht\u00e4vi\u00e4 %<\/td>\n<td>Tehtyj\u00e4<br \/>\nteht\u00e4vi\u00e4<\/td>\n<td>Hyvityspisteet<br \/>\ntentiss\u00e4 29.4.2019<\/td>\n<\/tr>\n<tr>\n<td>30,0 \u2013 49,9<\/td>\n<td>17 \u2013 27<\/td>\n<td>0<\/td>\n<\/tr>\n<tr>\n<td>50,0 \u2013 69,9<\/td>\n<td>28 \u2013 38<\/td>\n<td>1<\/td>\n<\/tr>\n<tr>\n<td>70,0 \u2013 89,9<\/td>\n<td>39 \u2013 49<\/td>\n<td>2<\/td>\n<\/tr>\n<tr>\n<td>90,0 \u2013 100,0<\/td>\n<td>50 \u2013 55<\/td>\n<td>3<\/td>\n<\/tr>\n<\/tbody>\n<\/table>\n","protected":false},"excerpt":{"rendered":"<p>Opintojakson sis\u00e4lt\u00f6 Johdanto Tilastollisen tutkimus ja sen ty\u00f6vaiheet Havaintoaineisto Mittaaminen Empiiriset jakaumat Aikasarjoista Tilastollisen p\u00e4\u00e4ttelyn perusteita SPSS-ohjelmiston k\u00e4ytt\u00f6\u00e4 Empiirinen harjoitusty\u00f6, ks. ohjeet Katso my\u00f6s opinto-opas Vaadittavat opintosuoritukset Opintojaksoon liittyy harjoitusty\u00f6 (ks. ohjeet ja tarkastajat) sek\u00e4 tentti. Suoritusmerkinn\u00e4n saa vasta harjoitusty\u00f6n hyv\u00e4ksynn\u00e4n j\u00e4lkeen. Harjoitusty\u00f6 on j\u00e4tett\u00e4v\u00e4 tarkastettavaksi ennen tenttiin osallistumista. Harjoitusty\u00f6 tehd\u00e4\u00e4n 1\u20133 hengen ryhm\u00e4ty\u00f6n\u00e4. Sen &hellip; <a href=\"https:\/\/coursepages2.tuni.fi\/mtttp1\/kevat-2019\/kurssi-info\/\" class=\"more-link\">Jatka artikkeliin <span class=\"screen-reader-text\">Kurssi-info<\/span><\/a><\/p>\n","protected":false},"author":31,"featured_media":0,"parent":724,"menu_order":2,"comment_status":"closed","ping_status":"closed","template":"","meta":{"footnotes":""},"class_list":["post-757","page","type-page","status-publish","hentry"],"_links":{"self":[{"href":"https:\/\/coursepages2.tuni.fi\/mtttp1\/wp-json\/wp\/v2\/pages\/757","targetHints":{"allow":["GET"]}}],"collection":[{"href":"https:\/\/coursepages2.tuni.fi\/mtttp1\/wp-json\/wp\/v2\/pages"}],"about":[{"href":"https:\/\/coursepages2.tuni.fi\/mtttp1\/wp-json\/wp\/v2\/types\/page"}],"author":[{"embeddable":true,"href":"https:\/\/coursepages2.tuni.fi\/mtttp1\/wp-json\/wp\/v2\/users\/31"}],"replies":[{"embeddable":true,"href":"https:\/\/coursepages2.tuni.fi\/mtttp1\/wp-json\/wp\/v2\/comments?post=757"}],"version-history":[{"count":8,"href":"https:\/\/coursepages2.tuni.fi\/mtttp1\/wp-json\/wp\/v2\/pages\/757\/revisions"}],"predecessor-version":[{"id":833,"href":"https:\/\/coursepages2.tuni.fi\/mtttp1\/wp-json\/wp\/v2\/pages\/757\/revisions\/833"}],"up":[{"embeddable":true,"href":"https:\/\/coursepages2.tuni.fi\/mtttp1\/wp-json\/wp\/v2\/pages\/724"}],"wp:attachment":[{"href":"https:\/\/coursepages2.tuni.fi\/mtttp1\/wp-json\/wp\/v2\/media?parent=757"}],"curies":[{"name":"wp","href":"https:\/\/api.w.org\/{rel}","templated":true}]}}