{"id":737,"date":"2019-02-08T12:15:28","date_gmt":"2019-02-08T10:15:28","guid":{"rendered":"https:\/\/coursepages.uta.fi\/mtttp1\/?page_id=737"},"modified":"2019-05-23T10:59:19","modified_gmt":"2019-05-23T07:59:19","slug":"harjoitustyo","status":"publish","type":"page","link":"https:\/\/coursepages2.tuni.fi\/mtttp1\/syksy-2018\/harjoitustyo\/","title":{"rendered":"Harjoitusty\u00f6"},"content":{"rendered":"<h5>Harjoitusty\u00f6n tarkastaja ja ohjaaja sek\u00e4 ty\u00f6n palautus<\/h5>\n<p><span style=\"color: #ff0000\">HUOM! 16.5.2019 j\u00e4lkeen vain kes\u00e4tenttiin 6.6. osallistuvat voivat j\u00e4tt\u00e4\u00e4 harjoitust\u00f6it\u00e4 tarkastettavaksi (tarkastaja Lepp\u00e4l\u00e4). Muita t\u00f6it\u00e4 ei tarkasteta.<\/span><\/p>\n<p>Lepp\u00e4l\u00e4 on omatoimisesti opiskelevien ohjaaja ja ty\u00f6n tarkastaja.<\/p>\n<p>Ty\u00f6n voi palauttaa suoraan tarkastajalle tai j\u00e4tt\u00e4\u00e4 h\u00e4nen huoneensa (Pinni B0027) ulkopuolella, vastap\u00e4isell\u00e4 sein\u00e4ll\u00e4 olevaan postilaatikkoon.<\/p>\n<h5>Ohjeet ja vaatimukset<\/h5>\n<p>ks. <a href=\"http:\/\/www.sis.uta.fi\/tilasto\/mtttp1\/syksy2018\/htyop118.pdf\">http:\/\/www.sis.uta.fi\/tilasto\/mtttp1\/syksy2018\/htyop118.pdf<\/a><\/p>\n<p>&nbsp;<\/p>\n<p>&nbsp;<\/p>\n<hr \/>\n","protected":false},"excerpt":{"rendered":"<p>Harjoitusty\u00f6n tarkastaja ja ohjaaja sek\u00e4 ty\u00f6n palautus HUOM! 16.5.2019 j\u00e4lkeen vain kes\u00e4tenttiin 6.6. osallistuvat voivat j\u00e4tt\u00e4\u00e4 harjoitust\u00f6it\u00e4 tarkastettavaksi (tarkastaja Lepp\u00e4l\u00e4). Muita t\u00f6it\u00e4 ei tarkasteta. Lepp\u00e4l\u00e4 on omatoimisesti opiskelevien ohjaaja ja ty\u00f6n tarkastaja. Ty\u00f6n voi palauttaa suoraan tarkastajalle tai j\u00e4tt\u00e4\u00e4 h\u00e4nen huoneensa (Pinni B0027) ulkopuolella, vastap\u00e4isell\u00e4 sein\u00e4ll\u00e4 olevaan postilaatikkoon. Ohjeet ja vaatimukset ks. http:\/\/www.sis.uta.fi\/tilasto\/mtttp1\/syksy2018\/htyop118.pdf &nbsp; &nbsp;<\/p>\n","protected":false},"author":31,"featured_media":0,"parent":583,"menu_order":4,"comment_status":"closed","ping_status":"closed","template":"","meta":{"footnotes":""},"class_list":["post-737","page","type-page","status-publish","hentry"],"_links":{"self":[{"href":"https:\/\/coursepages2.tuni.fi\/mtttp1\/wp-json\/wp\/v2\/pages\/737","targetHints":{"allow":["GET"]}}],"collection":[{"href":"https:\/\/coursepages2.tuni.fi\/mtttp1\/wp-json\/wp\/v2\/pages"}],"about":[{"href":"https:\/\/coursepages2.tuni.fi\/mtttp1\/wp-json\/wp\/v2\/types\/page"}],"author":[{"embeddable":true,"href":"https:\/\/coursepages2.tuni.fi\/mtttp1\/wp-json\/wp\/v2\/users\/31"}],"replies":[{"embeddable":true,"href":"https:\/\/coursepages2.tuni.fi\/mtttp1\/wp-json\/wp\/v2\/comments?post=737"}],"version-history":[{"count":5,"href":"https:\/\/coursepages2.tuni.fi\/mtttp1\/wp-json\/wp\/v2\/pages\/737\/revisions"}],"predecessor-version":[{"id":826,"href":"https:\/\/coursepages2.tuni.fi\/mtttp1\/wp-json\/wp\/v2\/pages\/737\/revisions\/826"}],"up":[{"embeddable":true,"href":"https:\/\/coursepages2.tuni.fi\/mtttp1\/wp-json\/wp\/v2\/pages\/583"}],"wp:attachment":[{"href":"https:\/\/coursepages2.tuni.fi\/mtttp1\/wp-json\/wp\/v2\/media?parent=737"}],"curies":[{"name":"wp","href":"https:\/\/api.w.org\/{rel}","templated":true}]}}