{"id":69,"date":"2017-10-06T13:47:33","date_gmt":"2017-10-06T10:47:33","guid":{"rendered":"https:\/\/coursepages.uta.fi\/mtttp1\/?page_id=69"},"modified":"2019-06-13T11:22:07","modified_gmt":"2019-06-13T08:22:07","slug":"oheiskirjallisuutta","status":"publish","type":"page","link":"https:\/\/coursepages2.tuni.fi\/mtttp1\/oheiskirjallisuutta\/","title":{"rendered":"Oheiskirjallisuutta"},"content":{"rendered":"<hr \/>\n<p>Muutamia poimintoja opiskelun tueksi sopivista kirjoista<\/p>\n<p>Agresti, A. &amp; Finlay, B., <a href=\"http:\/\/www.pearsonhighered.com\/educator\/product\/Statistical-Methods-for-the-Social-Sciences\/9780130272959.page\" target=\"_blank\" rel=\"noopener\">Statistical Methods for the Social Sciences<\/a>, 4th ed., Pearson, 2009.<\/p>\n<p style=\"padding-left: 30px\">Sek\u00e4 perus- ett\u00e4 aineopintotasoisten menetelmien esittely\u00e4 (ilman matemaattista johtamista) soveltajan n\u00e4k\u00f6kulmasta katsottuna. Paljon esimerkkej\u00e4 ja teht\u00e4vi\u00e4.<\/p>\n<p>Clarke, G.M. &amp; Cooke, D., A Basic course in Statistics, 5th ed., Hodder Arnold, 2005.<\/p>\n<p style=\"padding-left: 30px\">Tilastotieteen perusk\u00e4sitteist\u00f6n ja analyysien esittely\u00e4, joka on tasoltaan osittain aineopintotasoista. Paljon kuvia, soveltavia esimerkkej\u00e4 ja teht\u00e4vi\u00e4.<\/p>\n<p>Helenius, H. ,Tilastollisten menetelmien perustiedot. Statcon Oy, 1995.<\/p>\n<p style=\"padding-left: 30px\">Melko laaja teos, jossa tilastotieteen perusasiat k\u00e4sitell\u00e4\u00e4n perusteellisesti. Sis\u00e4lt\u00e4\u00e4 paljon esimerkkej\u00e4. Kirjasta on varmasti hy\u00f6ty\u00e4 my\u00f6hemminkin opiskelussa. Kirja niille, jotka kaipaavat tieteellist\u00e4, selke\u00e4\u00e4 asioiden k\u00e4sittely\u00e4.<\/p>\n<p>Heikkil\u00e4, T. ,Tilastollinen tutkimus, 8. painos, Edita, 2010.<\/p>\n<p style=\"padding-left: 30px\">Tiivis yleisteos, jossa tilastotieteen perusasiat ja tilastollisen tutkimuksen tekeminen on selitetty yksinkertaisesti ja melko lyhyesti. My\u00f6s joitakin perusopintojen j\u00e4lkeen tulevia asioita on k\u00e4sitelty lyhyesti. Kirja sis\u00e4lt\u00e4\u00e4 hyv\u00e4t ohjeet SPSS:n k\u00e4yt\u00f6st\u00e4 ja SPSS -esimerkkej\u00e4 tulkintoineen. Kirja niille, jotka kaipaavat asioiden &#8221;v\u00e4\u00e4nt\u00e4mist\u00e4 rautalangasta&#8221;.<\/p>\n<p>Lepp\u00e4l\u00e4, R., <a href=\"http:\/\/www.uta.fi\/sis\/reports\/index\/R55_2017.pdf\">Ohjeita tilastollisen tutkimuksen toteuttamiseksi IBM SPSS Statistics -ohjelmiston avulla<\/a>, Tampereen yliopisto, Informaatiotieteiden yksik\u00f6n raportteja 55\/2017.<\/p>\n<p>Moore, D., Notz, W. &amp; Fligner, M., <a href=\"http:\/\/www.macmillanlearning.com\/catalog\/Product\/basicpracticeofstatistics-seventhedition-moore\" target=\"_blank\" rel=\"noopener\">The Basic Practice of Statistics<\/a>, 7th ed. Macmillan, 2015.<\/p>\n<p style=\"padding-left: 30px\">Perusopintojen asioita k\u00e4yt\u00e4nn\u00f6nl\u00e4heisesti, ilman johtamista.<\/p>\n<p>V\u00e4kev\u00e4inen, P., <a href=\"http:\/\/www.uta.fi\/sis\/reports\/index\/R63_2018.pdf\">Ohjeita tilastollisen tutkimuksen toteuttamiseksi MATLAB-ohjelmiston avulla<\/a>,Tampereen yliopisto, Informaatiotieteiden yksik\u00f6n raportteja 63\/2018.<\/p>\n<p>V\u00e4kev\u00e4inen, P., <a href=\"http:\/\/www.uta.fi\/sis\/reports\/index\/R64_2018.pdf\">Ohjeita tilastollisen tutkimuksen toteuttamiseksi R-ohjelmiston avulla<\/a>,Tampereen yliopisto, Informaatiotieteiden yksik\u00f6n raportteja 64\/2018.<\/p>\n<p>Ks. my\u00f6s <a href=\"http:\/\/www.sis.uta.fi\/tilasto\/mtttp1\/syksy2018\/luentorunko.pdf#page=97\">luentomoniste<\/a>,\u00a0 liite 1<\/p>\n<p>&nbsp;<\/p>\n","protected":false},"excerpt":{"rendered":"<p>Muutamia poimintoja opiskelun tueksi sopivista kirjoista Agresti, A. &amp; Finlay, B., Statistical Methods for the Social Sciences, 4th ed., Pearson, 2009. Sek\u00e4 perus- ett\u00e4 aineopintotasoisten menetelmien esittely\u00e4 (ilman matemaattista johtamista) soveltajan n\u00e4k\u00f6kulmasta katsottuna. Paljon esimerkkej\u00e4 ja teht\u00e4vi\u00e4. Clarke, G.M. &amp; Cooke, D., A Basic course in Statistics, 5th ed., Hodder Arnold, 2005. Tilastotieteen perusk\u00e4sitteist\u00f6n ja &hellip; <a href=\"https:\/\/coursepages2.tuni.fi\/mtttp1\/oheiskirjallisuutta\/\" class=\"more-link\">Jatka artikkeliin <span class=\"screen-reader-text\">Oheiskirjallisuutta<\/span><\/a><\/p>\n","protected":false},"author":31,"featured_media":0,"parent":0,"menu_order":6,"comment_status":"closed","ping_status":"closed","template":"","meta":{"footnotes":""},"class_list":["post-69","page","type-page","status-publish","hentry"],"_links":{"self":[{"href":"https:\/\/coursepages2.tuni.fi\/mtttp1\/wp-json\/wp\/v2\/pages\/69","targetHints":{"allow":["GET"]}}],"collection":[{"href":"https:\/\/coursepages2.tuni.fi\/mtttp1\/wp-json\/wp\/v2\/pages"}],"about":[{"href":"https:\/\/coursepages2.tuni.fi\/mtttp1\/wp-json\/wp\/v2\/types\/page"}],"author":[{"embeddable":true,"href":"https:\/\/coursepages2.tuni.fi\/mtttp1\/wp-json\/wp\/v2\/users\/31"}],"replies":[{"embeddable":true,"href":"https:\/\/coursepages2.tuni.fi\/mtttp1\/wp-json\/wp\/v2\/comments?post=69"}],"version-history":[{"count":14,"href":"https:\/\/coursepages2.tuni.fi\/mtttp1\/wp-json\/wp\/v2\/pages\/69\/revisions"}],"predecessor-version":[{"id":851,"href":"https:\/\/coursepages2.tuni.fi\/mtttp1\/wp-json\/wp\/v2\/pages\/69\/revisions\/851"}],"wp:attachment":[{"href":"https:\/\/coursepages2.tuni.fi\/mtttp1\/wp-json\/wp\/v2\/media?parent=69"}],"curies":[{"name":"wp","href":"https:\/\/api.w.org\/{rel}","templated":true}]}}