{"id":67,"date":"2017-10-06T13:47:13","date_gmt":"2017-10-06T10:47:13","guid":{"rendered":"https:\/\/coursepages.uta.fi\/mtttp1\/?page_id=67"},"modified":"2019-06-13T11:21:44","modified_gmt":"2019-06-13T08:21:44","slug":"esimerkkiaineistoja","status":"publish","type":"page","link":"https:\/\/coursepages2.tuni.fi\/mtttp1\/esimerkkiaineistoja\/","title":{"rendered":"Esimerkkiaineistoja"},"content":{"rendered":"<hr \/>\n<h2>Esimerkkiaineistoja<\/h2>\n<p style=\"padding-left: 30px\"><a class=\"blue1TXT\" href=\"http:\/\/www.sis.uta.fi\/tilasto\/tiltp_aineistoja\/arvio.sav\">Arvio.sav<\/a> tai <a class=\"blue1TXT\" href=\"http:\/\/www.sis.uta.fi\/tilasto\/tiltp_aineistoja\/arvio.xls\"> Arvio.xls<\/a><br \/>\nEr\u00e4\u00e4n opintojakson arviointia, <a class=\"blue2TXT\" href=\"http:\/\/www.sis.uta.fi\/tilasto\/tiltp3\/kevat2003\/Aineistoja\/arviointi_lomake.pdf\" target=\"_blank\" rel=\"noopener\">kyselylomake<\/a>.<\/p>\n<p style=\"padding-left: 30px\"><a class=\"blue1TXT\" href=\"http:\/\/www.sis.uta.fi\/tilasto\/tiltp_aineistoja\/asunnot.sav\">Asunnot.sav<\/a> tai <a class=\"blue1TXT\" href=\"http:\/\/www.sis.uta.fi\/tilasto\/tiltp_aineistoja\/asunnot.xls\"> Asunnot.xls<\/a><br \/>\nTampereella myynniss\u00e4 olleita kerrostalohuoneistoja (Aamulehti 31.10.99).<\/p>\n<p style=\"padding-left: 30px\"><a class=\"blue1TXT\" href=\"http:\/\/www.sis.uta.fi\/tilasto\/tiltp_aineistoja\/asunnot_2003.sav\">Asunnot_2003.sav<\/a> tai <a class=\"blue1TXT\" href=\"http:\/\/www.sis.uta.fi\/tilasto\/tiltp_aineistoja\/asunnot_2003.xls\"> Asunnot_2003.xls<\/a><br \/>\nTampereella kev\u00e4\u00e4ll\u00e4 2003 myynniss\u00e4 olleita asuntoja. Aineiston ker\u00e4nnyt Tiina Karjalainen, Tiina Lehto ja Terhi Teiskonlahti. Aineiston <a class=\"blue2TXT\" href=\"http:\/\/www.sis.uta.fi\/tilasto\/tiltp_aineistoja\/asunnot_2003_esittely.pdf\" target=\"_blank\" rel=\"noopener\">esittely<\/a>.<\/p>\n<p style=\"padding-left: 30px\"><a class=\"blue1TXT\" href=\"http:\/\/www.sis.uta.fi\/tilasto\/tiltp_aineistoja\/Asunnot_2006.sav\">Asunnot_2006.sav<\/a> tai <a class=\"blue1TXT\" href=\"http:\/\/www.sis.uta.fi\/tilasto\/tiltp_aineistoja\/Asunnot_2006.xls\"> Asunnot_2006.xls<\/a><br \/>\nTampereella <a class=\"blue2TXT\" href=\"http:\/\/www.ETUOVI.com\/\" target=\"_blank\" rel=\"noopener\">ETUOVI.com<\/a> -palvelussa myynniss\u00e4 olleita kerrostalohuoneistoja, jotka olivat esittelyss\u00e4 7. &#8211; 14.4.2006. Mukana vuosina 1950 &#8211; 2000 rakennetut talot. Aineiston ker\u00e4nnyt Mika Hannula.<\/p>\n<p style=\"padding-left: 30px\"><a class=\"blue1TXT\" href=\"http:\/\/www.sis.uta.fi\/tilasto\/tiltp_aineistoja\/Asunnot_2010.sav\">Asunnot_2010.sav<\/a> tai <a class=\"blue1TXT\" href=\"http:\/\/www.sis.uta.fi\/tilasto\/tiltp_aineistoja\/Asunnot_2010.xls\"> Asunnot_2010.xls<\/a><br \/>\nTampereella <a class=\"blue2TXT\" href=\"http:\/\/www.ETUOVI.com\/\" target=\"_blank\" rel=\"noopener\">ETUOVI.com<\/a> -verkkopalvelussa lokakuussa 2010 myynniss\u00e4 olleita kerrostalohuoneistoja.<\/p>\n<p style=\"padding-left: 30px\"><a class=\"blue1TXT\" href=\"http:\/\/www.sis.uta.fi\/tilasto\/tiltp_aineistoja\/Asunnot_Oulu_2011.sav\">Asunnot_Oulu_2011.sav<\/a> tai <a class=\"blue1TXT\" href=\"http:\/\/www.sis.uta.fi\/tilasto\/tiltp_aineistoja\/Asunnot_Oulu_2011.xls\"> Asunnot_Oulu_2011.xls<\/a><br \/>\nOulussa <a class=\"blue2TXT\" href=\"http:\/\/www.ETUOVI.com\/\" target=\"_blank\" rel=\"noopener\">ETUOVI.com<\/a> -verkkopalvelussa 6.4.2011 myynniss\u00e4 olleita kerrostalohuoneistoja (yksi\u00f6it\u00e4, kaksioita ja kolmioita). Mukana vuosina 1950 &#8211; 2010 rakennettuja taloja.<\/p>\n<p style=\"padding-left: 30px\"><a class=\"blue1TXT\" href=\"http:\/\/www.sis.uta.fi\/tilasto\/tiltp_aineistoja\/Audi_A6.sav\">Audi_A6.sav<\/a> tai <a class=\"blue1TXT\" href=\"http:\/\/www.sis.uta.fi\/tilasto\/tiltp_aineistoja\/Audi_A6.xls\"> Audi_A6.xls<\/a><br \/>\n<a class=\"blue2TXT\" href=\"http:\/\/www.oikotie.fi\/\" target=\"_blank\" rel=\"noopener\">www.oikotie.fi<\/a> -palvelussa 15.5.2006 myynniss\u00e4 olleet k\u00e4ytetyt sedan-malliset Audi A6 -henkil\u00f6autot. Aineiston ker\u00e4nnyt Miikka Tuori.<\/p>\n<p style=\"padding-left: 30px\"><a class=\"blue1TXT\" href=\"http:\/\/www.sis.uta.fi\/tilasto\/tiltp_aineistoja\/Autoja_2010.sav\">Autoja_2010.sav<\/a> tai <a class=\"blue1TXT\" href=\"http:\/\/www.sis.uta.fi\/tilasto\/tiltp_aineistoja\/Autoja_2010.xls\"> Autoja_2010.xls<\/a><br \/>\nTietoja uusista ja k\u00e4ytetyist\u00e4 henkil\u00f6autoista, aineisto ker\u00e4tty <a class=\"blue2TXT\" href=\"http:\/\/www.autotalli.com\/\" target=\"_blank\" rel=\"noopener\">www.autotalli.com<\/a> -palvelusta syyskuussa 2010. Aineiston ker\u00e4nnyt Kai Hiitel\u00e4.<\/p>\n<p style=\"padding-left: 30px\"><a class=\"blue1TXT\" href=\"http:\/\/www.sis.uta.fi\/tilasto\/tiltp_aineistoja\/Digikamerat.sav\">Digikamerat.sav<\/a> tai <a class=\"blue1TXT\" href=\"http:\/\/www.sis.uta.fi\/tilasto\/tiltp_aineistoja\/Digikamerat.xls\">Digikamerat.xls<\/a><br \/>\nYhdeks\u00e4n suosituimman kameranvalmistajan digitaalisia kameroita. Aineiston ker\u00e4nnyt Hanne-Lotta M\u00e4enp\u00e4\u00e4 syksyll\u00e4 2008.<\/p>\n<p style=\"padding-left: 30px\"><a class=\"blue1TXT\" href=\"http:\/\/www.sis.uta.fi\/tilasto\/tiltp_aineistoja\/eduskunta_2003.sav\"> Eduskunta_2003.sav<\/a> tai <a class=\"blue1TXT\" href=\"http:\/\/www.sis.uta.fi\/tilasto\/tiltp_aineistoja\/eduskunta_2003.xls\"> Eduskunta_2003.xls<\/a><br \/>\nSuomen eduskunta 2003. Aineiston ker\u00e4nnyt Antti-Jussi Ukkonen &amp; Petri Telimaa sek\u00e4 Elina H\u00f6lli &amp; Riku Riikonen kev\u00e4\u00e4ll\u00e4 2003. L\u00e4htein\u00e4 <a class=\"blue2TXT\" href=\"http:\/\/www.stat.fi\">Tilastokeskuksen<\/a> ja <a class=\"blue2TXT\" href=\"http:\/\/www.eduskunta.fi\/\">Eduskunnan<\/a> sivut sek\u00e4 Aamulehti (23.3.03).<\/p>\n<p style=\"padding-left: 30px\"><a class=\"blue1TXT\" href=\"http:\/\/www.sis.uta.fi\/tilasto\/tiltp_aineistoja\/Eduskunta_2007.sav\"> Eduskunta_2007.sav<\/a> tai <a class=\"blue1TXT\" href=\"http:\/\/www.sis.uta.fi\/tilasto\/tiltp_aineistoja\/Eduskunta_2007.xls\"> Eduskunta_2007.xls<\/a><br \/>\nSuomen eduskunta 2007. Aineiston ker\u00e4nnyt Johanna M. H\u00e4m\u00e4l\u00e4inen kev\u00e4\u00e4ll\u00e4 2007.<\/p>\n<p style=\"padding-left: 30px\"><a class=\"blue1TXT\" href=\"http:\/\/www.sis.uta.fi\/tilasto\/tiltp_aineistoja\/Eduskunta_2011.sav\"> Eduskunta_2011.sav<\/a> tai <a class=\"blue1TXT\" href=\"http:\/\/www.sis.uta.fi\/tilasto\/tiltp_aineistoja\/Eduskunta_2011.xls\"> Eduskunta_2011.xls<\/a><br \/>\nSuomen eduskunta 2011.<\/p>\n<p style=\"padding-left: 30px\"><a class=\"blue1TXT\" href=\"http:\/\/www.sis.uta.fi\/tilasto\/tiltp_aineistoja\/Jaakiekkomaalivahdit_2008.sav\">Jaakiekkomaalivahdit_2008.sav<\/a> tai <a class=\"blue1TXT\" href=\"http:\/\/www.sis.uta.fi\/tilasto\/tiltp_aineistoja\/Jaakiekkomaalivahdit_2008.xls\"> Jaakiekkomaalivahdit_2008.xls<\/a><br \/>\nNHL-maalivahdit. Tiedot ker\u00e4tty <a class=\"blue2TXT\" href=\"http:\/\/www.nhl.com\/\" target=\"_blank\" rel=\"noopener\">sivustolta<\/a> alkuvuodesta 2008. Mukana v\u00e4hint\u00e4\u00e4n 10 ottelua kauden 2006-2007 runkosarjan aikana pelanneet maalivahdit. Aineiston ker\u00e4nnyt Lauri Immonen.<\/p>\n<p style=\"padding-left: 30px\"><a class=\"blue1TXT\" href=\"http:\/\/www.sis.uta.fi\/tilasto\/tiltp_aineistoja\/Jalkapalloilijat_2006.sav\">Jalkapalloilijat_2006.sav<\/a> tai <a class=\"blue1TXT\" href=\"http:\/\/www.sis.uta.fi\/tilasto\/tiltp_aineistoja\/Jalkapalloilijat_2006.xls\"> Jalkapalloilijat_2006.xls<\/a><br \/>\nVeikkausliigan pelaajia. Tiedot ker\u00e4tty veikkausliigan <a class=\"blue2TXT\" href=\"http:\/\/www.veikkausliiga.com\/\" target=\"_blank\" rel=\"noopener\">kotisivulta<\/a> lukuvuonna 2005 &#8211; 2006. Otantamenetelm\u00e4n\u00e4 ositettu otanta.<\/p>\n<p style=\"padding-left: 30px\"><a class=\"blue1TXT\" href=\"http:\/\/www.sis.uta.fi\/tilasto\/tiltp_aineistoja\/Lapset_2007.sav\">Lapset_2007.sav<\/a> tai <a class=\"blue1TXT\" href=\"http:\/\/www.sis.uta.fi\/tilasto\/tiltp_aineistoja\/Lapset_2007.xls\"> Lapset_2007.xls<\/a><br \/>\nTampereella vuoden 2007 helmi-maaliskuussa syntyneit\u00e4 lapsia. Aineiston on koonnut Katariina Kuusela Aamulehden 22.3.2007 ja 29.3.2007 ilmestyneist\u00e4 Moro -liitteist\u00e4.<\/p>\n<p style=\"padding-left: 30px\"><a class=\"blue1TXT\" href=\"http:\/\/www.sis.uta.fi\/tilasto\/tiltp_aineistoja\/Lumilaudat.sav\">Lumilaudat.sav<\/a> tai <a class=\"blue1TXT\" href=\"http:\/\/www.sis.uta.fi\/tilasto\/tiltp_aineistoja\/Lumilaudat.xls\">Lumilaudat.xls<\/a><br \/>\nLumilautojen ominaisuuksia. Aineisto lumilautailun erikoislehdest\u00e4 Slammer (03\/2004). Aineiston ker\u00e4\u00e4j\u00e4t Jesse Jurvakainen, Jenna J\u00e4ms\u00e4, Kiira Set\u00e4l\u00e4 lukuvuonna 2005 &#8211; 2006.<\/p>\n<p style=\"padding-left: 30px\"><a class=\"blue1TXT\" href=\"http:\/\/www.sis.uta.fi\/tilasto\/tiltp_aineistoja\/Matkapuhelimet_2009.sav\">Matkapuhelimet_2009.sav<\/a> tai <a class=\"blue1TXT\" href=\"http:\/\/www.sis.uta.fi\/tilasto\/tiltp_aineistoja\/Matkapuhelimet_2009.xls\">Matkapuhelimet_2009.xls<\/a><br \/>\nMatkapuhelimien ominaisuuksia. Aineisto ker\u00e4tty eri verkkokauppojen sivustoilta systemaattisella otannalla 50 &#8211; 500 euron hintaisista puhelimista. Aineiston ker\u00e4\u00e4j\u00e4t Mikael Keskimaula ja Arttu Rissanen lukuvuonna 2009 &#8211; 2010.<\/p>\n<p style=\"padding-left: 30px\"><a class=\"blue1TXT\" href=\"http:\/\/www.sis.uta.fi\/tilasto\/tiltp_aineistoja\/NBA_pelaajat_2008_2009.sav\">NBA_pelaajat_2008_2009.sav<\/a> tai <a class=\"blue1TXT\" href=\"http:\/\/www.sis.uta.fi\/tilasto\/tiltp_aineistoja\/NBA_pelaajat_2008_2009.xls\"> NBA_pelaajat_2008_2009.xls<\/a><br \/>\nNBA-koripalloliigan kauden 2008-2009 runkosarjan pelaajia. Aineisto hankittu liigan viralliselta <a class=\"blue2TXT\" href=\"http:\/\/www.nba.com\/\" target=\"_blank\" rel=\"noopener\">kotisivulta<\/a> systemaattisella otannalla syksyll\u00e4 2009.<\/p>\n<p style=\"padding-left: 30px\"><a class=\"blue1TXT\" href=\"http:\/\/www.sis.uta.fi\/tilasto\/tiltp_aineistoja\/palkat.sav\">Palkat.sav<\/a> tai <a class=\"blue1TXT\" href=\"http:\/\/www.sis.uta.fi\/tilasto\/tiltp_aineistoja\/palkat.xls\"> Palkat.xls<\/a><br \/>\nAineistossa on tietoja yhdysvaltalaisesta ty\u00f6el\u00e4m\u00e4\u00e4n liittyv\u00e4st\u00e4 v\u00e4est\u00f6tutkimuksesta vuodelta 1985. Aineiston <a class=\"blue2TXT\" href=\"http:\/\/www.sis.uta.fi\/tilasto\/tiltp_aineistoja\/palkat.PDF\" target=\"_blank\" rel=\"noopener\">esittely<\/a>.<\/p>\n<p style=\"padding-left: 30px\"><a class=\"blue1TXT\" href=\"http:\/\/www.sis.uta.fi\/tilasto\/tiltp_aineistoja\/plasma.sav\">Plasma.sav<\/a> tai <a class=\"blue1TXT\" href=\"http:\/\/www.sis.uta.fi\/tilasto\/tiltp_aineistoja\/plasma.xls\"> Plasma.xls<\/a><br \/>\nAineistossa on tutkimukseen osallistuneiden henkil\u00f6iden ruoasta saamia ravintoainem\u00e4\u00e4ri\u00e4 ja plasmasta mitattuja pitoisuuksia. Henkil\u00f6ist\u00e4 on my\u00f6s joitakin taustatietoja. Aineiston <a class=\"blue2TXT\" href=\"http:\/\/www.sis.uta.fi\/tilasto\/tiltp_aineistoja\/plasma.PDF\" target=\"_blank\" rel=\"noopener\">esittely<\/a>.<\/p>\n<p style=\"padding-left: 30px\"><a class=\"blue1TXT\" href=\"http:\/\/www.sis.uta.fi\/tilasto\/tiltp_aineistoja\/Puhelimet_2017.sav\">Puhelimet_2017.sav<\/a> tai <a class=\"blue1TXT\" href=\"http:\/\/www.sis.uta.fi\/tilasto\/tiltp_aineistoja\/Puhelimet_2017.xls\">Puhelimet_2017.xls<\/a><br \/>\nAineisto ker\u00e4tty Verkkokauppa.com sivustolta 30.10.2017. Aineiston ker\u00e4\u00e4j\u00e4 Matti Turpeinen.<\/p>\n<p style=\"padding-left: 30px\"><a class=\"blue1TXT\" href=\"http:\/\/www.sis.uta.fi\/tilasto\/tiltp_aineistoja\/puhetietokanta.sav\">Puhetietokanta.sav<\/a> tai <a class=\"blue1TXT\" href=\"http:\/\/www.sis.uta.fi\/tilasto\/tiltp_aineistoja\/puhetietokanta.xls\"> Puhetietokanta.xls<\/a><br \/>\nAineiston ker\u00e4nnyt Inger Ekman 2003. Aineiston <a class=\"blue2TXT\" href=\"http:\/\/www.sis.uta.fi\/tilasto\/tiltp_aineistoja\/puhetietokanta_kuvaus.pdf\">esittely<\/a>.<\/p>\n<p style=\"padding-left: 30px\"><a class=\"blue1TXT\" href=\"http:\/\/www.sis.uta.fi\/tilasto\/tiltp_aineistoja\/rasvaprosentti.sav\">Rasvaprosentti.sav<\/a> tai <a class=\"blue1TXT\" href=\"http:\/\/www.sis.uta.fi\/tilasto\/tiltp_aineistoja\/rasvaprosentti.xls\"> Rasvaprosentti.xls<\/a><br \/>\nAineistossa on er\u00e4\u00e4seen tutkimukseen osallistuneiden miesten painot, painoindeksit, rasvaprosentit ja useita ruumiin ymp\u00e4rysmittoja. Aineiston <a class=\"blue2TXT\" href=\"http:\/\/www.sis.uta.fi\/tilasto\/tiltp_aineistoja\/rasvaprosentti.PDF\" target=\"_blank\" rel=\"noopener\">esittely<\/a>.<\/p>\n<p style=\"padding-left: 30px\"><a class=\"blue1TXT\" href=\"http:\/\/www.sis.uta.fi\/tilasto\/tiltp_aineistoja\/ratsastus.sav\">Ratsastus.sav<\/a> tai <a class=\"blue1TXT\" href=\"http:\/\/www.sis.uta.fi\/tilasto\/tiltp_aineistoja\/ratsastus.xls\"> Ratsastus.xls<\/a><br \/>\nAineistossa on ratsastuskoululaisten keskuudessa tehdyn otantatutkimuksen tuloksia. Aineisto on <a class=\"blue2TXT\" href=\"http:\/\/www.pii-kirjat.fi\"> Pii-Kirjat Ky:n kotisivulta<\/a>. Aineiston <a class=\"blue2TXT\" href=\"http:\/\/www.sis.uta.fi\/tilasto\/tiltp_aineistoja\/ratsastus.PDF\">esittely<\/a>.<\/p>\n<p style=\"padding-left: 30px\"><a class=\"blue1TXT\" href=\"http:\/\/www.sis.uta.fi\/tilasto\/tiltp_aineistoja\/saidit.sav\">Saidit.sav<\/a> tai <a class=\"blue1TXT\" href=\"http:\/\/www.sis.uta.fi\/tilasto\/tiltp_aineistoja\/saidit.xls\"> Saidit.xls<\/a><br \/>\nOtannan avulla saadut havainnot vuosina 1965-1969 tapahtuneista normaaleista synnytyksist\u00e4 (Vasama &amp; Vartia)<\/p>\n<p style=\"padding-left: 30px\"><a class=\"blue1TXT\" href=\"http:\/\/www.sis.uta.fi\/tilasto\/tiltp_aineistoja\/sairaala.sav\">Sairaala.sav<\/a> tai <a class=\"blue1TXT\" href=\"http:\/\/www.sis.uta.fi\/tilasto\/tiltp_aineistoja\/sairaala.xls\"> Sairaala.xls<\/a><br \/>\nAineistoon on ker\u00e4tty tietoja sairaalahenkil\u00f6kunnalle tehdyst\u00e4 kyselyst\u00e4 heid\u00e4n ty\u00f6ymp\u00e4rist\u00f6st\u00e4\u00e4n. Aineisto on <a class=\"blue2TXT\" href=\"http:\/\/www.pii-kirjat.fi\"> Pii-Kirjat Ky:n kotisivulta<\/a>. Aineiston <a class=\"blue2TXT\" href=\"http:\/\/www.sis.uta.fi\/tilasto\/tiltp_aineistoja\/sairaala.PDF\" target=\"_blank\" rel=\"noopener\">esittely<\/a>.<\/p>\n<p style=\"padding-left: 30px\"><a class=\"blue1TXT\" href=\"http:\/\/www.sis.uta.fi\/tilasto\/tiltp_aineistoja\/Toyota.sav\">Toyota.sav<\/a> tai <a class=\"blue1TXT\" href=\"http:\/\/www.sis.uta.fi\/tilasto\/tiltp_aineistoja\/Toyota.xls\"> Toyota.xls<\/a><br \/>\nToyota Avensis -farmariautoja vuosilta 2007-2009, ker\u00e4tty <a class=\"blue1TXT\" href=\"http:\/\/oikotie.fi\"> oikotie.fi<\/a> sivustolta 2.2.2010, ker\u00e4\u00e4j\u00e4 Laura Markkanen.<\/p>\n<p style=\"padding-left: 30px\"><a class=\"blue1TXT\" href=\"http:\/\/www.sis.uta.fi\/tilasto\/tiltp_aineistoja\/Tre_asukkaat.sav\">Tre_asukkaat.sav<\/a> tai <a class=\"blue1TXT\" href=\"http:\/\/www.sis.uta.fi\/tilasto\/tiltp_aineistoja\/Tre_asukkaat.xls\"> Tre_asukkaat.xls<\/a><br \/>\nTampereen kaupungin asukasluku vuosina 1954 &#8211; 2010.<\/p>\n<p style=\"padding-left: 30px\"><a class=\"blue1TXT\" href=\"http:\/\/www.sis.uta.fi\/tilasto\/tiltp_aineistoja\/Tre_myydyt_asunnot_2009.sav\">Tre_myydyt_asunnot_2009.sav<\/a> tai <a class=\"blue1TXT\" href=\"http:\/\/www.sis.uta.fi\/tilasto\/tiltp_aineistoja\/Tre_myydyt_asunnot_2009.xls\"> Tre_myydyt_asunnot_2009.xls<\/a><br \/>\nTampereelle 2009 myytyj\u00e4 pieni\u00e4 (alle 35 m\u00b2) asuntoja, myyntitiedot ker\u00e4tty Ymp\u00e4rist\u00f6ministeri\u00f6n yll\u00e4pit\u00e4m\u00e4st\u00e4 <a class=\"blue1TXT\" href=\"http:\/\/asuntojen.hintatiedot.fi\"> verkkopalvelusta<\/a>.<\/p>\n<p style=\"padding-left: 30px\"><a class=\"blue1TXT\" href=\"http:\/\/www.sis.uta.fi\/tilasto\/tiltp_aineistoja\/Tre_myydyt_kolmiot_2010.sav\">Tre_myydyt_kolmiot_2010.sav<\/a> tai <a class=\"blue1TXT\" href=\"http:\/\/www.sis.uta.fi\/tilasto\/tiltp_aineistoja\/Tre_myydyt_kolmiot_2010.xls\"> Tre_myydyt_kolmiot_2010.xls<\/a><br \/>\nTampereella 12 kuukauden aikana myytyj\u00e4 kerrostalokolmioita, myyntitiedot ker\u00e4tty toukokuussa 2010 Ymp\u00e4rist\u00f6ministeri\u00f6n yll\u00e4pit\u00e4m\u00e4st\u00e4 <a class=\"blue1TXT\" href=\"http:\/\/asuntojen.hintatiedot.fi\"> verkkopalvelusta<\/a>.<\/p>\n<p style=\"padding-left: 30px\"><a class=\"blue1TXT\" href=\"http:\/\/www.sis.uta.fi\/tilasto\/tiltp_aineistoja\/Tre_myydyt_asunnot_2010.sav\">Tre_myydyt_asunnot_2010.sav<\/a> tai <a class=\"blue1TXT\" href=\"http:\/\/www.sis.uta.fi\/tilasto\/tiltp_aineistoja\/Tre_myydyt_asunnot_2010.xls\"> Tre_myydyt_asunnot_2010.xls<\/a><br \/>\nTampereella 12 kuukauden aikana myytyj\u00e4 kerrostaloasuntoja, myyntitiedot ker\u00e4tty syyskuussa 2010 Ymp\u00e4rist\u00f6ministeri\u00f6n yll\u00e4pit\u00e4m\u00e4st\u00e4 <a class=\"blue1TXT\" href=\"http:\/\/asuntojen.hintatiedot.fi\"> verkkopalvelusta<\/a>.<\/p>\n<p style=\"padding-left: 30px\"><a class=\"blue1TXT\" href=\"http:\/\/www.sis.uta.fi\/tilasto\/tiltp_aineistoja\/Tre_myydyt_asunnot_2012.sav\">Tre_myydyt_asunnot_2012.sav<\/a> tai <a class=\"blue1TXT\" href=\"http:\/\/www.sis.uta.fi\/tilasto\/tiltp_aineistoja\/Tre_myydyt_asunnot_2012.xls\"> Tre_myydyt_asunnot_2012.xls<\/a><br \/>\nTampereella 12 kuukauden aikana myytyj\u00e4 kerrostaloasuntoja, otos ker\u00e4tty 4.6.2012 Ymp\u00e4rist\u00f6ministeri\u00f6n ja Asumisen rahoitus- ja kehitt\u00e4miskeskuksen yll\u00e4pit\u00e4m\u00e4st\u00e4 <a class=\"blue1TXT\" href=\"http:\/\/asuntojen.hintatiedot.fi\"> verkkopalvelusta<\/a>.<\/p>\n<p style=\"padding-left: 30px\"><a href=\"http:\/\/www.sis.uta.fi\/tilasto\/tiltp_aineistoja\/Tre_myydyt_kaksiot_2016.sav\"><span class=\"blue1TXT\">Tre_myydyt_kaksiot_2016.sav<\/span><\/a> tai <a href=\"http:\/\/www.sis.uta.fi\/tilasto\/tiltp_aineistoja\/Tre_myydyt_kaksiot_2016.xlsx\"><span class=\"blue1TXT\"><span class=\"blue1TXT\">Tre_myydyt_kaksiot_2016<\/span>.xlsx<\/span><\/a><br \/>\nTampereella 12 kuukauden aikana myytyj\u00e4 kerrostalokaksioita, otos ker\u00e4tty 29.9.2016 Ymp\u00e4rist\u00f6ministeri\u00f6n ja Asumisen rahoitus- ja kehitt\u00e4miskeskuksen yll\u00e4pit\u00e4m\u00e4st\u00e4 <a class=\"blue1TXT\" href=\"http:\/\/asuntojen.hintatiedot.fi\"> verkkopalvelusta<\/a>. Aineiston ker\u00e4\u00e4j\u00e4 Anna-Kaisa Mertanen.<\/p>\n<p style=\"padding-left: 30px\"><a class=\"blue1TXT\" href=\"http:\/\/www.sis.uta.fi\/tilasto\/tiltp_aineistoja\/Tre_vuokra-asunnot_2011.sav\">Tre_vuokra-asunnot_2011.sav<\/a> tai <a class=\"blue1TXT\" href=\"http:\/\/www.sis.uta.fi\/tilasto\/tiltp_aineistoja\/Tre_vuokra-asunnot_2011.xls\"> Tre_vuokra-asunnot_2011.xls<\/a><br \/>\nTampereella syyskuussa 2011 vuokralla olleita kerrostaloasuntoja.<\/p>\n<p style=\"padding-left: 30px\"><a class=\"blue1TXT\" href=\"http:\/\/www.sis.uta.fi\/tilasto\/tiltp_aineistoja\/tomsato.sav\">Tomsato.sav<\/a> tai <a class=\"blue1TXT\" href=\"http:\/\/www.sis.uta.fi\/tilasto\/tiltp_aineistoja\/tomsato.xls\"> Tomsato.xls<\/a><br \/>\nAineistossa mitattu tomaattisatoa eri lajikkeilla ja erilaisin istutustiheyksin.<\/p>\n<p style=\"padding-left: 30px\"><a class=\"blue1TXT\" href=\"http:\/\/www.sis.uta.fi\/tilasto\/tiltp_aineistoja\/Vaahteraliiga_2007.sav\">Vaahteraliiga_2007.sav<\/a> tai <a class=\"blue1TXT\" href=\"http:\/\/www.sis.uta.fi\/tilasto\/tiltp_aineistoja\/Vaahteraliiga_2007.xls\"> Vaahteraliiga_2007.xls<\/a><br \/>\nVaahteraliigassa amerikkalaista jalkapalloa pelaavien joukkueiden pelaajien ominaisuuksia. Aineisto hankittu joukkueiden omilta kotisivuilta kev\u00e4\u00e4ll\u00e4 2007. Aineiston ker\u00e4\u00e4j\u00e4t Saila Salonen ja Jenni Valkeap\u00e4\u00e4.<\/p>\n<p>Huom! Jos aineisto ei aukea, niin vaihda selainta!<\/p>\n<p>Jos l\u00f6yd\u00e4t virheit\u00e4, niin kerrothan <a class=\"blue2TXT\" href=\"mailto:raija.leppala@uta.fi\">Raija Lepp\u00e4l\u00e4<\/a>lle.<\/p>\n<p>&nbsp;<\/p>\n","protected":false},"excerpt":{"rendered":"<p>Esimerkkiaineistoja Arvio.sav tai Arvio.xls Er\u00e4\u00e4n opintojakson arviointia, kyselylomake. Asunnot.sav tai Asunnot.xls Tampereella myynniss\u00e4 olleita kerrostalohuoneistoja (Aamulehti 31.10.99). Asunnot_2003.sav tai Asunnot_2003.xls Tampereella kev\u00e4\u00e4ll\u00e4 2003 myynniss\u00e4 olleita asuntoja. Aineiston ker\u00e4nnyt Tiina Karjalainen, Tiina Lehto ja Terhi Teiskonlahti. Aineiston esittely. Asunnot_2006.sav tai Asunnot_2006.xls Tampereella ETUOVI.com -palvelussa myynniss\u00e4 olleita kerrostalohuoneistoja, jotka olivat esittelyss\u00e4 7. &#8211; 14.4.2006. Mukana vuosina 1950 &hellip; <a href=\"https:\/\/coursepages2.tuni.fi\/mtttp1\/esimerkkiaineistoja\/\" class=\"more-link\">Jatka artikkeliin <span class=\"screen-reader-text\">Esimerkkiaineistoja<\/span><\/a><\/p>\n","protected":false},"author":31,"featured_media":0,"parent":0,"menu_order":5,"comment_status":"closed","ping_status":"closed","template":"","meta":{"footnotes":""},"class_list":["post-67","page","type-page","status-publish","hentry"],"_links":{"self":[{"href":"https:\/\/coursepages2.tuni.fi\/mtttp1\/wp-json\/wp\/v2\/pages\/67","targetHints":{"allow":["GET"]}}],"collection":[{"href":"https:\/\/coursepages2.tuni.fi\/mtttp1\/wp-json\/wp\/v2\/pages"}],"about":[{"href":"https:\/\/coursepages2.tuni.fi\/mtttp1\/wp-json\/wp\/v2\/types\/page"}],"author":[{"embeddable":true,"href":"https:\/\/coursepages2.tuni.fi\/mtttp1\/wp-json\/wp\/v2\/users\/31"}],"replies":[{"embeddable":true,"href":"https:\/\/coursepages2.tuni.fi\/mtttp1\/wp-json\/wp\/v2\/comments?post=67"}],"version-history":[{"count":8,"href":"https:\/\/coursepages2.tuni.fi\/mtttp1\/wp-json\/wp\/v2\/pages\/67\/revisions"}],"predecessor-version":[{"id":850,"href":"https:\/\/coursepages2.tuni.fi\/mtttp1\/wp-json\/wp\/v2\/pages\/67\/revisions\/850"}],"wp:attachment":[{"href":"https:\/\/coursepages2.tuni.fi\/mtttp1\/wp-json\/wp\/v2\/media?parent=67"}],"curies":[{"name":"wp","href":"https:\/\/api.w.org\/{rel}","templated":true}]}}