{"id":613,"date":"2018-08-02T12:53:58","date_gmt":"2018-08-02T09:53:58","guid":{"rendered":"https:\/\/coursepages.uta.fi\/mtttp1\/?page_id=613"},"modified":"2019-06-13T11:20:45","modified_gmt":"2019-06-13T08:20:45","slug":"tentista","status":"publish","type":"page","link":"https:\/\/coursepages2.tuni.fi\/mtttp1\/syksy-2018\/usein-kysyttya\/tentista\/","title":{"rendered":"Tentist\u00e4"},"content":{"rendered":"<hr \/>\n<h2><span class=\"title11\">Usein kysytty\u00e4 <strong>tenteist\u00e4<\/strong><\/span><strong><span class=\"title11\"><br \/>\n<\/span><\/strong><\/h2>\n<p style=\"padding-left: 30px\"><strong><span class=\"title11\">Mit\u00e4 tenteiss\u00e4 saa olla mukana?<\/span><\/strong><\/p>\n<p style=\"padding-left: 60px\">Saa olla oma, ei-ohjelmoitava laskin (ei saa lainaksi). Muuta omaa materiaalia (kuten esim. MAOLin taulukoita) ei saa k\u00e4ytt\u00e4\u00e4. Tentin ajaksi saa k\u00e4ytt\u00f6\u00f6n samanlaisen kaava- ja taulukkokokoelman, joka on luentomonisteen liitteen\u00e4, l\u00f6ytyy my\u00f6s Oikopolkuja materiaaleihin kohdasta <a class=\"blue1TXT\" href=\"http:\/\/www.sis.uta.fi\/tilasto\/mtttp1\/syksy2018\/kaavat.pdf\">Kaava- ja taulukkokokoelma.<\/a><\/p>\n<p style=\"padding-left: 30px\"><strong><span class=\"title11\">Paljonko tentist\u00e4 tulee saada pisteit\u00e4, jotta suoritus hyv\u00e4ksyt\u00e4\u00e4n?<\/span><\/strong><\/p>\n<p style=\"padding-left: 60px\">15 pistett\u00e4, maksimipistem\u00e4\u00e4r\u00e4 30.<\/p>\n<p style=\"padding-left: 30px\"><strong><span class=\"title11\">Onko vanhoja tenttikysymyksi\u00e4 saatavana?<\/span><\/strong><\/p>\n<p style=\"padding-left: 60px\">Ei ole, mutta kaikki opintojakson harjoitusteht\u00e4v\u00e4t ja esimerkit ovat sopivia harjoitteita tentti\u00e4 varten.<\/p>\n<p>&nbsp;<\/p>\n","protected":false},"excerpt":{"rendered":"<p>Usein kysytty\u00e4 tenteist\u00e4 Mit\u00e4 tenteiss\u00e4 saa olla mukana? Saa olla oma, ei-ohjelmoitava laskin (ei saa lainaksi). Muuta omaa materiaalia (kuten esim. MAOLin taulukoita) ei saa k\u00e4ytt\u00e4\u00e4. Tentin ajaksi saa k\u00e4ytt\u00f6\u00f6n samanlaisen kaava- ja taulukkokokoelman, joka on luentomonisteen liitteen\u00e4, l\u00f6ytyy my\u00f6s Oikopolkuja materiaaleihin kohdasta Kaava- ja taulukkokokoelma. Paljonko tentist\u00e4 tulee saada pisteit\u00e4, jotta suoritus hyv\u00e4ksyt\u00e4\u00e4n? 15 &hellip; <a href=\"https:\/\/coursepages2.tuni.fi\/mtttp1\/syksy-2018\/usein-kysyttya\/tentista\/\" class=\"more-link\">Jatka artikkeliin <span class=\"screen-reader-text\">Tentist\u00e4<\/span><\/a><\/p>\n","protected":false},"author":31,"featured_media":0,"parent":601,"menu_order":3,"comment_status":"closed","ping_status":"closed","template":"","meta":{"footnotes":""},"class_list":["post-613","page","type-page","status-publish","hentry"],"_links":{"self":[{"href":"https:\/\/coursepages2.tuni.fi\/mtttp1\/wp-json\/wp\/v2\/pages\/613","targetHints":{"allow":["GET"]}}],"collection":[{"href":"https:\/\/coursepages2.tuni.fi\/mtttp1\/wp-json\/wp\/v2\/pages"}],"about":[{"href":"https:\/\/coursepages2.tuni.fi\/mtttp1\/wp-json\/wp\/v2\/types\/page"}],"author":[{"embeddable":true,"href":"https:\/\/coursepages2.tuni.fi\/mtttp1\/wp-json\/wp\/v2\/users\/31"}],"replies":[{"embeddable":true,"href":"https:\/\/coursepages2.tuni.fi\/mtttp1\/wp-json\/wp\/v2\/comments?post=613"}],"version-history":[{"count":7,"href":"https:\/\/coursepages2.tuni.fi\/mtttp1\/wp-json\/wp\/v2\/pages\/613\/revisions"}],"predecessor-version":[{"id":848,"href":"https:\/\/coursepages2.tuni.fi\/mtttp1\/wp-json\/wp\/v2\/pages\/613\/revisions\/848"}],"up":[{"embeddable":true,"href":"https:\/\/coursepages2.tuni.fi\/mtttp1\/wp-json\/wp\/v2\/pages\/601"}],"wp:attachment":[{"href":"https:\/\/coursepages2.tuni.fi\/mtttp1\/wp-json\/wp\/v2\/media?parent=613"}],"curies":[{"name":"wp","href":"https:\/\/api.w.org\/{rel}","templated":true}]}}