{"id":608,"date":"2018-08-02T12:49:54","date_gmt":"2018-08-02T09:49:54","guid":{"rendered":"https:\/\/coursepages.uta.fi\/mtttp1\/?page_id=608"},"modified":"2019-06-13T11:20:22","modified_gmt":"2019-06-13T08:20:22","slug":"opetuksesta-ja-opiskelusta","status":"publish","type":"page","link":"https:\/\/coursepages2.tuni.fi\/mtttp1\/syksy-2018\/usein-kysyttya\/opetuksesta-ja-opiskelusta\/","title":{"rendered":"Opetuksesta ja opiskelusta"},"content":{"rendered":"<hr \/>\n<h2><span class=\"title13 blue1TXT\">Usein kysytty\u00e4 opetuksesta ja opiskelusta<br \/>\n<\/span><\/h2>\n<p style=\"padding-left: 30px\"><strong><span class=\"title11\">Onko luennoille, laskuharjoituksiin tai SPSS-harjoituksiin pakko osallistua?<\/span><\/strong><\/p>\n<p style=\"padding-left: 60px\">Ei ole. Kuitenkin opetukseen liittyv\u00e4\u00e4n tenttiin 30.10.2018 osallistujalle laskuharjoituksiin osallistuminen on osittain pakollista, ks. <a href=\"https:\/\/coursepages2.tuni.fi\/mtttp1\/syksy-2018\/kurssi-info\/\"><span class=\"blue1TXT\">kurssi-info<\/span><\/a>. Opintojakson www-sivuston materiaali on pyritty kokoamaan my\u00f6s itsen\u00e4ist\u00e4 opiskelua ajatellen, jolloin tukena voi k\u00e4ytt\u00e4\u00e4 itsen\u00e4isen opiskelun <span class=\"blue1TXT\">ohjeistusta<\/span> sek\u00e4 Moodlea.<\/p>\n<p style=\"padding-left: 30px\"><strong><span class=\"title11\">Onko aloitusluennolle 6.9. 2018 pakko osallistua?<\/span><\/strong><\/p>\n<p style=\"padding-left: 60px\">Ei ole. Poisaolosta ei tarvitse my\u00f6sk\u00e4\u00e4n ilmoittaa. Ensimm\u00e4isell\u00e4 luennolla esitell\u00e4\u00e4n lyhyesti kurssin sis\u00e4lt\u00f6, vaadittavat suoritukset, opetus, aikataulut, jne. N\u00e4ihin voit tutustua aikanaan t\u00e4m\u00e4n www-sivuston kautta. Lis\u00e4ksi voit opiskella omatoimisesti luennolla k\u00e4sitellyt asiat ks. <a href=\"https:\/\/coursepages2.tuni.fi\/mtttp1\/syksy-2018\/luennot\/\">Luennot<\/a>.<\/p>\n<p style=\"padding-left: 30px\"><strong><span class=\"title11\">Jos en jonain viikkona p\u00e4\u00e4se omaan harjoitusryhm\u00e4\u00e4ni, niin voiko menn\u00e4 johonkin muuhun ryhm\u00e4\u00e4n?<\/span><\/strong><\/p>\n<p style=\"padding-left: 60px\">Kyll\u00e4, voit menn\u00e4 sinulle sopivaan ryhm\u00e4\u00e4n. Ks. my\u00f6s <a href=\"https:\/\/coursepages2.tuni.fi\/mtttp1\/syksy-2018\/kurssi-info\/\"><span class=\"blue1TXT\">kurssi-info<\/span><\/a>, kohta Laskuharjoituksista.<\/p>\n<p style=\"padding-left: 30px\"><strong><span class=\"title11\">Olen sairaana koko viikon, enk\u00e4 p\u00e4\u00e4se mihink\u00e4\u00e4n laskuharjoitusryhm\u00e4\u00e4n. Miten menettelen?<\/span><\/strong><\/p>\n<p style=\"padding-left: 60px\">Ks. <a href=\"https:\/\/coursepages2.tuni.fi\/mtttp1\/syksy-2018\/kurssi-info\/\"><span class=\"blue1TXT\">kurssi-info<\/span><\/a>, kohta Laskuharjoituksista.<\/p>\n<p style=\"padding-left: 30px\"><strong><span class=\"title11\">Tehd\u00e4\u00e4nk\u00f6 laskuharjoitukset etuk\u00e4teen kotiteht\u00e4vin\u00e4?<\/span><\/strong><\/p>\n<p style=\"padding-left: 60px\">Kyll\u00e4. Teht\u00e4v\u00e4t k\u00e4yd\u00e4\u00e4n harjoituksissa l\u00e4pi opettajan johdolla siten, ett\u00e4 opiskelijat esitt\u00e4v\u00e4t ratkaisut. Ks. my\u00f6s <a href=\"https:\/\/coursepages2.tuni.fi\/mtttp1\/syksy-2018\/kurssi-info\/\"><span class=\"blue1TXT\">kurssi-info<\/span><\/a>.<\/p>\n<p style=\"padding-left: 30px\"><strong><span class=\"title11\">Tehd\u00e4\u00e4nk\u00f6 SPSS-harjoitukset etuk\u00e4teen kotiteht\u00e4vin\u00e4?<\/span><\/strong><\/p>\n<p style=\"padding-left: 60px\">Ei. Teht\u00e4v\u00e4t tehd\u00e4\u00e4n harjoituksissa. Toki teht\u00e4v\u00e4t voi tehd\u00e4 omatoimisestikin annettujen ohjeiden avulla. T\u00e4ll\u00f6in harjoituksiin osallistuminen ei ehk\u00e4 ole v\u00e4ltt\u00e4m\u00e4t\u00f6nt\u00e4. SPSS-harjoituksissa opetellaan ko. ohjelman k\u00e4ytt\u00f6\u00e4.<\/p>\n<p style=\"padding-left: 30px\"><strong><span class=\"title11\">Onko omatoiminen opiskelu mahdollista?<\/span><\/strong><\/p>\n<p style=\"padding-left: 60px\">Kyll\u00e4. Opiskele opintojakson asiat, tee harjoitusty\u00f6 ja osallistu tenttiin. Opiskelun tukena voit k\u00e4ytt\u00e4\u00e4 omatoimisen opiskelun <a href=\"http:\/\/www.sis.uta.fi\/tilasto\/mtttp1\/syksy2018\/itseopiskelu.pdf\"><span class=\"blue1TXT\">ohjeistusta<\/span><\/a> sek\u00e4 Moodlea. Tenttimahdollisuudet l\u00f6yd\u00e4t <a href=\"https:\/\/coursepages2.tuni.fi\/mtttp1\/syksy-2018\/kurssi-info\/\">Kurssi-info<\/a>-sivulta ja <a href=\"https:\/\/www10.uta.fi\/nettiopsu\/tentti\/tentti.htm?action=jakso&amp;jaksoId=38905\" target=\"_blank\" rel=\"noopener\">NettiOpsu<\/a>sta.<\/p>\n<p style=\"padding-left: 30px\"><strong><span class=\"title11\">Jos ei osallistu opetukseen, niin pit\u00e4\u00e4k\u00f6 silti ilmoittautua kurssille?<\/span><\/strong><\/p>\n<p style=\"padding-left: 60px\">Omatoimisesti opiskelevat voivat halutessaan ilmoittautua kurssille, ks. Ajankohtaista <a href=\"https:\/\/coursepages2.tuni.fi\/mtttp1\/syksy-2018\/\">02.08.2018<\/a>.<\/p>\n<p>&nbsp;<\/p>\n","protected":false},"excerpt":{"rendered":"<p>Usein kysytty\u00e4 opetuksesta ja opiskelusta Onko luennoille, laskuharjoituksiin tai SPSS-harjoituksiin pakko osallistua? Ei ole. Kuitenkin opetukseen liittyv\u00e4\u00e4n tenttiin 30.10.2018 osallistujalle laskuharjoituksiin osallistuminen on osittain pakollista, ks. kurssi-info. Opintojakson www-sivuston materiaali on pyritty kokoamaan my\u00f6s itsen\u00e4ist\u00e4 opiskelua ajatellen, jolloin tukena voi k\u00e4ytt\u00e4\u00e4 itsen\u00e4isen opiskelun ohjeistusta sek\u00e4 Moodlea. Onko aloitusluennolle 6.9. 2018 pakko osallistua? Ei ole. Poisaolosta &hellip; <a href=\"https:\/\/coursepages2.tuni.fi\/mtttp1\/syksy-2018\/usein-kysyttya\/opetuksesta-ja-opiskelusta\/\" class=\"more-link\">Jatka artikkeliin <span class=\"screen-reader-text\">Opetuksesta ja opiskelusta<\/span><\/a><\/p>\n","protected":false},"author":31,"featured_media":0,"parent":601,"menu_order":1,"comment_status":"closed","ping_status":"closed","template":"","meta":{"footnotes":""},"class_list":["post-608","page","type-page","status-publish","hentry"],"_links":{"self":[{"href":"https:\/\/coursepages2.tuni.fi\/mtttp1\/wp-json\/wp\/v2\/pages\/608","targetHints":{"allow":["GET"]}}],"collection":[{"href":"https:\/\/coursepages2.tuni.fi\/mtttp1\/wp-json\/wp\/v2\/pages"}],"about":[{"href":"https:\/\/coursepages2.tuni.fi\/mtttp1\/wp-json\/wp\/v2\/types\/page"}],"author":[{"embeddable":true,"href":"https:\/\/coursepages2.tuni.fi\/mtttp1\/wp-json\/wp\/v2\/users\/31"}],"replies":[{"embeddable":true,"href":"https:\/\/coursepages2.tuni.fi\/mtttp1\/wp-json\/wp\/v2\/comments?post=608"}],"version-history":[{"count":7,"href":"https:\/\/coursepages2.tuni.fi\/mtttp1\/wp-json\/wp\/v2\/pages\/608\/revisions"}],"predecessor-version":[{"id":847,"href":"https:\/\/coursepages2.tuni.fi\/mtttp1\/wp-json\/wp\/v2\/pages\/608\/revisions\/847"}],"up":[{"embeddable":true,"href":"https:\/\/coursepages2.tuni.fi\/mtttp1\/wp-json\/wp\/v2\/pages\/601"}],"wp:attachment":[{"href":"https:\/\/coursepages2.tuni.fi\/mtttp1\/wp-json\/wp\/v2\/media?parent=608"}],"curies":[{"name":"wp","href":"https:\/\/api.w.org\/{rel}","templated":true}]}}