{"id":606,"date":"2018-08-02T12:43:56","date_gmt":"2018-08-02T09:43:56","guid":{"rendered":"https:\/\/coursepages.uta.fi\/mtttp1\/?page_id=606"},"modified":"2019-06-13T11:19:45","modified_gmt":"2019-06-13T08:19:45","slug":"harjoitustyosta","status":"publish","type":"page","link":"https:\/\/coursepages2.tuni.fi\/mtttp1\/syksy-2018\/usein-kysyttya\/harjoitustyosta\/","title":{"rendered":"Harjoitusty\u00f6st\u00e4"},"content":{"rendered":"<h2><\/h2>\n<hr \/>\n<h2><span class=\"title11\">Usein kysytty\u00e4 harjoitusty\u00f6st\u00e4<\/span><strong><span class=\"title11\"><br \/>\n<\/span><\/strong><\/h2>\n<p style=\"padding-left: 30px\"><strong><span class=\"title11\">Milloin ty\u00f6 pit\u00e4\u00e4 olla valmis?<\/span><\/strong><\/p>\n<p style=\"padding-left: 60px\">Katso <a href=\"https:\/\/coursepages2.tuni.fi\/mtttp1\/syksy-2018\/kurssi-info\/\"><span class=\"blue1TXT\">kurssi-info<\/span><\/a> ja <a class=\"blue1TXT\" href=\"http:\/\/www.sis.uta.fi\/tilasto\/mtttp1\/syksy2018\/htyop118.pdf\"> ohjeet<\/a>.<\/p>\n<p style=\"padding-left: 30px\"><strong><span class=\"title11\">Kuka tarkastaa harjoitusty\u00f6n?<\/span><\/strong><\/p>\n<p style=\"padding-left: 60px\">Katso <a href=\"https:\/\/coursepages2.tuni.fi\/mtttp1\/syksy-2018\/harjoitustyo\/\"><span class=\"blue1TXT\"> tarkastajat<\/span><\/a>.<\/p>\n<p style=\"padding-left: 30px\"><strong><span class=\"title11\">Minne harjoitusty\u00f6 palautetaan?<\/span><\/strong><\/p>\n<p style=\"padding-left: 60px\">Ty\u00f6n voi j\u00e4tt\u00e4\u00e4 tarkastajalle, Lepp\u00e4l\u00e4lle tai h\u00e4nen huoneen (Pinni B0027) ulkopuolella, vastakkaisella sein\u00e4ll\u00e4 olevaan postilaatikkoon. Ty\u00f6 j\u00e4tet\u00e4\u00e4n siis paperiversiona.<\/p>\n<p style=\"padding-left: 30px\"><strong><span class=\"title11\">Mit\u00e4 tarkoitetaan raportin laadintaohjeissa kohdalla 8 &#8221;Varsinaisen tutkimusraportin lis\u00e4ksi palautetaan ohjelmiston antama tilastolliseen p\u00e4\u00e4ttelyyn, siis&#8230; &#8221;?<\/span><\/strong><\/p>\n<p style=\"padding-left: 60px\">Tulosta ruudulla oleva analyysin tulos sellaisenaan paperille ja palauta ty\u00f6si mukana. Esim. SPSS output-ikkuna ko. analyysin osalta.<\/p>\n<p style=\"padding-left: 30px\"><strong><span class=\"title11\">Arvostellaanko harjoitusty\u00f6?<\/span><\/strong><\/p>\n<p style=\"padding-left: 60px\">Asteikolla: hyv\u00e4ksytty\/korjattavaksi, katso <a class=\"blue1TXT\" href=\"http:\/\/www.sis.uta.fi\/tilasto\/mtttp1\/syksy2018\/htyop118.pdf\"> ohjeet<\/a>.<\/p>\n<p style=\"padding-left: 30px\"><strong><span class=\"title11\">Voiko harjoitusty\u00f6aineistossa olla enemm\u00e4n kuin 100 tilastoyksikk\u00f6\u00e4?<\/span><\/strong><\/p>\n<p><a class=\"blue1TXT\" href=\"http:\/\/www.sis.uta.fi\/tilasto\/mtttp1\/syksy2018\/htyop118.pdf\">Ohjeissa<\/a> sanotaan, ett\u00e4 tilastoyksik\u00f6it\u00e4 tulisi olla v\u00e4hint\u00e4\u00e4n 50-100. Toki saa olla enemm\u00e4n, siit\u00e4 ei ole haittaa &#8211; p\u00e4invastoin analysoinnin kannalta hy\u00f6ty\u00e4<\/p>\n<p>&nbsp;<\/p>\n","protected":false},"excerpt":{"rendered":"<p>Usein kysytty\u00e4 harjoitusty\u00f6st\u00e4 Milloin ty\u00f6 pit\u00e4\u00e4 olla valmis? Katso kurssi-info ja ohjeet. Kuka tarkastaa harjoitusty\u00f6n? Katso tarkastajat. Minne harjoitusty\u00f6 palautetaan? Ty\u00f6n voi j\u00e4tt\u00e4\u00e4 tarkastajalle, Lepp\u00e4l\u00e4lle tai h\u00e4nen huoneen (Pinni B0027) ulkopuolella, vastakkaisella sein\u00e4ll\u00e4 olevaan postilaatikkoon. Ty\u00f6 j\u00e4tet\u00e4\u00e4n siis paperiversiona. Mit\u00e4 tarkoitetaan raportin laadintaohjeissa kohdalla 8 &#8221;Varsinaisen tutkimusraportin lis\u00e4ksi palautetaan ohjelmiston antama tilastolliseen p\u00e4\u00e4ttelyyn, siis&#8230; &#8221;? &hellip; <a href=\"https:\/\/coursepages2.tuni.fi\/mtttp1\/syksy-2018\/usein-kysyttya\/harjoitustyosta\/\" class=\"more-link\">Jatka artikkeliin <span class=\"screen-reader-text\">Harjoitusty\u00f6st\u00e4<\/span><\/a><\/p>\n","protected":false},"author":31,"featured_media":0,"parent":601,"menu_order":0,"comment_status":"closed","ping_status":"closed","template":"","meta":{"footnotes":""},"class_list":["post-606","page","type-page","status-publish","hentry"],"_links":{"self":[{"href":"https:\/\/coursepages2.tuni.fi\/mtttp1\/wp-json\/wp\/v2\/pages\/606","targetHints":{"allow":["GET"]}}],"collection":[{"href":"https:\/\/coursepages2.tuni.fi\/mtttp1\/wp-json\/wp\/v2\/pages"}],"about":[{"href":"https:\/\/coursepages2.tuni.fi\/mtttp1\/wp-json\/wp\/v2\/types\/page"}],"author":[{"embeddable":true,"href":"https:\/\/coursepages2.tuni.fi\/mtttp1\/wp-json\/wp\/v2\/users\/31"}],"replies":[{"embeddable":true,"href":"https:\/\/coursepages2.tuni.fi\/mtttp1\/wp-json\/wp\/v2\/comments?post=606"}],"version-history":[{"count":4,"href":"https:\/\/coursepages2.tuni.fi\/mtttp1\/wp-json\/wp\/v2\/pages\/606\/revisions"}],"predecessor-version":[{"id":846,"href":"https:\/\/coursepages2.tuni.fi\/mtttp1\/wp-json\/wp\/v2\/pages\/606\/revisions\/846"}],"up":[{"embeddable":true,"href":"https:\/\/coursepages2.tuni.fi\/mtttp1\/wp-json\/wp\/v2\/pages\/601"}],"wp:attachment":[{"href":"https:\/\/coursepages2.tuni.fi\/mtttp1\/wp-json\/wp\/v2\/media?parent=606"}],"curies":[{"name":"wp","href":"https:\/\/api.w.org\/{rel}","templated":true}]}}