{"id":599,"date":"2018-08-02T12:36:47","date_gmt":"2018-08-02T09:36:47","guid":{"rendered":"https:\/\/coursepages.uta.fi\/mtttp1\/?page_id=599"},"modified":"2019-06-13T11:15:34","modified_gmt":"2019-06-13T08:15:34","slug":"harjoitustyo","status":"publish","type":"page","link":"https:\/\/coursepages2.tuni.fi\/mtttp1\/kevat-2019\/harjoitustyo\/","title":{"rendered":"Harjoitusty\u00f6"},"content":{"rendered":"<hr \/>\n<h5>Harjoitusty\u00f6n tarkastaja ja ohjaaja sek\u00e4 ty\u00f6n palautus<\/h5>\n<p style=\"padding-left: 30px\"><span style=\"color: #ff0000\">HUOM! 16.5.2019 j\u00e4lkeen vain kes\u00e4tenttiin 6.6. osallistuvat voivat j\u00e4tt\u00e4\u00e4 harjoitust\u00f6it\u00e4 tarkastettavaksi (tarkastaja Lepp\u00e4l\u00e4). Muita t\u00f6it\u00e4 ei tarkasteta.<\/span><\/p>\n<p style=\"padding-left: 30px\">Laskuharjoitusryhm\u00e4n opettaja tarkastaa harjoitusty\u00f6n ja ohjaa ty\u00f6n tekemisess\u00e4. Jos ryhm\u00e4t\u00f6iss\u00e4 kaikki tekij\u00e4t tai enemm\u00e4n kuin puolet puolet kuuluvat samaan harjoitusryhm\u00e4\u00e4n, niin ko. ryhm\u00e4n opettaja on tarkastaja. Muissa tapauksissa tarkastaja on ryhm\u00e4n j\u00e4senten aakkosj\u00e4rjestyksess\u00e4 ensimm\u00e4isen tekij\u00e4n harjoitusryhm\u00e4n opettaja.<\/p>\n<p style=\"padding-left: 30px\">Harjoitusryhmien opettajat: Jussi Harju (jussi.harju@tuni.fi), Aatu H\u00e4rk\u00f6nen (aatu.harkonen@tuni.fi), Mikko Korhonen (mikko.m.korhonen@tuni.fi), Mikael Paajanen (mikael.paajanen@tuni.fi).<\/p>\n<p style=\"padding-left: 30px\">Lepp\u00e4l\u00e4 on omatoimisesti opiskelevien sek\u00e4 kes\u00e4tenttiin osallistuvien ohjaaja ja ty\u00f6n tarkastaja.<\/p>\n<p style=\"padding-left: 30px\">Ty\u00f6n voi palauttaa suoraan tarkastajalle, Lepp\u00e4l\u00e4lle tai j\u00e4tt\u00e4\u00e4 h\u00e4nen huoneensa (Pinni B0027) ulkopuolella, vastap\u00e4isell\u00e4 sein\u00e4ll\u00e4 olevaan postilaatikkoon.<\/p>\n<h5>Ohjeet ja vaatimukset<\/h5>\n<p style=\"padding-left: 30px\">ks. <a href=\"http:\/\/www.sis.uta.fi\/tilasto\/mtttp1\/syksy2018\/htyop118.pdf\">http:\/\/www.sis.uta.fi\/tilasto\/mtttp1\/syksy2018\/htyop118.pdf<\/a><\/p>\n<p>&nbsp;<\/p>\n<p>&nbsp;<\/p>\n","protected":false},"excerpt":{"rendered":"<p>Harjoitusty\u00f6n tarkastaja ja ohjaaja sek\u00e4 ty\u00f6n palautus HUOM! 16.5.2019 j\u00e4lkeen vain kes\u00e4tenttiin 6.6. osallistuvat voivat j\u00e4tt\u00e4\u00e4 harjoitust\u00f6it\u00e4 tarkastettavaksi (tarkastaja Lepp\u00e4l\u00e4). Muita t\u00f6it\u00e4 ei tarkasteta. Laskuharjoitusryhm\u00e4n opettaja tarkastaa harjoitusty\u00f6n ja ohjaa ty\u00f6n tekemisess\u00e4. Jos ryhm\u00e4t\u00f6iss\u00e4 kaikki tekij\u00e4t tai enemm\u00e4n kuin puolet puolet kuuluvat samaan harjoitusryhm\u00e4\u00e4n, niin ko. ryhm\u00e4n opettaja on tarkastaja. Muissa tapauksissa tarkastaja on ryhm\u00e4n &hellip; <a href=\"https:\/\/coursepages2.tuni.fi\/mtttp1\/kevat-2019\/harjoitustyo\/\" class=\"more-link\">Jatka artikkeliin <span class=\"screen-reader-text\">Harjoitusty\u00f6<\/span><\/a><\/p>\n","protected":false},"author":31,"featured_media":0,"parent":724,"menu_order":4,"comment_status":"closed","ping_status":"closed","template":"","meta":{"footnotes":""},"class_list":["post-599","page","type-page","status-publish","hentry"],"_links":{"self":[{"href":"https:\/\/coursepages2.tuni.fi\/mtttp1\/wp-json\/wp\/v2\/pages\/599","targetHints":{"allow":["GET"]}}],"collection":[{"href":"https:\/\/coursepages2.tuni.fi\/mtttp1\/wp-json\/wp\/v2\/pages"}],"about":[{"href":"https:\/\/coursepages2.tuni.fi\/mtttp1\/wp-json\/wp\/v2\/types\/page"}],"author":[{"embeddable":true,"href":"https:\/\/coursepages2.tuni.fi\/mtttp1\/wp-json\/wp\/v2\/users\/31"}],"replies":[{"embeddable":true,"href":"https:\/\/coursepages2.tuni.fi\/mtttp1\/wp-json\/wp\/v2\/comments?post=599"}],"version-history":[{"count":13,"href":"https:\/\/coursepages2.tuni.fi\/mtttp1\/wp-json\/wp\/v2\/pages\/599\/revisions"}],"predecessor-version":[{"id":837,"href":"https:\/\/coursepages2.tuni.fi\/mtttp1\/wp-json\/wp\/v2\/pages\/599\/revisions\/837"}],"up":[{"embeddable":true,"href":"https:\/\/coursepages2.tuni.fi\/mtttp1\/wp-json\/wp\/v2\/pages\/724"}],"wp:attachment":[{"href":"https:\/\/coursepages2.tuni.fi\/mtttp1\/wp-json\/wp\/v2\/media?parent=599"}],"curies":[{"name":"wp","href":"https:\/\/api.w.org\/{rel}","templated":true}]}}