{"id":596,"date":"2018-08-02T12:29:24","date_gmt":"2018-08-02T09:29:24","guid":{"rendered":"https:\/\/coursepages.uta.fi\/mtttp1\/?page_id=596"},"modified":"2019-06-13T11:18:57","modified_gmt":"2019-06-13T08:18:57","slug":"harjoitukset","status":"publish","type":"page","link":"https:\/\/coursepages2.tuni.fi\/mtttp1\/syksy-2018\/harjoitukset\/","title":{"rendered":"Harjoitukset"},"content":{"rendered":"<hr \/>\n<h2>Laskuharjoitusten sek\u00e4 SPSS-harjoitusten teht\u00e4v\u00e4t, ratkaisut ja ohjeet<\/h2>\n<p><strong>Viikko 38<\/strong>\u00a0<a href=\"http:\/\/www.sis.uta.fi\/tilasto\/mtttp1\/syksy2018\/harj1.pdf\">Harjoitus 1<\/a>, <a href=\"https:\/\/learning2.uta.fi\/mod\/resource\/view.php?id=653227\">ratkaisut<\/a><\/p>\n<p><strong>Viikko 39<\/strong>\u00a0<a href=\"http:\/\/www.sis.uta.fi\/tilasto\/mtttp1\/syksy2018\/harj2.pdf\">Harjoitus 2<\/a>, <a href=\"https:\/\/learning2.uta.fi\/mod\/resource\/view.php?id=653281\">ratkaisut<\/a>,\u00a0<span class=\"title11\"><a href=\"http:\/\/www.sis.uta.fi\/tilasto\/mtttp1\/syksy2018\/mh1.pdf\">SPSS-harjoitus 1<\/a>, <a href=\"http:\/\/www.sis.uta.fi\/tilasto\/mtttp1\/syksy2018\/mh1ohj.pdf\">SPSS-ohjeet<\/a><\/span><\/p>\n<p><strong>Viikko 40\u00a0<\/strong><a href=\"http:\/\/www.sis.uta.fi\/tilasto\/mtttp1\/syksy2018\/harj3.pdf\">Harjoitus 3<\/a>, <a href=\"https:\/\/learning2.uta.fi\/mod\/resource\/view.php?id=653282\">ratkaisut<\/a><\/p>\n<p><strong>Viikko 41<\/strong>\u00a0<a href=\"http:\/\/www.sis.uta.fi\/tilasto\/mtttp1\/syksy2018\/harj4.pdf\">Harjoitus 4<\/a>, <a href=\"https:\/\/learning2.uta.fi\/mod\/resource\/view.php?id=653283\">ratkaisut<\/a>, <span class=\"title11\"><a href=\"http:\/\/www.sis.uta.fi\/tilasto\/mtttp1\/syksy2018\/mh2.pdf\">SPSS-harjoitus 2<\/a><\/span><span class=\"title11\">, <a href=\"http:\/\/www.sis.uta.fi\/tilasto\/mtttp1\/syksy2018\/mh2ohj.pdf\">SPSS-ohjeet<\/a><\/span><\/p>\n<p><strong>Viikko 42<\/strong>\u00a0<a href=\"http:\/\/www.sis.uta.fi\/tilasto\/mtttp1\/syksy2018\/harj5.pdf\">Harjoitus 5<\/a>, <a href=\"https:\/\/learning2.uta.fi\/mod\/resource\/view.php?id=654024\">ratkaisut<\/a>, <span class=\"title11\"><a href=\"http:\/\/www.sis.uta.fi\/tilasto\/mtttp1\/syksy2018\/mh3.pdf\">SPSS-harjoitus 3<\/a>, <a href=\"http:\/\/www.sis.uta.fi\/tilasto\/mtttp1\/syksy2018\/mh3ohj.pdf\">SPSS-ohjeet<\/a><\/span><\/p>\n<p>&nbsp;<\/p>\n","protected":false},"excerpt":{"rendered":"<p>Laskuharjoitusten sek\u00e4 SPSS-harjoitusten teht\u00e4v\u00e4t, ratkaisut ja ohjeet Viikko 38\u00a0Harjoitus 1, ratkaisut Viikko 39\u00a0Harjoitus 2, ratkaisut,\u00a0SPSS-harjoitus 1, SPSS-ohjeet Viikko 40\u00a0Harjoitus 3, ratkaisut Viikko 41\u00a0Harjoitus 4, ratkaisut, SPSS-harjoitus 2, SPSS-ohjeet Viikko 42\u00a0Harjoitus 5, ratkaisut, SPSS-harjoitus 3, SPSS-ohjeet &nbsp;<\/p>\n","protected":false},"author":31,"featured_media":0,"parent":583,"menu_order":3,"comment_status":"closed","ping_status":"closed","template":"","meta":{"footnotes":""},"class_list":["post-596","page","type-page","status-publish","hentry"],"_links":{"self":[{"href":"https:\/\/coursepages2.tuni.fi\/mtttp1\/wp-json\/wp\/v2\/pages\/596","targetHints":{"allow":["GET"]}}],"collection":[{"href":"https:\/\/coursepages2.tuni.fi\/mtttp1\/wp-json\/wp\/v2\/pages"}],"about":[{"href":"https:\/\/coursepages2.tuni.fi\/mtttp1\/wp-json\/wp\/v2\/types\/page"}],"author":[{"embeddable":true,"href":"https:\/\/coursepages2.tuni.fi\/mtttp1\/wp-json\/wp\/v2\/users\/31"}],"replies":[{"embeddable":true,"href":"https:\/\/coursepages2.tuni.fi\/mtttp1\/wp-json\/wp\/v2\/comments?post=596"}],"version-history":[{"count":27,"href":"https:\/\/coursepages2.tuni.fi\/mtttp1\/wp-json\/wp\/v2\/pages\/596\/revisions"}],"predecessor-version":[{"id":845,"href":"https:\/\/coursepages2.tuni.fi\/mtttp1\/wp-json\/wp\/v2\/pages\/596\/revisions\/845"}],"up":[{"embeddable":true,"href":"https:\/\/coursepages2.tuni.fi\/mtttp1\/wp-json\/wp\/v2\/pages\/583"}],"wp:attachment":[{"href":"https:\/\/coursepages2.tuni.fi\/mtttp1\/wp-json\/wp\/v2\/media?parent=596"}],"curies":[{"name":"wp","href":"https:\/\/api.w.org\/{rel}","templated":true}]}}