{"id":583,"date":"2018-08-02T10:43:15","date_gmt":"2018-08-02T07:43:15","guid":{"rendered":"https:\/\/coursepages.uta.fi\/mtttp1\/?page_id=583"},"modified":"2019-06-13T11:17:34","modified_gmt":"2019-06-13T08:17:34","slug":"syksy-2018","status":"publish","type":"page","link":"https:\/\/coursepages2.tuni.fi\/mtttp1\/syksy-2018\/","title":{"rendered":"Syksy 2018, periodi I"},"content":{"rendered":"<hr \/>\n<h1>Ajankohtaista<\/h1>\n<p class=\"title11\"><strong>19.09.2018<\/strong><\/p>\n<p class=\"title11\">SPSS-ryhm\u00e4jako tehty, ks. t\u00e4st\u00e4 (linkki poistettu).<\/p>\n<p class=\"title11\"><strong>10.09.2018<\/strong><\/p>\n<p class=\"title11\">Kurssille hyv\u00e4ksyttyjen SPSS-ryhm\u00e4toiveen antaminen t\u00e4ss\u00e4 (linkki poistettu) viimeist\u00e4\u00e4n 18.9.<\/p>\n<p><strong>06.09.2018<\/strong><\/p>\n<p>Kurssille hyv\u00e4ksyttyjen laskuharjoitusryhm\u00e4\u00e4n ilmoittautuminen t\u00e4ss\u00e4 (linkki poistettu).<\/p>\n<p><strong>03.09.2018<\/strong><\/p>\n<p>Jos ei p\u00e4\u00e4se ensimm\u00e4iselle luennolla, niin se ei haittaa. T\u00e4st\u00e4 EI my\u00f6sk\u00e4\u00e4n tarvitse ilmoittaa luennoitsijalle.<\/p>\n<p class=\"title11\"><strong>02.08.2018<\/strong><\/p>\n<p class=\"title11\">Ilmoittautuminen kurssille, ks.\u00a0<a href=\"https:\/\/www10.uta.fi\/opas\/opetusohjelma\/marjapuuro.htm?id=38648\" target=\"_blank\" rel=\"noopener\">Opetusohjelma<\/a>. Kurssille voidaan ottaa kaikki mukaan haluavat opiskelijat.<\/p>\n<p class=\"title11\">T\u00e4h\u00e4n toteutukseen liittyy my\u00f6s itsen\u00e4inen opiskelumahdollisuus koko lukuvuoden ajan. \u00a0Siis opintojakson voi opiskella osallistumatta luennoille tai harjoituksiin. T\u00e4ll\u00f6inkin voi ilmoittautua kurssille, jolloin saa opettajalta samat tiedotteet kuin opetukseen osallistuvatkin sek\u00e4 automaattisesti p\u00e4\u00e4syn Moodle-alueelle. Omatoimisessa opiskelussa voi k\u00e4ytt\u00e4\u00e4 tukenaan avuksi tehty\u00e4\u00a0<a href=\"http:\/\/www.sis.uta.fi\/tilasto\/mtttp1\/syksy2018\/itseopiskelu.pdf\">ohjeistusta<\/a>.<\/p>\n<p class=\"title11\">Opetuksen tukena k\u00e4ytet\u00e4\u00e4n Moodle -oppimisymp\u00e4rist\u00f6\u00e4, jossa annetaan mm. ohjeita laskuharjoitusteht\u00e4viin liittyen ja jossa voi tehd\u00e4 harjoitusty\u00f6h\u00f6n liittyvi\u00e4 tarkastuksia. My\u00f6s keskustelu on mahdollista.\u00a0 Keskusteluun osallistuminen ja sen seuraaminen on vapaaehtoista. Kurssille hyv\u00e4ksyt kirjataan automaattisesti Moodle-alueelle.<\/p>\n<p class=\"title11\">Kurssille hyv\u00e4ksyttyjen laskuharjoitusryhm\u00e4\u00e4n ilmoittatuminen t\u00e4m\u00e4n sivuston kautta my\u00f6hemmin.\u00a0SPSS-harjoituksiin ilmoittautuminen my\u00f6hemmin opetuksen alettua.<\/p>\n<p class=\"title11\">Opetukseen liittyv\u00e4 tentti ti 30.10.2018, ks. tarkemmin Kurssi-info.<\/p>\n<p class=\"title11\">Kaikki lukuvuoden tenttimahdollisuudet n\u00e4kyv\u00e4t\u00a0<a href=\"https:\/\/www10.uta.fi\/nettiopsu\/tentti\/tentti.htm?action=jakso&amp;jaksoId=38905\" target=\"_blank\" rel=\"noopener\">NettiOpsussa.<\/a><\/p>\n<p class=\"title11\"><strong>02.08.2017<\/strong><\/p>\n<p class=\"title11\">T\u00e4ll\u00e4 sivulla julkaistaan syksyn 2018 periodin I toteutusta koskevat ajankohtaistiedot ja ohjeet.<\/p>\n<p class=\"title11\">My\u00f6s kaikki tarpeellinen oppimateriaali ja info tulee aikanaan l\u00f6ytym\u00e4\u00e4n t\u00e4m\u00e4n kotisivuston kautta.\u00a0Kaikki linkit eiv\u00e4t ole viel\u00e4 toiminnassa, koska materiaalin teko on kesken. Materiaaleihin viittaavat linkit tulevat toimimaan materiaalin valmistumisen my\u00f6t\u00e4.<\/p>\n<p>&nbsp;<\/p>\n<p>&nbsp;<\/p>\n","protected":false},"excerpt":{"rendered":"<p>Ajankohtaista 19.09.2018 SPSS-ryhm\u00e4jako tehty, ks. t\u00e4st\u00e4 (linkki poistettu). 10.09.2018 Kurssille hyv\u00e4ksyttyjen SPSS-ryhm\u00e4toiveen antaminen t\u00e4ss\u00e4 (linkki poistettu) viimeist\u00e4\u00e4n 18.9. 06.09.2018 Kurssille hyv\u00e4ksyttyjen laskuharjoitusryhm\u00e4\u00e4n ilmoittautuminen t\u00e4ss\u00e4 (linkki poistettu). 03.09.2018 Jos ei p\u00e4\u00e4se ensimm\u00e4iselle luennolla, niin se ei haittaa. T\u00e4st\u00e4 EI my\u00f6sk\u00e4\u00e4n tarvitse ilmoittaa luennoitsijalle. 02.08.2018 Ilmoittautuminen kurssille, ks.\u00a0Opetusohjelma. Kurssille voidaan ottaa kaikki mukaan haluavat opiskelijat. T\u00e4h\u00e4n toteutukseen &hellip; <a href=\"https:\/\/coursepages2.tuni.fi\/mtttp1\/syksy-2018\/\" class=\"more-link\">Jatka artikkeliin <span class=\"screen-reader-text\">Syksy 2018, periodi I<\/span><\/a><\/p>\n","protected":false},"author":31,"featured_media":0,"parent":0,"menu_order":0,"comment_status":"closed","ping_status":"closed","template":"","meta":{"footnotes":""},"class_list":["post-583","page","type-page","status-publish","hentry"],"_links":{"self":[{"href":"https:\/\/coursepages2.tuni.fi\/mtttp1\/wp-json\/wp\/v2\/pages\/583","targetHints":{"allow":["GET"]}}],"collection":[{"href":"https:\/\/coursepages2.tuni.fi\/mtttp1\/wp-json\/wp\/v2\/pages"}],"about":[{"href":"https:\/\/coursepages2.tuni.fi\/mtttp1\/wp-json\/wp\/v2\/types\/page"}],"author":[{"embeddable":true,"href":"https:\/\/coursepages2.tuni.fi\/mtttp1\/wp-json\/wp\/v2\/users\/31"}],"replies":[{"embeddable":true,"href":"https:\/\/coursepages2.tuni.fi\/mtttp1\/wp-json\/wp\/v2\/comments?post=583"}],"version-history":[{"count":19,"href":"https:\/\/coursepages2.tuni.fi\/mtttp1\/wp-json\/wp\/v2\/pages\/583\/revisions"}],"predecessor-version":[{"id":842,"href":"https:\/\/coursepages2.tuni.fi\/mtttp1\/wp-json\/wp\/v2\/pages\/583\/revisions\/842"}],"wp:attachment":[{"href":"https:\/\/coursepages2.tuni.fi\/mtttp1\/wp-json\/wp\/v2\/media?parent=583"}],"curies":[{"name":"wp","href":"https:\/\/api.w.org\/{rel}","templated":true}]}}