{"id":5,"date":"2017-06-22T10:58:06","date_gmt":"2017-06-22T07:58:06","guid":{"rendered":"https:\/\/coursepages.uta.fi\/mtttp1\/?page_id=5"},"modified":"2018-09-03T16:14:09","modified_gmt":"2018-09-03T13:14:09","slug":"paasivu","status":"publish","type":"page","link":"https:\/\/coursepages2.tuni.fi\/mtttp1\/","title":{"rendered":"P\u00e4\u00e4sivu"},"content":{"rendered":"<hr \/>\n<h1>Ajankohtaista<\/h1>\n<p><strong>02.08.2018<\/strong><\/p>\n<p>Syksyll\u00e4 2018 periodissa I toteutettavan kurssin tiedot, materiaalin sek\u00e4 itsen\u00e4isen opiskelun ohjeistuksen l\u00f6yd\u00e4t my\u00f6hemmin t\u00e4m\u00e4n sivuston kautta.<\/p>\n<p><strong>02.08.2018<\/strong><\/p>\n<p>Lukuvuonna 2018-2019 opintojakso toteutetaan p\u00e4iv\u00e4opetuksena periodissa I (opiskelijam\u00e4\u00e4r\u00e4 ei rajoitattu, my\u00f6s itsen\u00e4inen opiskelu mahdollista koko lukuvuoden ajan), avoimena yliopisto-opetuksena (iltaryhm\u00e4, periodi II, tutkinto-opiskelijoiden kiinti\u00f6 45) ja p\u00e4iv\u00e4opetuksena periodissa IV.<\/p>\n<p>&nbsp;<\/p>\n","protected":false},"excerpt":{"rendered":"<p>Ajankohtaista 02.08.2018 Syksyll\u00e4 2018 periodissa I toteutettavan kurssin tiedot, materiaalin sek\u00e4 itsen\u00e4isen opiskelun ohjeistuksen l\u00f6yd\u00e4t my\u00f6hemmin t\u00e4m\u00e4n sivuston kautta. 02.08.2018 Lukuvuonna 2018-2019 opintojakso toteutetaan p\u00e4iv\u00e4opetuksena periodissa I (opiskelijam\u00e4\u00e4r\u00e4 ei rajoitattu, my\u00f6s itsen\u00e4inen opiskelu mahdollista koko lukuvuoden ajan), avoimena yliopisto-opetuksena (iltaryhm\u00e4, periodi II, tutkinto-opiskelijoiden kiinti\u00f6 45) ja p\u00e4iv\u00e4opetuksena periodissa IV. &nbsp;<\/p>\n","protected":false},"author":31,"featured_media":0,"parent":0,"menu_order":0,"comment_status":"closed","ping_status":"closed","template":"","meta":{"footnotes":""},"class_list":["post-5","page","type-page","status-publish","hentry"],"_links":{"self":[{"href":"https:\/\/coursepages2.tuni.fi\/mtttp1\/wp-json\/wp\/v2\/pages\/5","targetHints":{"allow":["GET"]}}],"collection":[{"href":"https:\/\/coursepages2.tuni.fi\/mtttp1\/wp-json\/wp\/v2\/pages"}],"about":[{"href":"https:\/\/coursepages2.tuni.fi\/mtttp1\/wp-json\/wp\/v2\/types\/page"}],"author":[{"embeddable":true,"href":"https:\/\/coursepages2.tuni.fi\/mtttp1\/wp-json\/wp\/v2\/users\/31"}],"replies":[{"embeddable":true,"href":"https:\/\/coursepages2.tuni.fi\/mtttp1\/wp-json\/wp\/v2\/comments?post=5"}],"version-history":[{"count":22,"href":"https:\/\/coursepages2.tuni.fi\/mtttp1\/wp-json\/wp\/v2\/pages\/5\/revisions"}],"predecessor-version":[{"id":661,"href":"https:\/\/coursepages2.tuni.fi\/mtttp1\/wp-json\/wp\/v2\/pages\/5\/revisions\/661"}],"wp:attachment":[{"href":"https:\/\/coursepages2.tuni.fi\/mtttp1\/wp-json\/wp\/v2\/media?parent=5"}],"curies":[{"name":"wp","href":"https:\/\/api.w.org\/{rel}","templated":true}]}}