{"id":5,"date":"2017-06-22T10:58:06","date_gmt":"2017-06-22T07:58:06","guid":{"rendered":"https:\/\/coursepages.uta.fi\/mttta13\/?page_id=5"},"modified":"2025-09-01T15:50:27","modified_gmt":"2025-09-01T12:50:27","slug":"paasivu","status":"publish","type":"page","link":"https:\/\/coursepages2.tuni.fi\/mttta13\/","title":{"rendered":"P\u00e4\u00e4sivu"},"content":{"rendered":"<h1 id=\"yui_3_17_2_1_1597230040442_1499\">DATA.STAT.210-2025-2026-1 \/ MTTTA13<\/h1>\n<h1>Empiirinen projekti<\/h1>\n<p>Tarkemmat ohjeet opintojakson suorittamisesta l\u00f6ytyv\u00e4t<strong> <a href=\"https:\/\/coursepages2.tuni.fi\/mttta13\/wp-content\/uploads\/sites\/14\/2024\/08\/DATA.STAT.210-opintojaksokuvaus.docx\">t\u00e4\u00e4lt\u00e4<\/a>.<\/strong><\/p>\n<p>Huomatkaa muutos menetelmien k\u00e4yt\u00f6ss\u00e4: lineaarinen monen selitt\u00e4j\u00e4n regressioanalyysi tulee olla yhten\u00e4 menetelm\u00e4n\u00e4.<\/p>\n<p>&nbsp;<\/p>\n<p>&nbsp;<\/p>\n","protected":false},"excerpt":{"rendered":"<p>DATA.STAT.210-2025-2026-1 \/ MTTTA13 Empiirinen projekti Tarkemmat ohjeet opintojakson suorittamisesta l\u00f6ytyv\u00e4t t\u00e4\u00e4lt\u00e4. Huomatkaa muutos menetelmien k\u00e4yt\u00f6ss\u00e4: lineaarinen monen selitt\u00e4j\u00e4n regressioanalyysi tulee olla yhten\u00e4 menetelm\u00e4n\u00e4. &nbsp; &nbsp;<\/p>\n","protected":false},"author":1,"featured_media":0,"parent":0,"menu_order":0,"comment_status":"closed","ping_status":"closed","template":"","meta":{"footnotes":""},"class_list":["post-5","page","type-page","status-publish","hentry"],"_links":{"self":[{"href":"https:\/\/coursepages2.tuni.fi\/mttta13\/wp-json\/wp\/v2\/pages\/5","targetHints":{"allow":["GET"]}}],"collection":[{"href":"https:\/\/coursepages2.tuni.fi\/mttta13\/wp-json\/wp\/v2\/pages"}],"about":[{"href":"https:\/\/coursepages2.tuni.fi\/mttta13\/wp-json\/wp\/v2\/types\/page"}],"author":[{"embeddable":true,"href":"https:\/\/coursepages2.tuni.fi\/mttta13\/wp-json\/wp\/v2\/users\/1"}],"replies":[{"embeddable":true,"href":"https:\/\/coursepages2.tuni.fi\/mttta13\/wp-json\/wp\/v2\/comments?post=5"}],"version-history":[{"count":16,"href":"https:\/\/coursepages2.tuni.fi\/mttta13\/wp-json\/wp\/v2\/pages\/5\/revisions"}],"predecessor-version":[{"id":59,"href":"https:\/\/coursepages2.tuni.fi\/mttta13\/wp-json\/wp\/v2\/pages\/5\/revisions\/59"}],"wp:attachment":[{"href":"https:\/\/coursepages2.tuni.fi\/mttta13\/wp-json\/wp\/v2\/media?parent=5"}],"curies":[{"name":"wp","href":"https:\/\/api.w.org\/{rel}","templated":true}]}}