{"id":70,"date":"2017-11-10T11:41:06","date_gmt":"2017-11-10T09:41:06","guid":{"rendered":"https:\/\/coursepages.uta.fi\/mttta1\/?page_id=70"},"modified":"2018-12-20T11:05:18","modified_gmt":"2018-12-20T09:05:18","slug":"oikopolkuja-materiaaliin","status":"publish","type":"page","link":"https:\/\/coursepages2.tuni.fi\/mttta1\/kevat-2019\/oikopolkuja-materiaaliin\/","title":{"rendered":"Oikopolkuja materiaaleihin"},"content":{"rendered":"<hr \/>\n<p><a href=\"http:\/\/www.sis.uta.fi\/tilasto\/mttta1\/kevat2019\/luentorunko.pdf\">Luentorunko<\/a><br \/>\n<a href=\"http:\/\/www.sis.uta.fi\/tilasto\/mttta1\/kevat2019\/kaikki_luentokalvot.pdf\">Kaikki luentokalvot<\/a>, p\u00e4ivitet\u00e4\u00e4n luetojen j\u00e4lkeen viikoittain<br \/>\n<a href=\"http:\/\/www.sis.uta.fi\/tilasto\/mttta1\/kevat2019\/kaavat.pdf\">Kaavat<\/a><br \/>\n<a href=\"http:\/\/www.sis.uta.fi\/tilasto\/mtttp5\/syksy2018\/kaavat.pdf\">MTTTP5:n kaavat<\/a><br \/>\n<a href=\"http:\/\/www.sis.uta.fi\/tilasto\/mttta1\/kevat2019\/N(0_1).pdf\">Normaalijakauman taulukko<\/a><br \/>\n<a href=\"http:\/\/www.sis.uta.fi\/tilasto\/mttta1\/kevat2019\/studentin_t.pdf\">Studenti t-jakauman taulukko<\/a><br \/>\n<a href=\"http:\/\/www.sis.uta.fi\/tilasto\/mttta1\/kevat2019\/F_jakauma.pdf\">F-jakauman taulukot<\/a><br \/>\n<a href=\"http:\/\/www.sis.uta.fi\/tilasto\/mttta1\/kevat2019\/chi.pdf\">\u03c7\u00b2-jakauman taulukko<\/a><\/p>\n","protected":false},"excerpt":{"rendered":"<p>Luentorunko Kaikki luentokalvot, p\u00e4ivitet\u00e4\u00e4n luetojen j\u00e4lkeen viikoittain Kaavat MTTTP5:n kaavat Normaalijakauman taulukko Studenti t-jakauman taulukko F-jakauman taulukot \u03c7\u00b2-jakauman taulukko<\/p>\n","protected":false},"author":31,"featured_media":0,"parent":44,"menu_order":9,"comment_status":"closed","ping_status":"closed","template":"","meta":{"footnotes":""},"class_list":["post-70","page","type-page","status-publish","hentry"],"_links":{"self":[{"href":"https:\/\/coursepages2.tuni.fi\/mttta1\/wp-json\/wp\/v2\/pages\/70","targetHints":{"allow":["GET"]}}],"collection":[{"href":"https:\/\/coursepages2.tuni.fi\/mttta1\/wp-json\/wp\/v2\/pages"}],"about":[{"href":"https:\/\/coursepages2.tuni.fi\/mttta1\/wp-json\/wp\/v2\/types\/page"}],"author":[{"embeddable":true,"href":"https:\/\/coursepages2.tuni.fi\/mttta1\/wp-json\/wp\/v2\/users\/31"}],"replies":[{"embeddable":true,"href":"https:\/\/coursepages2.tuni.fi\/mttta1\/wp-json\/wp\/v2\/comments?post=70"}],"version-history":[{"count":12,"href":"https:\/\/coursepages2.tuni.fi\/mttta1\/wp-json\/wp\/v2\/pages\/70\/revisions"}],"predecessor-version":[{"id":341,"href":"https:\/\/coursepages2.tuni.fi\/mttta1\/wp-json\/wp\/v2\/pages\/70\/revisions\/341"}],"up":[{"embeddable":true,"href":"https:\/\/coursepages2.tuni.fi\/mttta1\/wp-json\/wp\/v2\/pages\/44"}],"wp:attachment":[{"href":"https:\/\/coursepages2.tuni.fi\/mttta1\/wp-json\/wp\/v2\/media?parent=70"}],"curies":[{"name":"wp","href":"https:\/\/api.w.org\/{rel}","templated":true}]}}