{"id":68,"date":"2017-11-10T11:38:55","date_gmt":"2017-11-10T09:38:55","guid":{"rendered":"https:\/\/coursepages.uta.fi\/mttta1\/?page_id=68"},"modified":"2019-01-18T09:39:36","modified_gmt":"2019-01-18T07:39:36","slug":"palaute","status":"publish","type":"page","link":"https:\/\/coursepages2.tuni.fi\/mttta1\/kevat-2019\/palaute\/","title":{"rendered":"Palaute"},"content":{"rendered":"<hr \/>\n<p>Palautetta kurssin aikana voi antaa Moodlessa tai opettajille s\u00e4hk\u00f6postilla.<\/p>\n<p>Opettajat <a href=\"mailto:raija.leppala@uta.fi\">Raija Lepp\u00e4l\u00e4<\/a> ja <a href=\"mailto:Mikko.M.Korhonen@tuni.fi\">Mikko Korhonen<\/a><\/p>\n<p>Opetuksen p\u00e4\u00e4tytty\u00e4 ker\u00e4t\u00e4\u00e4n kurssipalaute.<\/p>\n","protected":false},"excerpt":{"rendered":"<p>Palautetta kurssin aikana voi antaa Moodlessa tai opettajille s\u00e4hk\u00f6postilla. Opettajat Raija Lepp\u00e4l\u00e4 ja Mikko Korhonen Opetuksen p\u00e4\u00e4tytty\u00e4 ker\u00e4t\u00e4\u00e4n kurssipalaute.<\/p>\n","protected":false},"author":31,"featured_media":0,"parent":44,"menu_order":8,"comment_status":"closed","ping_status":"closed","template":"","meta":{"footnotes":""},"class_list":["post-68","page","type-page","status-publish","hentry"],"_links":{"self":[{"href":"https:\/\/coursepages2.tuni.fi\/mttta1\/wp-json\/wp\/v2\/pages\/68","targetHints":{"allow":["GET"]}}],"collection":[{"href":"https:\/\/coursepages2.tuni.fi\/mttta1\/wp-json\/wp\/v2\/pages"}],"about":[{"href":"https:\/\/coursepages2.tuni.fi\/mttta1\/wp-json\/wp\/v2\/types\/page"}],"author":[{"embeddable":true,"href":"https:\/\/coursepages2.tuni.fi\/mttta1\/wp-json\/wp\/v2\/users\/31"}],"replies":[{"embeddable":true,"href":"https:\/\/coursepages2.tuni.fi\/mttta1\/wp-json\/wp\/v2\/comments?post=68"}],"version-history":[{"count":5,"href":"https:\/\/coursepages2.tuni.fi\/mttta1\/wp-json\/wp\/v2\/pages\/68\/revisions"}],"predecessor-version":[{"id":366,"href":"https:\/\/coursepages2.tuni.fi\/mttta1\/wp-json\/wp\/v2\/pages\/68\/revisions\/366"}],"up":[{"embeddable":true,"href":"https:\/\/coursepages2.tuni.fi\/mttta1\/wp-json\/wp\/v2\/pages\/44"}],"wp:attachment":[{"href":"https:\/\/coursepages2.tuni.fi\/mttta1\/wp-json\/wp\/v2\/media?parent=68"}],"curies":[{"name":"wp","href":"https:\/\/api.w.org\/{rel}","templated":true}]}}