{"id":66,"date":"2017-11-10T11:38:22","date_gmt":"2017-11-10T09:38:22","guid":{"rendered":"https:\/\/coursepages.uta.fi\/mttta1\/?page_id=66"},"modified":"2018-12-20T11:10:22","modified_gmt":"2018-12-20T09:10:22","slug":"linkkeja","status":"publish","type":"page","link":"https:\/\/coursepages2.tuni.fi\/mttta1\/linkkeja\/","title":{"rendered":"Linkkej\u00e4"},"content":{"rendered":"<hr \/>\n<h2>T\u00e4ydent\u00e4v\u00e4\u00e4 oppimateriaalia opiskelun tueksi<\/h2>\n<p style=\"padding-left: 30px\">Yhteiskuntatieteellisen tietoarkiston menetelm\u00e4opetuksen valtakunnallinen tietovaranto<br \/>\n<a href=\"http:\/\/www.fsd.uta.fi\/menetelmaopetus\/intro.html\" target=\"_blank\" rel=\"noopener\">http:\/\/www.fsd.uta.fi\/menetelmaopetus\/intro.html<\/a><\/p>\n<p style=\"padding-left: 30px\">Online Statistics Education: An Interactive Multimedia Course of Study<br \/>\n<a href=\"http:\/\/onlinestatbook.com\/2\/index.html\" target=\"_blank\" rel=\"noopener\">http:\/\/onlinestatbook.com\/2\/index.html<\/a><\/p>\n<p style=\"padding-left: 30px\">HyperStat Online Statistics Textbook<br \/>\n<a href=\"http:\/\/davidmlane.com\/hyperstat\/\" target=\"_blank\" rel=\"noopener\">http:\/\/davidmlane.com\/hyperstat\/<\/a><\/p>\n<p style=\"padding-left: 30px\">SURFSTAT australia<br \/>\n<a href=\"http:\/\/surfstat.anu.edu.au\/surfstat-home\/surfstat-main.html\" target=\"_blank\" rel=\"noopener\">http:\/\/surfstat.anu.edu.au\/surfstat-home\/surfstat-main.html<\/a><\/p>\n<h2>Sanastoja ja sanakirjoja<\/h2>\n<p style=\"padding-left: 30px\">Statistics Glossary<br \/>\n<a href=\"http:\/\/www.stats.gla.ac.uk\/steps\/glossary\/index.html\" target=\"_blank\" rel=\"noopener\">http:\/\/www.stats.gla.ac.uk\/steps\/glossary\/index.html<\/a><\/p>\n<p style=\"padding-left: 30px\">Internet Clossary of Statistical Terms<br \/>\n<a href=\"http:\/\/www.animatedsoftware.com\/statglos\/statglos.htm\" target=\"_blank\" rel=\"noopener\">http:\/\/www.animatedsoftware.com\/statglos\/statglos.htm<\/a><\/p>\n<p style=\"padding-left: 30px\">Wikipedia<br \/>\n<a href=\"http:\/\/en.wikipedia.org\/wiki\/Statistics\" target=\"_blank\" rel=\"noopener\">http:\/\/en.wikipedia.org\/wiki\/Statistics<\/a><\/p>\n<h2>Laskenta-ohjelmia verkossa<\/h2>\n<p style=\"padding-left: 30px\">VassarStats: Web Site for Statistical Computation<br \/>\n<a href=\"http:\/\/vassarstats.net\/\" target=\"_blank\" rel=\"noopener\">http:\/\/faculty.vassar.edu\/lowry\/VassarStats.html<\/a><\/p>\n<p style=\"padding-left: 30px\">SISA Simple Interactive Statistical Analysis<br \/>\n<a href=\"http:\/\/www.quantitativeskills.com\/sisa\/\" target=\"_blank\" rel=\"noopener\">http:\/\/www.quantitativeskills.com\/sisa\/<\/a><\/p>\n<h2>SPSS-linkkej\u00e4<\/h2>\n<p style=\"padding-left: 30px\">Ks. MTTTP1:n <a href=\"https:\/\/coursepages2.tuni.fi\/mtttp1\/linkkeja\/\" target=\"_blank\" rel=\"noopener\">SPSS-linkit<\/a><\/p>\n<h2>Ehdotus lis\u00e4tt\u00e4v\u00e4ksi linkiksi<\/h2>\n<p style=\"padding-left: 30px\"><a href=\"mailto:raija.leppala@uta.fi\">L\u00e4het\u00e4<\/a> ehdotus sivun t\u00e4ydent\u00e4miseksi.<\/p>\n","protected":false},"excerpt":{"rendered":"<p>T\u00e4ydent\u00e4v\u00e4\u00e4 oppimateriaalia opiskelun tueksi Yhteiskuntatieteellisen tietoarkiston menetelm\u00e4opetuksen valtakunnallinen tietovaranto http:\/\/www.fsd.uta.fi\/menetelmaopetus\/intro.html Online Statistics Education: An Interactive Multimedia Course of Study http:\/\/onlinestatbook.com\/2\/index.html HyperStat Online Statistics Textbook http:\/\/davidmlane.com\/hyperstat\/ SURFSTAT australia http:\/\/surfstat.anu.edu.au\/surfstat-home\/surfstat-main.html Sanastoja ja sanakirjoja Statistics Glossary http:\/\/www.stats.gla.ac.uk\/steps\/glossary\/index.html Internet Clossary of Statistical Terms http:\/\/www.animatedsoftware.com\/statglos\/statglos.htm Wikipedia http:\/\/en.wikipedia.org\/wiki\/Statistics Laskenta-ohjelmia verkossa VassarStats: Web Site for Statistical Computation http:\/\/faculty.vassar.edu\/lowry\/VassarStats.html SISA Simple Interactive Statistical &hellip; <a href=\"https:\/\/coursepages2.tuni.fi\/mttta1\/linkkeja\/\" class=\"more-link\">Jatka artikkeliin <span class=\"screen-reader-text\">Linkkej\u00e4<\/span><\/a><\/p>\n","protected":false},"author":31,"featured_media":0,"parent":0,"menu_order":8,"comment_status":"closed","ping_status":"closed","template":"","meta":{"footnotes":""},"class_list":["post-66","page","type-page","status-publish","hentry"],"_links":{"self":[{"href":"https:\/\/coursepages2.tuni.fi\/mttta1\/wp-json\/wp\/v2\/pages\/66","targetHints":{"allow":["GET"]}}],"collection":[{"href":"https:\/\/coursepages2.tuni.fi\/mttta1\/wp-json\/wp\/v2\/pages"}],"about":[{"href":"https:\/\/coursepages2.tuni.fi\/mttta1\/wp-json\/wp\/v2\/types\/page"}],"author":[{"embeddable":true,"href":"https:\/\/coursepages2.tuni.fi\/mttta1\/wp-json\/wp\/v2\/users\/31"}],"replies":[{"embeddable":true,"href":"https:\/\/coursepages2.tuni.fi\/mttta1\/wp-json\/wp\/v2\/comments?post=66"}],"version-history":[{"count":6,"href":"https:\/\/coursepages2.tuni.fi\/mttta1\/wp-json\/wp\/v2\/pages\/66\/revisions"}],"predecessor-version":[{"id":344,"href":"https:\/\/coursepages2.tuni.fi\/mttta1\/wp-json\/wp\/v2\/pages\/66\/revisions\/344"}],"wp:attachment":[{"href":"https:\/\/coursepages2.tuni.fi\/mttta1\/wp-json\/wp\/v2\/media?parent=66"}],"curies":[{"name":"wp","href":"https:\/\/api.w.org\/{rel}","templated":true}]}}