{"id":64,"date":"2017-11-10T11:38:02","date_gmt":"2017-11-10T09:38:02","guid":{"rendered":"https:\/\/coursepages.uta.fi\/mttta1\/?page_id=64"},"modified":"2018-12-20T11:13:12","modified_gmt":"2018-12-20T09:13:12","slug":"usein-kysyttya","status":"publish","type":"page","link":"https:\/\/coursepages2.tuni.fi\/mttta1\/usein-kysyttya\/","title":{"rendered":"Usein kysytty\u00e4"},"content":{"rendered":"<hr \/>\n<p><strong>Voiko kurssille osallistua, vaikka [MTTTP5] Tilastollisen p\u00e4\u00e4ttelyn perusteet ei viel\u00e4 olisikaan suoritettu?<\/strong><\/p>\n<p style=\"padding-left: 30px\">Kyll\u00e4 voi. Ei haittaa, vaikka MTTTP5 olisi viel\u00e4 tenttim\u00e4tt\u00e4. Kurssilla kuitenkin oletetaan, ett\u00e4 opiskelija hallitsee MTTTP5:n asiat, vaikka suoritusvaatimusta ei aseteta.<\/p>\n<p><strong>Mit\u00e4 tenteiss\u00e4 saa olla mukana?<\/strong><\/p>\n<p style=\"padding-left: 30px\">Saa olla oma, ei-ohjelmoitava laskin (ei saa lainaksi). Muuta omaa materiaalia (kuten esim. MAOLin taulukoita) ei saa k\u00e4ytt\u00e4\u00e4. Tentin ajaksi saa k\u00e4ytt\u00f6\u00f6n samanlaisen kaavakokoelman ja jakaumataulukot, jotka ovat luentorungon liittein\u00e4, l\u00f6ytyv\u00e4t my\u00f6s Oikopoluista <a href=\"http:\/\/www.sis.uta.fi\/tilasto\/mttta1\/kevat2019\/kaavat.pdf\" target=\"_blank\" rel=\"noopener\">Kaavakokoelma<\/a>, <a href=\"http:\/\/www.sis.uta.fi\/tilasto\/mtttp5\/syksy2018\/kaavat.pdf\" target=\"_blank\" rel=\"noopener\">MTTTP5:n kaavakokoelma<\/a>, <a href=\"http:\/\/www.sis.uta.fi\/tilasto\/mttta1\/kevat2019\/N(0_1).pdf\" target=\"_blank\" rel=\"noopener\">Normaalijakauman taulukko<\/a>, <a href=\"http:\/\/www.sis.uta.fi\/tilasto\/mttta1\/kevat2019\/studentin_t.pdf\" target=\"_blank\" rel=\"noopener\">Studentin t-jakauman taulukko<\/a>, <a href=\"http:\/\/www.sis.uta.fi\/tilasto\/mttta1\/kevat2019\/F_jakauma.pdf\" target=\"_blank\" rel=\"noopener\">F-jakauman taulukot<\/a>, <a href=\"http:\/\/www.sis.uta.fi\/tilasto\/mttta1\/kevat2019\/chi.pdf\" target=\"_blank\" rel=\"noopener\">\u03c72-jakauman taulukko<\/a>.<\/p>\n<p><strong>Paljonko tentist\u00e4 tulee saada pisteit\u00e4, jotta suoritus hyv\u00e4ksyt\u00e4\u00e4n?<\/strong><\/p>\n<p style=\"padding-left: 30px\">15 pistett\u00e4, maksimipistem\u00e4\u00e4r\u00e4 30.<\/p>\n<p><strong>Onko vanhoja tenttikysymyksi\u00e4 saatavana?<\/strong><\/p>\n<p style=\"padding-left: 30px\">Ei ole, mutta kaikki opintojakson harjoitusteht\u00e4v\u00e4t ja esimerkit ovat sopivia harjoitteita tentti\u00e4 varten.<\/p>\n<p><strong>Mit\u00e4 Levenen testill\u00e4 testataan yksisuuntaissa varianssianalyyss\u00e4?<\/strong><\/p>\n<p style=\"padding-left: 30px\">Varianssinalyysin yhteydess\u00e4 testataan populaatioiden, joista otokset tehd\u00e4\u00e4n, varianssien yht\u00e4suuruutta, nollahypoteesi: ovat yht\u00e4 suuret. Tutkitaan siis varianssianalyysin oletusten voimassa oloa.<\/p>\n<p><strong>Miten Levenen testisuure lasketaan?<\/strong><\/p>\n<p style=\"padding-left: 30px\">Katso <a href=\"http:\/\/www.itl.nist.gov\/div898\/handbook\/eda\/section3\/eda35a.htm\" target=\"_blank\" rel=\"noopener\"> t\u00e4st\u00e4<\/a>.<\/p>\n<p><strong>Vaikka <a href=\"http:\/\/www.sis.uta.fi\/tilasto\/mttta1\/kevat2019\/kaavat.pdf\" target=\"_blank\" rel=\"noopener\"> kaavakokoelman<\/a> kaavan (1.1) yhteensopivuustestin testisuureen vapausasteet ovat k-1, niin miksi ne ovat joskus esim. k-3 (kuten esimerkiksi <a href=\"http:\/\/www.sis.uta.fi\/tilasto\/tiltp3\/kevat2003\/Esimerkkeja\/Esim_3_1_0_painoindeksi.pdf\" target=\"_blank\" rel=\"noopener\"> t\u00e4ss\u00e4<\/a>)?<\/strong><\/p>\n<p style=\"padding-left: 30px\">Jos teoreettisten frekvenssien laskussa joudutaan estimoimaan jakauman parametrej\u00e4, niin vapausasteet v\u00e4henev\u00e4t niiden lukum\u00e4\u00e4r\u00e4ll\u00e4. Esimerkin tilanteessa estimoitiin sek\u00e4 odotusarvo ett\u00e4 varianssi, joten vapausasteet k-1-2.<em><br \/>\n<\/em><\/p>\n","protected":false},"excerpt":{"rendered":"<p>Voiko kurssille osallistua, vaikka [MTTTP5] Tilastollisen p\u00e4\u00e4ttelyn perusteet ei viel\u00e4 olisikaan suoritettu? Kyll\u00e4 voi. Ei haittaa, vaikka MTTTP5 olisi viel\u00e4 tenttim\u00e4tt\u00e4. Kurssilla kuitenkin oletetaan, ett\u00e4 opiskelija hallitsee MTTTP5:n asiat, vaikka suoritusvaatimusta ei aseteta. Mit\u00e4 tenteiss\u00e4 saa olla mukana? Saa olla oma, ei-ohjelmoitava laskin (ei saa lainaksi). Muuta omaa materiaalia (kuten esim. MAOLin taulukoita) ei saa &hellip; <a href=\"https:\/\/coursepages2.tuni.fi\/mttta1\/usein-kysyttya\/\" class=\"more-link\">Jatka artikkeliin <span class=\"screen-reader-text\">Usein kysytty\u00e4<\/span><\/a><\/p>\n","protected":false},"author":31,"featured_media":0,"parent":0,"menu_order":7,"comment_status":"closed","ping_status":"closed","template":"","meta":{"footnotes":""},"class_list":["post-64","page","type-page","status-publish","hentry"],"_links":{"self":[{"href":"https:\/\/coursepages2.tuni.fi\/mttta1\/wp-json\/wp\/v2\/pages\/64","targetHints":{"allow":["GET"]}}],"collection":[{"href":"https:\/\/coursepages2.tuni.fi\/mttta1\/wp-json\/wp\/v2\/pages"}],"about":[{"href":"https:\/\/coursepages2.tuni.fi\/mttta1\/wp-json\/wp\/v2\/types\/page"}],"author":[{"embeddable":true,"href":"https:\/\/coursepages2.tuni.fi\/mttta1\/wp-json\/wp\/v2\/users\/31"}],"replies":[{"embeddable":true,"href":"https:\/\/coursepages2.tuni.fi\/mttta1\/wp-json\/wp\/v2\/comments?post=64"}],"version-history":[{"count":8,"href":"https:\/\/coursepages2.tuni.fi\/mttta1\/wp-json\/wp\/v2\/pages\/64\/revisions"}],"predecessor-version":[{"id":345,"href":"https:\/\/coursepages2.tuni.fi\/mttta1\/wp-json\/wp\/v2\/pages\/64\/revisions\/345"}],"wp:attachment":[{"href":"https:\/\/coursepages2.tuni.fi\/mttta1\/wp-json\/wp\/v2\/media?parent=64"}],"curies":[{"name":"wp","href":"https:\/\/api.w.org\/{rel}","templated":true}]}}