{"id":53,"date":"2017-11-10T11:35:20","date_gmt":"2017-11-10T09:35:20","guid":{"rendered":"https:\/\/coursepages.uta.fi\/mttta1\/?page_id=53"},"modified":"2019-02-18T11:41:22","modified_gmt":"2019-02-18T09:41:22","slug":"kurssi-info","status":"publish","type":"page","link":"https:\/\/coursepages2.tuni.fi\/mttta1\/kevat-2019\/kurssi-info\/","title":{"rendered":"Kurssi-info"},"content":{"rendered":"<hr \/>\n<h2><span class=\"title13 blue1TXT\">Opintojakson sis\u00e4lt\u00f6<\/span><\/h2>\n<p style=\"padding-left: 30px\">Kertausta MTTTP5:n asioista<br \/>\nVarianssianalyysi<br \/>\n\u03c7<sup>2<\/sup>&#8211; yhteensopivuustesti, \u03c7<sup>2<\/sup>&#8211; riippumattomuustesti<br \/>\nRegressioanalyysi<br \/>\nLyhyt katsaus ep\u00e4parametrisiin testeihin<br \/>\nSPSS-ohjelmiston k\u00e4ytt\u00f6\u00e4<\/p>\n<p style=\"padding-left: 30px\">Katso my\u00f6s <a class=\"blue1TXT\" href=\"https:\/\/www10.uta.fi\/opas\/opintojakso.htm?rid=14600&amp;idx=1&amp;uiLang=fi&amp;lang=fi&amp;lvv=2018\" target=\"_blank\" rel=\"noopener\"><span class=\"blue1TXT\">opinto-opas<\/span><\/a><\/p>\n<h2><span class=\"title13 blue1TXT\">Vaadittavat opintosuoritukset<\/span><\/h2>\n<p style=\"padding-left: 30px\">Tenttivaihtoehdot:<\/p>\n<p class=\"blue1TXT\" style=\"padding-left: 60px\">Opetukseen liittyv\u00e4 tentti ti 26.2.2019 klo<span style=\"background-color: #ffffff\"> 12.15<span style=\"color: #000000\">-15.00 ls. A1<\/span>. T\u00e4h\u00e4n <\/span>tenttiin voi <span style=\"color: #000000;background-color: #ffffff\">osallistua,<\/span> jos on tehnyt kurssin aikana v\u00e4hint\u00e4\u00e4n 30 % harjoituksista. Tenttiin ilmoittautuminen 4.2.-24.2. <a href=\"https:\/\/www10.uta.fi\/nettiopsu\/tentti\/tentti.htm?action=jakso&amp;jaksoId=38909\">NettiOpsussa<\/a>.<\/p>\n<div style=\"padding-left: 60px\">Muut vaihtoehtoiset tentit (sek\u00e4 uusintatentit, my\u00f6s omatoimisesti opiskeleville) 5.4.2019, 3.5.2019, kes\u00e4tentti 6.6.2019 (ilmoittautuminen <a href=\"https:\/\/www10.uta.fi\/nettiopsu\/tentti\/tentti.htm?action=jakso&amp;jaksoId=38909\" target=\"_blank\" rel=\"noopener\">NettiOpsussa<\/a>). Harjoitusten tekopakkoa n\u00e4ihin tentteihin liittyen ei ole, ei my\u00f6sk\u00e4\u00e4n harjoitusten perusteella hyvityspistemahdollisuutta.<\/div>\n<p class=\"blue1TXT\" style=\"padding-left: 30px\">Tentin ajaksi saa k\u00e4ytt\u00f6\u00f6n samanlaiset kaavakokoelmat ja jakaumataulukot, jotka ovat luentorungon liittein\u00e4, l\u00f6ytyv\u00e4t my\u00f6s Oikopoluista kohdista <span class=\"blue1TXT\"><a href=\"http:\/\/www.sis.uta.fi\/tilasto\/mttta1\/kevat2019\/kaavat.pdf\" target=\"_blank\" rel=\"noopener\">Kaavakokoelma<\/a>, <a href=\"http:\/\/www.sis.uta.fi\/tilasto\/mtttp5\/syksy2018\/kaavat.pdf\" target=\"_blank\" rel=\"noopener\">MTTTP5:n kaavakokoelma<\/a>, <a class=\"blue1TXT\" href=\"http:\/\/www.sis.uta.fi\/tilasto\/mttta1\/kevat2019\/N(0_1).pdf\" target=\"_blank\" rel=\"noopener\">Normaalijakauman taulukko<\/a><span class=\"blue1TXT\">, <\/span><a class=\"blue1TXT\" href=\"http:\/\/www.sis.uta.fi\/tilasto\/mttta1\/kevat2019\/studentin_t.pdf\" target=\"_blank\" rel=\"noopener\">Studentin t-jakauman taulukko<\/a><span class=\"blue1TXT\">, <a href=\"http:\/\/www.sis.uta.fi\/tilasto\/mttta1\/kevat2019\/F_jakauma.pdf\" target=\"_blank\" rel=\"noopener\">F-jakauman taulukot<\/a>, <a href=\"http:\/\/www.sis.uta.fi\/tilasto\/mttta1\/kevat2019\/chi.pdf\" target=\"_blank\" rel=\"noopener\">\u03c7<sup>2<\/sup>-jakauman taulukko<\/a>. <\/span><\/span>Tentiss\u00e4 saa olla mukana oma, ei-ohjelmoitava laskin (ei saa lainaksi). Muuta omaa materiaalia (kuten esim. MAOLin taulukoita) ei saa k\u00e4ytt\u00e4\u00e4.<\/p>\n<p class=\"blue1TXT\" style=\"padding-left: 30px\">Kaikki tentit perustuvat luentoihin ja kurssin harjoituksiin, jotka l\u00f6ytyv\u00e4t kurssin sivustolta. Tukena voit k\u00e4ytt\u00e4\u00e4 <a class=\"blue1TXT\" href=\"https:\/\/coursepages2.tuni.fi\/mttta1\/kevat-2019\/oheiskirjallisuutta\/\"> oheiskirjallisuutta<\/a> sek\u00e4 <a class=\"blue1TXT\" href=\"https:\/\/coursepages2.tuni.fi\/mttta1\/kevat-2018\/linkkeja\/\">linkkej\u00e4<\/a>-sivun materiaalia.<\/p>\n<p class=\"blue1TXT\" style=\"padding-left: 30px\">Tenttien arviointi saatujen pisteiden perusteella: 15\u201318 -&gt; 1, 19\u201321 -&gt; 2, 22\u201324 -&gt; 3, 25\u201327 -&gt; 4, 28\u201330 -&gt; 5.<\/p>\n<h2><span class=\"title13 blue1TXT\">Laskuharjoituksista<\/span><\/h2>\n<p style=\"padding-left: 30px\">Laskuharjoituksissa k\u00e4sitell\u00e4\u00e4n annetut teht\u00e4v\u00e4t siten, ett\u00e4 opiskelijat esitt\u00e4v\u00e4t (kotiteht\u00e4vin\u00e4 etuk\u00e4teen tekem\u00e4ns\u00e4) ratkaisut teht\u00e4viin.<\/p>\n<p style=\"padding-left: 30px\">Ratkaisuja ei voi vain n\u00e4ytt\u00e4\u00e4 harjoitusten pit\u00e4j\u00e4lle; hyvityksen saanti edellytt\u00e4\u00e4 paikalla oloa harjoituksissa. Ratkaisut voi kuitenkin halutessaan j\u00e4tt\u00e4\u00e4 yhden kerran kirjallisina, jolloin ne j\u00e4tet\u00e4\u00e4n luennoitsijalle tai h\u00e4nen huoneensa (Pinni h. <a href=\"http:\/\/www.uta.fi\/sis\/yhteystiedot\/huonekartat\/2.html\">B0027<\/a>) ulkopuolella, vastap\u00e4isell\u00e4 sein\u00e4ll\u00e4 olevaan postilaatikkoon viimeist\u00e4\u00e4n ennen oman ryhm\u00e4n laskuharjoituksia selke\u00e4sti teht\u00e4v\u00e4j\u00e4rjestyksess\u00e4 raportoituina. Luennoitsija tarkastaa n\u00e4m\u00e4 teht\u00e4v\u00e4t, ratkaisunsa voi hakea h\u00e4nelt\u00e4 takaisin ko. viikon torstain j\u00e4lkeen.<\/p>\n<p style=\"padding-left: 30px\">Jos on poikkeuksellisesti jollain viikolla estynyt osallistumaan omaan harjoitusryhm\u00e4\u00e4, niin voi tilap\u00e4isesti osallistua johonkun muuhun ryhm\u00e4\u00e4n.<\/p>\n<p style=\"padding-left: 30px\">Tehdyist\u00e4 harjoitusteht\u00e4vist\u00e4 annetaan hyvityspisteit\u00e4 tentiss\u00e4 26.2.2019 (ei muissa tenteiss\u00e4, eiv\u00e4t my\u00f6sk\u00e4\u00e4n siirry seuraaville vuosille). Hyvityspisteet lis\u00e4t\u00e4\u00e4n tenttipistem\u00e4\u00e4r\u00e4\u00e4n, jos hyv\u00e4ksymisraja 15 pistett\u00e4 on saavutettu, seuraavasti:<\/p>\n<table style=\"padding-left: 30px;height: 200px\" border=\"0\" width=\"658\">\n<tbody style=\"padding-left: 30px\">\n<tr style=\"padding-left: 15px\">\n<td style=\"padding-left: 60px\">Tehtyj\u00e4<br \/>\nteht\u00e4vi\u00e4 %<\/td>\n<td style=\"padding-left: 30px;text-align: left\">Tehtyj\u00e4<br \/>\nteht\u00e4vi\u00e4<\/td>\n<td style=\"padding-left: 30px\">Hyvityspisteet<br \/>\ntentiss\u00e4 26.2.2019<\/td>\n<\/tr>\n<tr style=\"padding-left: 30px\">\n<td style=\"padding-left: 60px\">30,0 \u2013 49,9<\/td>\n<td style=\"padding-left: 30px\">14 \u2013 21<\/td>\n<td style=\"padding-left: 30px\">0<\/td>\n<\/tr>\n<tr style=\"padding-left: 30px\">\n<td style=\"padding-left: 60px\">50,0 \u2013 69,9<\/td>\n<td style=\"padding-left: 30px\">22 \u2013 30<\/td>\n<td style=\"padding-left: 30px\">1<\/td>\n<\/tr>\n<tr style=\"padding-left: 30px\">\n<td style=\"padding-left: 60px\">70,0 \u2013 89,9<\/td>\n<td style=\"padding-left: 30px\">31 \u2013 39<\/td>\n<td style=\"padding-left: 30px\">2<\/td>\n<\/tr>\n<tr style=\"padding-left: 30px\">\n<td style=\"padding-left: 60px\">90,0 \u2013 100,0<\/td>\n<td style=\"padding-left: 30px\">40 \u2013 44<\/td>\n<td style=\"padding-left: 30px\">3<\/td>\n<\/tr>\n<\/tbody>\n<\/table>\n<p style=\"padding-left: 30px\">Huomaa, ett\u00e4 my\u00f6s SPSS-harjoituksiin liittyv\u00e4t Moodle-teht\u00e4v\u00e4t lasketaan mukaan kokonaispistem\u00e4\u00e4r\u00e4\u00e4n.<\/p>\n","protected":false},"excerpt":{"rendered":"<p>Opintojakson sis\u00e4lt\u00f6 Kertausta MTTTP5:n asioista Varianssianalyysi \u03c72&#8211; yhteensopivuustesti, \u03c72&#8211; riippumattomuustesti Regressioanalyysi Lyhyt katsaus ep\u00e4parametrisiin testeihin SPSS-ohjelmiston k\u00e4ytt\u00f6\u00e4 Katso my\u00f6s opinto-opas Vaadittavat opintosuoritukset Tenttivaihtoehdot: Opetukseen liittyv\u00e4 tentti ti 26.2.2019 klo 12.15-15.00 ls. A1. T\u00e4h\u00e4n tenttiin voi osallistua, jos on tehnyt kurssin aikana v\u00e4hint\u00e4\u00e4n 30 % harjoituksista. Tenttiin ilmoittautuminen 4.2.-24.2. NettiOpsussa. Muut vaihtoehtoiset tentit (sek\u00e4 uusintatentit, my\u00f6s &hellip; <a href=\"https:\/\/coursepages2.tuni.fi\/mttta1\/kevat-2019\/kurssi-info\/\" class=\"more-link\">Jatka artikkeliin <span class=\"screen-reader-text\">Kurssi-info<\/span><\/a><\/p>\n","protected":false},"author":31,"featured_media":0,"parent":44,"menu_order":2,"comment_status":"closed","ping_status":"closed","template":"","meta":{"footnotes":""},"class_list":["post-53","page","type-page","status-publish","hentry"],"_links":{"self":[{"href":"https:\/\/coursepages2.tuni.fi\/mttta1\/wp-json\/wp\/v2\/pages\/53","targetHints":{"allow":["GET"]}}],"collection":[{"href":"https:\/\/coursepages2.tuni.fi\/mttta1\/wp-json\/wp\/v2\/pages"}],"about":[{"href":"https:\/\/coursepages2.tuni.fi\/mttta1\/wp-json\/wp\/v2\/types\/page"}],"author":[{"embeddable":true,"href":"https:\/\/coursepages2.tuni.fi\/mttta1\/wp-json\/wp\/v2\/users\/31"}],"replies":[{"embeddable":true,"href":"https:\/\/coursepages2.tuni.fi\/mttta1\/wp-json\/wp\/v2\/comments?post=53"}],"version-history":[{"count":19,"href":"https:\/\/coursepages2.tuni.fi\/mttta1\/wp-json\/wp\/v2\/pages\/53\/revisions"}],"predecessor-version":[{"id":394,"href":"https:\/\/coursepages2.tuni.fi\/mttta1\/wp-json\/wp\/v2\/pages\/53\/revisions\/394"}],"up":[{"embeddable":true,"href":"https:\/\/coursepages2.tuni.fi\/mttta1\/wp-json\/wp\/v2\/pages\/44"}],"wp:attachment":[{"href":"https:\/\/coursepages2.tuni.fi\/mttta1\/wp-json\/wp\/v2\/media?parent=53"}],"curies":[{"name":"wp","href":"https:\/\/api.w.org\/{rel}","templated":true}]}}