{"id":44,"date":"2017-11-10T11:19:53","date_gmt":"2017-11-10T09:19:53","guid":{"rendered":"https:\/\/coursepages.uta.fi\/mttta1\/?page_id=44"},"modified":"2019-02-20T09:16:48","modified_gmt":"2019-02-20T07:16:48","slug":"kevat-2019","status":"publish","type":"page","link":"https:\/\/coursepages2.tuni.fi\/mttta1\/kevat-2019\/","title":{"rendered":"Kev\u00e4t 2019, periodi III"},"content":{"rendered":"<hr \/>\n<h1>Ajankohtaista<\/h1>\n<p><strong>10.01.2019<\/strong><\/p>\n<p>Kurssille hyv\u00e4ksyttyjen SPSS-ryhm\u00e4toiveen antaminen t\u00e4ss\u00e4 (linkki poistettu) viimeist\u00e4\u00e4n 22.1.<\/p>\n<p><strong>02.01.2019<\/strong><\/p>\n<p>Kurssille hyv\u00e4ksyttyjen laskuharjoitusryhm\u00e4\u00e4n ilmoittautuminen t\u00e4ss\u00e4 (linkki poistettu).<\/p>\n<hr \/>\n<p><strong>20.12.2018<\/strong><\/p>\n<p>Kurssille hyv\u00e4ksyttyjen laskuharjoitusryhm\u00e4\u00e4n ilmoittautuminen t\u00e4m\u00e4n sivuston kautta my\u00f6hemmin. SPSS -harjoituksiin ilmoittaudutaan my\u00f6hemmin opetuksen alettua.<\/p>\n<p>Opetuksen tukena k\u00e4ytet\u00e4\u00e4n Moodle -oppimisymp\u00e4rist\u00f6\u00e4, jossa annetaan mm. ohjeita laskuharjoitusteht\u00e4viin liittyen ja jossa tehd\u00e4\u00e4n SPSS-harjoituksiin liittyvi\u00e4 teht\u00e4vi\u00e4. My\u00f6s keskustelu on mahdollista. Keskusteluun osallistuminen ja sen seuraaminen on vapaaehtoista. Kurssille hyv\u00e4ksyt kirjataan automaattisesti Moodle-alueelle, joka avataan ennen opetuksen alkua.<\/p>\n<p><strong>20.12.2018<\/strong><\/p>\n<p>Sivusto sis\u00e4lt\u00e4\u00e4 kev\u00e4\u00e4n 2019 MTTTA1:n infoa ja materiaalia. Muutokset mahdollisia. Sivusto on viel\u00e4 puutteellinen. Puuttuvia tietoja t\u00e4ydennet\u00e4\u00e4n ennen opetuksen alkua.<\/p>\n<p>Opintojaksojen MTTTP1 ja MTTTP5 asiat oletetaan tunnetuiksi, mutta kurssille voi osallistua, vaikka n\u00e4it\u00e4 ei olisi suoritettukaan.<\/p>\n<p>Kurssin opetukseen liittyv\u00e4 tentti ti 26.2.2019 klo 12.15-15, LS A1.<\/p>\n<p>&nbsp;<\/p>\n","protected":false},"excerpt":{"rendered":"<p>Ajankohtaista 10.01.2019 Kurssille hyv\u00e4ksyttyjen SPSS-ryhm\u00e4toiveen antaminen t\u00e4ss\u00e4 (linkki poistettu) viimeist\u00e4\u00e4n 22.1. 02.01.2019 Kurssille hyv\u00e4ksyttyjen laskuharjoitusryhm\u00e4\u00e4n ilmoittautuminen t\u00e4ss\u00e4 (linkki poistettu). 20.12.2018 Kurssille hyv\u00e4ksyttyjen laskuharjoitusryhm\u00e4\u00e4n ilmoittautuminen t\u00e4m\u00e4n sivuston kautta my\u00f6hemmin. SPSS -harjoituksiin ilmoittaudutaan my\u00f6hemmin opetuksen alettua. Opetuksen tukena k\u00e4ytet\u00e4\u00e4n Moodle -oppimisymp\u00e4rist\u00f6\u00e4, jossa annetaan mm. ohjeita laskuharjoitusteht\u00e4viin liittyen ja jossa tehd\u00e4\u00e4n SPSS-harjoituksiin liittyvi\u00e4 teht\u00e4vi\u00e4. My\u00f6s keskustelu on mahdollista. &hellip; <a href=\"https:\/\/coursepages2.tuni.fi\/mttta1\/kevat-2019\/\" class=\"more-link\">Jatka artikkeliin <span class=\"screen-reader-text\">Kev\u00e4t 2019, periodi III<\/span><\/a><\/p>\n","protected":false},"author":31,"featured_media":0,"parent":0,"menu_order":3,"comment_status":"closed","ping_status":"closed","template":"","meta":{"footnotes":""},"class_list":["post-44","page","type-page","status-publish","hentry"],"_links":{"self":[{"href":"https:\/\/coursepages2.tuni.fi\/mttta1\/wp-json\/wp\/v2\/pages\/44","targetHints":{"allow":["GET"]}}],"collection":[{"href":"https:\/\/coursepages2.tuni.fi\/mttta1\/wp-json\/wp\/v2\/pages"}],"about":[{"href":"https:\/\/coursepages2.tuni.fi\/mttta1\/wp-json\/wp\/v2\/types\/page"}],"author":[{"embeddable":true,"href":"https:\/\/coursepages2.tuni.fi\/mttta1\/wp-json\/wp\/v2\/users\/31"}],"replies":[{"embeddable":true,"href":"https:\/\/coursepages2.tuni.fi\/mttta1\/wp-json\/wp\/v2\/comments?post=44"}],"version-history":[{"count":27,"href":"https:\/\/coursepages2.tuni.fi\/mttta1\/wp-json\/wp\/v2\/pages\/44\/revisions"}],"predecessor-version":[{"id":395,"href":"https:\/\/coursepages2.tuni.fi\/mttta1\/wp-json\/wp\/v2\/pages\/44\/revisions\/395"}],"wp:attachment":[{"href":"https:\/\/coursepages2.tuni.fi\/mttta1\/wp-json\/wp\/v2\/media?parent=44"}],"curies":[{"name":"wp","href":"https:\/\/api.w.org\/{rel}","templated":true}]}}