{"id":67,"date":"2017-09-15T14:41:35","date_gmt":"2017-09-15T11:41:35","guid":{"rendered":"https:\/\/coursepages.uta.fi\/mttma1c\/?page_id=67"},"modified":"2019-12-04T14:17:43","modified_gmt":"2019-12-04T12:17:43","slug":"luennot","status":"publish","type":"page","link":"https:\/\/coursepages2.tuni.fi\/mttma1c\/syksy-2019\/luennot\/","title":{"rendered":"Luennot"},"content":{"rendered":"<h4>Luento-opetuksen eteneminen<\/h4>\n<p>Alla on esitetty, mitk\u00e4 asiat kurssimonisteesta on k\u00e4sitelty kullakin viikolla. Lis\u00e4ksi luennoilla on esitetty jonkin verran monisteen esityst\u00e4 t\u00e4ydent\u00e4vi\u00e4 asioita. Harjoitusten numero tarkoittaa viikkoharjoituksia, jotka perustuvat luennoilla esitettyyn asiaan. Kyseiset harjoitukset pidet\u00e4\u00e4n luentoja seuraavalla viikolla (mahdolliset poikkeukset huomioiden). Esimerkiksi viikon 43 luentoihin perustuvat harjoitukset (Harjoitukset 1) pidet\u00e4\u00e4n viikolla 44 jne.<br \/>\n<!--Huomaa itsen\u00e4isyysp\u00e4iv\u00e4n vaikutus.--><\/p>\n<p>Viikko 43 (Harjoitukset 1) &#8211; Luvut 1 &#8211; 2.2 [s. 1-21]<\/p>\n<p>Viikko 44 (Harjoitukset 2) &#8211; Luvut 2.3 &#8211; 2.4 [s. 22-47]<\/p>\n<p>Viikko 45 (Harjoitukset 3) &#8211; Luvut 3.1 &#8211; 3.3.2 (alku) [s. 48-70]<\/p>\n<p>Viikko 46 (Harjoitukset 4) &#8211; Luvut 3.3.2 (loppu) &#8211; 3.5 [s. 71-87]<\/p>\n<p>Viikko 47 (Harjoitukset 5) &#8211; Luku 4 [s. 88-108]<\/p>\n<p>Viikko 48 (Harjoitukset 6) &#8211; Luvut 5.1 &#8211; 5.3 [s. 109-124]<\/p>\n<p>Viikko 49 (Harjoitukset 7) &#8211; Luku 5.4 [s. 125-139] <\/p>\n<p><!--\n\n--><\/p>\n<p><!-- \n\n--><\/p>\n","protected":false},"excerpt":{"rendered":"<p>Luento-opetuksen eteneminen Alla on esitetty, mitk\u00e4 asiat kurssimonisteesta on k\u00e4sitelty kullakin viikolla. Lis\u00e4ksi luennoilla on esitetty jonkin verran monisteen esityst\u00e4 t\u00e4ydent\u00e4vi\u00e4 asioita. Harjoitusten numero tarkoittaa viikkoharjoituksia, jotka perustuvat luennoilla esitettyyn asiaan. Kyseiset harjoitukset pidet\u00e4\u00e4n luentoja seuraavalla viikolla (mahdolliset poikkeukset huomioiden). Esimerkiksi viikon 43 luentoihin perustuvat harjoitukset (Harjoitukset 1) pidet\u00e4\u00e4n viikolla 44 jne. Viikko 43 (Harjoitukset &hellip; <a href=\"https:\/\/coursepages2.tuni.fi\/mttma1c\/syksy-2019\/luennot\/\" class=\"more-link\">Jatka artikkeliin <span class=\"screen-reader-text\">Luennot<\/span><\/a><\/p>\n","protected":false},"author":17,"featured_media":0,"parent":60,"menu_order":2,"comment_status":"closed","ping_status":"closed","template":"","meta":{"footnotes":""},"class_list":["post-67","page","type-page","status-publish","hentry"],"_links":{"self":[{"href":"https:\/\/coursepages2.tuni.fi\/mttma1c\/wp-json\/wp\/v2\/pages\/67","targetHints":{"allow":["GET"]}}],"collection":[{"href":"https:\/\/coursepages2.tuni.fi\/mttma1c\/wp-json\/wp\/v2\/pages"}],"about":[{"href":"https:\/\/coursepages2.tuni.fi\/mttma1c\/wp-json\/wp\/v2\/types\/page"}],"author":[{"embeddable":true,"href":"https:\/\/coursepages2.tuni.fi\/mttma1c\/wp-json\/wp\/v2\/users\/17"}],"replies":[{"embeddable":true,"href":"https:\/\/coursepages2.tuni.fi\/mttma1c\/wp-json\/wp\/v2\/comments?post=67"}],"version-history":[{"count":26,"href":"https:\/\/coursepages2.tuni.fi\/mttma1c\/wp-json\/wp\/v2\/pages\/67\/revisions"}],"predecessor-version":[{"id":178,"href":"https:\/\/coursepages2.tuni.fi\/mttma1c\/wp-json\/wp\/v2\/pages\/67\/revisions\/178"}],"up":[{"embeddable":true,"href":"https:\/\/coursepages2.tuni.fi\/mttma1c\/wp-json\/wp\/v2\/pages\/60"}],"wp:attachment":[{"href":"https:\/\/coursepages2.tuni.fi\/mttma1c\/wp-json\/wp\/v2\/media?parent=67"}],"curies":[{"name":"wp","href":"https:\/\/api.w.org\/{rel}","templated":true}]}}