{"id":63,"date":"2017-09-15T14:40:59","date_gmt":"2017-09-15T11:40:59","guid":{"rendered":"https:\/\/coursepages.uta.fi\/mttma1c\/?page_id=63"},"modified":"2019-09-11T15:09:50","modified_gmt":"2019-09-11T12:09:50","slug":"linkkeja","status":"publish","type":"page","link":"https:\/\/coursepages2.tuni.fi\/mttma1c\/linkkeja\/","title":{"rendered":"Linkkej\u00e4"},"content":{"rendered":"<h4>Kev\u00e4\u00e4n 2019 kurssien Analyysi A ja B monisteet<\/h4>\n<p><a href=\"http:\/\/www.sis.uta.fi\/matematiikka\/analyysi-a\/moniste2019\/Analyysi-A.pdf\">Analyysi A<\/a><\/p>\n<p><a href=\"http:\/\/www.sis.uta.fi\/matematiikka\/analyysi-b\/moniste2019\/Analyysi-B.pdf\">Analyysi B<\/a><\/p>\n<h4>Kurssien Analyysi A, B ja C monisteet syksylt\u00e4 2018<\/h4>\n<p>Kurssien Analyysi A, B ja C kullakin toteutuksella k\u00e4ytetty kurssimoniste katoaa kurssisivuilta jonkin ajan kuluttua kurssin p\u00e4\u00e4ttymisest\u00e4 (yleens\u00e4 viimeist\u00e4\u00e4n ennen seuraavaa toteutusta). Kurssimonisteista on kuitenkin julkaistu syksyll\u00e4 2018 versiot<\/p>\n<p><a href=\"http:\/\/urn.fi\/URN:ISBN:978-952-03-0929-9\">Analyysi A<\/a>,  <a href=\"http:\/\/urn.fi\/URN:ISBN:978-952-03-0930-5\">Analyysi B<\/a> ja <a href=\"http:\/\/urn.fi\/URN:ISBN:978-952-03-0931-2\">Analyysi C<\/a>,<\/p>\n<p>jotka s\u00e4ilyv\u00e4t luettavissa senkin j\u00e4lkeen, kun kursseilla k\u00e4ytetyt monisteet ovat poistuneet kurssisivuilta. Pieni\u00e4 l\u00e4hinn\u00e4 teknisi\u00e4 muutoksia lukuun ottamatta pysyviss\u00e4 osoitteissa olevat monisteet ovat samoja kuin kursseilla k\u00e4ytett\u00e4v\u00e4t versiot.<\/p>\n<h4>Muuta kirjallisuutta<\/h4>\n<p>Koivisto: <a href=\"http:\/\/urn.fi\/URN:ISBN:978-952-03-0222-1\">Analyysi 1<\/a><\/p>\n<p>Trench: <a href=\"http:\/\/ramanujan.math.trinity.edu\/wtrench\/texts\/TRENCH_REAL_ANALYSIS.PDF\">Intoduction to Real Analysis<\/a><\/p>\n<p>Thomson, Bruckner &amp; Bruckner: <a href=\"http:\/\/classicalrealanalysis.info\/com\/FREE-PDF-DOWNLOADS.php\">Elementary Real Analysis<\/a><\/p>\n<h4>Muuta<\/h4>\n<p><a href=\"http:\/\/www.wolframalpha.com\/\">Wolfram|Alpha<\/a> &#8211; a computational knowledge engine.<\/p>\n","protected":false},"excerpt":{"rendered":"<p>Kev\u00e4\u00e4n 2019 kurssien Analyysi A ja B monisteet Analyysi A Analyysi B Kurssien Analyysi A, B ja C monisteet syksylt\u00e4 2018 Kurssien Analyysi A, B ja C kullakin toteutuksella k\u00e4ytetty kurssimoniste katoaa kurssisivuilta jonkin ajan kuluttua kurssin p\u00e4\u00e4ttymisest\u00e4 (yleens\u00e4 viimeist\u00e4\u00e4n ennen seuraavaa toteutusta). Kurssimonisteista on kuitenkin julkaistu syksyll\u00e4 2018 versiot Analyysi A, Analyysi B ja &hellip; <a href=\"https:\/\/coursepages2.tuni.fi\/mttma1c\/linkkeja\/\" class=\"more-link\">Jatka artikkeliin <span class=\"screen-reader-text\">Linkkej\u00e4<\/span><\/a><\/p>\n","protected":false},"author":17,"featured_media":0,"parent":0,"menu_order":0,"comment_status":"closed","ping_status":"closed","template":"","meta":{"footnotes":""},"class_list":["post-63","page","type-page","status-publish","hentry"],"_links":{"self":[{"href":"https:\/\/coursepages2.tuni.fi\/mttma1c\/wp-json\/wp\/v2\/pages\/63","targetHints":{"allow":["GET"]}}],"collection":[{"href":"https:\/\/coursepages2.tuni.fi\/mttma1c\/wp-json\/wp\/v2\/pages"}],"about":[{"href":"https:\/\/coursepages2.tuni.fi\/mttma1c\/wp-json\/wp\/v2\/types\/page"}],"author":[{"embeddable":true,"href":"https:\/\/coursepages2.tuni.fi\/mttma1c\/wp-json\/wp\/v2\/users\/17"}],"replies":[{"embeddable":true,"href":"https:\/\/coursepages2.tuni.fi\/mttma1c\/wp-json\/wp\/v2\/comments?post=63"}],"version-history":[{"count":9,"href":"https:\/\/coursepages2.tuni.fi\/mttma1c\/wp-json\/wp\/v2\/pages\/63\/revisions"}],"predecessor-version":[{"id":154,"href":"https:\/\/coursepages2.tuni.fi\/mttma1c\/wp-json\/wp\/v2\/pages\/63\/revisions\/154"}],"wp:attachment":[{"href":"https:\/\/coursepages2.tuni.fi\/mttma1c\/wp-json\/wp\/v2\/media?parent=63"}],"curies":[{"name":"wp","href":"https:\/\/api.w.org\/{rel}","templated":true}]}}