{"id":5,"date":"2017-06-22T10:58:06","date_gmt":"2017-06-22T07:58:06","guid":{"rendered":"https:\/\/coursepages.uta.fi\/mttma1c\/?page_id=5"},"modified":"2019-10-11T14:42:15","modified_gmt":"2019-10-11T11:42:15","slug":"paasivu","status":"publish","type":"page","link":"https:\/\/coursepages2.tuni.fi\/mttma1c\/","title":{"rendered":"P\u00e4\u00e4sivu"},"content":{"rendered":"<h2>Sis\u00e4lt\u00f6<\/h2>\n<p>Kurssi Analyysi C on suoraa jatkoa kursseille Analyysi A ja Analyysi B. Kurssin laajuus on 5 op ja sen tarkempi esittely (my\u00f6s osaamistavoitteista) l\u00f6ytyy <a href=\"https:\/\/www.tuni.fi\/opiskelijanopas\/opintotiedot\/opintojaksot\/uta-ykoodi-48183?year=2019\">opiskelijan oppaasta<\/a>.<\/p>\n<h2>Opetus<\/h2>\n<p>Kurssia luennoi syksyll\u00e4 2019 (periodi II) yliopistonlehtori Pertti Koivisto. Kurssi sis\u00e4lt\u00e4\u00e4 viisi viikkotuntia luentoja ja yhdet kahden tunnin viikkoharjoitukset (kaksi harjoitusryhm\u00e4\u00e4).<\/p>\n<p>Kurssin luentoajat ja -paikat l\u00f6ytyv\u00e4t my\u00f6s opiskelijan oppaasta (<a href=\"https:\/\/www.tuni.fi\/opiskelijanopas\/opintotiedot\/opintojaksot\/uta-ykoodi-48183?year=2019&amp;activeTab=1\">suoritustapa 1<\/a>). Ensimm\u00e4iset luennot ovat maanantaina 21.10.2019 klo 12\u201315 luentosalissa Pinni B1096. Harjoitukset alkavat viikolla 44.<\/p>\n<h2>Kurssimateriaali<\/h2>\n<p><!--Kurssilla on k\u00e4yt\u00f6ss\u00e4 kurssimoniste, joka on ladattavissa t\u00e4st\u00e4 (toivottavasti) viimeist\u00e4\u00e4n viikkoa ennen kurssin alkua. -->Kurssilla on k\u00e4yt\u00f6ss\u00e4 <a href=\"http:\/\/www.sis.uta.fi\/matematiikka\/analyysi-c\/moniste2019\/Analyysi-C.pdf\">kurssimoniste<\/a>. Materiaalia ei jaeta luennolla, vaan se t\u00e4ytyy itse tulostaa, mik\u00e4li haluaa seurata monistetta luennon aikana. Ainakin alkuosa monisteesta olisi hyv\u00e4 olla mukana jo ensimm\u00e4isell\u00e4 luentokerralla.<\/p>\n<h2>Ilmoittautuminen<\/h2>\n<p>Kurssille ilmoittaudutaan Nettiopsussa 13.10.2019 klo 23.59 menness\u00e4. Linkki ilmoittautumiseen l\u00f6ytyy esimerkiksi opiskelijan oppaasta (<a href=\"https:\/\/www.tuni.fi\/opiskelijanopas\/opintotiedot\/opintojaksot\/uta-ykoodi-48183?year=2019&amp;activeTab=1\">suoritustapa 1<\/a>).<\/p>\n<p>Nettiopsuilmoittautumisen lis\u00e4ksi on erikseen valittava harjoitusryhm\u00e4 <!-- T\u00e4m\u00e4n syksyn kurssille ei voi en\u00e4\u00e4 ilmoittautua www-linkin kautta. Tarvittaessa ota yhteytt\u00e4 kurssin luennoitsijaan (esimerkiksi s\u00e4hk\u00f6postitse). --> ilmoittautumalla siihen <a href=\"https:\/\/www.sis.uta.fi\/tilt\/groupselect.php?cfg=mttma1c_2019\"> t\u00e4ss\u00e4<\/a>. Harjoitusryhm\u00e4ilmoittautumisen yhteydess\u00e4 valittavina ovat vain ne ryhm\u00e4t, joissa on tilaa. <!-- Ilmoittautumisesi ei valitettavasti n\u00e4y NettiOpsussa, joten sit\u00e4 voi siell\u00e4 my\u00f6sk\u00e4\u00e4n muuttaa tai perua (muutokset ja tiedustelut luennoitsijalle). --><\/p>\n<h2>Vaadittavat opintosuoritukset<\/h2>\n<p>Kurssi suoritetaan viikkoharjoituksilla ja loppukokeella (suoritustapa 1) tai pelk\u00e4st\u00e4\u00e4n loppukokeella (suoritustapa 2). Suoritustavan 1 mukainen loppukoe pidet\u00e4\u00e4n keskiviikkona 11.12.2019 klo 12\u201315 p\u00e4\u00e4talon luentosalissa A1. T\u00e4h\u00e4n loppukokeeseen osallistumisen edellytyksen\u00e4 on, ett\u00e4 v\u00e4hint\u00e4\u00e4n 40% viikkoharjoitusten teht\u00e4vist\u00e4 on suoritettu. Minimim\u00e4\u00e4r\u00e4n ylitt\u00e4vien teht\u00e4vien laskemisesta saa lineaarisesti hyvityst\u00e4. Keskiviikon 11.12.2019 loppukokeeseen ei tarvitse erikseen ilmoittautua.<\/p>\n<p>Kurssin voi my\u00f6s suorittaa pelk\u00e4ll\u00e4 loppukokeella ilman viikkoharjoituksia (suoritustapa 2). T\u00e4ll\u00f6in loppukoe j\u00e4rjestet\u00e4\u00e4n yleisten tenttip\u00e4ivien yhteydess\u00e4 ja loppukokeeseen on ilmoittauduttava normaalisti. <!-- Ensimm\u00e4inen mahdollisuus suorittaa kurssi t\u00e4ll\u00e4 tavalla on perjantaina 15.12. --><br \/>\n<!-- Huom. Kurssin suorittaminen pelk\u00e4ll\u00e4 loppukokeella ilman viikkoharjoituksia ei edellyt\u00e4 kurssille ilmoittautumista. Riitt\u00e4\u00e4 ilmoittautua loppukokeeseen normaalilla tavalla.--><\/p>\n<p>Kurssin loppukokeissa ei saa k\u00e4ytt\u00e4\u00e4 taulukkokirjaa eik\u00e4 laskinta.<\/p>\n<h2>Esitiedot<\/h2>\n<p>Analyysi A ja Analyysi B (tai vastaavat tiedot) ja niiden vaatimat esitiedot. Lis\u00e4ksi kurssilla edellytet\u00e4\u00e4n lukion pitk\u00e4n matematiikan hyv\u00e4\u00e4 hallintaa. Jos esitiedot (lukion kurssit mukaan lukien) ovat p\u00e4\u00e4sseet unohtumaan tai niiden hallinnassa on muusta syyst\u00e4 puutteita, tietojen kertaamiseen pit\u00e4\u00e4 varata riitt\u00e4v\u00e4sti aikaa (kurssin Analyysi C suorittamisen ohessa). Koska loppukokeissa ei saa k\u00e4ytt\u00e4\u00e4 taulukkokirjaa eik\u00e4 laskinta, lukiokursseja on tarvittaessa kerrattava my\u00f6s, jos ty\u00f6skentelymenetelm\u00e4 on t\u00e4h\u00e4n asti ollut kovin riippuvainen kyseisten v\u00e4lineiden k\u00e4yt\u00f6st\u00e4.<\/p>\n<h2>Matematiikan ty\u00f6paja<\/h2>\n<p>Matematiikan ty\u00f6paja on tarkoitettu kaikille matematiikan opiskelijoille neuvojen ja ohjauksen saamista varten. Sinne voi menn\u00e4 laskemaan esimerkiksi Analyysi C:n laskuharjoituksia joko omassa rauhassa, jos niin tahtoo, tai halutessaan k\u00e4\u00e4nty\u00e4 ohjaajan puoleen. Ty\u00f6pajaan osallistumista suositellaan vahvasti. Ty\u00f6pajaan osallistumisesta saa harjoitushyvityst\u00e4 (ks. yll\u00e4) siten, ett\u00e4 yksi ty\u00f6pajaan osallistumiskerta vastaa yhden teht\u00e4v\u00e4n rastittamista viikkoharjoituksissa (maksimissaan yksi rasti \/ viikko). N\u00e4it\u00e4 rasteja ei kuitenkaan lasketa mukaan v\u00e4likoesuorituksen edellytyksen\u00e4 olevaan 40 prosentin rajaan.<\/p>\n","protected":false},"excerpt":{"rendered":"<p>Sis\u00e4lt\u00f6 Kurssi Analyysi C on suoraa jatkoa kursseille Analyysi A ja Analyysi B. Kurssin laajuus on 5 op ja sen tarkempi esittely (my\u00f6s osaamistavoitteista) l\u00f6ytyy opiskelijan oppaasta. Opetus Kurssia luennoi syksyll\u00e4 2019 (periodi II) yliopistonlehtori Pertti Koivisto. Kurssi sis\u00e4lt\u00e4\u00e4 viisi viikkotuntia luentoja ja yhdet kahden tunnin viikkoharjoitukset (kaksi harjoitusryhm\u00e4\u00e4). Kurssin luentoajat ja -paikat l\u00f6ytyv\u00e4t my\u00f6s &hellip; <a href=\"https:\/\/coursepages2.tuni.fi\/mttma1c\/\" class=\"more-link\">Jatka artikkeliin <span class=\"screen-reader-text\">P\u00e4\u00e4sivu<\/span><\/a><\/p>\n","protected":false},"author":1,"featured_media":0,"parent":0,"menu_order":0,"comment_status":"closed","ping_status":"closed","template":"","meta":{"footnotes":""},"class_list":["post-5","page","type-page","status-publish","hentry"],"_links":{"self":[{"href":"https:\/\/coursepages2.tuni.fi\/mttma1c\/wp-json\/wp\/v2\/pages\/5","targetHints":{"allow":["GET"]}}],"collection":[{"href":"https:\/\/coursepages2.tuni.fi\/mttma1c\/wp-json\/wp\/v2\/pages"}],"about":[{"href":"https:\/\/coursepages2.tuni.fi\/mttma1c\/wp-json\/wp\/v2\/types\/page"}],"author":[{"embeddable":true,"href":"https:\/\/coursepages2.tuni.fi\/mttma1c\/wp-json\/wp\/v2\/users\/1"}],"replies":[{"embeddable":true,"href":"https:\/\/coursepages2.tuni.fi\/mttma1c\/wp-json\/wp\/v2\/comments?post=5"}],"version-history":[{"count":21,"href":"https:\/\/coursepages2.tuni.fi\/mttma1c\/wp-json\/wp\/v2\/pages\/5\/revisions"}],"predecessor-version":[{"id":157,"href":"https:\/\/coursepages2.tuni.fi\/mttma1c\/wp-json\/wp\/v2\/pages\/5\/revisions\/157"}],"wp:attachment":[{"href":"https:\/\/coursepages2.tuni.fi\/mttma1c\/wp-json\/wp\/v2\/media?parent=5"}],"curies":[{"name":"wp","href":"https:\/\/api.w.org\/{rel}","templated":true}]}}