{"id":81,"date":"2017-11-28T12:27:32","date_gmt":"2017-11-28T10:27:32","guid":{"rendered":"https:\/\/coursepages.uta.fi\/mttma1a\/?page_id=81"},"modified":"2020-02-17T14:19:28","modified_gmt":"2020-02-17T12:19:28","slug":"luennot","status":"publish","type":"page","link":"https:\/\/coursepages2.tuni.fi\/mttma1a\/kevat-2020\/luennot\/","title":{"rendered":"Luennot"},"content":{"rendered":"<p>Alla on esitetty, mitk\u00e4 asiat kurssimonisteesta on k\u00e4sitelty kullakin viikolla. Lis\u00e4ksi luennoilla on esitetty jonkin verran monisteen esityst\u00e4 t\u00e4ydent\u00e4vi\u00e4 asioita. Harjoitusten numero tarkoittaa viikkoharjoituksia, jotka perustuvat luennoilla esitettyyn asiaan. Kyseiset harjoitukset pidet\u00e4\u00e4n luentoja seuraavalla viikolla. Esimerkiksi viikon 2 luentoihin perustuvat harjoitukset (Harjoitukset 1) pidet\u00e4\u00e4n viikolla 3 jne.<\/p>\n<p>Viikko 2 (Harjoitukset 1) &#8211; Luvut 1 &#8211; 2.2 (alku) [s. 1-30]<\/p>\n<p>Viikko 3 (Harjoitukset 2) &#8211; Luvut 2.2 (loppu) &#8211; 3.2 (alku) [s. 30-43]<\/p>\n<p>Viikko 4 (Harjoitukset 3) &#8211; Luvut 3.2 (loppu) &#8211; 3.4 (alku) [s. 44-61]<\/p>\n<p>Viikko 5 (Harjoitukset 4) &#8211; Luvut 3.4 (loppu) &#8211; 4.1 (alku) [s. 62-78]<\/p>\n<p>Viikko 6 (Harjoitukset 5) &#8211; Luvut 4.1 (loppu) &#8211; 4.5 (alku) [s. 78-99]<\/p>\n<p>Viikko 7 (Harjoitukset 6) &#8211; Luvut 4.5 (loppu) &#8211; 5.2 [s. 99-117]<\/p>\n<p>Viikko 8 (Harjoitukset 7) &#8211; Luvut 5.3 &#8211; 5.4 [s. 118-131]<\/p>\n<p><!--\n\n--><\/p>\n<p><!--\n--><\/p>\n","protected":false},"excerpt":{"rendered":"<p>Alla on esitetty, mitk\u00e4 asiat kurssimonisteesta on k\u00e4sitelty kullakin viikolla. Lis\u00e4ksi luennoilla on esitetty jonkin verran monisteen esityst\u00e4 t\u00e4ydent\u00e4vi\u00e4 asioita. Harjoitusten numero tarkoittaa viikkoharjoituksia, jotka perustuvat luennoilla esitettyyn asiaan. Kyseiset harjoitukset pidet\u00e4\u00e4n luentoja seuraavalla viikolla. Esimerkiksi viikon 2 luentoihin perustuvat harjoitukset (Harjoitukset 1) pidet\u00e4\u00e4n viikolla 3 jne. Viikko 2 (Harjoitukset 1) &#8211; Luvut 1 &#8211; &hellip; <a href=\"https:\/\/coursepages2.tuni.fi\/mttma1a\/kevat-2020\/luennot\/\" class=\"more-link\">Jatka artikkeliin <span class=\"screen-reader-text\">Luennot<\/span><\/a><\/p>\n","protected":false},"author":17,"featured_media":0,"parent":21,"menu_order":2,"comment_status":"closed","ping_status":"closed","template":"","meta":{"footnotes":""},"class_list":["post-81","page","type-page","status-publish","hentry"],"_links":{"self":[{"href":"https:\/\/coursepages2.tuni.fi\/mttma1a\/wp-json\/wp\/v2\/pages\/81","targetHints":{"allow":["GET"]}}],"collection":[{"href":"https:\/\/coursepages2.tuni.fi\/mttma1a\/wp-json\/wp\/v2\/pages"}],"about":[{"href":"https:\/\/coursepages2.tuni.fi\/mttma1a\/wp-json\/wp\/v2\/types\/page"}],"author":[{"embeddable":true,"href":"https:\/\/coursepages2.tuni.fi\/mttma1a\/wp-json\/wp\/v2\/users\/17"}],"replies":[{"embeddable":true,"href":"https:\/\/coursepages2.tuni.fi\/mttma1a\/wp-json\/wp\/v2\/comments?post=81"}],"version-history":[{"count":26,"href":"https:\/\/coursepages2.tuni.fi\/mttma1a\/wp-json\/wp\/v2\/pages\/81\/revisions"}],"predecessor-version":[{"id":196,"href":"https:\/\/coursepages2.tuni.fi\/mttma1a\/wp-json\/wp\/v2\/pages\/81\/revisions\/196"}],"up":[{"embeddable":true,"href":"https:\/\/coursepages2.tuni.fi\/mttma1a\/wp-json\/wp\/v2\/pages\/21"}],"wp:attachment":[{"href":"https:\/\/coursepages2.tuni.fi\/mttma1a\/wp-json\/wp\/v2\/media?parent=81"}],"curies":[{"name":"wp","href":"https:\/\/api.w.org\/{rel}","templated":true}]}}