{"id":92,"date":"2017-09-29T10:48:58","date_gmt":"2017-09-29T07:48:58","guid":{"rendered":"https:\/\/coursepages.uta.fi\/mtta1-latex\/?page_id=92"},"modified":"2018-09-26T13:29:05","modified_gmt":"2018-09-26T10:29:05","slug":"perusteet","status":"publish","type":"page","link":"https:\/\/coursepages2.tuni.fi\/mtta1-latex\/perusteet\/","title":{"rendered":"Perusteet"},"content":{"rendered":"<blockquote style=\"margin: 1em 0em;padding: 0.3em 1.3em 0.3em 4.5em;border: 1px solid #aaa\"><p><img loading=\"lazy\" decoding=\"async\" style=\"float: left;margin-left: -3.2em\" src=\"https:\/\/coursepages2.tuni.fi\/mtta1-latex\/wp-content\/uploads\/sites\/55\/2017\/10\/lainaus.png\" alt=\"\" width=\"31\" height=\"30\" \/>The best way to learn how to use TeX is to use it.<\/p>\n<p style=\"text-align: right;margin-top: -0.4em\">\u2013\u00a0Donald Knuth (TeXbook, s. 23)<\/p>\n<\/blockquote>\n<p>Perusteet-osiossa k\u00e4yd\u00e4\u00e4n l\u00e4pi tekstidokumenttien tavallisimpien rakenteiden kirjoittamista LaTeXilla. Kuhunkin aiheeseen liittyy\u00a0<a href=\"https:\/\/coursepages2.tuni.fi\/mtta1-latex\/esimerkit\/\">esimerkkitiedosto<\/a>, jossa on esimerkkej\u00e4 ja lis\u00e4tietoa kyseisest\u00e4 aiheesta.<\/p>\n","protected":false},"excerpt":{"rendered":"<p>The best way to learn how to use TeX is to use it. \u2013\u00a0Donald Knuth (TeXbook, s. 23) Perusteet-osiossa k\u00e4yd\u00e4\u00e4n l\u00e4pi tekstidokumenttien tavallisimpien rakenteiden kirjoittamista LaTeXilla. Kuhunkin aiheeseen liittyy\u00a0esimerkkitiedosto, jossa on esimerkkej\u00e4 ja lis\u00e4tietoa kyseisest\u00e4 aiheesta.<\/p>\n","protected":false},"author":38,"featured_media":0,"parent":0,"menu_order":2,"comment_status":"closed","ping_status":"closed","template":"","meta":{"footnotes":""},"class_list":["post-92","page","type-page","status-publish","hentry"],"_links":{"self":[{"href":"https:\/\/coursepages2.tuni.fi\/mtta1-latex\/wp-json\/wp\/v2\/pages\/92","targetHints":{"allow":["GET"]}}],"collection":[{"href":"https:\/\/coursepages2.tuni.fi\/mtta1-latex\/wp-json\/wp\/v2\/pages"}],"about":[{"href":"https:\/\/coursepages2.tuni.fi\/mtta1-latex\/wp-json\/wp\/v2\/types\/page"}],"author":[{"embeddable":true,"href":"https:\/\/coursepages2.tuni.fi\/mtta1-latex\/wp-json\/wp\/v2\/users\/38"}],"replies":[{"embeddable":true,"href":"https:\/\/coursepages2.tuni.fi\/mtta1-latex\/wp-json\/wp\/v2\/comments?post=92"}],"version-history":[{"count":10,"href":"https:\/\/coursepages2.tuni.fi\/mtta1-latex\/wp-json\/wp\/v2\/pages\/92\/revisions"}],"predecessor-version":[{"id":515,"href":"https:\/\/coursepages2.tuni.fi\/mtta1-latex\/wp-json\/wp\/v2\/pages\/92\/revisions\/515"}],"wp:attachment":[{"href":"https:\/\/coursepages2.tuni.fi\/mtta1-latex\/wp-json\/wp\/v2\/media?parent=92"}],"curies":[{"name":"wp","href":"https:\/\/api.w.org\/{rel}","templated":true}]}}