{"id":5,"date":"2017-06-22T10:58:06","date_gmt":"2017-06-22T07:58:06","guid":{"rendered":"https:\/\/coursepages.uta.fi\/mtta1-latex\/?page_id=5"},"modified":"2024-06-09T18:27:34","modified_gmt":"2024-06-09T15:27:34","slug":"paasivu","status":"publish","type":"page","link":"https:\/\/coursepages2.tuni.fi\/mtta1-latex\/","title":{"rendered":"Etusivu"},"content":{"rendered":"<p><strong>Huom!<\/strong> T\u00e4m\u00e4n sivun tiedot koskevat LaTeX-kurssin syksyn 2023 toteutusta.<\/p>\n<h2>Tietoja kurssista<\/h2>\n<p>LaTeX-kurssilla opetellaan matemaattisten tekstien tuottamiseen tarkoitetun LaTeX-ohjelmiston k\u00e4ytt\u00f6\u00e4. Kurssi on osa <a href=\"https:\/\/www.tuni.fi\/opiskelijanopas\/opintotiedot\/opintojaksot\/uta-ykoodi-38896?year=2023\">matematiikan kandidaattiseminaaria<\/a>, mutta muutkin aihepiirist\u00e4 kiinnostuneet saavat osallistua kurssille, jos vain opetusryhmiss\u00e4 on tilaa. Pelk\u00e4st\u00e4 LaTeX-kurssista sellaisenaan ei saa opintopisteit\u00e4 eik\u00e4 erillist\u00e4 suoritusmerkint\u00e4\u00e4.<\/p>\n<p>LaTeX-kurssilla on n\u00e4iden sivujen lis\u00e4ksi <a href=\"https:\/\/moodle.tuni.fi\/course\/view.php?id=14549\">Moodle-kurssialue<\/a>, joka sis\u00e4lt\u00e4\u00e4 matematiikan kandidaattitutkielman LaTeX-pohjan ja joitain lis\u00e4ohjeita.<\/p>\n<h2>Opetus<\/h2>\n<p>LaTeX-kurssi j\u00e4rjestet\u00e4\u00e4n syksyll\u00e4 2023 l\u00e4hiopetuksena kahdelle vaihtoehtoiselle ryhm\u00e4lle:<\/p>\n<ol>\n<li>torstaisin 21.9.\u20135.10. klo 16.15\u201317.45 Linna K114 (ML50),<\/li>\n<li>torstaisin 21.9.\u20135.10. klo 8.15\u20139.45 Linna K114 (ML50).<\/li>\n<\/ol>\n<p>Kurssin sis\u00e4ll\u00f6n voi opiskella my\u00f6s itsen\u00e4isesti kurssin sivuilla olevan sek\u00e4 verkosta l\u00f6ytyv\u00e4n materiaalin avulla. Et\u00e4opetusvaihtoehtoa ei toistaiseksi ole.<\/p>\n<h2>Suoritustapa<\/h2>\n<p>LaTeX-kurssi suoritetaan harjoitusty\u00f6ll\u00e4, jonka tekeminen on pakollista vain matematiikan kandidaattiseminaariin osallistuville. Harjoitusty\u00f6n\u00e4 palautetaan osa kandidaattitutkielmasta LaTeXilla kirjoitettuna siten, ett\u00e4 se sis\u00e4lt\u00e4\u00e4 kansilehden, tiivistelm\u00e4sivun, sis\u00e4llysluettelon, noin 3\u20135 sivua matemaattista teksti\u00e4 sek\u00e4 l\u00e4hdeluettelon. Kandidaattitutkielma on siis tarkoitus kirjoittaa LaTeXilla, jolloin harjoitusty\u00f6n saa tehty\u00e4 siin\u00e4 samalla. Kandidaattitutkielman ja harjoitusty\u00f6n pohjana voi k\u00e4ytt\u00e4\u00e4 <a href=\"https:\/\/moodle.tuni.fi\/course\/view.php?id=14549\">Moodle-kurssialueelta<\/a> saatavaa mallitiedostoa.<\/p>\n<p>Harjoitusty\u00f6 palautetaan 16.11.2023 menness\u00e4 LaTeX-muotoisena (*.tex) s\u00e4hk\u00f6postin liitetiedostona osoitteeseen jarmo.niemela@tuni.fi. LaTeX-kurssin harjoitusty\u00f6 t\u00e4ytyy olla hyv\u00e4ksytty ennen kandidaattitutkielman ensimm\u00e4isen version palauttamista. Noudata seuraavia ohjeita:<\/p>\n<ul>\n<li>tiedoston nimeksi oma nimesi ilman \u00e4\u00e4kk\u00f6si\u00e4 ja v\u00e4lily\u00f6ntej\u00e4: Etunimi_Sukunimi.tex<\/li>\n<li>v\u00e4liotsikot\u00a0<a href=\"https:\/\/coursepages2.tuni.fi\/mtta1-latex\/perusteet\/otsikot\/\">LaTeXin otsikkokomennoilla<\/a><\/li>\n<li>tekstin sis\u00e4iset viittaukset komennoilla\u00a0<a href=\"https:\/\/coursepages2.tuni.fi\/mtta1-latex\/perusteet\/viitteet\/\"><code>\\label<\/code>,\u00a0<code>\\ref<\/code>,\u00a0<code>\\pageref<\/code><\/a>\u00a0ja\u00a0<code><a href=\"https:\/\/coursepages2.tuni.fi\/mtta1-latex\/matematiikka\/kaavaymparistot\/\">\\eqref<\/a><\/code><\/li>\n<li>kaikki matemaattiset lausekkeet\u00a0<a href=\"https:\/\/coursepages2.tuni.fi\/mtta1-latex\/matematiikka\/matematiikkatila\/\">matematiikkatilaan<\/a>\u00a0tai\u00a0<a href=\"https:\/\/coursepages2.tuni.fi\/mtta1-latex\/matematiikka\/kaavaymparistot\/\">kaavaymp\u00e4rist\u00f6ihin<\/a><\/li>\n<li>lauseet, m\u00e4\u00e4ritelm\u00e4t ja otsikoidut esimerkit komennolla\u00a0<code><a href=\"https:\/\/coursepages2.tuni.fi\/mtta1-latex\/matematiikka\/lauseet\/\">\\newtheorem<\/a><\/code>\u00a0m\u00e4\u00e4riteltyihin ymp\u00e4rist\u00f6ihin<\/li>\n<li>t\u00e4ydenn\u00e4 oma nimesi ja tutkielmasi nimi tiedoston alussa oleviin <a href=\"https:\/\/coursepages2.tuni.fi\/mtta1-latex\/pdf-a\/#metatiedot\">metatietokenttiin<\/a><\/li>\n<li>korjaa <a href=\"https:\/\/webpages.tuni.fi\/latex\/virheet.pdf#page=2\">yleisimm\u00e4t virheet<\/a> ennen harjoitusty\u00f6n palauttamista.<\/li>\n<\/ul>\n<h2>Yhteystiedot<\/h2>\n<p>LaTeX-kurssiin tai LaTeXin k\u00e4ytt\u00f6\u00f6n liittyviss\u00e4 kysymyksiss\u00e4 voi ottaa yhteytt\u00e4 kurssin opettajaan s\u00e4hk\u00f6postitse: jarmo.niemela@tuni.fi<\/p>\n","protected":false},"excerpt":{"rendered":"<p>Huom! T\u00e4m\u00e4n sivun tiedot koskevat LaTeX-kurssin syksyn 2023 toteutusta. Tietoja kurssista LaTeX-kurssilla opetellaan matemaattisten tekstien tuottamiseen tarkoitetun LaTeX-ohjelmiston k\u00e4ytt\u00f6\u00e4. Kurssi on osa matematiikan kandidaattiseminaaria, mutta muutkin aihepiirist\u00e4 kiinnostuneet saavat osallistua kurssille, jos vain opetusryhmiss\u00e4 on tilaa. Pelk\u00e4st\u00e4 LaTeX-kurssista sellaisenaan ei saa opintopisteit\u00e4 eik\u00e4 erillist\u00e4 suoritusmerkint\u00e4\u00e4. LaTeX-kurssilla on n\u00e4iden sivujen lis\u00e4ksi Moodle-kurssialue, joka sis\u00e4lt\u00e4\u00e4 matematiikan kandidaattitutkielman &hellip; <a href=\"https:\/\/coursepages2.tuni.fi\/mtta1-latex\/\" class=\"more-link\">Jatka artikkeliin <span class=\"screen-reader-text\">Etusivu<\/span><\/a><\/p>\n","protected":false},"author":38,"featured_media":0,"parent":0,"menu_order":0,"comment_status":"closed","ping_status":"closed","template":"","meta":{"footnotes":""},"class_list":["post-5","page","type-page","status-publish","hentry"],"_links":{"self":[{"href":"https:\/\/coursepages2.tuni.fi\/mtta1-latex\/wp-json\/wp\/v2\/pages\/5","targetHints":{"allow":["GET"]}}],"collection":[{"href":"https:\/\/coursepages2.tuni.fi\/mtta1-latex\/wp-json\/wp\/v2\/pages"}],"about":[{"href":"https:\/\/coursepages2.tuni.fi\/mtta1-latex\/wp-json\/wp\/v2\/types\/page"}],"author":[{"embeddable":true,"href":"https:\/\/coursepages2.tuni.fi\/mtta1-latex\/wp-json\/wp\/v2\/users\/38"}],"replies":[{"embeddable":true,"href":"https:\/\/coursepages2.tuni.fi\/mtta1-latex\/wp-json\/wp\/v2\/comments?post=5"}],"version-history":[{"count":48,"href":"https:\/\/coursepages2.tuni.fi\/mtta1-latex\/wp-json\/wp\/v2\/pages\/5\/revisions"}],"predecessor-version":[{"id":934,"href":"https:\/\/coursepages2.tuni.fi\/mtta1-latex\/wp-json\/wp\/v2\/pages\/5\/revisions\/934"}],"wp:attachment":[{"href":"https:\/\/coursepages2.tuni.fi\/mtta1-latex\/wp-json\/wp\/v2\/media?parent=5"}],"curies":[{"name":"wp","href":"https:\/\/api.w.org\/{rel}","templated":true}]}}