{"id":349,"date":"2017-10-30T15:04:36","date_gmt":"2017-10-30T13:04:36","guid":{"rendered":"https:\/\/coursepages.uta.fi\/mtta1-latex\/?page_id=349"},"modified":"2021-09-06T23:17:31","modified_gmt":"2021-09-06T20:17:31","slug":"esimerkit","status":"publish","type":"page","link":"https:\/\/coursepages2.tuni.fi\/mtta1-latex\/esimerkit\/","title":{"rendered":"Esimerkkej\u00e4"},"content":{"rendered":"<p>Tallenna esimerkkitiedostot omaan kotihakemistoosi tai omalle tietokoneellesi, ja avaa tiedostot sitten TeXworksilla tai jollain toisella LaTeX-editorilla. Kustakin esimerkkitiedostosta on my\u00f6s valmiiksi k\u00e4\u00e4nnetty versio pdf-muodossa.<\/p>\n<p><a href=\"https:\/\/www.overleaf.com\/docs?snip_uri=https:\/\/webpages.tuni.fi\/latex\/Esimerkit.zip\" target=\"_blank\" rel=\"noopener noreferrer\">T\u00e4st\u00e4 linkist\u00e4<\/a> voit avata esimerkkitiedostot uutena projektina <a href=\"https:\/\/www.overleaf.com\/\" target=\"_blank\" rel=\"noopener noreferrer\">Overleafiin<\/a>. T\u00e4m\u00e4 edellytt\u00e4\u00e4 kirjautumista Overleafiin.<\/p>\n<p>Esimerkkitiedostot on kirjoitettu <a href=\"https:\/\/fi.wikipedia.org\/wiki\/Unicode\" target=\"_blank\" rel=\"noopener noreferrer\">Unicode<\/a> UTF-8 merkist\u00f6koodauksella, mik\u00e4 on merkitty kunkin tiedoston alkuun kommenttirivill\u00e4:<\/p>\n<pre style=\"background-color: #f8f8f8;border: 1px solid #aaa;padding: 0.5em 0.6em 0.6em 0.7em\">% !TEX encoding = UTF-8 Unicode\r\n<\/pre>\n<p>TeXworks tunnistaa merkist\u00f6n t\u00e4m\u00e4n perusteella.\u00a0Merkist\u00f6koodauksen muuntaminen tarvittaessa <a href=\"https:\/\/fi.wikipedia.org\/wiki\/ISO_8859-1\" target=\"_blank\" rel=\"noopener noreferrer\">Latin 1:ksi<\/a> onnistuu TeXworksissa siten, ett\u00e4 muutetaan kyseinen rivi muotoon<\/p>\n<pre style=\"background-color: #f8f8f8;border: 1px solid #aaa;padding: 0.5em 0.6em 0.6em 0.7em\">% !TEX encoding = IsoLatin\r\n<\/pre>\n<p>Lis\u00e4ksi makropaketin inputenc optioksi t\u00e4ytyy muuttaa latin1:<\/p>\n<pre style=\"background-color: #f8f8f8;border: 1px solid #aaa;padding: 0.5em 0.6em 0.6em 0.7em\">\\usepackage[latin1]{inputenc}\r\n<\/pre>\n<h2>Esimerkkitiedostot<\/h2>\n<dl style=\"margin-left: 0px\">\n<dt><a href=\"https:\/\/webpages.tuni.fi\/latex\/Esimerkit.zip\">Esimerkit.zip<\/a><\/dt>\n<dd>Kaikki alla luetellut LaTeX-muotoiset esimerkkitiedostot yhten\u00e4 pakettina.<\/dd>\n<dt><a href=\"https:\/\/webpages.tuni.fi\/latex\/funktiot.tex\">funktiot.tex<\/a>, <a href=\"https:\/\/webpages.tuni.fi\/latex\/funktiot.pdf\">funktiot.pdf<\/a><\/dt>\n<dd>Sivuun <a href=\"https:\/\/coursepages2.tuni.fi\/mtta1-latex\/matematiikka\/funktiot\/\">Funktiot ja operaattorit<\/a> liittyv\u00e4t esimerkkitiedostot.<\/dd>\n<dt><a href=\"https:\/\/webpages.tuni.fi\/latex\/isot_dokumentit.zip\">isot_dokumentit.zip<\/a>, <a href=\"https:\/\/webpages.tuni.fi\/latex\/isot_dokumentit.pdf\">isot_dokumentit.pdf<\/a><\/dt>\n<dd>Sivuun <a href=\"https:\/\/coursepages2.tuni.fi\/mtta1-latex\/jatko\/isot-dokumentit\/\">Isot dokumentit<\/a> liittyv\u00e4t esimerkkitiedostot.<\/dd>\n<dt><a href=\"https:\/\/webpages.tuni.fi\/latex\/kaavaymparistot.tex\">kaavaymparistot.tex<\/a>, <a href=\"https:\/\/webpages.tuni.fi\/latex\/kaavaymparistot.pdf\">kaavaymparistot.pdf<\/a><\/dt>\n<dd>Sivuun <a href=\"https:\/\/coursepages2.tuni.fi\/mtta1-latex\/matematiikka\/kaavaymparistot\/\">Kaavaymp\u00e4rist\u00f6t<\/a> liittyv\u00e4t esimerkkitiedostot.<\/dd>\n<dt><a href=\"https:\/\/webpages.tuni.fi\/latex\/kalvopohja.tex\">kalvopohja.tex<\/a>, <a href=\"https:\/\/webpages.tuni.fi\/latex\/kalvopohja.pdf\">kalvopohja.pdf<\/a><\/dt>\n<dd>LaTeX-dokumenttipohja diaesityksi\u00e4 varten.<\/dd>\n<dt><a href=\"https:\/\/webpages.tuni.fi\/latex\/komennot.tex\">komennot.tex<\/a>, <a href=\"https:\/\/webpages.tuni.fi\/latex\/komennot.pdf\">komennot.pdf<\/a><\/dt>\n<dd>Sivuun <a href=\"https:\/\/coursepages2.tuni.fi\/mtta1-latex\/jatko\/komennot\/\">Uudet komennot<\/a> liittyv\u00e4t esimerkkitiedostot.<\/dd>\n<dt><a href=\"https:\/\/webpages.tuni.fi\/latex\/korostukset.tex\">korostukset.tex<\/a>, <a href=\"https:\/\/webpages.tuni.fi\/latex\/korostukset.pdf\">korostukset.pdf<\/a><\/dt>\n<dd>Sivuun <a href=\"https:\/\/coursepages2.tuni.fi\/mtta1-latex\/perusteet\/korostukset\/\">Tekstin korostukset<\/a> liittyv\u00e4t esimerkkitiedostot.<\/dd>\n<dt><a href=\"https:\/\/webpages.tuni.fi\/latex\/korostukset_m.tex\">korostukset_m.tex<\/a>, <a href=\"https:\/\/webpages.tuni.fi\/latex\/korostukset_m.pdf\">korostukset_m.pdf<\/a><\/dt>\n<dd>Sivuun <a href=\"https:\/\/coursepages2.tuni.fi\/mtta1-latex\/matematiikka\/korostukset\/\">Korostukset matematiikkatilassa<\/a> liittyv\u00e4t esimerkkitiedostot.<\/dd>\n<dt><a href=\"https:\/\/webpages.tuni.fi\/latex\/kuvat.tex\">kuvat.tex<\/a>, <a href=\"https:\/\/webpages.tuni.fi\/latex\/kuvat.pdf\">kuvat.pdf<\/a>, <a href=\"https:\/\/webpages.tuni.fi\/latex\/esimerkkikuva.pdf\">esimerkkikuva.pdf<\/a><\/dt>\n<dd>Sivuun <a href=\"https:\/\/coursepages2.tuni.fi\/mtta1-latex\/perusteet\/kuvat\/\">Kuvat<\/a> liittyv\u00e4t esimerkkitiedostot. Esimerkiss\u00e4 tarvitaan kuvatiedostoa esimerkkikuva.pdf.<\/dd>\n<dt><a href=\"https:\/\/webpages.tuni.fi\/latex\/laatikot.tex\">laatikot.tex<\/a>, <a href=\"https:\/\/webpages.tuni.fi\/latex\/laatikot.pdf\">laatikot.pdf<\/a><\/dt>\n<dd>Sivuun <a href=\"https:\/\/coursepages2.tuni.fi\/mtta1-latex\/jatko\/laatikot\/\">Laatikot ja linjat<\/a> liittyv\u00e4t esimerkkitiedostot.<\/dd>\n<dt><a href=\"https:\/\/webpages.tuni.fi\/latex\/laskurit.tex\">laskurit.tex<\/a>, <a href=\"https:\/\/webpages.tuni.fi\/latex\/laskurit.pdf\">laskurit.pdf<\/a><\/dt>\n<dd>Sivuun <a href=\"https:\/\/coursepages2.tuni.fi\/mtta1-latex\/jatko\/laskurit\/\">Laskurit<\/a> liittyv\u00e4t esimerkkitiedostot.<\/dd>\n<dt><a href=\"https:\/\/webpages.tuni.fi\/latex\/lauseet.tex\">lauseet.tex<\/a>, <a href=\"https:\/\/webpages.tuni.fi\/latex\/lauseet.pdf\">lauseet.pdf<\/a><\/dt>\n<dd>Sivuun <a href=\"https:\/\/coursepages2.tuni.fi\/mtta1-latex\/matematiikka\/lauseet\/\">Lauseet ja m\u00e4\u00e4ritelm\u00e4t<\/a>\u00a0liittyv\u00e4t esimerkkitiedostot.<\/dd>\n<dt><a href=\"https:\/\/webpages.tuni.fi\/latex\/luetelmat.tex\">luetelmat.tex<\/a>, <a href=\"https:\/\/webpages.tuni.fi\/latex\/luetelmat.pdf\">luetelmat.pdf<\/a><\/dt>\n<dd>Sivuun <a href=\"https:\/\/coursepages2.tuni.fi\/mtta1-latex\/perusteet\/luetelmat\/\">Luetelmat<\/a>\u00a0liittyv\u00e4t esimerkkitiedostot.<\/dd>\n<dt><a href=\"https:\/\/webpages.tuni.fi\/latex\/matematiikkatila.tex\">matematiikkatila.tex<\/a>, <a href=\"https:\/\/webpages.tuni.fi\/latex\/matematiikkatila.pdf\">matematiikkatila.pdf<\/a><\/dt>\n<dd>Sivuun <a href=\"https:\/\/coursepages2.tuni.fi\/mtta1-latex\/matematiikka\/matematiikkatila\/\">Matematiikkatila<\/a> liittyv\u00e4t esimerkkitiedostot.<\/dd>\n<dt><a href=\"https:\/\/webpages.tuni.fi\/latex\/matriisit.tex\">matriisit.tex<\/a>, <a href=\"https:\/\/webpages.tuni.fi\/latex\/matriisit.pdf\">matriisit.pdf<\/a><\/dt>\n<dd>Sivuun <a href=\"https:\/\/coursepages2.tuni.fi\/mtta1-latex\/matematiikka\/matriisit\/\">Matriisit ja taulukot<\/a> liittyv\u00e4t esimerkkitiedostot.<\/dd>\n<dt><a href=\"https:\/\/webpages.tuni.fi\/latex\/mineng.tex\">mineng.tex<\/a><\/dt>\n<dd>Minimaalinen englanninkielinen LaTeX-dokumentti.<\/dd>\n<dt><a href=\"https:\/\/webpages.tuni.fi\/latex\/minfin.tex\">minfin.tex<\/a><\/dt>\n<dd>Minimaalinen suomenkielinen LaTeX-dokumentti<\/dd>\n<dt><a href=\"https:\/\/webpages.tuni.fi\/latex\/mitat.tex\">mitat.tex<\/a>, <a href=\"https:\/\/webpages.tuni.fi\/latex\/mitat.pdf\">mitat.pdf<\/a><\/dt>\n<dd>Sivuun <a href=\"https:\/\/coursepages2.tuni.fi\/mtta1-latex\/jatko\/mitat\/\">LaTeXin mitat<\/a> liittyv\u00e4t esimerkkitiedostot.<\/dd>\n<dt><a href=\"https:\/\/webpages.tuni.fi\/latex\/otsikot.tex\">otsikot.tex<\/a>, <a href=\"https:\/\/webpages.tuni.fi\/latex\/otsikot.pdf\">otsikot.pdf<\/a><\/dt>\n<dd>Sivuun <a href=\"https:\/\/coursepages2.tuni.fi\/mtta1-latex\/perusteet\/otsikot\/\">Otsikot ja sis\u00e4llysluettelo<\/a> liittyv\u00e4t esimerkkitiedostot.<\/dd>\n<dt><a href=\"https:\/\/webpages.tuni.fi\/latex\/pdfa-ohje.zip\">pdfa-ohje.zip<\/a>, <a href=\"https:\/\/webpages.tuni.fi\/latex\/pdfa-ohje.pdf\">pdfa-ohje.pdf<\/a><\/dt>\n<dd>Ohjeita PDF\/A-muotoisen tiedoston tekemiseen LaTeXilla.<\/dd>\n<\/dl>\n<dl style=\"margin-left: 0px\">\n<dt><a href=\"https:\/\/webpages.tuni.fi\/latex\/sulkeet.tex\">sulkeet.tex<\/a>, <a href=\"https:\/\/webpages.tuni.fi\/latex\/sulkeet.pdf\">sulkeet.pdf<\/a><\/dt>\n<dd>Sivuun <a href=\"https:\/\/coursepages2.tuni.fi\/mtta1-latex\/matematiikka\/sulkeet\/\">Sulkeet<\/a> liittyv\u00e4t esimerkkitiedostot.<\/dd>\n<dt><a href=\"https:\/\/webpages.tuni.fi\/latex\/taulukot.tex\">taulukot.tex<\/a>, <a href=\"https:\/\/webpages.tuni.fi\/latex\/taulukot.pdf\">taulukot.pdf<\/a><\/dt>\n<dd>Sivuun <a href=\"https:\/\/coursepages2.tuni.fi\/mtta1-latex\/perusteet\/taulukot\/\">Taulukot<\/a> liittyv\u00e4t esimerkkitiedostot.<\/dd>\n<dt><a href=\"https:\/\/webpages.tuni.fi\/latex\/teksti.tex\">teksti.tex<\/a>, <a href=\"https:\/\/webpages.tuni.fi\/latex\/teksti.pdf\">teksti.pdf<\/a><\/dt>\n<dd>Sivuun <a href=\"https:\/\/coursepages2.tuni.fi\/mtta1-latex\/perusteet\/teksti\/\">Tekstin kirjoittaminen<\/a> liittyv\u00e4t esimerkkitiedostot.<\/dd>\n<dt><a href=\"https:\/\/webpages.tuni.fi\/latex\/tekstiymparistot.tex\">tekstiymparistot.tex<\/a>, <a href=\"https:\/\/webpages.tuni.fi\/latex\/tekstiymparistot.pdf\">tekstiymparistot.pdf<\/a><\/dt>\n<dd>Sivuun <a href=\"https:\/\/coursepages2.tuni.fi\/mtta1-latex\/perusteet\/tekstiymparistot\/\">Tekstiymp\u00e4rist\u00f6t<\/a> liittyv\u00e4t esimerkkitiedostot.<\/dd>\n<dt><a href=\"https:\/\/webpages.tuni.fi\/latex\/tikz-ohje.tex\">tikz-ohje.tex<\/a>, <a href=\"https:\/\/webpages.tuni.fi\/latex\/tikz-ohje.pdf\">tikz-ohje.pdf<\/a><\/dt>\n<dd>Ohjeita ja esimerkkej\u00e4 tikz-makropaketin k\u00e4yt\u00f6st\u00e4.<\/dd>\n<dt><a href=\"https:\/\/webpages.tuni.fi\/latex\/ulkoasu.tex\">ulkoasu.tex<\/a>, <a href=\"https:\/\/webpages.tuni.fi\/latex\/ulkoasu.pdf\">ulkoasu.pdf<\/a><\/dt>\n<dd>LaTeX-dokumentin ulkoasun muokkaamisesta.<\/dd>\n<dt><a href=\"https:\/\/webpages.tuni.fi\/latex\/viitteet.tex\">viitteet.tex<\/a>, <a href=\"https:\/\/webpages.tuni.fi\/latex\/viitteet.pdf\">viitteet.pdf<\/a><\/dt>\n<dd>Sivuun <a href=\"https:\/\/coursepages2.tuni.fi\/mtta1-latex\/perusteet\/viitteet\/\">Viitteet<\/a> liittyv\u00e4t esimerkkitiedostot.<\/dd>\n<dt><a href=\"https:\/\/webpages.tuni.fi\/latex\/virheet.tex\">virheet.tex<\/a>, <a href=\"https:\/\/webpages.tuni.fi\/latex\/virheet.pdf\">virheet.pdf<\/a><\/dt>\n<dd>LaTeXin virheilmoituksista ja yleisimmist\u00e4 virheist\u00e4.<\/dd>\n<dt><a href=\"https:\/\/webpages.tuni.fi\/latex\/xetex-ohje.tex\">xetex-ohje.tex<\/a>, <a href=\"https:\/\/webpages.tuni.fi\/latex\/xetex-ohje.pdf\">xetex-ohje.pdf<\/a><\/dt>\n<dd>Esimerkki ja ohjeita XeTeXin k\u00e4yt\u00f6st\u00e4.<\/dd>\n<dt><a href=\"https:\/\/webpages.tuni.fi\/latex\/ylatunnisteet.tex\">ylatunnisteet.tex<\/a>, <a href=\"https:\/\/webpages.tuni.fi\/latex\/ylatunnisteet.pdf\">ylatunnisteet.pdf<\/a><\/dt>\n<dd>Sivuun <a href=\"https:\/\/coursepages2.tuni.fi\/mtta1-latex\/perusteet\/ylatunnisteet\/\">Yl\u00e4- ja alatunnisteet<\/a> liittyv\u00e4t esimerkkitiedostot.<\/dd>\n<dt><a href=\"https:\/\/webpages.tuni.fi\/latex\/yleiset_listarakenteet.tex\">yleiset_listarakenteet.tex<\/a>, <a href=\"https:\/\/webpages.tuni.fi\/latex\/yleiset_listarakenteet.pdf\">yleiset_listarakenteet.pdf<\/a><\/dt>\n<dd>Sivuun <a href=\"https:\/\/coursepages2.tuni.fi\/mtta1-latex\/jatko\/listarakenteet\/\">Yleiset listarakenteet<\/a> liittyv\u00e4t esimerkkitiedostot.<\/dd>\n<dt><a href=\"https:\/\/webpages.tuni.fi\/latex\/ymparistot.tex\">ymparistot.tex<\/a>, <a href=\"https:\/\/webpages.tuni.fi\/latex\/ymparistot.pdf\">ymparistot.pdf<\/a><\/dt>\n<dd>Sivuun <a href=\"https:\/\/coursepages2.tuni.fi\/mtta1-latex\/jatko\/ymparistot\/\">Uudet ymp\u00e4rist\u00f6t<\/a> liittyv\u00e4t esimerkkitiedostot.<\/dd>\n<\/dl>\n","protected":false},"excerpt":{"rendered":"<p>Tallenna esimerkkitiedostot omaan kotihakemistoosi tai omalle tietokoneellesi, ja avaa tiedostot sitten TeXworksilla tai jollain toisella LaTeX-editorilla. Kustakin esimerkkitiedostosta on my\u00f6s valmiiksi k\u00e4\u00e4nnetty versio pdf-muodossa. T\u00e4st\u00e4 linkist\u00e4 voit avata esimerkkitiedostot uutena projektina Overleafiin. T\u00e4m\u00e4 edellytt\u00e4\u00e4 kirjautumista Overleafiin. Esimerkkitiedostot on kirjoitettu Unicode UTF-8 merkist\u00f6koodauksella, mik\u00e4 on merkitty kunkin tiedoston alkuun kommenttirivill\u00e4: % !TEX encoding = UTF-8 Unicode &hellip; <a href=\"https:\/\/coursepages2.tuni.fi\/mtta1-latex\/esimerkit\/\" class=\"more-link\">Jatka artikkeliin <span class=\"screen-reader-text\">Esimerkkej\u00e4<\/span><\/a><\/p>\n","protected":false},"author":38,"featured_media":0,"parent":0,"menu_order":7,"comment_status":"closed","ping_status":"closed","template":"","meta":{"footnotes":""},"class_list":["post-349","page","type-page","status-publish","hentry"],"_links":{"self":[{"href":"https:\/\/coursepages2.tuni.fi\/mtta1-latex\/wp-json\/wp\/v2\/pages\/349","targetHints":{"allow":["GET"]}}],"collection":[{"href":"https:\/\/coursepages2.tuni.fi\/mtta1-latex\/wp-json\/wp\/v2\/pages"}],"about":[{"href":"https:\/\/coursepages2.tuni.fi\/mtta1-latex\/wp-json\/wp\/v2\/types\/page"}],"author":[{"embeddable":true,"href":"https:\/\/coursepages2.tuni.fi\/mtta1-latex\/wp-json\/wp\/v2\/users\/38"}],"replies":[{"embeddable":true,"href":"https:\/\/coursepages2.tuni.fi\/mtta1-latex\/wp-json\/wp\/v2\/comments?post=349"}],"version-history":[{"count":18,"href":"https:\/\/coursepages2.tuni.fi\/mtta1-latex\/wp-json\/wp\/v2\/pages\/349\/revisions"}],"predecessor-version":[{"id":828,"href":"https:\/\/coursepages2.tuni.fi\/mtta1-latex\/wp-json\/wp\/v2\/pages\/349\/revisions\/828"}],"wp:attachment":[{"href":"https:\/\/coursepages2.tuni.fi\/mtta1-latex\/wp-json\/wp\/v2\/media?parent=349"}],"curies":[{"name":"wp","href":"https:\/\/api.w.org\/{rel}","templated":true}]}}